{"id":12,"date":"2022-05-18T05:21:15","date_gmt":"2022-05-18T05:21:15","guid":{"rendered":"https:\/\/discover-fujisawa.jp\/?page_id=12"},"modified":"2022-12-14T05:39:03","modified_gmt":"2022-12-14T05:39:03","slug":"about","status":"publish","type":"page","link":"https:\/\/discover-fujisawa.jp\/es\/about\/","title":{"rendered":"Sobre Fujisawa"},"content":{"rendered":"<p><\/p>\n<div class=\"row mb-5\">\n<div class=\"col-lg-6\">\n<h2>Sobre la ciudad de Fujisawa<\/h2>\n<p>Poblaci\u00f3n: 441,547 habitantes (Abril de 2022) Superficie: 69,56km\u00b2 A un radio de unos 50 kil\u00f3metros de distancia de Tokio. Un pueblo de clima templado y apacible cerca del oc\u00e9ano Pac\u00edfico del que incluso se puede disfrutar en invierno. El encanto de Fujisawa reside en las vistas que ofrece del mar azul que rodea la isla de Enoshima y la abundante naturaleza de la zona, entre la que se puede tambi\u00e9n observar la flor de la ciudad, la glicina (el caracter \u201cfuji\u201d de Fujisawa hace referencia a esta flor).<\/p>\n<p>Al alejarse unos pasos de la moderna zona comercial que rodea la estaci\u00f3n, se puede sentir de cerca la historia de Jap\u00f3n y la historia de este pueblo de posta de las 53 estaciones de T\u014dkaid\u014d. Tambi\u00e9n se pueden visitar lugares como el Santuario Yugyoji, donde se origin\u00f3 el Bon-odori, un baile tradicional japon\u00e9s. <\/p>\n<p>Adem\u00e1s, con una pr\u00f3spera industria agr\u00edcola y l\u00e1ctea en la parte norte, en la ciudad se cosechan frutas y verduras de temporada. Tambi\u00e9n hay una zona industrial con gran cantidad de f\u00e1bricas de autom\u00f3viles. <\/p>\n<p>Asimismo, existen acuerdos de colaboraci\u00f3n entre industrias y cuatro importantes universidades situadas en esta zona: la Universidad Keio, la Universidad de Nihon, el Instituto de Tecnolog\u00eda de Sh\u014dnan y la Universidad de Tama.<\/p>\n<\/div>\n<div class=\"col-lg-6\"><img decoding=\"async\" class=\"img-fluid img-round\" src=\"\/wp-content\/themes\/fujisawa\/images\/about-intro-01.jpg\" alt=\"\"><\/div>\n<\/div>\n<div class=\"row  mb-5\">\n<div class=\"col-lg-6 order-lg-2\">\n<h2>Maravillosas vistas de Jap\u00f3n incluidas en la Gu\u00eda Verde Michelin<\/h2>\n<p>\u00bfSab\u00eda que un lugar tur\u00edstico de Fujisawa aparece en la Gu\u00eda Verde Michelin? Se trata de la isla de Enoshima. Enoshima es, desde la antig\u00fcedad, una isla repleta de leyendas, historia y creencias. Es un lugar tur\u00edstico situado a escasos 50 kil\u00f3metros de Tokio y al que se puede acceder en aproximadamente una hora.<\/p>\n<p>La isla de Enoshima, en Fujisawa, fue escogida como lugar de celebraci\u00f3n de las pruebas de vela de los Juegos Ol\u00edmpicos de 2020. Especialmente durante el verano, la playa de Sh\u014dnan se llena de j\u00f3venes ba\u00f1istas. Es un lugar en el que se puede disfrutar de todas las estaciones del a\u00f1o, sea ba\u00f1\u00e1ndose en la playa, observando las flores o participando en los festivales que se celebran durante todo el a\u00f1o.<\/p>\n<p>El puente Enoshima Benten-bashi enlaza la estaci\u00f3n m\u00e1s cercana con la isla, y al cruzarlo se puede observar el magn\u00edfico Monte Fuji, declarado Patrimonio de la Humanidad. En los caminos que se dirigen al Santuario de Enoshima, se puede disfrutar de platos mar\u00edtimos de pescado y mariscos frescos.<\/p>\n<\/div>\n<div class=\"col-lg-6 order-lg-1\"><img decoding=\"async\" class=\"img-fluid img-round\" src=\"\/wp-content\/themes\/fujisawa\/images\/about-intro-02.jpg\" alt=\"\"><\/div>\n<\/div>\n<div class=\"row mb-3\">\n<div class=\"col-lg-6\">\n<h2>Rincones espirituales en Enoshima<\/h2>\n<p>Enoshima es un lugar tur\u00edstico lleno de naturaleza a cuyos templos acuden grandes cantidades de visitantes desde el periodo Kamakura (1185-1333). Especialmente en el periodo Edo (1603-1867), visitar Enoshima estaba muy de moda, hecho que qued\u00f3 reflejado en numerosos grabados ukiyo-e. Se dice que la isla fue visitada por los monjes budistas K\u016bkai y Nichiren durante su aprendizaje, por Minamoto-no-Yoritomo, quien se acerc\u00f3 para realizar sus plegarias para salir victorioso de la guerra, y por Ieyasu Tokugawa, quien ven\u00eda a la isla a rezar. Adem\u00e1s, se cree que fluye energ\u00eda desde el Monte Fuji hasta las cuevas Iwaya que hay en la isla y que junto con la energ\u00eda que tiene el propio Santuario de Enoshima, las cuevas son el punto con m\u00e1s energ\u00eda de toda la isla.<\/p>\n<p>Seg\u00fan el Feng Shui, el drag\u00f3n es una bestia sagrada portadora de buena fortuna. La historia de \u00abLa diosa y el drag\u00f3n de cinco cabezas\u00bb, en la que el drag\u00f3n de la cueva es protagonista, est\u00e1 incluida en el Enoshima Engi* y es muy conocida en Enoshima. *Pinturas en rollo que describen el origen y la historia de Enoshima con texto e ilustraciones.<\/p>\n<\/div>\n<div class=\"col-lg-6 \"><img decoding=\"async\" class=\"img-fluid img-round\" src=\"\/wp-content\/themes\/fujisawa\/images\/about-intro-03.jpg\" alt=\"\"><\/div>\n<div class=\"col-lg-12 mt-3\">\n<h3>\u00abLa leyenda de la diosa y el drag\u00f3n de cinco cabezas\u00bb<\/h3>\n<p>Hab\u00eda una vez un drag\u00f3n con cinco cabezas. El drag\u00f3n exig\u00eda sacrificios, causaba inundaciones, hac\u00eda llover fuego&#8230; Provocaba un sinf\u00edn de desgracias. De repente, un d\u00eda cualquiera del a\u00f1o 552, el cielo y la tierra empezaron a temblar y una diosa apareci\u00f3 de entre las nubes. A medida que las nubes iban disip\u00e1ndose, Enoshima iba apareciendo. <\/p>\n<p> El drag\u00f3n se enamor\u00f3 a primera vista de la diosa y le pidi\u00f3 contraer matrimonio. Pero la diosa rechaz\u00f3 su petici\u00f3n por todas las maldades que el drag\u00f3n hab\u00eda cometido hasta el momento. Sin embargo, el drag\u00f3n no desisti\u00f3, y jur\u00f3 cambiar y dejar de hacer fechor\u00edas. As\u00ed consigui\u00f3 casarse con la diosa (llamada Benzaiten).<\/p>\n<p>Cuando el drag\u00f3n muri\u00f3 se convirti\u00f3 en el Monte Ry\u016bk\u014d, en la orilla opuesta de Enoshima, para as\u00ed poder seguir protegiendo a la diosa. Dicen que a\u00fan hoy en d\u00eda el drag\u00f3n sigue protegiendo la isla de Enoshima. Gracias a la leyenda de la diosa y el drag\u00f3n, Enoshima se ha convertido en un famoso rinc\u00f3n espiritual que atrae la buena suerte en el amor.<\/p>\n<\/div>\n<div class=\"col-lg-6\"><img decoding=\"async\" class=\"img-fluid img-round\" src=\"\/wp-content\/themes\/fujisawa\/images\/about-intro-04.jpg\" alt=\"\"><\/p>\n<p class=\"fst-italic\">Con motivo de la leyenda de la diosa y el drag\u00f3n de cinco cabezas se construy\u00f3 la campana de Ry\u016bren (campana del amor del drag\u00f3n) en Koibito-no-oka (la colina de los enamorados).<\/p>\n<\/div>\n<div class=\"col-lg-6\"><img decoding=\"async\" class=\"img-fluid img-round\" src=\"\/wp-content\/themes\/fujisawa\/images\/about-intro-05.jpg\" alt=\"\"><\/p>\n<p class=\"fst-italic\">Dicen que se puede conseguir el amor eterno haciendo sonar la campana de Ry\u016bren y colocando un candado en el alambrado.<\/p>\n<\/div>\n<\/div>\n<p><\/p>","protected":false},"excerpt":{"rendered":"<p>Sobre la ciudad de Fujisawa Poblaci\u00f3n: 441,547 habitantes (Abril de 2022) Superficie: 69,56km\u00b2 A un radio de unos 50 kil\u00f3metros de distancia de Tokio. Un pueblo de clima templado y apacible cerca del oc\u00e9ano Pac\u00edfico del que incluso se puede disfrutar en invierno. El encanto de Fujisawa reside en las vistas que ofrece del mar [&hellip;]<\/p>\n","protected":false},"author":1,"featured_media":0,"parent":0,"menu_order":0,"comment_status":"closed","ping_status":"closed","template":"templates\/about.php","meta":{"_acf_changed":false,"footnotes":""},"class_list":["post-12","page","type-page","status-publish","hentry"],"acf":[],"aioseo_notices":[],"_links":{"self":[{"href":"https:\/\/discover-fujisawa.jp\/es\/wp-json\/wp\/v2\/pages\/12","targetHints":{"allow":["GET"]}}],"collection":[{"href":"https:\/\/discover-fujisawa.jp\/es\/wp-json\/wp\/v2\/pages"}],"about":[{"href":"https:\/\/discover-fujisawa.jp\/es\/wp-json\/wp\/v2\/types\/page"}],"author":[{"embeddable":true,"href":"https:\/\/discover-fujisawa.jp\/es\/wp-json\/wp\/v2\/users\/1"}],"replies":[{"embeddable":true,"href":"https:\/\/discover-fujisawa.jp\/es\/wp-json\/wp\/v2\/comments?post=12"}],"version-history":[{"count":11,"href":"https:\/\/discover-fujisawa.jp\/es\/wp-json\/wp\/v2\/pages\/12\/revisions"}],"predecessor-version":[{"id":2232,"href":"https:\/\/discover-fujisawa.jp\/es\/wp-json\/wp\/v2\/pages\/12\/revisions\/2232"}],"wp:attachment":[{"href":"https:\/\/discover-fujisawa.jp\/es\/wp-json\/wp\/v2\/media?parent=12"}],"curies":[{"name":"wp","href":"https:\/\/api.w.org\/{rel}","templated":true}]}}