{"id":16,"date":"2022-05-18T06:11:55","date_gmt":"2022-05-18T06:11:55","guid":{"rendered":"https:\/\/discover-fujisawa.jp\/?page_id=16"},"modified":"2024-06-04T03:25:14","modified_gmt":"2024-06-04T03:25:14","slug":"access","status":"publish","type":"page","link":"https:\/\/discover-fujisawa.jp\/es\/access\/","title":{"rendered":"Acceso"},"content":{"rendered":"<p><\/p>\n<ul class=\"nav nav-pills nav-fill nav-inpage nav-access mb-4\">\n<li class=\"nav-item\"><a class=\"nav-link\" href=\"#map\">Mapa de Fujisawa<\/a><\/li>\n<li class=\"nav-item\"><a class=\"nav-link\" href=\"#transport\">C\u00f3mo llegar<\/a><\/li>\n<li class=\"nav-item\"><a class=\"nav-link\" href=\"#pass\">Tourist Pass<\/a><\/li>\n<\/ul>\n<h2 class=\"py-3 text-center\">Mapa de Fujisawa<\/h2>\n<div id=\"map\" class=\"row mb-4\">\n<div class=\"col-lg-6\"><iframe loading=\"lazy\" style=\"border: 0;\" src=\"https:\/\/www.google.com\/maps\/embed?pb=!1m18!1m12!1m3!1d104118.13821865112!2d139.38560200622138!3d35.36329378938613!2m3!1f0!2f0!3f0!3m2!1i1024!2i768!4f13.1!3m3!1m2!1s0x6018518de700c4f5%3A0x347bbe959a029ba8!2z56We5aWI5bed55yM6Jek5rKi5biC!5e0!3m2!1sja!2sjp!4v1451294914719\" width=\"100%\" height=\"540\" frameborder=\"0\" allowfullscreen=\"allowfullscreen\"><\/iframe><\/div>\n<div class=\"col-lg-6\">\n<p class=\"text-center mb-0\"><img decoding=\"async\" class=\"img-fluid img-round\" src=\"\/wp-content\/themes\/fujisawa\/images\/access-map-01_es.jpg\" alt=\"\" \/><\/p>\n<\/div>\n<\/div>\n<h2 class=\"py-3 text-center\">C\u00f3mo llegar<\/h2>\n<div id=\"transport\" class=\"row mb-4\">\n<div class=\"col-lg-6\">\n<h3>Desde Tokio<\/h3>\n<p>Tres l\u00edneas de tren diferentes pasan por la estaci\u00f3n de Fujisawa: la l\u00ednea Odakyu Enoshima, la JR Ueno-Tokio Line y la JR Sh\u014dnan-Shinjuku Line, por lo que se puede acceder aproximadamente en una hora y sin transbordo desde las estaciones de Shinjuku, Shibuya, Shinagawa, Tokio y Ueno.<\/p>\n<p>Adem\u00e1s, la l\u00ednea Enoshima Dentetsu (Enoden) une Fujisawa y Kamakura en 30 minutos.<\/p>\n<p class=\"text-center mb-0\"><img decoding=\"async\" class=\"img-fluid img-round\" src=\"\/wp-content\/themes\/fujisawa\/images\/access-map-tokyo.jpg\" alt=\"\" \/><\/p>\n<h3 class=\"mt-3\">Desde la estaci\u00f3n de Shonandai y Yokohama<\/h3>\n<p>Las l\u00edneas de tren Sagami Tetsud\u014d y el Metro de Yokohama tambi\u00e9n llegan hasta la estaci\u00f3n Sh\u014dnandai, en la parte norte de la ciudad. Por ello tambi\u00e9n se puede acceder de forma sencilla en unos 30 o 40 minutos y sin transbordo desde las estaciones de Yokohama, Kannai y Sakuragich\u014d, en la zona de Yokohama.<\/p>\n<p class=\"text-center mb-0\"><img decoding=\"async\" class=\"img-fluid img-round\" src=\"\/wp-content\/themes\/fujisawa\/images\/access-map-yokohama.jpg\" alt=\"\" \/><\/p>\n<\/div>\n<div class=\"col-lg-6\">\n<p class=\"text-center mb-0\"><img decoding=\"async\" class=\"img-fluid img-round\" src=\"\/wp-content\/themes\/fujisawa\/images\/access-map-02_es.jpg\" alt=\"\" \/><\/p>\n<\/div>\n<\/div>\n<div class=\"row mb-4\">\n<div class=\"col-lg-6\">\n<h3 class=\"mt-3\">Acceso desde el aeropuerto de Narita<\/h3>\n<p class=\"text-center mb-0\"><img decoding=\"async\" class=\"img-fluid img-round\" src=\"\/wp-content\/themes\/fujisawa\/images\/access-map-narita.jpg\" alt=\"\" \/><\/p>\n<\/div>\n<div class=\"col-lg-6\">\n<h3 class=\"mt-3\">Acceso desde el aeropuerto de Haneda<\/h3>\n<p class=\"text-center mb-0\"><img decoding=\"async\" class=\"img-fluid img-round\" src=\"\/wp-content\/themes\/fujisawa\/images\/access-map-haneda-nobus.jpg\" alt=\"\" \/><\/p>\n<\/div>\n<\/div>\n<h3 class=\"mt-3\">Enlaces relacionados<\/h3>\n<div class=\"row mb-4\">\n<div class=\"item-transport col-lg-3 col-6 text-center\"><a href=\"https:\/\/www.jreast.co.jp\/multi\/es\/index.html\" target=\"_blank\" rel=\"noopener\"><img decoding=\"async\" class=\"img-fluid img-round\" src=\"\/wp-content\/themes\/fujisawa\/images\/access-train-jreast.jpg\" alt=\"\" \/><\/a><\/p>\n<p class=\"h5 text-center\">JR-EAST<\/p>\n<p>&nbsp;<\/p>\n<\/div>\n<div class=\"item-transport col-lg-3 col-6 text-center\"><a href=\"http:\/\/www.odakyu.jp\/english\/\" target=\"_blank\" rel=\"noopener\"><img decoding=\"async\" class=\"img-fluid img-round\" src=\"\/wp-content\/themes\/fujisawa\/images\/access-train-odakyu.jpg\" alt=\"\" \/><\/a><\/p>\n<p class=\"h5 text-center\">L\u00ednea Odakyu<\/p>\n<p>&nbsp;<\/p>\n<\/div>\n<div class=\"item-transport col-lg-3 col-6 text-center\"><a href=\"https:\/\/www.enoden.co.jp\/en\/\" target=\"_blank\" rel=\"noopener\"><img loading=\"lazy\" decoding=\"async\" class=\"img-fluid img-round alignnone\" src=\"\/wp-content\/themes\/fujisawa\/images\/access-train-enoden.jpg\" alt=\"\" width=\"330\" height=\"280\" \/><\/a><\/p>\n<p class=\"h5 text-center\">Enoden<\/p>\n<p>&nbsp;<\/p>\n<\/div>\n<div class=\"item-transport col-lg-3 col-6 text-center\"><a href=\"http:\/\/kamakura-enoshima-monorail.jp\/\" target=\"_blank\" rel=\"noopener\"><img decoding=\"async\" class=\"img-fluid img-round\" src=\"\/wp-content\/themes\/fujisawa\/images\/access-train-shonan.jpg\" alt=\"\" \/><\/a><\/p>\n<p class=\"h5 text-center\">Sh\u014dnan Monorail<\/p>\n<p>&nbsp;<\/p>\n<\/div>\n<\/div>\n<p><\/p>","protected":false},"excerpt":{"rendered":"<p>Mapa de Fujisawa C\u00f3mo llegar Tourist Pass Mapa de Fujisawa C\u00f3mo llegar Desde Tokio Tres l\u00edneas de tren diferentes pasan por la estaci\u00f3n de Fujisawa: la l\u00ednea Odakyu Enoshima, la JR Ueno-Tokio Line y la JR Sh\u014dnan-Shinjuku Line, por lo que se puede acceder aproximadamente en una hora y sin transbordo desde las estaciones de [&hellip;]<\/p>\n","protected":false},"author":1,"featured_media":0,"parent":0,"menu_order":0,"comment_status":"closed","ping_status":"closed","template":"templates\/access.php","meta":{"_acf_changed":false,"footnotes":""},"class_list":["post-16","page","type-page","status-publish","hentry"],"acf":[],"aioseo_notices":[],"_links":{"self":[{"href":"https:\/\/discover-fujisawa.jp\/es\/wp-json\/wp\/v2\/pages\/16","targetHints":{"allow":["GET"]}}],"collection":[{"href":"https:\/\/discover-fujisawa.jp\/es\/wp-json\/wp\/v2\/pages"}],"about":[{"href":"https:\/\/discover-fujisawa.jp\/es\/wp-json\/wp\/v2\/types\/page"}],"author":[{"embeddable":true,"href":"https:\/\/discover-fujisawa.jp\/es\/wp-json\/wp\/v2\/users\/1"}],"replies":[{"embeddable":true,"href":"https:\/\/discover-fujisawa.jp\/es\/wp-json\/wp\/v2\/comments?post=16"}],"version-history":[{"count":27,"href":"https:\/\/discover-fujisawa.jp\/es\/wp-json\/wp\/v2\/pages\/16\/revisions"}],"predecessor-version":[{"id":2500,"href":"https:\/\/discover-fujisawa.jp\/es\/wp-json\/wp\/v2\/pages\/16\/revisions\/2500"}],"wp:attachment":[{"href":"https:\/\/discover-fujisawa.jp\/es\/wp-json\/wp\/v2\/media?parent=16"}],"curies":[{"name":"wp","href":"https:\/\/api.w.org\/{rel}","templated":true}]}}