{"id":2054,"date":"2022-10-31T07:30:02","date_gmt":"2022-10-31T07:30:02","guid":{"rendered":"https:\/\/discover-fujisawa.jp\/?page_id=2054"},"modified":"2023-05-30T05:16:58","modified_gmt":"2023-05-30T05:16:58","slug":"covid19-prevention","status":"publish","type":"page","link":"https:\/\/discover-fujisawa.jp\/es\/covid19-prevention\/","title":{"rendered":"Medidas de control de COVID-19"},"content":{"rendered":"<p>Como la corona esta llegando a su fin, las directrices se han relajado a partir del 13\/3\/2023 para permitir el turismo de la misma manera que antes.<br \/>\nDisfrute con tranquilidad de las visitas tur\u00edsticas a Enoshima y Fujisawa.<\/p>\n<h3>Cosas que se pide a los visitantes de la zona que observen<\/h3>\n<ul>\n<li>L\u00e1vate las manos y haz g\u00e1rgaras.<\/li>\n<li>Desinfecta tus manos.<\/li>\n<li>Utilice una mascarilla y observe las normas de etiqueta al toser en lugares concurridos.<\/li>\n<li>Si te sientes mal, t\u00f3mate un tiempo libre.<\/li>\n<\/ul>\n<p>\u2192Organizaci\u00f3n Nacional de Turismo de Jap\u00f3n (JNTO)<br \/>\nTEL\uff1a050-3816-2787<br \/>\n<a href=\"https:\/\/www.japan.travel\/en\/plan\/hotline\/\" rel=\"noopener\" target=\"_blank\">https:\/\/www.japan.travel\/en\/plan\/hotline\/<\/a><\/p>\n<p>\u2192Excursi\u00f3n a Tokio \u2013 Kanagawa Informaci\u00f3n Tur\u00edstica \u2013\u3000<br \/>\nTEL\uff1a0570-056774<br \/>\n<a href=\"https:\/\/trip.pref.kanagawa.jp\/ja\/page\/covid-19\" rel=\"noopener\" target=\"_blank\">https:\/\/trip.pref.kanagawa.jp\/ja\/page\/covid-19<\/a><\/p>\n<h3>Esfuerzos de la ciudad de Fujisawa<\/h3>\n<p>Los enlaces que aparecen a continuaci\u00f3n corresponden a la \u00abp\u00e1gina web de la ciudad de Fujisawa en japon\u00e9s\u00bb traducida por un sistema externo. Por favor, util\u00edcelas teniendo en cuenta que la ciudad de Fujisawa no se hace responsable de los errores de traducci\u00f3n o de las diferencias de contenido con respecto a la p\u00e1gina japonesa.<br \/>\n<a href=\"http:\/\/www.city.fujisawa.kanagawa.jp\/hokenyobo\/corona_doukou_data.html\" rel=\"noopener\" target=\"_blank\">http:\/\/www.city.fujisawa.kanagawa.jp\/hokenyobo\/corona_doukou_data.html<\/a><\/p>","protected":false},"excerpt":{"rendered":"<p>Como la corona esta llegando a su fin, las directrices se han relajado a partir del 13\/3\/2023 para permitir el turismo de la misma manera que antes. Disfrute con tranquilidad de las visitas tur\u00edsticas a Enoshima y Fujisawa. Cosas que se pide a los visitantes de la zona que observen L\u00e1vate las manos y haz [&hellip;]<\/p>\n","protected":false},"author":1,"featured_media":0,"parent":0,"menu_order":0,"comment_status":"closed","ping_status":"closed","template":"","meta":{"_acf_changed":false,"footnotes":""},"class_list":["post-2054","page","type-page","status-publish","hentry"],"acf":[],"aioseo_notices":[],"_links":{"self":[{"href":"https:\/\/discover-fujisawa.jp\/es\/wp-json\/wp\/v2\/pages\/2054","targetHints":{"allow":["GET"]}}],"collection":[{"href":"https:\/\/discover-fujisawa.jp\/es\/wp-json\/wp\/v2\/pages"}],"about":[{"href":"https:\/\/discover-fujisawa.jp\/es\/wp-json\/wp\/v2\/types\/page"}],"author":[{"embeddable":true,"href":"https:\/\/discover-fujisawa.jp\/es\/wp-json\/wp\/v2\/users\/1"}],"replies":[{"embeddable":true,"href":"https:\/\/discover-fujisawa.jp\/es\/wp-json\/wp\/v2\/comments?post=2054"}],"version-history":[{"count":14,"href":"https:\/\/discover-fujisawa.jp\/es\/wp-json\/wp\/v2\/pages\/2054\/revisions"}],"predecessor-version":[{"id":2336,"href":"https:\/\/discover-fujisawa.jp\/es\/wp-json\/wp\/v2\/pages\/2054\/revisions\/2336"}],"wp:attachment":[{"href":"https:\/\/discover-fujisawa.jp\/es\/wp-json\/wp\/v2\/media?parent=2054"}],"curies":[{"name":"wp","href":"https:\/\/api.w.org\/{rel}","templated":true}]}}