{"id":2059,"date":"2022-10-31T07:54:35","date_gmt":"2022-10-31T07:54:35","guid":{"rendered":"https:\/\/discover-fujisawa.jp\/?page_id=2059"},"modified":"2022-11-30T10:30:01","modified_gmt":"2022-11-30T10:30:01","slug":"safety-information","status":"publish","type":"page","link":"https:\/\/discover-fujisawa.jp\/es\/safety-information\/","title":{"rendered":"Informaci\u00f3n de seguridad"},"content":{"rendered":"<p><\/p>\n<h3>\u25a0Llamada de emergencia<\/h3>\n<p>L\u00ednea directa para visitantes de la JNTO Jap\u00f3n (ingl\u00e9s\/\u4e2d\u6587\/\ud55c\uad6d\uc5b4) 050-3816-2787\uff0824 horas al d\u00eda\uff09<\/p>\n<p>Ambulancias \/ Servicio de Bomberos 119\uff0824 horas al d\u00eda, sin coste alguno\uff09<\/p>\n<p>Polic\u00eda 110\uff0824 horas al d\u00eda, sin cargo\uff09<\/p>\n<h3>\u25a0Noticias actualizadas<\/h3>\n<p>NHK World-Japan (ingl\u00e9s)<br \/>\nEmisi\u00f3n internacional de la cadena p\u00fablica de Jap\u00f3n.<br \/>\nConsulte las \u00faltimas noticias sobre cat\u00e1strofes naturales y otros imprevistos.<br \/>\n<a href=\"https:\/\/www3.nhk.or.jp\/nhkworld\/\" target=\"_blank\" rel=\"noopener\">https:\/\/www3.nhk.or.jp\/nhkworld\/<\/a><\/p>\n<h3>\u25a0Notificaci\u00f3n de emergencia<\/h3>\n<p>Informaci\u00f3n sobre la seguridad de los viajes en Jap\u00f3n (ingl\u00e9s)<br \/>\n<a href=\"https:\/\/www.japan.travel\/en\/japan-safe-travel-information\/\" target=\"_blank\" rel=\"noopener\">https:\/\/www.japan.travel\/en\/japan-safe-travel-information\/<\/a><\/p>\n<h3>\u25a0JNTO (Japan Safe Travel) en Twitter (Ingl\u00e9s)<\/h3>\n<p>La cuenta oficial de JNTO en Twitter proporciona informaci\u00f3n \u00fatil sobre avisos\/consejos meteorol\u00f3gicos y \u00faltimas noticias de los servicios de transporte durante su estancia en Jap\u00f3n.<br \/>\nSiga a \u00abJapan Safe Travel\u00bb para obtener consejos de seguridad e informaci\u00f3n de \u00faltima hora sobre desastres naturales.<br \/>\n<a href=\"https:\/\/twitter.com\/JapanSafeTravel\" target=\"_blank\" rel=\"noopener\">@JapanSafeTravel<\/a><\/p>\n<h3>\u25a0Instituci\u00f3n m\u00e9dica\/seguro de viaje (English\/\u4e2d\u6587\/\ud55c\uad6d\uc5b4)<\/h3>\n<p>Busque instituciones m\u00e9dicas por un departamento cl\u00ednico y un idioma. Tambi\u00e9n puede obtener informaci\u00f3n sobre c\u00f3mo buscar tratamiento en instituciones m\u00e9dicas, como una hoja de \u00abapuntar y hablar\u00bb. Si buscas informaci\u00f3n sobre c\u00f3mo obtener un seguro de viaje despu\u00e9s de llegar a Jap\u00f3n. Consulta tambi\u00e9n esta p\u00e1gina.<br \/>\nhttps:\/\/www.jnto.go.jp\/emergency\/<\/p>\n<h3>\u25a0Organizaci\u00f3n Nacional de Turismo de Jap\u00f3n (JNTO) (English\/\u4e2d\u6587\/\ud55c\uad6d\uc5b4)<\/h3>\n<p>Acceso a una amplia gama de informaci\u00f3n \u00fatil sobre viajes, incluidas las cat\u00e1strofes naturales.<br \/>\n<a href=\"https:\/\/www.japan.travel\/en\/\" target=\"_blank\" rel=\"noopener\">https:\/\/www.japan.travel\/en\/<\/a><\/p>\n<h3>\u25a0Portal de informaci\u00f3n sobre cat\u00e1strofes de la prefectura de Kanagawa<\/h3>\n<p>Este sitio ofrece informaci\u00f3n sobre las cat\u00e1strofes naturales en la prefectura de Kanagawa.<\/p>\n<p>Informaci\u00f3n meteorol\u00f3gica, deslizamientos de tierra, terremotos, tsunamis, volcanes, centros de evacuaci\u00f3n, informaci\u00f3n sobre \u00f3rdenes de evacuaci\u00f3n, informaci\u00f3n sobre evacuaci\u00f3n y niveles de alerta, etc.<\/p>\n<p><a href=\"https:\/\/www.bousai.pref.kanagawa.jp\/\" target=\"_blank\" rel=\"noopener\">https:\/\/www.bousai.pref.kanagawa.jp\/<\/a><\/p>","protected":false},"excerpt":{"rendered":"<p>\u25a0Llamada de emergencia L\u00ednea directa para visitantes de la JNTO Jap\u00f3n (ingl\u00e9s\/\u4e2d\u6587\/\ud55c\uad6d\uc5b4) 050-3816-2787\uff0824 horas al d\u00eda\uff09 Ambulancias \/ Servicio de Bomberos 119\uff0824 horas al d\u00eda, sin coste alguno\uff09 Polic\u00eda 110\uff0824 horas al d\u00eda, sin cargo\uff09 \u25a0Noticias actualizadas NHK World-Japan (ingl\u00e9s) Emisi\u00f3n internacional de la cadena p\u00fablica de Jap\u00f3n. Consulte las \u00faltimas noticias sobre cat\u00e1strofes naturales [&hellip;]<\/p>\n","protected":false},"author":1,"featured_media":0,"parent":0,"menu_order":0,"comment_status":"closed","ping_status":"closed","template":"","meta":{"_acf_changed":false,"footnotes":""},"class_list":["post-2059","page","type-page","status-publish","hentry"],"acf":[],"aioseo_notices":[],"_links":{"self":[{"href":"https:\/\/discover-fujisawa.jp\/es\/wp-json\/wp\/v2\/pages\/2059","targetHints":{"allow":["GET"]}}],"collection":[{"href":"https:\/\/discover-fujisawa.jp\/es\/wp-json\/wp\/v2\/pages"}],"about":[{"href":"https:\/\/discover-fujisawa.jp\/es\/wp-json\/wp\/v2\/types\/page"}],"author":[{"embeddable":true,"href":"https:\/\/discover-fujisawa.jp\/es\/wp-json\/wp\/v2\/users\/1"}],"replies":[{"embeddable":true,"href":"https:\/\/discover-fujisawa.jp\/es\/wp-json\/wp\/v2\/comments?post=2059"}],"version-history":[{"count":2,"href":"https:\/\/discover-fujisawa.jp\/es\/wp-json\/wp\/v2\/pages\/2059\/revisions"}],"predecessor-version":[{"id":2168,"href":"https:\/\/discover-fujisawa.jp\/es\/wp-json\/wp\/v2\/pages\/2059\/revisions\/2168"}],"wp:attachment":[{"href":"https:\/\/discover-fujisawa.jp\/es\/wp-json\/wp\/v2\/media?parent=2059"}],"curies":[{"name":"wp","href":"https:\/\/api.w.org\/{rel}","templated":true}]}}