{"id":2350,"date":"2023-06-29T07:32:30","date_gmt":"2023-06-29T07:32:30","guid":{"rendered":"https:\/\/discover-fujisawa.jp\/?page_id=2350"},"modified":"2025-11-05T01:46:54","modified_gmt":"2025-11-05T01:46:54","slug":"night-event","status":"publish","type":"page","link":"https:\/\/discover-fujisawa.jp\/es\/special\/night-event\/","title":{"rendered":"Eventos nocturnos en Enoshima"},"content":{"rendered":"<p><\/p>\n<p class=\"text-center mb-lg-5\">\u00a1Cheque los diversos eventos que toman lugar en el Faro-mirador Sea Candle de Enoshima<br \/>Diversos eventos estacionales colorean la noche de Enoshima<\/p>\n<div class=\"row item-nightevent\">\n<div class=\"col-lg-6\"><img decoding=\"async\" src=\"\/wp-content\/uploads\/2023\/05\/night-event-01.jpg\" alt=\"\" class=\"alignnone\" \/><\/div>\n<div class=\"col-lg-6\">\n<div class=\"sub-title mt-3\"><span class=\"id\">A<\/span><\/p>\n<p>Espacio art\u00edstico de luz y reflejos creado por bolas de espejos<\/p>\n<\/div>\n<h2>A. Festival International de Arte MIRRORBOWLER Arte de Luces en Enoshima ~Tarde de Primavera~<\/h2>\n<p>Evento producido por el grupo de arte \u00abMIRRORBOWLER.\u00bb Se colocan bolas de espejos de distintos tama\u00f1os en el jard\u00edn para crear una obra espacial de luces y sombras.<\/p>\n<ul class=\"meta\">\n<li class=\"icon-calendar\">Fecha: Mediados a finales de Abril<\/li>\n<li class=\"icon-clock\">Hora: 18:30-20:30 (La \u00faltima entrada es a las 20:00)<\/li>\n<li class=\"icon-map\">Lugar: <a href=\"sightseeing\/whattosee\/enoshima-garden-and-lighthouse\" target=\"_blank\" rel=\"noopener\">Jard\u00edn Samuel Cocking en Enoshima \/ Faro-mirador Sea Candle<\/a><\/li>\n<\/ul>\n<\/div>\n<\/div>\n<div class=\"row item-nightevent\">\n<div class=\"col-lg-6 order-lg-2 order-1\"><img decoding=\"async\" src=\"\/wp-content\/uploads\/2023\/05\/night-event-02.jpg\" alt=\"\" class=\"alignnone\" \/><\/div>\n<div class=\"col-lg-6 order-lg-1 order-2 \">\n<div class=\"sub-title mt-3\"><span class=\"id\">B<\/span><\/p>\n<p>Una tradici\u00f3n veraniega que envuelve de luces toda la isla<\/p>\n<\/div>\n<h2>Festival de linternas de Enoshima<\/h2>\n<p>Se encienden aproximadamente 1.000 linternas en el Jard\u00edn Samuel Cocking de Enoshima. Un maravilloso evento nocturno en el que toda la isla se ve envuelta en una c\u00e1lida luz y con la participaci\u00f3n de muchas parejas en yukata.<\/p>\n<ul class=\"meta\">\n<li class=\"icon-calendar\">Fecha: Finales de Julio a finales de Agosto<\/li>\n<li class=\"icon-clock\">Hora: 18:00-20:00 (La \u00faltima entrada es 19:30) *Var\u00eda seg\u00fan el lugar.<\/li>\n<li class=\"icon-map\">Lugar: <a href=\"sightseeing\/whattosee\/enoshima-garden-and-lighthouse\" target=\"_blank\" rel=\"noopener\">Jard\u00edn Samuel Cocking en Enoshima<\/a> \/ <a href=\"sightseeing\/whattosee\/enoshima-shrine\" target=\"_blank\" rel=\"noopener\">Santuario de Enoshima<\/a> \/ Calle Oiwayado \/ Plaza de Kamegaoka \/ <a href=\"sightseeing\/whattosee\/iwaya-caves-ryuren-no-kane-the-bell-of-the-dragons-love-and-benten-maru\" target=\"_blanl\" rel=\"noopener\">Cuevas Iwaya<\/a><\/li>\n<\/ul>\n<\/div>\n<\/div>\n<div class=\"row item-nightevent\">\n<div class=\"col-lg-6\"><img decoding=\"async\" src=\"\/wp-content\/uploads\/2023\/05\/night-event-03.jpg\" alt=\"\" class=\"alignnone\" \/><\/div>\n<div class=\"col-lg-6\">\n<div class=\"sub-title mt-3\"><span class=\"id\">C<\/span><\/p>\n<p>Fant\u00e1stica luz de las velas que brillan en brisa nocturna<\/p>\n<\/div>\n<h2>Vela Shonan<\/h2>\n<p>Se encienden aproximadamente 10.000 velas dentro del Jard\u00edn Samuel Cocking de Enoshima. Un agradable evento Oto\u00f1al con m\u00fasica en vivo y proyecci\u00f3n de diapositivas.<\/p>\n<ul class=\"meta\">\n<li class=\"icon-calendar\">Fecha: Mediados de Octubre a principios de Noviembre<\/li>\n<li class=\"icon-clock\">Hora: 17:00-20:00 en Jard\u00edn Samuel Cocking en Enoshima \/ Faro-mirador Sea Candle (La \u00faltima entrada es 19:30)<br \/>\n *Var\u00eda seg\u00fan el lugar.<\/li>\n<li class=\"icon-map\"><a href=\"sightseeing\/whattosee\/enoshima-garden-and-lighthouse\" target=\"_blank\" rel=\"noopener\">Jard\u00edn Samuel Cocking en Enoshima \/ Faro-mirador Sea Candle<\/a> \/ <a href=\"sightseeing\/whattosee\/iwaya-caves-ryuren-no-kane-the-bell-of-the-dragons-love-and-benten-maru\" target=\"_blanl\" rel=\"noopener\">Cuevas Iwaya<\/a><\/li>\n<\/ul>\n<\/div>\n<\/div>\n<div class=\"row item-nightevent\">\n<div class=\"col-lg-6 order-lg-2 order-1\"><img decoding=\"async\" src=\"\/wp-content\/uploads\/2023\/05\/night-event-04.jpg\" alt=\"\" class=\"alignnone\" \/><\/div>\n<div class=\"col-lg-6 order-lg-1 order-2 \">\n<div class=\"sub-title mt-3\"><span class=\"id\">D<\/span><\/p>\n<p>3.000 linternas m\u00e1gicas de bamb\u00fa<\/p>\n<\/div>\n<h2>Linterna de bamb\u00fa con boca de drag\u00f3n<\/h2>\n<p>3000 linternas de bamb\u00fa de diversos tama\u00f1os bordean el camino entre la puerta Niomon y la sala principal del templo Ry\u016bk\u014dji. Los visitantes pueden disfrutar de una fant\u00e1stica velada oto\u00f1al rodeados de la tranquila luz brillante de las velas. Puede pedir deseos o rezar por los servicios conmemorativos para los antepasados.<\/p>\n<ul class=\"meta\">\n<li class=\"icon-calendar\">Fecha: 2 S\u00e1bado y Domingo a finales de Octubre<\/li>\n<li class=\"icon-clock\">Hora: 17:00-20:00<\/li>\n<li class=\"icon-map\">Lugar: <a href=\"sightseeing\/whattosee\/ryuko-ji-temple\/\" target=\"_blank\" rel=\"noopener\">Templo Ry\u016bk\u014dji<\/a><\/li>\n<\/ul>\n<\/div>\n<\/div>\n<div class=\"row item-nightevent\">\n<div class=\"col-lg-6\"><img decoding=\"async\" src=\"\/wp-content\/uploads\/2023\/05\/night-event-05.jpg\" alt=\"\" class=\"alignnone\" \/><\/div>\n<div class=\"col-lg-6\">\n<div class=\"sub-title mt-3\"><span class=\"id\">E<\/span><\/p>\n<p>Tres iluminaciones principales en la regi\u00f3n de Kanto que iluminan con glamour los alrededores.<\/p>\n<\/div>\n<h2>Joya de Shonan<\/h2>\n<p>Evento en el que se ilumina la isla de Enoshima y toda la zona costera de Katase. Es un evento en el que puede disfrutar un Enoshima invernal mientras camina con una vista espectacular que parece cubierta de joyas.<\/p>\n<ul class=\"meta\">\n<li class=\"icon-calendar\">Fecha: Finales de Noviembre a finales de Febrero<\/li>\n<li class=\"icon-clock\">Hora: 17:00-20:00 Jard\u00edn Samuel Cocking en Enoshima \/ Faro-mirador Sea Candle (\u00faltima entrada 19:30) *Var\u00eda seg\u00fan el lugar.<\/li>\n<li class=\"icon-map\">Lugar: <a href=\"sightseeing\/whattosee\/enoshima-garden-and-lighthouse\" target=\"_blank\" rel=\"noopener\">Jard\u00edn Samuel Cocking en Enoshima \/ Faro-mirador Sea Candle\u0e40\u0e1b\u0e47\u0e19\u0e15\u0e49\u0e19<\/a>  y otros<\/li>\n<\/ul>\n<\/div>\n<\/div>\n<p><\/p>","protected":false},"excerpt":{"rendered":"<p>\u00a1Cheque los diversos eventos que toman lugar en el Faro-mirador Sea Candle de EnoshimaDiversos eventos estacionales colorean la noche de Enoshima A Espacio art\u00edstico de luz y reflejos creado por bolas de espejos A. Festival International de Arte MIRRORBOWLER Arte de Luces en Enoshima ~Tarde de Primavera~ Evento producido por el grupo de arte \u00abMIRRORBOWLER.\u00bb [&hellip;]<\/p>\n","protected":false},"author":1,"featured_media":2297,"parent":49,"menu_order":0,"comment_status":"closed","ping_status":"closed","template":"","meta":{"_acf_changed":false,"footnotes":""},"class_list":["post-2350","page","type-page","status-publish","has-post-thumbnail","hentry"],"acf":[],"aioseo_notices":[],"_links":{"self":[{"href":"https:\/\/discover-fujisawa.jp\/es\/wp-json\/wp\/v2\/pages\/2350","targetHints":{"allow":["GET"]}}],"collection":[{"href":"https:\/\/discover-fujisawa.jp\/es\/wp-json\/wp\/v2\/pages"}],"about":[{"href":"https:\/\/discover-fujisawa.jp\/es\/wp-json\/wp\/v2\/types\/page"}],"author":[{"embeddable":true,"href":"https:\/\/discover-fujisawa.jp\/es\/wp-json\/wp\/v2\/users\/1"}],"replies":[{"embeddable":true,"href":"https:\/\/discover-fujisawa.jp\/es\/wp-json\/wp\/v2\/comments?post=2350"}],"version-history":[{"count":8,"href":"https:\/\/discover-fujisawa.jp\/es\/wp-json\/wp\/v2\/pages\/2350\/revisions"}],"predecessor-version":[{"id":2716,"href":"https:\/\/discover-fujisawa.jp\/es\/wp-json\/wp\/v2\/pages\/2350\/revisions\/2716"}],"up":[{"embeddable":true,"href":"https:\/\/discover-fujisawa.jp\/es\/wp-json\/wp\/v2\/pages\/49"}],"wp:featuredmedia":[{"embeddable":true,"href":"https:\/\/discover-fujisawa.jp\/es\/wp-json\/wp\/v2\/media\/2297"}],"wp:attachment":[{"href":"https:\/\/discover-fujisawa.jp\/es\/wp-json\/wp\/v2\/media?parent=2350"}],"curies":[{"name":"wp","href":"https:\/\/api.w.org\/{rel}","templated":true}]}}