{"id":2384,"date":"2023-09-13T03:55:44","date_gmt":"2023-09-13T03:55:44","guid":{"rendered":"https:\/\/discover-fujisawa.jp\/?page_id=2384"},"modified":"2025-11-05T01:26:53","modified_gmt":"2025-11-05T01:26:53","slug":"recommended-gourmet","status":"publish","type":"page","link":"https:\/\/discover-fujisawa.jp\/es\/special\/recommended-gourmet\/","title":{"rendered":"5 lugares gourmet recomendados en Enoshima"},"content":{"rendered":"<p><\/p>\n<h2 class=\"mb-4 text-center ttl-h2-content\" style=\"text-align: center;\">5 lugares gourmet recomendados en Enoshima <\/h2>\n<p style=\"text-align: center;\">Enoshima tiene muchos lugares de inter\u00e9s tur\u00edstico y atracciones,<br \/>\npero \u00bfqu\u00e9 tipo de comida se imagina cuando oye la palabra \u00abEnoshima gourmet\u00bb?\u3000<br \/>\n\u00bfUn cuenco de arroz cubierto con shirasu fresco? \u00bfUn cuenco de arroz de Enoshima? \u00bfC\u00e1scaras de turbante a la parrilla?\u3000<br \/>\nPor supuesto, todas estas son especialidades muy conocidas de Enoshima, pero \u00faltimamente hay muchos restaurantes gourmet a los que deber\u00eda echar un ojo,<br \/>\nincluidos los nombres m\u00e1s de moda y los nuevos restaurantes abiertos.<br \/>\nHemos visitado cinco de los restaurantes m\u00e1s destacados, as\u00ed que perm\u00edtanos present\u00e1rselos.<\/p>\n<div class=\"item-special-gourmet\">\n<div class=\"row pt-5 gx-0 align-items-center\">\n<div class=\"image-wrap col-lg-8 mb-4\"><img decoding=\"async\" src=\"\/wp-content\/themes\/fujisawa\/images\/gourmet-spot01-main.jpg\"><\/div>\n<div class=\" col-lg-4 mb-4\">\n<div class=\"content-wrap content-wrap-right\">\n<div class=\"h3-special-gourmet\">\n<p>Un popular teishoku-ya con una larga fila de clientes<\/p>\n<h3>Enoshima Koya<\/h3>\n<\/div>\n<p>Enoshima Hut est\u00e1 a 5 minutos a pie de la estaci\u00f3n Katase Enoshima de la l\u00ednea Odakyu Enoshima. Este popular restaurante siempre tiene una larga cola de clientes. El exterior es austero, pero una vez dentro del restaurante, encontrar\u00e1 un espacio amplio y luminoso. Los asientos de la terraza con vistas al oc\u00e9ano son al parecer muy populares, y debe ser agradable cenar en un espacio tan abierto.<\/p>\n<\/div>\n<\/div>\n<\/div>\n<div class=\"row gx-0 align-items-center\">\n<div class=\"col-lg-5 mb-4\"><img decoding=\"async\" src=\"\/wp-content\/themes\/fujisawa\/images\/gourmet-spot01-detail.jpg\"><\/div>\n<div class=\"col-lg-7 mb-4 gourmet-content\">\n<p class=\"px-3\">Las recomendaciones para el almuerzo incluyen una variedad de sabrosos platos como \u00abJiigyo katsu-don con salsa dulce y salada\u00bb, \u00abKama-age shirasu-don\u00bb y \u00abHorohoro-don\u00bb, un cuenco de pescado ahumado casero con mantequilla carbonizada por encima. Tras muchas deliberaciones, ped\u00ed el \u00abMakanai-don\u00bb. Namenaro\u00bb, un cuenco de arroz cubierto con pescado machacado sazonado con miso y la salsa de s\u00e9samo original del restaurante, es la especialidad de este restaurante y ha ganado muchas veces la medalla de oro en la categor\u00eda de cuencos de marisco del Gran Premio Nacional de Cuencos de Arroz.<\/p>\n<p class=\"px-3\">El pescado cambia a diario, y en este d\u00eda en particular, los platos principales eran kanpachi (cola amarilla), medallones y besugos.De 8:00 a 10:30, el men\u00fa del desayuno incluye \u00abKinmedai no nishiru ogokake gohan\u00bb (arroz con huevo), en el que el huevo se disuelve en el caldo del kinmedai en lugar de salsa de soja.Los copos de bonito semicrudos que le ponen delante desprenden un aroma suave y muy agradable. Tambi\u00e9n me impresion\u00f3 la firmeza del huevo, que no se rompi\u00f3 ni siquiera al coger la yema con los palillos.<\/p>\n<\/div>\n<\/div>\n<div class=\"row spot-detail mb-4\">\n<div class=\"col-lg-5 mb-4 mb-lg-0\">\n<h4>Enoshima Koya<\/h4>\n<dl>\n<dt>Direcci\u00f3n<\/dt>\n<dd>2-20-12, Katasekaigan, Fujisawa-shi, Kanagawa-ken<\/dd>\n<\/dl>\n<dl>\n<dt>Tel\u00e9fono<\/dt>\n<dd>0466-29-5875<\/dd>\n<\/dl>\n<dl>\n<dt>Horario<\/dt>\n<dd>8:00 &#8211; 20:00\uff08L.O.19:00\uff09<\/dd>\n<\/dl>\n<dl>\n<dt>D\u00eda de descanso:<\/dt>\n<dd>NO<\/dd>\n<\/dl>\n<\/div>\n<div class=\"col-lg-7\"><iframe src=\"https:\/\/www.google.com\/maps\/embed?pb=!1m14!1m8!1m3!1d13023.727449807426!2d139.4825353!3d35.3076745!3m2!1i1024!2i768!4f13.1!3m3!1m2!1s0x60184efc80e055bf%3A0xcb660167a9e042d!2sEnoshima%20Koya!5e0!3m2!1sen!2sth!4v1694503731266!5m2!1sen!2sth\" width=\"100%\" height=\"250\" style=\"border:0;\" allowfullscreen=\"\" loading=\"lazy\" referrerpolicy=\"no-referrer-when-downgrade\"><\/iframe><\/div>\n<\/div>\n<\/div>\n<div class=\"item-special-gourmet\">\n<div class=\"row pt-5 gx-0 align-items-center\">\n<div class=\" col-lg-4 mb-4\">\n<div class=\"content-wrap content-wrap-left\">\n<div class=\"h3-special-gourmet\">\n<p>T\u00f3mate un descanso con t\u00e9 verde matcha y yo-yonkan<\/p>\n<h3>Tamaya Youkan<\/h3>\n<\/div>\n<p>Al salir de la estaci\u00f3n de Enoshima en la l\u00ednea Enoden, encontrar\u00e1 Subana-dori, una calle comercial repleta de restaurantes y tiendas de recuerdos, entre ellas una tienda de ramen y otra especializada en pudding. All\u00ed se encuentra Tamaya Honten, una confiter\u00eda japonesa con un llamativo aspecto retro.<\/p>\n<\/div>\n<\/div>\n<div class=\"image-wrap col-lg-8 mb-4\"><img decoding=\"async\" src=\"\/wp-content\/themes\/fujisawa\/images\/gourmet-spot02-main.jpg\"><\/div>\n<\/div>\n<div class=\"row gx-0 align-items-center\">\n<div class=\"col-lg-5 mb-4\"><img decoding=\"async\" src=\"\/wp-content\/themes\/fujisawa\/images\/gourmet-spot02-detail.jpg\"><\/div>\n<div class=\"col-lg-7 mb-4 gourmet-content\">\n<p class=\"px-4\">La tienda es un bien cultural tangible registrado, con una historia de m\u00e1s de 100 a\u00f1os, y en 1949 fue designada confiter\u00eda famosa por la prefectura de Kanagawa. Recientemente renovada, ha renacido como un espacio de moda con cafeter\u00eda, al tiempo que mantiene su ambiente hist\u00f3rico.<\/p>\n<p class=\"px-4\">En el Tamaya Cafe se puede disfrutar de t\u00e9 fr\u00edo, sidra de Enoshima, pasteles y tiramis\u00fa de matcha.Ese d\u00eda ped\u00ed el \u00abYokan Set\u00bb por 600 yenes, que consist\u00eda en t\u00e9 verde matcha por 400 yenes y dos Yokans del d\u00eda por 200 yenes m\u00e1s. El hermoso color verde y el profundo aroma del t\u00e9 matcha son relajantes. Los Yokan del set son laver yokan y chestnut yokan. El Nori Yokan es la especialidad de Tamaya, y se elabora amasando en la pasta de jud\u00eda blanca laver verde en polvo, que se cosechaba en Enoshima cuando se abri\u00f3 la tienda por primera vez. Es un yokan poco com\u00fan, con el fresco aroma del mar y la dulzura de la refinada pasta de jud\u00edas blancas. El Yokan de casta\u00f1a es un cl\u00e1sico con casta\u00f1as picadas. Mientras disfrutaba del t\u00e9 verde matcha y echaba un vistazo a la tienda, encontr\u00e9 una sala privada en la parte de atr\u00e1s.<\/p>\n<p class=\"px-4\"> No es necesario reservar, y podr\u00e1 tomar t\u00e9 y dulces en esta sala de estilo japon\u00e9s si est\u00e1 disponible en el momento de su visita.\u00a1Esto es un agujero en la pared!Honkuri Yokan, que contiene casta\u00f1as enteras, es tambi\u00e9n un lujoso recuerdo de Enoshima.<\/p>\n<\/div>\n<\/div>\n<div class=\"row spot-detail mb-4\">\n<div class=\"col-lg-5 mb-4 mb-lg-0\">\n<h4>Tamaya Youkan<\/h4>\n<dl>\n<dt>Direcci\u00f3n<\/dt>\n<dd>1-9-10, Katasekaigan, Fujisawa-shi, Kanagawa-ken<\/dd>\n<\/dl>\n<dl>\n<dt>Tel\u00e9fono<\/dt>\n<dd>0466-22-4057<\/dd>\n<\/dl>\n<dl>\n<dt>Horario<\/dt>\n<dd>10:00 &#8211; 18:00<\/dd>\n<\/dl>\n<dl>\n<dt>D\u00eda de descanso:<\/dt>\n<dd>Todos los jueves<\/dd>\n<\/dl>\n<\/div>\n<div class=\"col-lg-7\"><iframe src=\"https:\/\/www.google.com\/maps\/embed?pb=!1m14!1m8!1m3!1d13023.315645653125!2d139.4867159!3d35.3102324!3m2!1i1024!2i768!4f13.1!3m3!1m2!1s0x60184efd91edf415%3A0xd25838fbbee70674!2sTamaya%20Youkan!5e0!3m2!1sen!2sth!4v1694576005325!5m2!1sen!2sth\" width=\"100%\" height=\"250\" style=\"border:0;\" allowfullscreen=\"\" loading=\"lazy\" referrerpolicy=\"no-referrer-when-downgrade\"><\/iframe><\/div>\n<\/div>\n<\/div>\n<div class=\"item-special-gourmet\">\n<div class=\"row pt-5 gx-0 align-items-center\">\n<div class=\"image-wrap col-lg-8 mb-4\"><img decoding=\"async\" src=\"\/wp-content\/themes\/fujisawa\/images\/gourmet-spot03-main.jpg\"><\/div>\n<div class=\" col-lg-4 mb-4\">\n<div class=\"content-wrap content-wrap-right\">\n<div class=\"h3-special-gourmet\">\n<p>Pollo frito en la isla de Enoshima<\/p>\n<h3>torico<\/h3>\n<\/div>\n<p>Al acercarse al Santuario de Enoshima est\u00e1 Torico, popular por su pollo frito con salsa original, situado al final de un estrecho callej\u00f3n, as\u00ed que tenga cuidado de no perderse el cartel.<\/p>\n<\/div>\n<\/div>\n<\/div>\n<div class=\"row gx-0 align-items-center\">\n<div class=\"col-lg-5 mb-4\"><img decoding=\"async\" src=\"\/wp-content\/themes\/fujisawa\/images\/gourmet-spot03-detail.jpg\"><\/div>\n<div class=\"col-lg-7 mb-4 gourmet-content\">\n<p class=\"px-4\">Este restaurante utiliza pollo joven criado en el pa\u00eds, principalmente de la prefectura de Iwate, y se ha convertido en un lugar de moda por su pollo frito que sabe muy bien tanto reci\u00e9n frito como fr\u00edo. El pollo se marina lentamente en la salsa original de Torico, basada en salsa de soja con ajo y m\u00e1s de 10 especias y frutas. El aceite de fritura es de soja blanca colada, y el rebozado es de f\u00e9cula de patata 100% natural hecha con patatas de Hokkaido, lo que lo hace crujiente por fuera y jugoso por dentro. Hay cuatro tipos de salsas disponibles: salsa de soja dulce y picante, nanban de vinagre negro, gonadori de aceite y yangnyom, pero en esta ocasi\u00f3n ped\u00ed la sencilla.<\/p>\n<p class=\"px-4\">Se puede disfrutar del pollo frito en el mostrador dentro del restaurante, pero detr\u00e1s del restaurante est\u00e1 el Puerto Pesquero de Nishiura, que ofrece una vista espectacular de Enoshima a los que saben, as\u00ed que cogimos nuestro pollo frito para llevar y limonada y nos dirigimos a la playa. La comida frita era estupenda para disfrutar mientras ve\u00edamos pasar los cruceros mar adentro.<\/p>\n<\/div>\n<\/div>\n<div class=\"row spot-detail mb-4\">\n<div class=\"col-lg-5 mb-4 mb-lg-0\">\n<h4>torico<\/h4>\n<dl>\n<dt>Direcci\u00f3n<\/dt>\n<dd>2-1-14, Enoshima, Fujisawa-shi, Kanagawa-ken<\/dd>\n<\/dl>\n<dl>\n<dt>Tel\u00e9fono<\/dt>\n<dd>0466-54-9799<\/dd>\n<\/dl>\n<dl>\n<dt>Horario<\/dt>\n<dd>11:00 &#8211; 19:00<\/dd>\n<\/dl>\n<dl>\n<dt>D\u00eda de descanso:<\/dt>\n<dd>Todos los mi\u00e9rcoles<\/dd>\n<\/dl>\n<\/div>\n<div class=\"col-lg-7\"><iframe src=\"https:\/\/www.google.com\/maps\/embed?pb=!1m18!1m12!1m3!1d3256.1784221927096!2d139.4778075114079!3d35.30154787259836!2m3!1f0!2f0!3f0!3m2!1i1024!2i768!4f13.1!3m3!1m2!1s0x60184ee445b4c21d%3A0xcc36920a37a34ade!2storico!5e0!3m2!1sen!2sth!4v1694576170127!5m2!1sen!2sth\" width=\"100%\" height=\"250\" style=\"border:0;\" allowfullscreen=\"\" loading=\"lazy\" referrerpolicy=\"no-referrer-when-downgrade\"><\/iframe><\/div>\n<\/div>\n<\/div>\n<div class=\"item-special-gourmet\">\n<div class=\"row pt-5 gx-0 align-items-center\">\n<div class=\" col-lg-4 mb-4\">\n<div class=\"content-wrap content-wrap-left\">\n<div class=\"h3-special-gourmet\">\n<p>Se encuentra en la cima de Enoshima<\/p>\n<h3>LONCAFE<\/h3>\n<\/div>\n<p>Algo que ten\u00eda muchas ganas de visitar en Enoshima es el Jard\u00edn Samuel Cocking, situado en lo alto de la isla. Es un precioso parque rodeado de \u00e1rboles, plantas y flores, y presume de tener las mejores vistas de Enoshima.<\/p>\n<\/div>\n<\/div>\n<div class=\"image-wrap col-lg-8 mb-4\"><img decoding=\"async\" src=\"\/wp-content\/themes\/fujisawa\/images\/gourmet-spot04-main.jpg\"><\/div>\n<\/div>\n<div class=\"row gx-0 align-items-center\">\n<div class=\"col-lg-5 mb-4\"><img decoding=\"async\" src=\"\/wp-content\/themes\/fujisawa\/images\/gourmet-spot04-detail.jpg\"><\/div>\n<div class=\"col-lg-7 mb-4 gourmet-content\">\n<p class=\"px-4\">Suba a las velas marinas del jard\u00edn para disfrutar de una vista panor\u00e1mica del mar de Shonan, y rel\u00e1jese en la amplia terraza de madera de la segunda planta, donde hay sof\u00e1s y asientos de mostrador.<\/p>\n<p class=\"px-4\">LONCAFE, situado en el Samuel Cocking Garden, es recomendable para los amantes de los dulces. Abri\u00f3 sus puertas en 2003 como el primer restaurante especializado en tostadas francesas de Jap\u00f3n. Es un caf\u00e9 de moda con una ubicaci\u00f3n maravillosa con vistas a la bah\u00eda de Sagami, donde se puede disfrutar del tiempo de balneario mientras se siente la brisa de Shonan en los asientos de la terraza abierta.<\/p>\n<p class=\"px-4\">Las torrijas tienen un exterior crujiente y un interior tierno. Los ingredientes var\u00edan, y hay m\u00e1s de 10 tentadoras opciones, incluida la edici\u00f3n limitada \u00abSalsa blanca de trufa negra\u00bb y \u00abPl\u00e1tano caramelizado\u00bb, por lo que era dif\u00edcil decidirse, pero ese d\u00eda ped\u00ed el \u00abRelleno de tarta de manzana y Gorgonzola\u00bb por 1.450 yenes. Las dulces manzanas estofadas y el salado queso Gorgonzola combinaban a la perfecci\u00f3n. Nos lo pasamos de lujo.<\/p>\n<\/div>\n<\/div>\n<div class=\"row spot-detail mb-4\">\n<div class=\"col-lg-5 mb-4 mb-lg-0\">\n<h4>LONCAFE<\/h4>\n<dl>\n<dt>Direcci\u00f3n<\/dt>\n<dd>Samuel Cocking Garden, 3-38, Enoshima 2chomeme, Fujisawa-shi, Kanagawa-ken<\/dd>\n<\/dl>\n<dl>\n<dt>Tel\u00e9fono<\/dt>\n<dd>0466-28-3636<\/dd>\n<\/dl>\n<dl>\n<dt>Horario<\/dt>\n<dd>Mon &#8211; Fri 11:00 &#8211; 20:00\uff08L.O.19:30\uff09<br \/>Sat, Sun. 10:00-  21:00\uff08L.O.20:30\uff09<\/dd>\n<\/dl>\n<dl>\n<dt>D\u00eda de descanso:<\/dt>\n<dd>vacaciones irregulares<\/dd>\n<\/dl>\n<\/div>\n<div class=\"col-lg-7\"><iframe src=\"https:\/\/www.google.com\/maps\/embed?pb=!1m18!1m12!1m3!1d3256.2471924772003!2d139.4774669114078!3d35.299838872598826!2m3!1f0!2f0!3f0!3m2!1i1024!2i768!4f13.1!3m3!1m2!1s0x60184ee5ce045bbd%3A0xb01b3b0819b2e591!2sLONCAFE!5e0!3m2!1sen!2sth!4v1694576203937!5m2!1sen!2sth\" width=\"100%\" height=\"250\" style=\"border:0;\" allowfullscreen=\"\" loading=\"lazy\" referrerpolicy=\"no-referrer-when-downgrade\"><\/iframe><\/div>\n<\/div>\n<\/div>\n<div class=\"item-special-gourmet\">\n<div class=\"row pt-5 gx-0 align-items-center\">\n<div class=\"image-wrap col-lg-8 mb-4\"><img decoding=\"async\" src=\"\/wp-content\/themes\/fujisawa\/images\/gourmet-spot05-main.jpg\"><\/div>\n<div class=\" col-lg-4 mb-4\">\n<div class=\"content-wrap content-wrap-right\">\n<div class=\"h3-special-gourmet\">\n<p>Aut\u00e9ntica comida italiana en la playa.<\/p>\n<h3iL CHIANTI BEACHE<\/h3>\n<\/div>\n<p>iL CHIANTI BEACHE es uno de los pocos restaurantes frente al mar de Shonan. Es popular por su aut\u00e9ntica cocina italiana.<\/p>\n<\/div>\n<\/div>\n<\/div>\n<div class=\"row gx-0 align-items-center\">\n<div class=\"col-lg-5 mb-4\"><img decoding=\"async\" src=\"\/wp-content\/themes\/fujisawa\/images\/gourmet-spot05-detail.jpg\"><\/div>\n<div class=\"col-lg-7 mb-4 gourmet-content\">\n<p class=\"px-4\">Todos los asientos del lado de la playa tienen una pared de cristal con vistas al mar, y en los d\u00edas agradables recomendamos los asientos de la terraza, donde la brisa marina es agradable. Delante hay un parque arbolado y la playa, donde podr\u00e1 disfrutar de su comida con vistas al oc\u00e9ano.<\/p>\n<p class=\"px-4\">Hay tantas bebidas y platos en el men\u00fa que fue realmente dif\u00edcil decidirse, pero yo empec\u00e9 con la Ensalada Caribe\u00f1a, que es un suntuoso plato de marisco. El ali\u00f1o original del restaurante es famoso desde hace tiempo, pero al parecer han desarrollado un ali\u00f1o menos \u00e1cido para que combine con el sabor de las bebidas. A continuaci\u00f3n, pedimos el plato especial, cangrejo de caparaz\u00f3n blando envuelto en piadina italiana. El cangrejo de caparaz\u00f3n blando reci\u00e9n mudado estaba frito y enrollado en piadina (pan \u00e1cimo de Roma\u00f1a, Italia) con dos salsas especiales y verduras, y se com\u00eda con las manos. Era sabroso y delicioso.<\/p>\n<p class=\"px-4\">Entre los platos que utilizan ingredientes locales, me interesaron el \u00abPollo Fujisawa asado con verduras y hierbas de Fujisawa\u00bb y el \u00abGratinado con huevos de gallina Fujisawa\u00bb, pero decid\u00ed pedir la \u00abEnsalada con uvas de mar y shirasu (sardinas peque\u00f1as) de Nagago con ali\u00f1o de Chianti\u00bb. Las umibudou (uvas de mar) son algas que s\u00f3lo se pueden encontrar en Okinawa en Jap\u00f3n, pero se han cultivado con \u00e9xito en Chogo, en la ciudad de Fujisawa, por lo que pudimos disfrutar de la textura fresca y crujiente de esta alga a pesar de encontrarnos en la regi\u00f3n de Kanto.<\/p>\n<p class=\"px-4\">Justo cuando termin\u00e1bamos de comer, el sol poniente se adentraba en el mar. La silueta del monte Fuji sobre la playa al atardecer era espectacular.<\/p>\n<\/div>\n<\/div>\n<div class=\"row spot-detail mb-4\">\n<div class=\"col-lg-5 mb-4 mb-lg-0\">\n<h4>iL CHIANTI BEACHE<\/h4>\n<dl>\n<dt>Direcci\u00f3n<\/dt>\n<dd>2-20-3, Katasekaigan, Fujisawa-shi, Kanagawa-ken<\/dd>\n<\/dl>\n<dl>\n<dt>Tel\u00e9fono<\/dt>\n<dd>0466-26-0234<\/dd>\n<\/dl>\n<dl>\n<dt>Horario<\/dt>\n<dd>11:00 -23:00\uff08L.O.22:00\uff09<\/dd>\n<\/dl>\n<dl>\n<dt>D\u00eda de descanso:<\/dt>\n<dd>NO<\/dd>\n<\/dl>\n<\/div>\n<div class=\"col-lg-7\"><iframe src=\"https:\/\/www.google.com\/maps\/embed?pb=!1m18!1m12!1m3!1d3255.8975756751042!2d139.4811689!3d35.3085264!2m3!1f0!2f0!3f0!3m2!1i1024!2i768!4f13.1!3m3!1m2!1s0x60184efbeb64189b%3A0xb855e058a697eb5d!2zae-8rCDvvKPvvKjvvKnvvKHvvK7vvLTvvKkg77yi77yl77yh77yj77yo77yl!5e0!3m2!1sen!2sth!4v1701917379855!5m2!1sen!2sth\" width=\"100%\" height=\"250\" style=\"border:0;\" allowfullscreen=\"\" loading=\"lazy\" referrerpolicy=\"no-referrer-when-downgrade\"><\/iframe><\/div>\n<\/div>\n<\/div>\n<p><\/p>","protected":false},"excerpt":{"rendered":"<p>5 lugares gourmet recomendados en Enoshima Enoshima tiene muchos lugares de inter\u00e9s tur\u00edstico y atracciones, pero \u00bfqu\u00e9 tipo de comida se imagina cuando oye la palabra \u00abEnoshima gourmet\u00bb?\u3000 \u00bfUn cuenco de arroz cubierto con shirasu fresco? \u00bfUn cuenco de arroz de Enoshima? \u00bfC\u00e1scaras de turbante a la parrilla?\u3000 Por supuesto, todas estas son especialidades muy [&hellip;]<\/p>\n","protected":false},"author":1,"featured_media":2392,"parent":49,"menu_order":0,"comment_status":"closed","ping_status":"closed","template":"","meta":{"_acf_changed":false,"footnotes":""},"class_list":["post-2384","page","type-page","status-publish","has-post-thumbnail","hentry"],"acf":[],"aioseo_notices":[],"_links":{"self":[{"href":"https:\/\/discover-fujisawa.jp\/es\/wp-json\/wp\/v2\/pages\/2384","targetHints":{"allow":["GET"]}}],"collection":[{"href":"https:\/\/discover-fujisawa.jp\/es\/wp-json\/wp\/v2\/pages"}],"about":[{"href":"https:\/\/discover-fujisawa.jp\/es\/wp-json\/wp\/v2\/types\/page"}],"author":[{"embeddable":true,"href":"https:\/\/discover-fujisawa.jp\/es\/wp-json\/wp\/v2\/users\/1"}],"replies":[{"embeddable":true,"href":"https:\/\/discover-fujisawa.jp\/es\/wp-json\/wp\/v2\/comments?post=2384"}],"version-history":[{"count":5,"href":"https:\/\/discover-fujisawa.jp\/es\/wp-json\/wp\/v2\/pages\/2384\/revisions"}],"predecessor-version":[{"id":2714,"href":"https:\/\/discover-fujisawa.jp\/es\/wp-json\/wp\/v2\/pages\/2384\/revisions\/2714"}],"up":[{"embeddable":true,"href":"https:\/\/discover-fujisawa.jp\/es\/wp-json\/wp\/v2\/pages\/49"}],"wp:featuredmedia":[{"embeddable":true,"href":"https:\/\/discover-fujisawa.jp\/es\/wp-json\/wp\/v2\/media\/2392"}],"wp:attachment":[{"href":"https:\/\/discover-fujisawa.jp\/es\/wp-json\/wp\/v2\/media?parent=2384"}],"curies":[{"name":"wp","href":"https:\/\/api.w.org\/{rel}","templated":true}]}}