{"id":2441,"date":"2024-03-01T04:16:31","date_gmt":"2024-03-01T04:16:31","guid":{"rendered":"https:\/\/discover-fujisawa.jp\/?page_id=2441"},"modified":"2024-08-08T07:46:34","modified_gmt":"2024-08-08T07:46:34","slug":"take-photos-in-fujisawa-and-enoshima-featured-in-anime-seishun-buta-yarou-aobuta-rascal-does-not-dream-of-bunny-girl-senpai","status":"publish","type":"page","link":"https:\/\/discover-fujisawa.jp\/es\/special\/take-photos-in-fujisawa-and-enoshima-featured-in-anime-seishun-buta-yarou-aobuta-rascal-does-not-dream-of-bunny-girl-senpai\/","title":{"rendered":"Anime \u00abSeishun Buta Yarou\u00bb (AOBUTA) &#8211; Visita Fujisawa y Enoshima, la tierra sagrada de \u00abSeishun Buta Yarou wa Bunny Girl Senpai no Yume wo Mimieru\u00bb y hazte fotos."},"content":{"rendered":"<p><\/p>\n<header>\n<p class=\"mb-3 d-none d-md-inline-block\"><img decoding=\"async\" src=\"\/wp-content\/themes\/fujisawa\/images\/anime\/hero-anime-eng.jpg\" alt=\"\"><\/p>\n<p class=\"mb-3 d-md-none d-inline-block\"><img decoding=\"async\" src=\"\/wp-content\/themes\/fujisawa\/images\/anime\/hero-anime-eng-sp.jpg\" alt=\"\"><\/p>\n<div class=\"py-5\">\n<h1 class=\"h3 text-center fw-bold mb-3\">Anime \u00abSeishun Buta Yarou\u00bb (AOBUTA) &#8211; Visita Fujisawa y Enoshima,<br \/> la tierra sagrada de \u00abSeishun Buta Yarou wa Bunny Girl Senpai no Yume wo Mimieru\u00bb y hazte fotos..<\/h1>\n<p class=\"text-center\">Seishun Buta Yarou (AOBUTA), muy conocido en Netflix y otros servicios de distribuci\u00f3n de v\u00eddeo, es un anime ambientado en la zona de Fujisawa\/Enoshima.\n<\/p>\n<p class=\"text-center\">En la historia aparecen varios lugares de la zona de Fujisawa\/Enoshima. En Jap\u00f3n, es popular visitar estos lugares y hacer fotos y v\u00eddeos como \u00abperegrinaci\u00f3n a un lugar sagrado\u00bb. \n<\/p>\n<p class=\"text-center\">Si has visto el anime, \u00a1seguro que sabes lo que te espera cuando vayas all\u00ed! Intenta hacerte fotos en la misma pose que los personajes.<\/p>\n<\/div>\n<\/header>\n<div class=\"container mb-5\">\n<div class=\"about-anime p-3 p-lg-4\">\n<div class=\"row\">\n<div class=\"col-lg-3 col-md-4 text-center\"><img decoding=\"async\" src=\"\/wp-content\/themes\/fujisawa\/images\/anime\/pic-profile-anime.png\" alt=\"\"><\/div>\n<div class=\"col-lg-9 col-md-8 align-self-center\">\n<h3 class=\"mt-3 mt-lg-0\">Sobre Rascal Does Not Dream of Bunny Girl Senpai<\/h3>\n<p>Una animaci\u00f3n que retrata con \u00e9xito la inestable agitaci\u00f3n emocional habitual durante la adolescencia. Las misteriosas historias contin\u00faan en formato \u00f3mnibus, pero muchas de ellas son tristes y llenas de coraz\u00f3n.<br \/>Muchas de las historias de esta obra est\u00e1n ambientadas en Enoshima y Fujisawa, y las escenas que se han animado incluyen el mar + Enoden + Enoshima + Kamakura, para que puedas disfrutar plenamente de Shonan.<\/p>\n<\/div>\n<\/div>\n<\/div>\n<\/div>\n<div class=\"anime-location py-5\">\n<div class=\"container\">\n<div class=\"row \">\n<div class=\"item-anime-location col-lg-6 mb-4\">\n<h3 class=\"mb-3\"><span>SCENE 01<\/span>Enoden<\/h3>\n<p>Escena de la pel\u00edcula inicial. Dos tomas con el Enoden. Entre las estaciones de Koshigoe y Kamakura Koukoumae, Sakita circula en direcci\u00f3n a Enoshima.<\/p>\n<figure><img decoding=\"async\" src=\"\/wp-content\/themes\/fujisawa\/images\/anime\/pic-scene-01.jpg\" alt=\"Enoden\"><\/figure>\n<p class=\"text-end\"><a class=\"btn btn-primary\" href=\"https:\/\/maps.app.goo.gl\/PTCJRWvak61d8TcHA\" target=\"_blank\" rel=\"noopener\">Ver mapa<\/a><\/p>\n<\/div>\n<div class=\"item-anime-location col-lg-6 mb-4 pt-lg-5\">\n<h3 class=\"mb-3\"><span>SCENE 02<\/span>Salida norte de la estaci\u00f3n de Fujisawa.<\/h3>\n<p>Escena de la pel\u00edcula de apertura. La estaci\u00f3n de Fujisawa se utiliza en varias animaciones, por lo que este lugar no puede quedar fuera de los lugares sagrados.<\/p>\n<figure><img decoding=\"async\" src=\"\/wp-content\/themes\/fujisawa\/images\/anime\/pic-scene-02.jpg\" alt=\"Fujisawa Station North Exit\"><\/figure>\n<p class=\"text-end\"><a class=\"btn btn-primary\" href=\"https:\/\/maps.app.goo.gl\/px84q9hYebBjShA16\" target=\"_blank\" rel=\"noopener\">Ver mapa<\/a><\/p>\n<\/div>\n<div class=\"item-anime-location col-lg-6 mb-4\">\n<h3 class=\"mb-3\"><span>SCENE 03<\/span>Biblioteca P\u00fablica General de la ciudad de Fujisawa<\/h3>\n<figure><img decoding=\"async\" src=\"\/wp-content\/themes\/fujisawa\/images\/anime\/pic-scene-03.jpg\" alt=\"Fujisawa City General Public Library\"><\/figure>\n<p class=\"text-end\"><a class=\"btn btn-primary\" href=\"https:\/\/maps.app.goo.gl\/JSVhZjVCd2yM3UxK6\" target=\"_blank\" rel=\"noopener\">Ver mapa<\/a><\/p>\n<\/div>\n<div class=\"item-anime-location col-lg-6 mb-4 pt-lg-5\">\n<h3 class=\"mb-3\"><span>SCENE 04<\/span>Playa de Katase Nishihama<\/h3>\n<p>Playa de ba\u00f1o con vista panor\u00e1mica de Enoshima.Desde all\u00ed se puede ver la isla de Enoshima Sea Candle.<\/p>\n<figure><img decoding=\"async\" src=\"\/wp-content\/themes\/fujisawa\/images\/anime\/pic-scene-04.jpg\" alt=\"Katase Nishihama Beach\"><\/figure>\n<p class=\"text-end\"><a class=\"btn btn-primary\" href=\"https:\/\/maps.app.goo.gl\/kpk6arbj9YNaoA6Y6\" target=\"_blank\" rel=\"noopener\">Ver mapa<\/a><\/p>\n<\/div>\n<div class=\"item-anime-location col-lg-6 mb-4\">\n<h3 class=\"mb-3\"><span>SCENE 05<\/span>Cubierta de observaci\u00f3n de Nakatsumiya<\/h3>\n<figure><img decoding=\"async\" src=\"\/wp-content\/themes\/fujisawa\/images\/anime\/pic-scene-05.jpg\" alt=\"Nakatsumiya observation deck\"><\/figure>\n<p class=\"text-end\"><a class=\"btn btn-primary\" href=\"https:\/\/maps.app.goo.gl\/XcJ7CrNt69Dytb2m8\" target=\"_blank\" rel=\"noopener\">Ver mapa<\/a><\/p>\n<\/div>\n<div class=\"item-anime-location col-lg-6 mb-4 pt-lg-5\">\n<h3 class=\"mb-3\"><span>SCENE 06<\/span>Estaci\u00f3n Odakyu Katase Enoshima<\/h3>\n<figure><img decoding=\"async\" src=\"\/wp-content\/themes\/fujisawa\/images\/anime\/pic-scene-06.jpg\" alt=\"Odakyu Katase Enoshima station\"><\/figure>\n<p class=\"text-end\"><a class=\"btn btn-primary\" href=\"https:\/\/maps.app.goo.gl\/TLBDud8jxf1jtfEw8\" target=\"_blank\" rel=\"noopener\">Ver mapa<\/a><\/p>\n<\/div>\n<div class=\"item-anime-location col-lg-6 mb-4\">\n<h3 class=\"mb-3\"><span>SCENE 07<\/span>Estaci\u00f3n Odakyu Honkugenuma<\/h3>\n<figure><img decoding=\"async\" src=\"\/wp-content\/themes\/fujisawa\/images\/anime\/pic-scene-07.jpg\" alt=\"Odakyu Honkugenuma Station\"><\/figure>\n<p class=\"text-end\"><a class=\"btn btn-primary\" href=\"https:\/\/maps.app.goo.gl\/9bkgkW7cVSQ5KFqu5\" target=\"_blank\" rel=\"noopener\">Ver mapa<\/a><\/p>\n<\/div>\n<div class=\"item-anime-location col-lg-6 mb-4 pt-lg-5\">\n<h3 class=\"mb-3\"><span>SCENE 08<\/span>Puente Enoshima Benten<\/h3>\n<figure><img decoding=\"async\" src=\"\/wp-content\/themes\/fujisawa\/images\/anime\/pic-scene-08.jpg\" alt=\"Enoshima Benten Bridge\"><\/figure>\n<p class=\"text-end\"><a class=\"btn btn-primary\" href=\"https:\/\/maps.app.goo.gl\/RSGGBTcoh14vQW7h8\" target=\"_blank\" rel=\"noopener\">Ver mapa<\/a><\/p>\n<\/div>\n<\/div>\n<\/div>\n<\/div>\n<div class=\"about-movie container py-5\">\n<h2 class=\"text-center h3\">Ciclo de cine<\/h2>\n<p class=\"text-center mb-5\">Trilog\u00eda de pel\u00edculas de la Aobuta \u300aHigh school version\u300b.<br \/>\nBasada en la popular serie de novelas \u00abSeishun Butajaro\u00bb de Kamoshita Hajime, que han vendido m\u00e1s de 2,5 millones de ejemplares en total.<br \/>\nLa tierna, triste y misteriosa historia ha tenido una gran acogida.<br \/>\nMuy recomendable si te gusta el anime.<\/p>\n<div class=\"card mb-4\">\n<div class=\"row g-0\">\n<div class=\"col-md-3\"><img decoding=\"async\" src=\"\/wp-content\/themes\/fujisawa\/images\/anime\/pic-movie-01.jpg\" class=\"img-fluid rounded-start\" alt=\"Rascal Does Not Dream of a Dreaming Girl\"><\/div>\n<div class=\"col-md-9\">\n<div class=\"card-body\">\n<h3>Brib\u00f3n no sue\u00f1a con una chica so\u00f1adora<\/h3>\n<p class=\"fw-bold\">La primera adaptaci\u00f3n cinematogr\u00e1fica de la serie.<\/p>\n<p class=\"card-text\">La historia comienza con el estudiante de segundo curso de bachillerato Azusagawa Sakita, que se lo est\u00e1 pasando bien con su compa\u00f1era de \u00faltimo curso y novia Sakurajima Mai. Entonces aparece ante \u00e9l el primer amor de Sakita, Shoko Makinohara. Por alguna raz\u00f3n, Shoko existe como \u00abestudiante de secundaria\u00bb y como \u00abadulta\u00bb, cada una llevando una vida diferente.  Sakita se involucra con las dos Shoko para encontrar la causa y la soluci\u00f3n. En el proceso, la relaci\u00f3n entre Sakita y Mai se vuelve tensa&#8230;<\/p>\n<\/p><\/div>\n<\/div>\n<\/div>\n<\/div>\n<div class=\"card mb-4\">\n<div class=\"row g-0\">\n<div class=\"col-md-3\"><img decoding=\"async\" src=\"\/wp-content\/themes\/fujisawa\/images\/anime\/pic-movie-02.jpg\" class=\"img-fluid rounded-start\" alt=\"Rascal Does Not Dream of a Sister Venturing Out\"><\/div>\n<div class=\"col-md-9\">\n<div class=\"card-body\">\n<h3>Rascal Does Not Dream of a Sister Venturing Out<\/h3>\n<p class=\"fw-bold\">Segunda versi\u00f3n cinematogr\u00e1fica.<\/p>\n<p class=\"card-text\">Kaede, la hermana peque\u00f1a de Sakuta, llevaba mucho tiempo queriendo quedarse en casa, pero ten\u00eda el sue\u00f1o de ir al mismo instituto que Sakuta. Este sue\u00f1o era tambi\u00e9n el deseo que le hab\u00eda confiado la otra \u00abKaede\u00bb.<br \/>\nPara ayudar a Kaede en su examen de acceso al instituto, Sakuta le ense\u00f1a a estudiar y a aventurarse.<\/p>\n<\/p><\/div>\n<\/div>\n<\/div>\n<\/div>\n<div class=\"card mb-4\">\n<div class=\"row g-0\">\n<div class=\"col-md-3\"><img decoding=\"async\" src=\"\/wp-content\/themes\/fujisawa\/images\/anime\/pic-movie-03.jpg\" class=\"img-fluid rounded-start\" alt=\"Rascal Does Not Dream of a Knapsack Kid\"><\/div>\n<div class=\"col-md-9\">\n<div class=\"card-body\">\n<h3>Brib\u00f3n no sue\u00f1a con un ni\u00f1o de mochila<\/h3>\n<p class=\"fw-bold\">Tercera serie de la pel\u00edcula. Conclusi\u00f3n del arco de estudiantes de secundaria.<\/p>\n<p class=\"card-text\">En marzo, Sakuta celebra la graduaci\u00f3n de su novia, Mai Sakurajima. Mientras espera a Mai en la playa de Shichirigahama, aparece ante \u00e9l un estudiante de primaria que es exactamente igual que Mai.<br \/>\n\u00ab\u00bfQui\u00e9n es usted, se\u00f1or?\u00bb<br \/>\nMientras recuerda su extra\u00f1a experiencia, su padre le llama y le dice que su madre, que se ha ido de casa, quiere ver a su hermana peque\u00f1a.<\/p>\n<\/p><\/div>\n<\/div>\n<\/div>\n<\/div>\n<div class=\"card mb-5\">\n<div class=\"row g-0\">\n<div class=\"col-md-3\"><img decoding=\"async\" src=\"\/wp-content\/themes\/fujisawa\/images\/anime\/pic-movie-04.jpg\" class=\"img-fluid rounded-start\" alt=\"Rascal Does Not Dream - College Edition\"><\/div>\n<div class=\"col-md-9\">\n<div class=\"card-body\">\n<h3>Rascal Does Not Dream &#8211; Arco Universitario<\/h3>\n<p class=\"fw-bold\">Producci\u00f3n de anime confirmada<\/p>\n<\/p><\/div>\n<\/div>\n<\/div>\n<\/div>\n<\/div>\n<p><\/p>","protected":false},"excerpt":{"rendered":"<p>Anime \u00abSeishun Buta Yarou\u00bb (AOBUTA) &#8211; Visita Fujisawa y Enoshima, la tierra sagrada de \u00abSeishun Buta Yarou wa Bunny Girl Senpai no Yume wo Mimieru\u00bb y hazte fotos.. Seishun Buta Yarou (AOBUTA), muy conocido en Netflix y otros servicios de distribuci\u00f3n de v\u00eddeo, es un anime ambientado en la zona de Fujisawa\/Enoshima. En la historia [&hellip;]<\/p>\n","protected":false},"author":1,"featured_media":2454,"parent":49,"menu_order":0,"comment_status":"closed","ping_status":"closed","template":"templates\/fullpage.php","meta":{"_acf_changed":false,"footnotes":""},"class_list":["post-2441","page","type-page","status-publish","has-post-thumbnail","hentry"],"acf":[],"aioseo_notices":[],"_links":{"self":[{"href":"https:\/\/discover-fujisawa.jp\/es\/wp-json\/wp\/v2\/pages\/2441","targetHints":{"allow":["GET"]}}],"collection":[{"href":"https:\/\/discover-fujisawa.jp\/es\/wp-json\/wp\/v2\/pages"}],"about":[{"href":"https:\/\/discover-fujisawa.jp\/es\/wp-json\/wp\/v2\/types\/page"}],"author":[{"embeddable":true,"href":"https:\/\/discover-fujisawa.jp\/es\/wp-json\/wp\/v2\/users\/1"}],"replies":[{"embeddable":true,"href":"https:\/\/discover-fujisawa.jp\/es\/wp-json\/wp\/v2\/comments?post=2441"}],"version-history":[{"count":7,"href":"https:\/\/discover-fujisawa.jp\/es\/wp-json\/wp\/v2\/pages\/2441\/revisions"}],"predecessor-version":[{"id":2524,"href":"https:\/\/discover-fujisawa.jp\/es\/wp-json\/wp\/v2\/pages\/2441\/revisions\/2524"}],"up":[{"embeddable":true,"href":"https:\/\/discover-fujisawa.jp\/es\/wp-json\/wp\/v2\/pages\/49"}],"wp:featuredmedia":[{"embeddable":true,"href":"https:\/\/discover-fujisawa.jp\/es\/wp-json\/wp\/v2\/media\/2454"}],"wp:attachment":[{"href":"https:\/\/discover-fujisawa.jp\/es\/wp-json\/wp\/v2\/media?parent=2441"}],"curies":[{"name":"wp","href":"https:\/\/api.w.org\/{rel}","templated":true}]}}