{"id":26,"date":"2022-05-18T06:15:15","date_gmt":"2022-05-18T06:15:15","guid":{"rendered":"https:\/\/discover-fujisawa.jp\/?page_id=26"},"modified":"2022-12-28T04:53:36","modified_gmt":"2022-12-28T04:53:36","slug":"events","status":"publish","type":"page","link":"https:\/\/discover-fujisawa.jp\/es\/sightseeing\/events\/","title":{"rendered":"Eventos de temporada"},"content":{"rendered":"<p><\/p>\n<p class=\"lead\" style=\"text-align: center;\">Sh\u014dnan-Enoshima es un pueblo costero en el que hay muchos otros eventos a parte de la temporada de playa.<br \/>\nLas iluminaciones de invierno son espectaculares, especialmente el evento conocido como la Joya de Sh\u014dnan.<br \/>\nLa fecha del evento se publicar\u00e1 en esta p\u00e1gina una vez confirmada.<\/p>\n<section class=\"spring\"><\/section>\n<p><\/p>","protected":false},"excerpt":{"rendered":"<p>Sh\u014dnan-Enoshima es un pueblo costero en el que hay muchos otros eventos a parte de la temporada de playa. Las iluminaciones de invierno son espectaculares, especialmente el evento conocido como la Joya de Sh\u014dnan. La fecha del evento se publicar\u00e1 en esta p\u00e1gina una vez confirmada.<\/p>\n","protected":false},"author":1,"featured_media":0,"parent":18,"menu_order":0,"comment_status":"closed","ping_status":"closed","template":"templates\/events.php","meta":{"_acf_changed":false,"footnotes":""},"class_list":["post-26","page","type-page","status-publish","hentry"],"acf":[],"aioseo_notices":[],"_links":{"self":[{"href":"https:\/\/discover-fujisawa.jp\/es\/wp-json\/wp\/v2\/pages\/26","targetHints":{"allow":["GET"]}}],"collection":[{"href":"https:\/\/discover-fujisawa.jp\/es\/wp-json\/wp\/v2\/pages"}],"about":[{"href":"https:\/\/discover-fujisawa.jp\/es\/wp-json\/wp\/v2\/types\/page"}],"author":[{"embeddable":true,"href":"https:\/\/discover-fujisawa.jp\/es\/wp-json\/wp\/v2\/users\/1"}],"replies":[{"embeddable":true,"href":"https:\/\/discover-fujisawa.jp\/es\/wp-json\/wp\/v2\/comments?post=26"}],"version-history":[{"count":10,"href":"https:\/\/discover-fujisawa.jp\/es\/wp-json\/wp\/v2\/pages\/26\/revisions"}],"predecessor-version":[{"id":2246,"href":"https:\/\/discover-fujisawa.jp\/es\/wp-json\/wp\/v2\/pages\/26\/revisions\/2246"}],"up":[{"embeddable":true,"href":"https:\/\/discover-fujisawa.jp\/es\/wp-json\/wp\/v2\/pages\/18"}],"wp:attachment":[{"href":"https:\/\/discover-fujisawa.jp\/es\/wp-json\/wp\/v2\/media?parent=26"}],"curies":[{"name":"wp","href":"https:\/\/api.w.org\/{rel}","templated":true}]}}