{"id":2633,"date":"2025-09-04T02:45:50","date_gmt":"2025-09-04T02:45:50","guid":{"rendered":"https:\/\/discover-fujisawa.jp\/?page_id=2633"},"modified":"2025-11-05T01:35:54","modified_gmt":"2025-11-05T01:35:54","slug":"enoshima","status":"publish","type":"page","link":"https:\/\/discover-fujisawa.jp\/es\/special\/enoshima\/","title":{"rendered":"Viaje a Enoshima: Disfruta de la felicidad en la costa, cerca de Tokio"},"content":{"rendered":"<p><\/p>\n<div class=\"position-relative rounded-4 overflow-hidden shadow-lg\">\n<div class=\"position-absolute top-0 bottom-0 start-0 end-0 hero-background\">\n<div class=\"position-absolute top-0 bottom-0 start-0 end-0 bg-dark bg-opacity-10\"><\/div>\n<\/div>\n<div class=\"hero-text position-relative z-1 p-5 p-md-5 text-center text-white d-flex align-items-center justify-content-center\" >\n<h1 class=\"display-1 fw-normal text-white\">ENOSHIMA<br \/><small style=\"font-size:70%\">Disfruta de la felicidad en la costa, cerca de Tokio<\/small><\/h1>\n<\/div>\n<\/div>\n<div id=\"e_access\" class=\"mb-5\">\n<div class=\"container\">\n<div class=\"row py-5\">\n<div class=\"col-lg-6\">\n<div class=\"py-lg-5\">\n<h2><span style=\"background:#FF7644; padding:5px 20px; border-radius:15px; font-size:20px; color:#FFFFFF\">Getting Here<\/span><\/h2>\n<h3 class=\"my-2\" style=\"color:#269EFC;\">Una hermosa zona costera situada a s\u00f3lo una hora de distancia de Tokio<\/h3>\n<p style=\"font-size:18px\">Se puede acceder aproximadamente en una hora y sin transbordo desde las estaciones de Shinjuku, Shibuya, Shinagawa, Tokio y Ueno<\/p>\n<\/div>\n<\/div>\n<div class=\"col-lg-6\"><img decoding=\"async\" class=\"img-1hour\" src=\"\/wp-content\/themes\/fujisawa\/images\/enoshima\/pic-access-1hour-th.png\" alt=\"1 hour from Tokyo\"><\/div>\n<\/div>\n<\/div>\n<\/div>\n<div id=\"e_about\" class=\"mb-5\">\n<div class=\"container\">\n<img decoding=\"async\" src=\"\/wp-content\/themes\/fujisawa\/images\/enoshima\/pic-about-enoshima.jpg\" alt=\"Enoshima\"><\/p>\n<div class=\"item-about\">\n<div class=\"row\">\n<div class=\"col-lg-5 d-lg-flex d-none\"><img decoding=\"async\" src=\"\/wp-content\/themes\/fujisawa\/images\/enoshima\/pic-topview-enoshima.jpg\" alt=\"Enoshima\"><\/div>\n<div class=\"col-lg-7 bg-white d-flex align-items-center\">\n<p class=\"p-4\">Enoshima es una peque\u00f1a isla con una circunferencia de aproximadamente 4 km, rodeada por el mar y una naturaleza exuberante. El paisaje, una mezcla de costas impresionantes y santuarios hist\u00f3ricos, parece sacado directamente de un anime. Experimente este destino japon\u00e9s encantador y pintoresco, ideal para una excursi\u00f3n de un d\u00eda desde la ciudad.<\/p>\n<\/div>\n<\/div>\n<\/div>\n<\/div>\n<\/div>\n<div id=\"e_photo\" class=\"py-5\">\n<h2 class=\"text-center mb-5\"><img decoding=\"async\" src=\"\/wp-content\/themes\/fujisawa\/images\/enoshima\/ttl-photo.png\" alt=\"Photo\"><\/h2>\n<div class=\"container\">\n<div class=\"row\">\n<div class=\"col-lg-5 offset-lg-1 item-photo item-photo-01 mb-3 mt-lg-5\">\n<img decoding=\"async\" src=\"\/wp-content\/themes\/fujisawa\/images\/enoshima\/img-spot-01.png\" alt=\"Photo\"><\/p>\n<p class=\"ps-3 mb-5\">En la isla, encontrar\u00e1s callejuelas y paisajes urbanos nost\u00e1lgicos que se sienten como un viaje en el tiempo. Es el escenario perfecto para capturar hermosas fotos de estilo retro.<\/p>\n<p><img decoding=\"async\" src=\"\/wp-content\/themes\/fujisawa\/images\/enoshima\/img-spot-03.png\" alt=\"Photo\"><\/p>\n<p class=\"ps-3 mb-5\">En el camino hist\u00f3rico que conduce al santuario de Enoshima, encontrar\u00e1s una calle animada llena de tiendas, perfecta para disfrutar de la comida callejera local y buscar recuerdos.<\/p>\n<\/div>\n<div class=\"col-lg-5 item-photo item-photo-02 mb-3\"><img decoding=\"async\" src=\"\/wp-content\/themes\/fujisawa\/images\/enoshima\/img-spot-02.png\" alt=\"Photo\"><\/p>\n<p class=\"ps-3 mb-5\">En un d\u00eda despejado, tambi\u00e9n puedes vislumbrar el monte Fuji desde varios lugares de la isla.<\/p>\n<p><img decoding=\"async\" src=\"\/wp-content\/themes\/fujisawa\/images\/enoshima\/img-spot-04.png\" alt=\"Photo\"><\/p>\n<p class=\"ps-3 mb-5\">Continuando hacia el interior de la isla, descubrir\u00e1s lugares pintorescos con hermosos atardeceres. La costa rocosa que se extiende hasta el borde del agua es un mirador perfecto para contemplar el monte Fuji.<\/p>\n<\/div>\n<\/div>\n<\/div>\n<\/div>\n<div id=\"e_eat\" class=\"pb-5\">\n<div class=\"container\">\n<h2 class=\"text-center mb-2\"><img decoding=\"async\" src=\"\/wp-content\/themes\/fujisawa\/images\/enoshima\/ttl-eat.png\" alt=\"Photo\"><\/h2>\n<p class=\"text-center mb-5\">Durante siglos, Enoshima ha sido un destino popular, y el esp\u00edritu de hospitalidad cultivado a lo largo de su historia ha dado lugar a una rica y diversa cultura gastron\u00f3mica.<br \/>\nPuedes deleitarte con exquisitos platos gourmet que solo puedes probar aqu\u00ed, como los tazones de arroz de mariscos hechos con una abundancia de mariscos frescos y las famosas galletas de arroz de pulpo.<br \/>\nY para los golosos, hay una amplia variedad de deliciosos postres, desde dulces japoneses tradicionales hasta elegantes y modernas cafeter\u00edas.<\/p>\n<div class=\"row\">\n<div class=\"col-lg-10 offset-lg-1\">\n<div class=\"row gx-5\">\n<div class=\"col-lg-6 mb-4\">\n<div class=\"item-eat\">\n<p><img decoding=\"async\" src=\"\/wp-content\/themes\/fujisawa\/images\/enoshima\/img-eat-01.jpg\" alt=\"Spiny Lobster Bowl\"\/><\/p>\n<p class=\"ttl\">Taz\u00f3n de arroz de langosta espinosa<br \/><small style=\"color:#269EFC;\">Ise ebi don<\/small><\/p>\n<\/div>\n<\/div>\n<div class=\"col-lg-6 item-eat mb-4 mt-lg-5\">\n<div class=\"item-eat\">\n<p><img decoding=\"async\" src=\"\/wp-content\/themes\/fujisawa\/images\/enoshima\/img-eat-02.jpg\" alt=\"Octopus Rice Crackers\"\/><\/p>\n<p class=\"ttl\">Galletas de arroz de pulpo<br \/><small style=\"color:#269EFC;\">Tako Sembei<\/small><\/p>\n<\/div>\n<\/div>\n<div class=\"col-lg-6 item-eat mb-4\">\n<div class=\"item-eat\">\n<p><img decoding=\"async\" src=\"\/wp-content\/themes\/fujisawa\/images\/enoshima\/img-eat-03.jpg\" alt=\"Seafood Rice Bowl\/\"><\/p>\n<p class=\"ttl\">Taz\u00f3n de arroz de mariscos<br \/><small style=\"color:#269EFC;\">Kaisen don<\/small><\/p>\n<\/div>\n<\/div>\n<div class=\"col-lg-6 item-eat mb-4 mt-lg-5\">\n<div class=\"item-eat\">\n<p><img decoding=\"async\" src=\"\/wp-content\/themes\/fujisawa\/images\/enoshima\/img-eat-04.jpg\" alt=\"Meoto Manju\"\/><\/p>\n<p class=\"ttl\">Bollos de pareja casada<br \/><small style=\"color:#269EFC;\">Meoto Manju<\/small><\/p>\n<\/div>\n<\/div>\n<\/div>\n<\/div>\n<\/div>\n<\/div>\n<\/div>\n<div id=\"e_train\" class=\"py-5 bg-white\">\n<div class=\"container\">\n<h2 class=\"text-center mb-2\"><img decoding=\"async\" src=\"\/wp-content\/themes\/fujisawa\/images\/enoshima\/ttl-train.png\" alt=\"Photo\"><\/h2>\n<p class=\"text-center mb-5\">Enoshima y Kamakura son f\u00e1cilmente accesibles desde Tokio en tren, y viajar en tren es, con mucho, la mejor manera de ver los lugares de inter\u00e9s.<br \/>\nDisfrutando del paisaje desde la ventana del tren, puedes admirar los paisajes urbanos retro y las pintorescas costas. <br \/>Es una forma ideal de experimentar el encanto \u00fanico y el romanticismo de los viajes en tren.<\/p>\n<div class=\"row\">\n<div class=\"col-lg-10 offset-lg-1\">\n<div class=\"item-train mb-5 item-train-right\">\n<div class=\"img\">\n<p><img decoding=\"async\" src=\"\/wp-content\/themes\/fujisawa\/images\/enoshima\/img-train-01.jpg\" alt=\"Enoshima Electric Railway\"><\/p>\n<h3><span>Enoshima<\/span><br \/><span>Electric Railway<\/span><\/h3>\n<\/div>\n<div class=\"content\">\n<p class=\"p-2 mb-0\">El tren Enoden es un ferrocarril popular conocido por su aire retro, que conecta los dos puntos tur\u00edsticos de Enoshima y Kamakura. Desde la ventana del tren, ver\u00e1s un paisaje cambiante de oc\u00e9ano reluciente y encantadores paisajes urbanos que se sienten como una escena de una pel\u00edcula o un anime. Es la forma perfecta de explorar tanto la zona de Enoshima como la de Kamakura.<\/p>\n<div class=\"d-flex justify-content-center\"><a class=\"btn-train d-inline-block me-4\" href=\"\" target=\"_blank\" rel=\"noopener\">Promotional Video<\/a> <a class=\"btn-train d-inline-block\" href=\"\" target=\"_blank\" rel=\"noopener\">Emot<\/a><\/div>\n<\/div>\n<\/div>\n<div class=\"item-train mb-5 item-train-left\">\n<div class=\"img\">\n<p><img decoding=\"async\" src=\"\/wp-content\/themes\/fujisawa\/images\/enoshima\/img-train-02.jpg\" alt=\"Shonan Monorail\"><\/p>\n<h3 class=\"text-end\"><span>Shonan<\/span><br \/><span>Monorail<\/span><\/h3>\n<\/div>\n<div class=\"content\">\n<p class=\"p-2 mb-0\">Otro medio de acceso es el monorra\u00edl de Shonan, un raro sistema de monorra\u00edl suspendido que te hace sentir como si estuvieras volando por el aire. La sensaci\u00f3n es como una monta\u00f1a rusa, \u00a1haciendo que el viaje en s\u00ed mismo sea una atracci\u00f3n! Mientras contemplas el paisaje urbano de abajo, disfrutar\u00e1s de una experiencia \u00fanica que no encontrar\u00e1s en ning\u00fan otro lugar.<\/p>\n<div class=\"d-flex justify-content-center\"><a class=\"btn-train d-inline-block me-4\" href=\"\" target=\"_blank\" rel=\"noopener\">Promotional Video<\/a> <a class=\"btn-train d-inline-block\" href=\"\" target=\"_blank\" rel=\"noopener\">Asoview <\/a><\/div>\n<\/div>\n<\/div>\n<div class=\"item-train mb-5 item-train-right\">\n<div class=\"img\">\n<p><img decoding=\"async\" src=\"\/wp-content\/themes\/fujisawa\/images\/enoshima\/img-train-03.jpg\" alt=\"Odakyu Romancecar\"><\/p>\n<h3><span>Odakyu<\/span><br \/><span>Romancecar<\/span><\/h3>\n<\/div>\n<div class=\"content\">\n<p class=\"p-2 mb-0\">Si est\u00e1s planeando viajar de Tokio a Enoshima, el Odakyu Romancecar es una excelente opci\u00f3n. Este tren expreso limitado es la forma m\u00e1s conveniente de llegar a Enoshima desde Shinjuku. Con su interior espacioso y c\u00f3modo, puedes relajarte y disfrutar del paisaje cambiante en tu camino a la isla.<\/p>\n<div class=\"d-flex justify-content-center\"><a class=\"btn-train d-inline-block me-4\" href=\"\" target=\"_blank\" rel=\"noopener\">Promotional Video<\/a> <a class=\"btn-train d-inline-block\" href=\"\" target=\"_blank\" rel=\"noopener\">Emot<\/a><\/div>\n<\/div>\n<\/div>\n<\/div>\n<\/div>\n<\/div>\n<\/div>\n<div id=\"e_festival\" class=\"py-5\">\n<div class=\"container\">\n<h2 class=\"text-center mb-2\"><img decoding=\"async\" src=\"\/wp-content\/themes\/fujisawa\/images\/enoshima\/ttl-festival.png\" alt=\"Illumination\"><\/h2>\n<p class=\"text-center mb-5 text-white\">\u00a1Descubre los diversos eventos que se celebran alrededor del Faro de Enoshima (Enoshima Sea Candle)!<br \/>\nVarios eventos de temporada a\u00f1aden color a la noche en Enoshima.<\/p>\n<div class=\"row item-festival item-festival-left align-items-center mb-4\">\n<div class=\"col-lg-6\">\n<div class=\"img\"><img decoding=\"async\" src=\"\/wp-content\/themes\/fujisawa\/images\/enoshima\/img-festival-01.jpg\" alt=\"Illumination\"><\/div>\n<\/div>\n<div class=\"col-lg-6\">\n<div class=\"p-4 text\">\n<h3>Jewel of shonan<\/h3>\n<p>Una de las tres principales iluminaciones en la regi\u00f3n de Kanto, que ilumina de forma glamurosa la zona circundante.<\/p>\n<\/div>\n<\/div>\n<\/div>\n<div class=\"row item-festival item-festival-right align-items-center mb-4\">\n<div class=\"col-lg-6 order-lg-2\">\n<div class=\"img\"><img decoding=\"async\" src=\"\/wp-content\/themes\/fujisawa\/images\/enoshima\/img-festival-02.jpg\" alt=\"Illumination\"><\/div>\n<\/div>\n<div class=\"col-lg-6 order-lg-1\">\n<div class=\"p-4 text\">\n<h3>Enoshima Island Toro Lantern Festival<\/h3>\n<p>Aproximadamente 1,000 faroles se instalar\u00e1n en varios lugares de Enoshima. Toda la isla est\u00e1 envuelta en una luz c\u00e1lida y es un maravilloso evento nocturno, concurrido por parejas en yukata y otros visitantes.<\/p>\n<\/div>\n<\/div>\n<\/div>\n<div class=\"row item-festival item-festival-left align-items-center  mb-4\">\n<div class=\"col-lg-6\">\n<div class=\"img\"><img decoding=\"async\" src=\"\/wp-content\/themes\/fujisawa\/images\/enoshima\/img-festival-03.jpg\" alt=\"Illumination\"><\/div>\n<\/div>\n<div class=\"col-lg-6\">\n<div class=\"p-4 text\">\n<h3>Shonan Candle<\/h3>\n<p>Aproximadamente 10,000 velas se encienden en el jard\u00edn Enoshima Samuel Cocking. Un agradable evento de oto\u00f1o con m\u00fasica en vivo y proyecciones de diapositivas.<\/p>\n<\/div>\n<\/div>\n<\/div>\n<\/div>\n<\/div>\n<div class=\"py-5 bg-white\">\n<div class=\"container\">\n<h2 class=\"text-center mb-2\"><img decoding=\"async\" src=\"\/wp-content\/themes\/fujisawa\/images\/enoshima\/ttl-access.png\" alt=\"Access\"><\/h2>\n<div class=\"row\">\n<div class=\"col-lg-10 offset-lg-1\">\n<p><img decoding=\"async\" src=\"\/wp-content\/themes\/fujisawa\/images\/enoshima\/img-access-enoshima.jpg\" alt=\"Enoshima Access\"><\/p>\n<\/div>\n<\/div>\n<\/div>\n<\/div>\n<p><\/p>","protected":false},"excerpt":{"rendered":"<p>ENOSHIMADisfruta de la felicidad en la costa, cerca de Tokio Getting Here Una hermosa zona costera situada a s\u00f3lo una hora de distancia de Tokio Se puede acceder aproximadamente en una hora y sin transbordo desde las estaciones de Shinjuku, Shibuya, Shinagawa, Tokio y Ueno Enoshima es una peque\u00f1a isla con una circunferencia de aproximadamente [&hellip;]<\/p>\n","protected":false},"author":1,"featured_media":2655,"parent":49,"menu_order":0,"comment_status":"closed","ping_status":"closed","template":"templates\/fullpage.php","meta":{"_acf_changed":false,"footnotes":""},"class_list":["post-2633","page","type-page","status-publish","has-post-thumbnail","hentry"],"acf":[],"aioseo_notices":[],"_links":{"self":[{"href":"https:\/\/discover-fujisawa.jp\/es\/wp-json\/wp\/v2\/pages\/2633","targetHints":{"allow":["GET"]}}],"collection":[{"href":"https:\/\/discover-fujisawa.jp\/es\/wp-json\/wp\/v2\/pages"}],"about":[{"href":"https:\/\/discover-fujisawa.jp\/es\/wp-json\/wp\/v2\/types\/page"}],"author":[{"embeddable":true,"href":"https:\/\/discover-fujisawa.jp\/es\/wp-json\/wp\/v2\/users\/1"}],"replies":[{"embeddable":true,"href":"https:\/\/discover-fujisawa.jp\/es\/wp-json\/wp\/v2\/comments?post=2633"}],"version-history":[{"count":4,"href":"https:\/\/discover-fujisawa.jp\/es\/wp-json\/wp\/v2\/pages\/2633\/revisions"}],"predecessor-version":[{"id":2715,"href":"https:\/\/discover-fujisawa.jp\/es\/wp-json\/wp\/v2\/pages\/2633\/revisions\/2715"}],"up":[{"embeddable":true,"href":"https:\/\/discover-fujisawa.jp\/es\/wp-json\/wp\/v2\/pages\/49"}],"wp:featuredmedia":[{"embeddable":true,"href":"https:\/\/discover-fujisawa.jp\/es\/wp-json\/wp\/v2\/media\/2655"}],"wp:attachment":[{"href":"https:\/\/discover-fujisawa.jp\/es\/wp-json\/wp\/v2\/media?parent=2633"}],"curies":[{"name":"wp","href":"https:\/\/api.w.org\/{rel}","templated":true}]}}