{"id":28,"date":"2022-05-18T06:15:47","date_gmt":"2022-05-18T06:15:47","guid":{"rendered":"https:\/\/discover-fujisawa.jp\/?page_id=28"},"modified":"2022-10-17T04:34:55","modified_gmt":"2022-10-17T04:34:55","slug":"cuisine","status":"publish","type":"page","link":"https:\/\/discover-fujisawa.jp\/es\/sightseeing\/cuisine\/","title":{"rendered":"Cocina local"},"content":{"rendered":"<p><\/p>\n<p style=\"text-align: center;\">Enoshima es un lugar en el que abundan los platos de pescado y marisco fresco.<br \/>\nTambi\u00e9n hay muchos dulces como manju (bollos rellenos de pasta de jud\u00edas),<br \/>\ndango (bolas de harina de arroz) y y\u014dkan (dulce de jud\u00edas), entre otros.<br \/>\nEn Enoshima hay muchos comercios establecidos hace m\u00e1s de 100 a\u00f1os<br \/>\nen los que puede comer y disfrutar de la historia al mismo tiempo.<\/p>\n<p><\/p>","protected":false},"excerpt":{"rendered":"<p>Enoshima es un lugar en el que abundan los platos de pescado y marisco fresco. Tambi\u00e9n hay muchos dulces como manju (bollos rellenos de pasta de jud\u00edas), dango (bolas de harina de arroz) y y\u014dkan (dulce de jud\u00edas), entre otros. En Enoshima hay muchos comercios establecidos hace m\u00e1s de 100 a\u00f1os en los que puede [&hellip;]<\/p>\n","protected":false},"author":1,"featured_media":0,"parent":18,"menu_order":0,"comment_status":"closed","ping_status":"closed","template":"templates\/cuisine.php","meta":{"_acf_changed":false,"footnotes":""},"class_list":["post-28","page","type-page","status-publish","hentry"],"acf":[],"aioseo_notices":[],"_links":{"self":[{"href":"https:\/\/discover-fujisawa.jp\/es\/wp-json\/wp\/v2\/pages\/28","targetHints":{"allow":["GET"]}}],"collection":[{"href":"https:\/\/discover-fujisawa.jp\/es\/wp-json\/wp\/v2\/pages"}],"about":[{"href":"https:\/\/discover-fujisawa.jp\/es\/wp-json\/wp\/v2\/types\/page"}],"author":[{"embeddable":true,"href":"https:\/\/discover-fujisawa.jp\/es\/wp-json\/wp\/v2\/users\/1"}],"replies":[{"embeddable":true,"href":"https:\/\/discover-fujisawa.jp\/es\/wp-json\/wp\/v2\/comments?post=28"}],"version-history":[{"count":7,"href":"https:\/\/discover-fujisawa.jp\/es\/wp-json\/wp\/v2\/pages\/28\/revisions"}],"predecessor-version":[{"id":2032,"href":"https:\/\/discover-fujisawa.jp\/es\/wp-json\/wp\/v2\/pages\/28\/revisions\/2032"}],"up":[{"embeddable":true,"href":"https:\/\/discover-fujisawa.jp\/es\/wp-json\/wp\/v2\/pages\/18"}],"wp:attachment":[{"href":"https:\/\/discover-fujisawa.jp\/es\/wp-json\/wp\/v2\/media?parent=28"}],"curies":[{"name":"wp","href":"https:\/\/api.w.org\/{rel}","templated":true}]}}