{"id":3,"date":"2022-05-04T09:56:27","date_gmt":"2022-05-04T09:56:27","guid":{"rendered":"https:\/\/discover-fujisawa.jp\/?page_id=3"},"modified":"2022-09-13T05:02:06","modified_gmt":"2022-09-13T05:02:06","slug":"privacy","status":"publish","type":"page","link":"https:\/\/discover-fujisawa.jp\/es\/privacy\/","title":{"rendered":"Privacy Policy"},"content":{"rendered":"<p><\/p>\n<div class=\"py-4\">\n<h3>1. Principios generales de protecci\u00f3n de datos personales<\/h3>\n<p>La Asociaci\u00f3n de Turismo de la Ciudad de Fujisawa respeta la privacidad de todos los usuarios que visitan esta p\u00e1gina y trabaja para proteger su seguridad. El manejo de informaci\u00f3n espec\u00edfica personal obtenida como nombres, direcciones, n\u00fameros de tel\u00e9fono y correos electr\u00f3nicos est\u00e1 regulado por el Reglamento de Protecci\u00f3n de Datos de la Asociaci\u00f3n de Turismo de la Ciudad de Fujisawa.<\/p>\n<\/div>\n<div class=\"py-4\">\n<h3>2. Acerca de la recopilaci\u00f3n de datos personales<\/h3>\n<p>La mayor\u00eda del contenido de esta p\u00e1gina web puede ser visualizado sin necesidad de revelar datos personales.<br \/>\nNo obstante, para utilizar algunos de los contenidos es necesario facilitar el nombre, direcci\u00f3n, n\u00famero de tel\u00e9fono y correo electr\u00f3nico, entre otros datos. Los formularios en los que se introduce la informaci\u00f3n personal tienen cifrado SSL, un sistema certificado que cifra la informaci\u00f3n personal proporcionada para que sea transferida de forma segura.<br \/>\nTambi\u00e9n utilizamos cookies para poder ofrecer al usuario un servicio m\u00e1s f\u00e1cil de usar. Las cookies son una tecnolog\u00eda que permite al servidor distinguir el terminal de cada usuario, pero no realizan ning\u00fan tipo de obtenci\u00f3n de informaci\u00f3n personal espec\u00edfica del usuario.<\/p>\n<\/div>\n<div class=\"py-4\">\n<h3>3. Uso y suministro de informaci\u00f3n personal<\/h3>\n<p>La informaci\u00f3n personal recopilada en las consultas o solicitudes se utiliza dentro del alcance ya especificado anteriormente en los objetivos de recopilaci\u00f3n, y no se utiliza ni suministra con otros objetivos, excepto en los casos en los que se ha obtenido el consentimiento expreso del propio usuario o en los casos en que est\u00e1 definido por leyes y ordenanzas o en el Reglamento de Protecci\u00f3n de Datos de la Asociaci\u00f3n de Turismo de la Ciudad de Fujisawa.<\/p>\n<\/div>\n<div class=\"py-4\">\n<h3>4. Acerca de la gesti\u00f3n de los datos personales<\/h3>\n<p>La informaci\u00f3n personal obtenida es gestionada de forma rigurosa, tomando las medidas necesarias para evitar el filtrado, extrav\u00edo o alteraci\u00f3n de susodicha informaci\u00f3n. La informaci\u00f3n personal que deja de ser necesaria es descartada y eliminada.<\/p>\n<\/div>\n<div class=\"py-4\">\n<h3>5. Acerca de los cambios en la pol\u00edtica de privacidad<\/h3>\n<p>En caso de que se produzcan cambios en la pol\u00edtica de privacidad, dicha informaci\u00f3n se mostrar\u00e1 en esta p\u00e1gina web. No se contactar\u00e1 con los usuarios de forma directa.<\/p>\n<\/div>\n<div class=\"py-4\">\n<h3>6. Consultas acerca de la informaci\u00f3n personal<\/h3>\n<p>Si tiene alguna duda sobre el uso y el manejo de la informaci\u00f3n personal, p\u00f3ngase en contacto con nosotros a trav\u00e9s del formulario de contacto que encontrar\u00e1 en esta misma p\u00e1gina web.<\/p>\n<\/div>\n<p><\/p>","protected":false},"excerpt":{"rendered":"<p>1. Principios generales de protecci\u00f3n de datos personales La Asociaci\u00f3n de Turismo de la Ciudad de Fujisawa respeta la privacidad de todos los usuarios que visitan esta p\u00e1gina y trabaja para proteger su seguridad. El manejo de informaci\u00f3n espec\u00edfica personal obtenida como nombres, direcciones, n\u00fameros de tel\u00e9fono y correos electr\u00f3nicos est\u00e1 regulado por el Reglamento [&hellip;]<\/p>\n","protected":false},"author":1,"featured_media":0,"parent":0,"menu_order":0,"comment_status":"closed","ping_status":"closed","template":"templates\/fullpage.php","meta":{"_acf_changed":false,"footnotes":""},"class_list":["post-3","page","type-page","status-publish","hentry"],"acf":[],"aioseo_notices":[],"_links":{"self":[{"href":"https:\/\/discover-fujisawa.jp\/es\/wp-json\/wp\/v2\/pages\/3","targetHints":{"allow":["GET"]}}],"collection":[{"href":"https:\/\/discover-fujisawa.jp\/es\/wp-json\/wp\/v2\/pages"}],"about":[{"href":"https:\/\/discover-fujisawa.jp\/es\/wp-json\/wp\/v2\/types\/page"}],"author":[{"embeddable":true,"href":"https:\/\/discover-fujisawa.jp\/es\/wp-json\/wp\/v2\/users\/1"}],"replies":[{"embeddable":true,"href":"https:\/\/discover-fujisawa.jp\/es\/wp-json\/wp\/v2\/comments?post=3"}],"version-history":[{"count":1,"href":"https:\/\/discover-fujisawa.jp\/es\/wp-json\/wp\/v2\/pages\/3\/revisions"}],"predecessor-version":[{"id":314,"href":"https:\/\/discover-fujisawa.jp\/es\/wp-json\/wp\/v2\/pages\/3\/revisions\/314"}],"wp:attachment":[{"href":"https:\/\/discover-fujisawa.jp\/es\/wp-json\/wp\/v2\/media?parent=3"}],"curies":[{"name":"wp","href":"https:\/\/api.w.org\/{rel}","templated":true}]}}