{"id":41,"date":"2022-05-18T06:20:48","date_gmt":"2022-05-18T06:20:48","guid":{"rendered":"https:\/\/discover-fujisawa.jp\/?page_id=41"},"modified":"2023-09-22T02:13:48","modified_gmt":"2023-09-22T02:13:48","slug":"activities","status":"publish","type":"page","link":"https:\/\/discover-fujisawa.jp\/es\/other-info\/activities\/","title":{"rendered":"Actividades"},"content":{"rendered":"<p><\/p>\n<div class=\"py-5\">\n<p class=\"text-center\">Enoshima y Fujisawa es un \u00e1rea costera que ofrece una gran variedad de actividades.<br \/>\nTambi\u00e9n es posible experimentar la cultura japonesa preparando sushi (\u00a1con indicaciones en ingl\u00e9s!), por ejemplo.<br \/>\nEst\u00e1 destinado para todos los p\u00fablicos, incluso los principiantes pueden disfrutar de las actividades, \u00a1no dude en participar!<\/p>\n<\/div>\n<h2 class=\"text-center\">Deportes marinos<\/h2>\n<div class=\"row\">\n<div class=\"col-lg-5 mb-4\"><img decoding=\"async\" class=\"img-fluid img-round\" src=\"\/wp-content\/uploads\/2022\/09\/activities-water-spot-hansa.jpg\" alt=\"\" \/><\/div>\n<div class=\"col-lg-7 mb-4\">\n<h3>Hansa Class<\/h3>\n<p>En la bah\u00eda de Sh\u014dnan se ofrece un servicio para probar yates llamado Hansa Class, que permiten disfrutar de la vela de una forma sencilla y segura, incluso para gente sin experiencia.<\/p>\n<p>Hansa Class<br \/>\nEn la bah\u00eda de Sh\u014dnan se ofrece un servicio para probar yates llamado Hansa Class, que permiten disfrutar de la vela de una forma sencilla y segura, incluso para gente sin experiencia.<\/p>\n<p>(Los yates de los que disponen son seguros, f\u00e1ciles de manejar y no se vuelcan). \u00bfPor qu\u00e9 no disfrutar de la vela en el lugar donde se celebrar\u00e1n las pruebas de vela en los Juegos Ol\u00edmpicos de Tokio de 2020?<\/p>\n<p class=\"text-center\"><a class=\"btn btn-primary btn-newtab mt-3\" href=\"https:\/\/www.s-n-p.jp\/english\/\" target=\"_blank\" rel=\"noopener\">Consultas: Sh\u014dnan Nagisa Park<\/a><\/p>\n<\/div>\n<\/div>\n<p>En las siguientes instalaciones tambi\u00e9n se pueden tomar lecciones de surf,<br \/>\ncanoa o surf de remo, entre otros deportes marinos.<\/p>","protected":false},"excerpt":{"rendered":"<p>Enoshima y Fujisawa es un \u00e1rea costera que ofrece una gran variedad de actividades. Tambi\u00e9n es posible experimentar la cultura japonesa preparando sushi (\u00a1con indicaciones en ingl\u00e9s!), por ejemplo. Est\u00e1 destinado para todos los p\u00fablicos, incluso los principiantes pueden disfrutar de las actividades, \u00a1no dude en participar! Deportes marinos Hansa Class En la bah\u00eda de [&hellip;]<\/p>\n","protected":false},"author":1,"featured_media":0,"parent":20,"menu_order":0,"comment_status":"closed","ping_status":"closed","template":"templates\/activities.php","meta":{"_acf_changed":false,"footnotes":""},"class_list":["post-41","page","type-page","status-publish","hentry"],"acf":[],"aioseo_notices":[],"_links":{"self":[{"href":"https:\/\/discover-fujisawa.jp\/es\/wp-json\/wp\/v2\/pages\/41","targetHints":{"allow":["GET"]}}],"collection":[{"href":"https:\/\/discover-fujisawa.jp\/es\/wp-json\/wp\/v2\/pages"}],"about":[{"href":"https:\/\/discover-fujisawa.jp\/es\/wp-json\/wp\/v2\/types\/page"}],"author":[{"embeddable":true,"href":"https:\/\/discover-fujisawa.jp\/es\/wp-json\/wp\/v2\/users\/1"}],"replies":[{"embeddable":true,"href":"https:\/\/discover-fujisawa.jp\/es\/wp-json\/wp\/v2\/comments?post=41"}],"version-history":[{"count":9,"href":"https:\/\/discover-fujisawa.jp\/es\/wp-json\/wp\/v2\/pages\/41\/revisions"}],"predecessor-version":[{"id":2415,"href":"https:\/\/discover-fujisawa.jp\/es\/wp-json\/wp\/v2\/pages\/41\/revisions\/2415"}],"up":[{"embeddable":true,"href":"https:\/\/discover-fujisawa.jp\/es\/wp-json\/wp\/v2\/pages\/20"}],"wp:attachment":[{"href":"https:\/\/discover-fujisawa.jp\/es\/wp-json\/wp\/v2\/media?parent=41"}],"curies":[{"name":"wp","href":"https:\/\/api.w.org\/{rel}","templated":true}]}}