{"id":43,"date":"2022-05-18T06:21:13","date_gmt":"2022-05-18T06:21:13","guid":{"rendered":"https:\/\/discover-fujisawa.jp\/?page_id=43"},"modified":"2022-12-14T05:38:10","modified_gmt":"2022-12-14T05:38:10","slug":"olympic","status":"publish","type":"page","link":"https:\/\/discover-fujisawa.jp\/es\/other-info\/olympic\/","title":{"rendered":"Juegos Ol\u00edmpicos"},"content":{"rendered":"<p><\/p>\n<div class=\"row py-4 align-items-center\">\n<div class=\"col-lg-6\"><img decoding=\"async\" class=\"img-fluid\" src=\"\/wp-content\/uploads\/2022\/06\/olympic_img01.jpg\" alt=\"\" \/><\/div>\n<div class=\"col-lg-6\">\n<h3>Enoshima, el lugar donde se han celebrado dos veces los Juegos Ol\u00edmpicos.<\/h3>\n<p>Fujisawa es una pintoresca ciudad situada frente a la bah\u00eda de Sagami, donde los deportes n\u00e1uticos gozan de gran popularidad.<br \/>\nEl puerto de yates de Enoshima ha sido escenario en dos ocasiones de las pruebas de vela en los Juegos Ol\u00edmpicos de Tokio, una vez en 1964 (momento en el que se denominaban pruebas de yates), y otra en 2020. Desde el \u00e1rea de regatas, en los d\u00edas despejados se puede contemplar el Monte Fuji sobre Enoshima, lo que convierte a este espacio de competici\u00f3n en uno de los paisajes m\u00e1s pintorescos del mundo.<br \/>\nEl puerto de yates de Enoshima se ha convertido en el centro de la navegaci\u00f3n en Jap\u00f3n. Tras decidirse la acogida de los Juegos Ol\u00edmpicos de Tokio 2020, se llevaron a cabo otros grandes eventos internacionales como la Serie de la Copa del Mundo de Vela, dando lugar a un intercambio cultural variado entre los mejores regatistas del mundo que participaban en las competiciones y los ciudadanos.<\/p>\n<\/div>\n<\/div>\n<div class=\"row py-4 align-items-center\">\n<div class=\"col-lg-6 order-lg-2 order-1\"><img decoding=\"async\" class=\"img-fluid\" src=\"\/wp-content\/uploads\/2022\/06\/olympic_img02.jpg\" alt=\"\" \/><\/div>\n<div class=\"col-lg-6 order-lg-1 order-2\">\n<p>Durante la competici\u00f3n, el fuerte viento hizo volcar el yate del equipo australiano, y los cabeza de grupo, los hermanos suecos Kall, volvieron atr\u00e1s para socorrerlos, terminando en el decimoprimer puesto. Al d\u00eda siguiente los titulares de los peri\u00f3dicos les daban \u00abla medalla de oro en humanidad\u00bb. Los hermanos comentaron entre sonrisas que al ver un naufragio o un accidente en el mar, el deber de un hombre de mar era dejarlo todo y acudir en su ayuda.<br \/>\nEsta an\u00e9cdota est\u00e1 incluida en los libros de educaci\u00f3n moral de las escuelas de primaria japonesas.<\/p>\n<\/div>\n<\/div>\n<div class=\"row py-4 align-items-center text-center\">\n<div class=\"col-lg-6\"><img decoding=\"async\" class=\"img-fluid img-round\" src=\"\/wp-content\/uploads\/2022\/06\/olympic_img05.jpg\" alt=\"\" \/><\/p>\n<p class=\"fst-italic\">Foto facilitada por la ciudad de Fujisawa<\/p>\n<\/div>\n<div class=\"col-lg-6\"><img decoding=\"async\" class=\"img-fluid img-round\" src=\"\/wp-content\/uploads\/2022\/06\/olympic_img06.jpg\" alt=\"\" \/><\/p>\n<p class=\"fst-italic\">Foto facilitada por la ciudad de Fujisawa<\/p>\n<\/div>\n<\/div>\n<div class=\"row py-4 align-items-center\">\n<div class=\"col-lg-6\"><img decoding=\"async\" class=\"img-fluid img-round\"\" src=\"\/wp-content\/uploads\/2022\/06\/olympic_img07.jpg\" alt=\"\" \/><\/div>\n<div class=\"col-lg-6\">Los Juegos Ol\u00edmpicos de Tokio 2020 se han pospuesto un a\u00f1o debido a la propagaci\u00f3n de la COVID-19, y se celebraron este a\u00f1o 2021 sin espectadores, aun as\u00ed la ciudad se adorn\u00f3 con banderas con los colores tem\u00e1ticos de los Juegos Ol\u00edmpicos de Tokio 2020, para dar la bienvenida a los regatistas de cada pa\u00eds.<br \/>\nLa competici\u00f3n atrajo a 350 atletas de 65 pa\u00edses y territorios, durando 11 d\u00edas de arduo enfrentamiento, del 25 de julio al 4 de agosto de 2021.<\/div>\n<\/div>\n<div class=\"row py-4 align-items-center\">\n<div class=\"col-lg-6 order-lg-2 order-1\"><img decoding=\"async\" class=\"img-fluid img-round\" src=\"\/wp-content\/uploads\/2022\/06\/olympic_img08.jpg\" alt=\"\" \/><\/div>\n<div class=\"col-lg-6 order-lg-1 order-2\">\n<p>Debido a las medidas de prevenci\u00f3n de contagios en los Juegos Ol\u00edmpicos de Tokio 2020, se restringi\u00f3 el contacto entre los atletas y el personal, pero la ciudadan\u00eda recibi\u00f3 a los participantes con la m\u00e1xima hospitalidad. Mientras los atletas se dirig\u00edan en autob\u00fas hacia la sede de la competici\u00f3n en Enoshima, la poblaci\u00f3n local interpret\u00f3 el baile del \u201cTokyo Gorin Ondo 2020 (Tema musical de los Juegos Ol\u00edmpicos de Tokio 2020)\u201d y del \u201cOndo de los yates de Enoshima\u201d en el gran puente de Enoshima y en frente de la sede de la competici\u00f3n. Igualmente, los voluntarios ol\u00edmpicos conocidos como \u201cCitycast Fujisawa\u201d, cada d\u00eda ondeaban banderas y les brindaban \u00e1nimos, siendo esta c\u00e1lida hospitalidad bien recibida por los atletas.<\/p>\n<\/div>\n<\/div>\n<div class=\"row py-4 align-items-center\">\n<div class=\"col-lg-6\"><img decoding=\"async\" class=\"img-fluid img-round\" src=\"\/wp-content\/uploads\/2022\/06\/olympic_img04.jpg\" alt=\"\" \/><\/div>\n<div class=\"col-lg-6\">\n<p>Dentro del puerto de yates de Enoshima se han colocado contiguos los monumentos conmemorativos de los Juegos Ol\u00edmpicos: el pedestal de la antorcha ol\u00edmpica de Tokio 1964 y el de Tokio 2020.<br \/>\nAdem\u00e1s, tanto en la casa club de yates del puerto de Shonan como en la cubierta de madera de Nakatsumiya, se han colocado placas de identificaci\u00f3n grabadas con las fechas de las regatas, los recorridos y los nombres de los atletas.<\/p>\n<\/div>\n<\/div>\n<div class=\"card border-primary my-4\">\n<div class=\"card-body\">\n<blockquote class=\"blockquote text-center\">\n<p class=\"mb-0 fst-italic  text-primary\">Deseamos que visiten este lugar, y mientras sienten la brisa marina, <br \/>puedan rememorar las arduas batallas que aqu\u00ed tuvieron lugar, as\u00ed como la emoci\u00f3n de sus ciudadanos.<\/p>\n<\/blockquote>\n<\/div>\n<\/div>\n<p><\/p>","protected":false},"excerpt":{"rendered":"<p>Enoshima, el lugar donde se han celebrado dos veces los Juegos Ol\u00edmpicos. Fujisawa es una pintoresca ciudad situada frente a la bah\u00eda de Sagami, donde los deportes n\u00e1uticos gozan de gran popularidad. El puerto de yates de Enoshima ha sido escenario en dos ocasiones de las pruebas de vela en los Juegos Ol\u00edmpicos de Tokio, [&hellip;]<\/p>\n","protected":false},"author":1,"featured_media":0,"parent":20,"menu_order":0,"comment_status":"closed","ping_status":"closed","template":"templates\/fullpage.php","meta":{"_acf_changed":false,"footnotes":""},"class_list":["post-43","page","type-page","status-publish","hentry"],"acf":[],"aioseo_notices":[],"_links":{"self":[{"href":"https:\/\/discover-fujisawa.jp\/es\/wp-json\/wp\/v2\/pages\/43","targetHints":{"allow":["GET"]}}],"collection":[{"href":"https:\/\/discover-fujisawa.jp\/es\/wp-json\/wp\/v2\/pages"}],"about":[{"href":"https:\/\/discover-fujisawa.jp\/es\/wp-json\/wp\/v2\/types\/page"}],"author":[{"embeddable":true,"href":"https:\/\/discover-fujisawa.jp\/es\/wp-json\/wp\/v2\/users\/1"}],"replies":[{"embeddable":true,"href":"https:\/\/discover-fujisawa.jp\/es\/wp-json\/wp\/v2\/comments?post=43"}],"version-history":[{"count":6,"href":"https:\/\/discover-fujisawa.jp\/es\/wp-json\/wp\/v2\/pages\/43\/revisions"}],"predecessor-version":[{"id":2231,"href":"https:\/\/discover-fujisawa.jp\/es\/wp-json\/wp\/v2\/pages\/43\/revisions\/2231"}],"up":[{"embeddable":true,"href":"https:\/\/discover-fujisawa.jp\/es\/wp-json\/wp\/v2\/pages\/20"}],"wp:attachment":[{"href":"https:\/\/discover-fujisawa.jp\/es\/wp-json\/wp\/v2\/media?parent=43"}],"curies":[{"name":"wp","href":"https:\/\/api.w.org\/{rel}","templated":true}]}}