{"id":45,"date":"2022-05-18T06:21:51","date_gmt":"2022-05-18T06:21:51","guid":{"rendered":"https:\/\/discover-fujisawa.jp\/?page_id=45"},"modified":"2022-11-03T02:35:13","modified_gmt":"2022-11-03T02:35:13","slug":"film","status":"publish","type":"page","link":"https:\/\/discover-fujisawa.jp\/es\/other-info\/film\/","title":{"rendered":"Sh\u014dnan Fujisawa Film Comission"},"content":{"rendered":"<p><\/p>\n<div class=\"py-4\">La Asociaci\u00f3n de Turismo de la Ciudad de Fujisawa lleva a cabo distintas actividades bajo el nombre de Sh\u014dnan-Fujisawa Film Comission.<br \/>\nEl objetivo de las actividades de la comisi\u00f3n es contribuir a la promoci\u00f3n de la zona y el turismo: para ello, invitan y colaboran en la grabaci\u00f3n de materiales en espacios de Fujisawa para pel\u00edculas, series, animaci\u00f3n y programas de televisi\u00f3n de \u00e1mbito nacional.<\/p>\n<p>Hasta la fecha, no s\u00f3lo se han rodado materiales para Jap\u00f3n, sino tambi\u00e9n para programas sobre turismo de las televisiones de Taiw\u00e1n y Singapur. <\/p>\n<p class=\"text-center\"><a class=\"btn btn-primary btn-newtab\" target=\"_blank\" href=\"http:\/\/www.shonanfujisawa.jp\/\" rel=\"noopener\">Sh\u014dnan Fujisawa Film Comission<\/a><\/p>\n<\/div>\n<div class=\"py-4\">\n<h2 class=\"text-center mb-3\">Obras en las que ha participado<\/h2>\n<div class=\"row\">\n<div class=\"col-lg-4 col-6 mb-3\"><img decoding=\"async\" class=\"img-fluid\" src=\"\/wp-content\/uploads\/2022\/06\/img-film-01.jpg\" \/><\/p>\n<h3>Outrage Beyond<\/h3>\n<\/div>\n<div class=\"col-lg-4 col-6 mb-3\"><img decoding=\"async\" class=\"img-fluid\" src=\"\/wp-content\/uploads\/2022\/06\/img-film-02.jpg\" \/><\/p>\n<h3>Taiy\u014d to umi no ky\u014dshitsu<\/h3>\n<\/div>\n<div class=\"col-lg-4 col-6 mb-3\"><img decoding=\"async\" class=\"img-fluid\" src=\"\/wp-content\/uploads\/2022\/06\/img-film-03.jpg\" \/><\/p>\n<h3>252 seizonsha ari<\/h3>\n<\/div>\n<div class=\"col-lg-4 col-6 mb-3\"><img decoding=\"async\" class=\"img-fluid\" src=\"\/wp-content\/uploads\/2022\/06\/img-film-04.jpg\" \/><\/p>\n<h3>Hot Road<\/h3>\n<\/div>\n<div class=\"col-lg-4 col-6 mb-3\"><img decoding=\"async\" class=\"img-fluid\" src=\"\/wp-content\/uploads\/2022\/06\/img-film-05.jpg\" \/><\/p>\n<h3>Yatterman<\/h3>\n<\/div>\n<div class=\"col-lg-4 col-6 mb-3\"><img decoding=\"async\" class=\"img-fluid\" src=\"\/wp-content\/uploads\/2022\/06\/img-film-06.jpg\" \/><\/p>\n<h3>8tv Malaysia, reportaje sobre Enoshima<\/h3>\n<\/div>\n<\/div>\n<\/div>\n<p><\/p>","protected":false},"excerpt":{"rendered":"<p>La Asociaci\u00f3n de Turismo de la Ciudad de Fujisawa lleva a cabo distintas actividades bajo el nombre de Sh\u014dnan-Fujisawa Film Comission. El objetivo de las actividades de la comisi\u00f3n es contribuir a la promoci\u00f3n de la zona y el turismo: para ello, invitan y colaboran en la grabaci\u00f3n de materiales en espacios de Fujisawa para [&hellip;]<\/p>\n","protected":false},"author":1,"featured_media":0,"parent":20,"menu_order":0,"comment_status":"closed","ping_status":"closed","template":"templates\/about.php","meta":{"_acf_changed":false,"footnotes":""},"class_list":["post-45","page","type-page","status-publish","hentry"],"acf":[],"aioseo_notices":[],"_links":{"self":[{"href":"https:\/\/discover-fujisawa.jp\/es\/wp-json\/wp\/v2\/pages\/45","targetHints":{"allow":["GET"]}}],"collection":[{"href":"https:\/\/discover-fujisawa.jp\/es\/wp-json\/wp\/v2\/pages"}],"about":[{"href":"https:\/\/discover-fujisawa.jp\/es\/wp-json\/wp\/v2\/types\/page"}],"author":[{"embeddable":true,"href":"https:\/\/discover-fujisawa.jp\/es\/wp-json\/wp\/v2\/users\/1"}],"replies":[{"embeddable":true,"href":"https:\/\/discover-fujisawa.jp\/es\/wp-json\/wp\/v2\/comments?post=45"}],"version-history":[{"count":11,"href":"https:\/\/discover-fujisawa.jp\/es\/wp-json\/wp\/v2\/pages\/45\/revisions"}],"predecessor-version":[{"id":2086,"href":"https:\/\/discover-fujisawa.jp\/es\/wp-json\/wp\/v2\/pages\/45\/revisions\/2086"}],"up":[{"embeddable":true,"href":"https:\/\/discover-fujisawa.jp\/es\/wp-json\/wp\/v2\/pages\/20"}],"wp:attachment":[{"href":"https:\/\/discover-fujisawa.jp\/es\/wp-json\/wp\/v2\/media?parent=45"}],"curies":[{"name":"wp","href":"https:\/\/api.w.org\/{rel}","templated":true}]}}