{"id":51,"date":"2022-05-18T06:23:52","date_gmt":"2022-05-18T06:23:52","guid":{"rendered":"https:\/\/discover-fujisawa.jp\/?page_id=51"},"modified":"2022-11-03T04:08:22","modified_gmt":"2022-11-03T04:08:22","slug":"fuji","status":"publish","type":"page","link":"https:\/\/discover-fujisawa.jp\/es\/special\/fuji\/","title":{"rendered":"Ver el Monte Fuji"},"content":{"rendered":"<p><\/p>\n<h2 class=\"mb-4 text-center ttl-h2-content\">Lugares desde los que ver el Monte Fuji<\/h2>\n<div class=\"row mb-4\">\n<div class=\"col-lg-4 item-fuji\">\n<img decoding=\"async\" class=\"img-fluid img-round\" src=\"\/wp-content\/themes\/fujisawa\/images\/fuji-spot-01.jpg\" alt=\"\"><\/p>\n<div class=\"ttl-fuji\">\n<h3>Playa oeste de Katase-Kaigan, Kugenuma-Kaigan<\/h3>\n<p><a class=\"meta-map\" href=\"https:\/\/goo.gl\/maps\/YMPMcf7ffSs\" target=\"_blank\" rel=\"noopener\">Mapa<\/a><\/div>\n<p>Aqu\u00ed se puede disfrutar de las vistas de Enoshima, justo delante, y hacia el oeste de los montes de Fuji-Hakone-Izu. Es una zona de mar poco profundo y de oleaje tranquilo. El Ocean Deck del Nuevo Acuario de Enoshima en Katase-Kaigan tambi\u00e9n ofrece una perspectiva magn\u00edfica.<\/p>\n<\/div>\n<div class=\"col-lg-4 item-fuji\">\n<img decoding=\"async\" class=\"img-fluid img-round\" src=\"\/wp-content\/themes\/fujisawa\/images\/fuji-spot-02.jpg\" alt=\"\"><\/p>\n<div class=\"ttl-fuji\">\n<h3>Enoshima Katase Promenade<\/h3>\n<p><a class=\"meta-map\" href=\"https:\/\/goo.gl\/maps\/78ggtgbDhXJ2\" target=\"_blank\" rel=\"noopener\">Mapa<\/a><\/div>\n<p>Los rompeolas al este y al oeste del paseo mar\u00edtimo fueron pensados como espacios desde los que observar el mar de Sh\u014dnan.<\/p>\n<\/div>\n<div class=\"col-lg-4 item-fuji\">\n<img decoding=\"async\" class=\"img-fluid img-round\" src=\"\/wp-content\/themes\/fujisawa\/images\/fuji-spot-03.jpg\" alt=\"\"><\/p>\n<div class=\"ttl-fuji\">\n<h3>Enoshima Benten-bashi<\/h3>\n<p><a class=\"meta-map\" href=\"https:\/\/goo.gl\/maps\/L6PbdgPANAU2\" target=\"_blank\" rel=\"noopener\">Mapa<\/a><\/div>\n<p>Un puente de 389 metros de longitud exclusivo para peatones que cruza desde Katase-Kaigan hasta Enoshima.<br \/>\nFue escogido como uno de los cien puentes representativos de la prefectura de Kanagawa.<\/p>\n<\/div>\n<div class=\"col-lg-4 item-fuji\">\n<img decoding=\"async\" class=\"img-fluid img-round\" src=\"\/wp-content\/themes\/fujisawa\/images\/fuji-spot-04.jpg\" alt=\"\"><\/p>\n<div class=\"ttl-fuji\">\n<h3>Faro-mirador Sea Candle de Enoshima<\/h3>\n<p><a class=\"meta-map\" href=\"https:\/\/goo.gl\/maps\/igToopwNLdH2\" target=\"_blank\" rel=\"noopener\">Mapa<\/a><\/div>\n<p>La torre s\u00edmbolo de Enoshima. Est\u00e1 situada a 119,6 metros sobre el nivel del mar y tiene una altura de 59,8 metros.<br \/>\nAdem\u00e1s, es el mejor espacio para tomar fotograf\u00edas desde Enoshima ya que su mirador ofrece vistas del Monte Fuji y una panor\u00e1mica de 360 grados de la bah\u00eda de Sagami.<\/p>\n<\/div>\n<div class=\"col-lg-4 item-fuji\">\n<img decoding=\"async\" class=\"img-fluid img-round\" src=\"\/wp-content\/themes\/fujisawa\/images\/fuji-spot-05.jpg\" alt=\"\"><\/p>\n<div class=\"ttl-fuji\">\n<h3>Chigogafuchi<\/h3>\n<p><a class=\"meta-map\" href=\"https:\/\/goo.gl\/maps\/WJWDo2UegxN2\" target=\"_blank\" rel=\"noopener\">Mapa<\/a><\/div>\n<p>Un panorama imprescindible para los d\u00edas claros de invierno en los que se puede apreciar el Monte Fuji.<br \/>\nTambi\u00e9n es conocido por las hermosas puestas de sol que ofrece y fue escogido como uno de los cincuenta mejores paisajes de Kanagawa.<br \/>\nCuando hace buen tiempo se puede bajar hasta las rocas y disfrutar de la pesca, entre otras actividades.<\/p>\n<\/div>\n<\/div>\n<p><!-- \/.row--><\/p>\n<div class=\"map-fuji py-5\"><iframe loading=\"lazy\" src=\"https:\/\/www.google.com\/maps\/d\/u\/1\/embed?key=AIzaSyDpSbA7mPD7tiutT5GU6QH--dbr92s66GY&#038;mid=z-p4PEbuVxAg.kuDU_V9VNXD8\" width=\"100%\" height=\"400\" frameborder=\"0\" style=\"border:0\" allowfullscreen><\/iframe><\/div>\n<h2 class=\"mb-4 text-center ttl-h2-content\">El encanto de las vistas del Monte Fuji<\/h2>\n<div class=\"row mb-2 align-items-center\">\n<div class=\"col-lg-6\">\n<div class=\"fuji-body\">\n<h3>Diamond Fuji y Pearl Fuji<\/h3>\n<p>Cada a\u00f1o, a principios de abril y a principios de septiembre se puede ver el Diamond Fuji.<br \/>\nSe conoce por Diamond Fuji a un fen\u00f3meno \u00f3ptico atmosf\u00e9rico en el que el sol parece posarse sobre la cima del Monte Fuji.<br \/>\nDesde Enoshima y alrededores, se considera que entre el 4 y el 6 de abril y el 5 y el 8 de septiembre son las fechas en las que el sol est\u00e1 m\u00e1s pr\u00f3ximo al centro.<br \/>\nNota: En algunos casos no es posible apreciar este fen\u00f3meno debido a las condiciones meteorol\u00f3gicas.<\/p>\n<\/div>\n<\/div>\n<div class=\"col-lg-6 text-center\">\n<img decoding=\"async\" class=\"img-fluid img-round \" src=\"\/wp-content\/themes\/fujisawa\/images\/fuji-spot-diamon.jpg\" alt=\"\"><\/p>\n<p class=\"mt-1 text-center\">Diamond Fuji<\/p>\n<\/div>\n<\/div>\n<p><!-- \/.row--><\/p>\n<div class=\"row mb-5 align-items-center\">\n<div class=\"col-lg-6 order-lg-2 order-1\">\n<div class=\"fuji-body\">\n<p>Por otro lado, se denomina Pearl Fuji al momento en el que la luna llena se coloca justo encima de la cima del Monte Fuji, pero este fen\u00f3meno no ocurre en periodos concretos. Quiz\u00e1, con suerte&#8230;<\/p>\n<p>Enoshima no es el \u00fanico lugar desde el que se puede ver el Monte Fuji.<br \/>\nEn la ciudad de Fujisawa tambi\u00e9n hay una gran cantidad de lugares desde los que ver el Monte Fuji, cuyos nombres incluyen los caracteres de \u201cFuji\u201d y \u201cver\u201d (Fujimi): Fujimizaka, Fujimidai y Fujimi-bashi, entre otros.<\/p>\n<\/div>\n<\/div>\n<div class=\"col-lg-6 order-lg-1 order-2 text-center\">\n<img decoding=\"async\" class=\"img-fluid img-round\" src=\"\/wp-content\/themes\/fujisawa\/images\/fuji-spot-pearl.jpg\" alt=\"\"><\/p>\n<p class=\"mt-1=\">Pearl Fuji<\/p>\n<\/div>\n<\/div>\n<p><!-- \/.row--><\/p>\n<div class=\"row mb-5 align-items-center\">\n<div class=\"col-lg-6\">\n<div class=\"fuji-body\">\n<h3>Vistas del Monte Fuji desde el norte de Fujisawa<\/h3>\n<p>Desde los campos de la zona norte de Fujisawa se puede ver el Monte Fuji.<br \/>\n\u00a1Incluso hay lugares desde los que se puede ver el Monte Fuji y el tren bala al mismo tiempo!<\/p>\n<\/div>\n<\/div>\n<div class=\"col-lg-6 text-center\">\n<img decoding=\"async\" class=\"img-fluid img-round\" src=\"\/wp-content\/themes\/fujisawa\/images\/fuji-spot-north.jpg\" alt=\"\">\n<\/div>\n<\/div>\n<p><!-- \/.row--><\/p>\n<div class=\"row mb-5 align-items-center\">\n<div class=\"col-lg-6 order-lg-2 order-1\">\n<div class=\"fuji-body\">\n<h3>Vista de Enoshima y el Monte Fuji desde Inamuragasaki<\/h3>\n<p>Hace 200 a\u00f1os, durante el per\u00edodo Edo, ya eran conocidas y apreciadas las vistas de Enoshima y el Monte Fuji, representadas en pinturas y ukiyo-e de la \u00e9poca. La vista desde la costa de Kamakura no se queda atr\u00e1s, siendo probablemente una de las m\u00e1s bellas del mundo. Las vistas del Monte Fuji desde la carretera 134 que bordea la costa son tambi\u00e9n magn\u00edficas. Si lo que desean es una escena tranquila y rom\u00e1ntica, sugerimos venir al atardecer para apreciar las siluetas de Enoshima y el Monte Fuji.<\/p>\n<\/div>\n<\/div>\n<div class=\"col-lg-6 order-lg-1 order-2 text-center\">\n<img decoding=\"async\" class=\"img-fluid img-round\" src=\"\/wp-content\/themes\/fujisawa\/images\/fuji-spot-enoshima.jpg\" alt=\"\">\n<\/div>\n<\/div>\n<p><!-- \/.row--><\/p>","protected":false},"excerpt":{"rendered":"<p>Lugares desde los que ver el Monte Fuji Playa oeste de Katase-Kaigan, Kugenuma-Kaigan Mapa Aqu\u00ed se puede disfrutar de las vistas de Enoshima, justo delante, y hacia el oeste de los montes de Fuji-Hakone-Izu. Es una zona de mar poco profundo y de oleaje tranquilo. El Ocean Deck del Nuevo Acuario de Enoshima en Katase-Kaigan [&hellip;]<\/p>\n","protected":false},"author":1,"featured_media":2095,"parent":49,"menu_order":0,"comment_status":"closed","ping_status":"closed","template":"templates\/fullpage.php","meta":{"_acf_changed":false,"footnotes":""},"class_list":["post-51","page","type-page","status-publish","has-post-thumbnail","hentry"],"acf":[],"aioseo_notices":[],"_links":{"self":[{"href":"https:\/\/discover-fujisawa.jp\/es\/wp-json\/wp\/v2\/pages\/51","targetHints":{"allow":["GET"]}}],"collection":[{"href":"https:\/\/discover-fujisawa.jp\/es\/wp-json\/wp\/v2\/pages"}],"about":[{"href":"https:\/\/discover-fujisawa.jp\/es\/wp-json\/wp\/v2\/types\/page"}],"author":[{"embeddable":true,"href":"https:\/\/discover-fujisawa.jp\/es\/wp-json\/wp\/v2\/users\/1"}],"replies":[{"embeddable":true,"href":"https:\/\/discover-fujisawa.jp\/es\/wp-json\/wp\/v2\/comments?post=51"}],"version-history":[{"count":13,"href":"https:\/\/discover-fujisawa.jp\/es\/wp-json\/wp\/v2\/pages\/51\/revisions"}],"predecessor-version":[{"id":2091,"href":"https:\/\/discover-fujisawa.jp\/es\/wp-json\/wp\/v2\/pages\/51\/revisions\/2091"}],"up":[{"embeddable":true,"href":"https:\/\/discover-fujisawa.jp\/es\/wp-json\/wp\/v2\/pages\/49"}],"wp:featuredmedia":[{"embeddable":true,"href":"https:\/\/discover-fujisawa.jp\/es\/wp-json\/wp\/v2\/media\/2095"}],"wp:attachment":[{"href":"https:\/\/discover-fujisawa.jp\/es\/wp-json\/wp\/v2\/media?parent=51"}],"curies":[{"name":"wp","href":"https:\/\/api.w.org\/{rel}","templated":true}]}}