{"id":12,"date":"2022-05-18T05:21:15","date_gmt":"2022-05-18T05:21:15","guid":{"rendered":"https:\/\/discover-fujisawa.jp\/?page_id=12"},"modified":"2022-12-14T05:39:03","modified_gmt":"2022-12-14T05:39:03","slug":"about","status":"publish","type":"page","link":"https:\/\/discover-fujisawa.jp\/fr\/about\/","title":{"rendered":"\u00c0 propos de Fujisawa"},"content":{"rendered":"<p><\/p>\n<div class=\"row mb-5\">\n<div class=\"col-lg-6\">\n<h2>Pr\u00e9sentation de Fujisawa<\/h2>\n<p>Population : 441,547 habitants (Avril 2022) Superficie : 69.56 km\u00b2. Situ\u00e9e approximativement \u00e0 50 km de T\u00f4ky\u00f4.<br \/>\nEn bordure de l\u2019oc\u00e9an Pacifique, le climat y est doux et cl\u00e9ment, m\u00eame en hiver.<\/p>\n<p>Le bleu de la mer d\u2019Enoshima ainsi que la glycine, symbole de Fujisawa, font le charme de la ville, dont on peut admirer les richesses naturelles au fil des saisons.\u00c0 quelques pas du quartier moderne de la gare et de ses magasins \u00e0 la mode, vous avez rendez-vous avec l\u2019Histoire du Japon : p\u00e9n\u00e9trez dans les quartiers historiques de celle qui fut l\u2019une des 53 stations \u00e0 sillonner le chemin du T\u00f4kaid\u00f4, ou d\u00e9couvrez le Yugy\u00f4-ji, le temple qui a vu na\u00eetre le fameux festival de danse traditionnelle Bon Odori.<\/p>\n<p>Dans la partie nord, l\u2019agriculture et les produits laitiers sont rois. Tout au long de l\u2019ann\u00e9e, on y cultive les tomates, poires japonaises \u00ab Nashi \u00bb, raisins, et bien d\u2019autres fruits et l\u00e9gumes. Fujisawa poss\u00e8de \u00e9galement une zone industrielle qui compte de nombreuses usines automobiles et de pi\u00e8ces d\u00e9tach\u00e9es.<\/p>\n<p> Enfin, le milieu universitaire est bien repr\u00e9sent\u00e9 avec 4 universit\u00e9s qui y sont implant\u00e9es : l\u2019Universit\u00e9 Kei\u00f4, l\u2019Universit\u00e9 Nihon, l\u2019Institut de Technologie Sh\u00f4nan et l\u2019Universit\u00e9 Tama.<\/p>\n<\/div>\n<div class=\"col-lg-6\"><img decoding=\"async\" class=\"img-fluid img-round\" src=\"\/wp-content\/themes\/fujisawa\/images\/about-intro-01.jpg\" alt=\"\"><\/div>\n<\/div>\n<div class=\"row  mb-5\">\n<div class=\"col-lg-6 order-lg-2\">\n<h2>Un site touristique inscrit dans le guide vert Michelin<\/h2>\n<p>Le saviez-vous ?<br \/>\nUn des sites touristiques de la ville de Fujisawa est pr\u00e9sent\u00e9 dans le guide vert Michelin !<br \/>\nIl s\u2019agit de l\u2019\u00eele d\u2019Enoshima, lieu sacr\u00e9 de tradition et d\u2019Histoire depuis tr\u00e8s longtemps. Situ\u00e9e \u00e0 50 km de T\u00f4ky\u00f4, elle est \u00e0 1h de la capitale. <\/p>\n<p>Enoshima fait partie des sites enregistr\u00e9s pour les J.O. de T\u00f4ky\u00f4 2020, et accueillera les \u00e9preuves de voile. En \u00e9t\u00e9, les jeunes investissent les plages de la c\u00f4te maritime de Sh\u00f4nan. Baignades, fleurs ou festivals, chaque saison poss\u00e8de son lot de choses \u00e0 faire et \u00e0 voir. <\/p>\n<p>Depuis le pont Benten-bashi, reliant la gare la plus proche \u00e0 l\u2019\u00eele d\u2019Enoshima, vous pourrez admirer le mont Fuji, inscrit au patrimoine mondial de l\u2019UNESCO. Sur le chemin de p\u00e8lerinage qui m\u00e8ne au sanctuaire Enoshima-jinja, laissez-vous tenter par les plats de poisson et fruits de mer qui vous y sont propos\u00e9s.<\/p>\n<\/div>\n<div class=\"col-lg-6 order-lg-1\"><img decoding=\"async\" class=\"img-fluid img-round\" src=\"\/wp-content\/themes\/fujisawa\/images\/about-intro-02.jpg\" alt=\"\"><\/div>\n<\/div>\n<div class=\"row mb-3\">\n<div class=\"col-lg-6\">\n<h2>Enoshima, un lieu emprunt de spiritualit\u00e9 et de pouvoirs mystiques<\/h2>\n<p>Enoshima est un site touristique \u00e0 la nature foisonnante o\u00f9 les p\u00e8lerins affluent depuis l\u2019\u00e9poque de Kamakura (1185-1333). Les repr\u00e9sentations du p\u00e8lerinage d\u2019Enoshima sur des estampes ukiyo-e datant de l\u2019\u00e9poque d\u2019Edo (1603-1867), prouvent notamment sa popularit\u00e9 \u00e0 cette p\u00e9riode. Il semblerait que les moines Kuka\u00ef et Nichiren vinrent s\u2019y former et que le shogun Minamoto no Yorimoto y pria pour la victoire. Il se dit \u00e9galement que l\u2019\u00e9nergie du mont Fuji, son \u00ab ki \u00bb, afflue jusque dans les grottes d\u2019Iwaya. Ajoutant \u00e0 cela le pouvoir se d\u00e9gageant du sanctuaire Enoshima-jinja, les grottes d\u2019Iwaya sont consid\u00e9r\u00e9es comme \u00e9tant la source d\u2019\u00e9nergie spirituelle la plus puissante de l\u2019\u00eele.<\/p>\n<p>Dans le feng shui, le dragon est un puissant animal sacr\u00e9, symbole de chance.<br \/>\n\u00c0 Enoshima, cet animal c\u00e9leste appara\u00eet dans \u00ab La l\u00e9gende de la d\u00e9esse et du dragon \u00e0 cinq t\u00eates \u00bb, d\u00e9crite dans le \u00ab Enoshima Engi \u00bb*.<br \/>\n* Ce recueil d\u00e9peint l\u2019histoire d\u2019Enoshima \u00e0 travers des rouleaux illustr\u00e9s.<\/p>\n<\/div>\n<div class=\"col-lg-6 \"><img decoding=\"async\" class=\"img-fluid img-round\" src=\"\/wp-content\/themes\/fujisawa\/images\/about-intro-03.jpg\" alt=\"\"><\/div>\n<div class=\"col-lg-12 mt-3\">\n<h3>\u00ab\u00a0La l\u00e9gende de la d\u00e9esse et du dragon \u00e0 cinq t\u00eates\u00a0\u00bb<\/h3>\n<p>Il \u00e9tait une fois un dragon poss\u00e9dant cinq t\u00eates. Ce dragon mal\u00e9fique, Gozary\u00fb (dragon \u00e0 cinq t\u00eates), demandait des sacrifices, causait des inondations, ou faisait encore tomber des pluies de feu. En l\u2019an 552, la terre trembla soudain violemment, un nuage enveloppa la r\u00e9gion et il en sortit une d\u00e9esse. En se dissipant, la brume laissa appara\u00eetre l\u2019\u00eele d\u2019Enoshima. Imm\u00e9diatement fou d\u2019amour pour la d\u00e9esse, Gozary\u00fb la demanda en mariage. Elle refusa, rappelant les mauvaises actions pass\u00e9es du dragon. Incapable de renoncer \u00e0 la d\u00e9esse, qui s\u2019appelait Benzaiten, il jura alors d\u2019arr\u00eater ses actions mal\u00e9fiques et de faire le bien. Benzaiten accepta et ils se mari\u00e8rent. <\/p>\n<p> La l\u00e9gende dit que le mont Ry\u00fbk\u00f4, situ\u00e9 sur la rive oppos\u00e9e d\u2019Enoshima et dont le nom signifie \u00ab gueule de dragon \u00bb, n\u2019est autre que le dragon lui-m\u00eame qui, apr\u00e8s sa mort, se transforma en montagne afin de continuer \u00e0 veiller sur la d\u00e9esse. Aujourd\u2019hui encore, il prot\u00e8ge Enoshima. Depuis cette \u00ab L\u00e9gende de la d\u00e9esse et du dragon \u00e0 cinq t\u00eates \u00bb, l\u2019\u00eele d\u2019Enoshima est consid\u00e9r\u00e9e comme une source d\u2019\u00e9nergie spirituelle faisant l\u2019objet d\u2019une grande ferveur de la part de ceux qui recherchent l\u2019\u00e2me s\u0153ur.<\/p>\n<\/div>\n<div class=\"col-lg-6\"><img decoding=\"async\" class=\"img-fluid img-round\" src=\"\/wp-content\/themes\/fujisawa\/images\/about-intro-04.jpg\" alt=\"\"><\/p>\n<p class=\"fst-italic\">La cloche de l\u2019amour du dragon, cr\u00e9\u00e9e en l\u2019honneur de la \u00ab L\u00e9gende de la d\u00e9esse et du dragon \u00e0 cinq t\u00eates \u00bb<\/p>\n<\/div>\n<div class=\"col-lg-6\"><img decoding=\"async\" class=\"img-fluid img-round\" src=\"\/wp-content\/themes\/fujisawa\/images\/about-intro-05.jpg\" alt=\"\"><\/p>\n<p class=\"fst-italic\">Apr\u00e8s avoir fait tinter la cloche de l\u2019amour du dragon, accrocher un cadenas \u00e0 une grille con\u00e7ue pour l\u2019occasion consacrerait un amour \u00e9ternel.<\/p>\n<\/div>\n<\/div>\n<p><\/p>","protected":false},"excerpt":{"rendered":"<p>Pr\u00e9sentation de Fujisawa Population : 441,547 habitants (Avril 2022) Superficie : 69.56 km\u00b2. Situ\u00e9e approximativement \u00e0 50 km de T\u00f4ky\u00f4. En bordure de l\u2019oc\u00e9an Pacifique, le climat y est doux et cl\u00e9ment, m\u00eame en hiver. Le bleu de la mer d\u2019Enoshima ainsi que la glycine, symbole de Fujisawa, font le charme de la ville, dont [&hellip;]<\/p>\n","protected":false},"author":1,"featured_media":0,"parent":0,"menu_order":0,"comment_status":"closed","ping_status":"closed","template":"templates\/about.php","meta":{"_acf_changed":false,"footnotes":""},"class_list":["post-12","page","type-page","status-publish","hentry"],"acf":[],"aioseo_notices":[],"_links":{"self":[{"href":"https:\/\/discover-fujisawa.jp\/fr\/wp-json\/wp\/v2\/pages\/12","targetHints":{"allow":["GET"]}}],"collection":[{"href":"https:\/\/discover-fujisawa.jp\/fr\/wp-json\/wp\/v2\/pages"}],"about":[{"href":"https:\/\/discover-fujisawa.jp\/fr\/wp-json\/wp\/v2\/types\/page"}],"author":[{"embeddable":true,"href":"https:\/\/discover-fujisawa.jp\/fr\/wp-json\/wp\/v2\/users\/1"}],"replies":[{"embeddable":true,"href":"https:\/\/discover-fujisawa.jp\/fr\/wp-json\/wp\/v2\/comments?post=12"}],"version-history":[{"count":11,"href":"https:\/\/discover-fujisawa.jp\/fr\/wp-json\/wp\/v2\/pages\/12\/revisions"}],"predecessor-version":[{"id":2232,"href":"https:\/\/discover-fujisawa.jp\/fr\/wp-json\/wp\/v2\/pages\/12\/revisions\/2232"}],"wp:attachment":[{"href":"https:\/\/discover-fujisawa.jp\/fr\/wp-json\/wp\/v2\/media?parent=12"}],"curies":[{"name":"wp","href":"https:\/\/api.w.org\/{rel}","templated":true}]}}