{"id":16,"date":"2022-05-18T06:11:55","date_gmt":"2022-05-18T06:11:55","guid":{"rendered":"https:\/\/discover-fujisawa.jp\/?page_id=16"},"modified":"2024-06-04T03:25:14","modified_gmt":"2024-06-04T03:25:14","slug":"access","status":"publish","type":"page","link":"https:\/\/discover-fujisawa.jp\/fr\/access\/","title":{"rendered":"Acc\u00e8s"},"content":{"rendered":"<p><\/p>\n<ul class=\"nav nav-pills nav-fill nav-inpage nav-access mb-4\">\n<li class=\"nav-item\"><a class=\"nav-link\" href=\"#map\">Plan de Fujisawa<\/a><\/li>\n<li class=\"nav-item\"><a class=\"nav-link\" href=\"#transport\">Guide d\u2019acc\u00e8s<\/a><\/li>\n<li class=\"nav-item\"><a class=\"nav-link\" href=\"#pass\">Informations sur les pass<\/a><\/li>\n<\/ul>\n<h2 class=\"py-3 text-center\">Plan de Fujisawa<\/h2>\n<div id=\"map\" class=\"row mb-4\">\n<div class=\"col-lg-6\"><iframe loading=\"lazy\" style=\"border: 0;\" src=\"https:\/\/www.google.com\/maps\/embed?pb=!1m18!1m12!1m3!1d104118.13821865112!2d139.38560200622138!3d35.36329378938613!2m3!1f0!2f0!3f0!3m2!1i1024!2i768!4f13.1!3m3!1m2!1s0x6018518de700c4f5%3A0x347bbe959a029ba8!2z56We5aWI5bed55yM6Jek5rKi5biC!5e0!3m2!1sja!2sjp!4v1451294914719\" width=\"100%\" height=\"540\" frameborder=\"0\" allowfullscreen=\"allowfullscreen\"><\/iframe><\/div>\n<div class=\"col-lg-6\">\n<p class=\"text-center mb-0\"><img decoding=\"async\" class=\"img-fluid img-round\" src=\"\/wp-content\/themes\/fujisawa\/images\/access-map-01_fr.jpg\" alt=\"\" \/><\/p>\n<\/div>\n<\/div>\n<h2 class=\"py-3 text-center\">Guide d\u2019acc\u00e8s<\/h2>\n<div id=\"transport\" class=\"row mb-4\">\n<div class=\"col-lg-6\">\n<h3>De Tokyo<\/h3>\n<p>La gare d\u2019Enoshima est accessible par trois lignes de train au d\u00e9part de T\u00f4ky\u00f4 : la ligne Odaky\u00fb Enoshima, la ligne JR Ueno-T\u00f4ky\u00f4 et la ligne JR Sh\u00f4nan-Shinjuku.<\/p>\n<p>La dur\u00e9e du trajet depuis les gares de Shinjuku, Shibuya, Shinagawa, T\u00f4ky\u00f4 et Ueno est d\u2019approximativement 1h.<\/p>\n<p>La ligne Enoshima Dentetsu (Enoden) relie \u00e9galement Fujisawa \u00e0 Kamakura en 30 minutes.<\/p>\n<p class=\"text-center mb-0\"><img decoding=\"async\" class=\"img-fluid img-round\" src=\"\/wp-content\/themes\/fujisawa\/images\/access-map-tokyo.jpg\" alt=\"\" \/><\/p>\n<h3 class=\"mt-3\">Depuis la gare de Shonandai et Yokohama<\/h3>\n<p>Au centre de la partie nord de la ville, la gare Sh\u00f4nandai donne acc\u00e8s aux trains de la compagnie S\u00f4tetsu ainsi qu\u2019au m\u00e9tro de la ville de Yokohama. Les gares de Yokohama, Kannai et Sakuragicho sont \u00e0 30~40 minutes, sans changement, et rendent ainsi l\u2019acc\u00e8s depuis Yokohama tr\u00e8s pratique.<\/p>\n<p class=\"text-center mb-0\"><img decoding=\"async\" class=\"img-fluid img-round\" src=\"\/wp-content\/themes\/fujisawa\/images\/access-map-yokohama.jpg\" alt=\"\" \/><\/p>\n<\/div>\n<div class=\"col-lg-6\">\n<p class=\"text-center mb-0\"><img decoding=\"async\" class=\"img-fluid img-round\" src=\"\/wp-content\/themes\/fujisawa\/images\/access-map-02_fr.jpg\" alt=\"\" \/><\/p>\n<\/div>\n<\/div>\n<div class=\"row mb-4\">\n<div class=\"col-lg-6\">\n<h3 class=\"mt-3\">Acc\u00e8s depuis l\u2019a\u00e9roport de Narita<\/h3>\n<p class=\"text-center mb-0\"><img decoding=\"async\" class=\"img-fluid img-round\" src=\"\/wp-content\/themes\/fujisawa\/images\/access-map-narita.jpg\" alt=\"\" \/><\/p>\n<\/div>\n<div class=\"col-lg-6\">\n<h3 class=\"mt-3\">Acc\u00e8s depuis l\u2019a\u00e9roport de Haneda<\/h3>\n<p class=\"text-center mb-0\"><img decoding=\"async\" class=\"img-fluid img-round\" src=\"\/wp-content\/themes\/fujisawa\/images\/access-map-haneda-nobus.jpg\" alt=\"\" \/><\/p>\n<\/div>\n<\/div>\n<h3 class=\"mt-3\">Liens connexes<\/h3>\n<div class=\"row mb-4\">\n<div class=\"item-transport col-lg-3 col-6 text-center\">\n<p><a href=\"https:\/\/www.jreast.co.jp\/multi\/fr\/index.html\" target=\"_blank\" rel=\"noopener\"><img decoding=\"async\" class=\"img-fluid img-round\" src=\"\/wp-content\/themes\/fujisawa\/images\/access-train-jreast.jpg\" alt=\"\" \/><\/a><\/p>\n<p class=\"h5 text-center\">JR-EAST<\/p>\n<p>&nbsp;<\/p>\n<\/div>\n<div class=\"item-transport col-lg-3 col-6 text-center\">\n<p><a href=\"http:\/\/www.odakyu.jp\/english\/\" target=\"_blank\" rel=\"noopener\"><img decoding=\"async\" class=\"img-fluid img-round\" src=\"\/wp-content\/themes\/fujisawa\/images\/access-train-odakyu.jpg\" alt=\"\" \/><\/a><\/p>\n<p class=\"h5 text-center\">Odaky\u00fb<\/p>\n<p>&nbsp;<\/p>\n<\/div>\n<div class=\"item-transport col-lg-3 col-6 text-center\">\n<p><a href=\"https:\/\/www.enoden.co.jp\/en\/\" target=\"_blank\" rel=\"noopener\"><img loading=\"lazy\" decoding=\"async\" class=\"img-fluid img-round alignnone\" src=\"\/wp-content\/themes\/fujisawa\/images\/access-train-enoden.jpg\" alt=\"\" width=\"330\" height=\"280\" \/><\/a><\/p>\n<p class=\"h5 text-center\">Enoden<\/p>\n<p>&nbsp;<\/p>\n<\/div>\n<div class=\"item-transport col-lg-3 col-6 text-center\">\n<p><a href=\"http:\/\/kamakura-enoshima-monorail.jp\/\" target=\"_blank\" rel=\"noopener\"><img decoding=\"async\" class=\"img-fluid img-round\" src=\"\/wp-content\/themes\/fujisawa\/images\/access-train-shonan.jpg\" alt=\"\" \/><\/a><\/p>\n<p class=\"h5 text-center\">Monorail Sh\u00f4nan<\/p>\n<p>&nbsp;<\/p>\n<\/div>\n<\/div>\n<p><\/p>","protected":false},"excerpt":{"rendered":"<p>Plan de Fujisawa Guide d\u2019acc\u00e8s Informations sur les pass Plan de Fujisawa Guide d\u2019acc\u00e8s De Tokyo La gare d\u2019Enoshima est accessible par trois lignes de train au d\u00e9part de T\u00f4ky\u00f4 : la ligne Odaky\u00fb Enoshima, la ligne JR Ueno-T\u00f4ky\u00f4 et la ligne JR Sh\u00f4nan-Shinjuku. La dur\u00e9e du trajet depuis les gares de Shinjuku, Shibuya, Shinagawa, [&hellip;]<\/p>\n","protected":false},"author":1,"featured_media":0,"parent":0,"menu_order":0,"comment_status":"closed","ping_status":"closed","template":"templates\/access.php","meta":{"_acf_changed":false,"footnotes":""},"class_list":["post-16","page","type-page","status-publish","hentry"],"acf":[],"aioseo_notices":[],"_links":{"self":[{"href":"https:\/\/discover-fujisawa.jp\/fr\/wp-json\/wp\/v2\/pages\/16","targetHints":{"allow":["GET"]}}],"collection":[{"href":"https:\/\/discover-fujisawa.jp\/fr\/wp-json\/wp\/v2\/pages"}],"about":[{"href":"https:\/\/discover-fujisawa.jp\/fr\/wp-json\/wp\/v2\/types\/page"}],"author":[{"embeddable":true,"href":"https:\/\/discover-fujisawa.jp\/fr\/wp-json\/wp\/v2\/users\/1"}],"replies":[{"embeddable":true,"href":"https:\/\/discover-fujisawa.jp\/fr\/wp-json\/wp\/v2\/comments?post=16"}],"version-history":[{"count":27,"href":"https:\/\/discover-fujisawa.jp\/fr\/wp-json\/wp\/v2\/pages\/16\/revisions"}],"predecessor-version":[{"id":2500,"href":"https:\/\/discover-fujisawa.jp\/fr\/wp-json\/wp\/v2\/pages\/16\/revisions\/2500"}],"wp:attachment":[{"href":"https:\/\/discover-fujisawa.jp\/fr\/wp-json\/wp\/v2\/media?parent=16"}],"curies":[{"name":"wp","href":"https:\/\/api.w.org\/{rel}","templated":true}]}}