{"id":2054,"date":"2022-10-31T07:30:02","date_gmt":"2022-10-31T07:30:02","guid":{"rendered":"https:\/\/discover-fujisawa.jp\/?page_id=2054"},"modified":"2023-05-30T05:16:58","modified_gmt":"2023-05-30T05:16:58","slug":"covid19-prevention","status":"publish","type":"page","link":"https:\/\/discover-fujisawa.jp\/fr\/covid19-prevention\/","title":{"rendered":"Mesures de contr\u00f4le de COVID-19"},"content":{"rendered":"<p>Comme la couronne touche \u00e0 sa fin, les directives ont \u00e9t\u00e9 assouplies \u00e0 partir du 13\/3\/2023 pour permettre le tourisme de la m\u00eame mani\u00e8re qu&rsquo;auparavant.<br \/>\nVisitez Enoshima et Fujisawa en toute s\u00e9r\u00e9nit\u00e9 !<\/p>\n<h3>Ce que les visiteurs de la r\u00e9gion doivent observer<\/h3>\n<ul>\n<li>Lavez vos mains et gargarisez vous.<\/li>\n<li>D\u00e9sinfectez vos mains.<\/li>\n<li>Portez un masque et respectez l&rsquo;\u00e9tiquette de la toux dans les endroits bond\u00e9s.<\/li>\n<li>Si vous ne vous sentez pas bien, prenez des cong\u00e9s.<\/li>\n<\/ul>\n<p>\u2192Organisation nationale japonaise du tourisme (JNTO)<br \/>\nTEL\uff1a050-3816-2787<br \/>\n<a href=\"https:\/\/www.japan.travel\/en\/plan\/hotline\/\" rel=\"noopener\" target=\"_blank\">https:\/\/www.japan.travel\/en\/plan\/hotline\/<\/a><\/p>\n<p>\u2192Excursion d&rsquo;une journ\u00e9e \u00e0 Tokyo \u2013 Kanagawa Travel Info \u2013\u3000<br \/>\nTEL\uff1a0570-056774<br \/>\n<a href=\"https:\/\/trip.pref.kanagawa.jp\/ja\/page\/covid-19\" rel=\"noopener\" target=\"_blank\">https:\/\/trip.pref.kanagawa.jp\/ja\/page\/covid-19<\/a><\/p>\n<h3>Les efforts de la ville de Fujisawa<\/h3>\n<p>Les liens ci-dessous renvoient \u00e0 la page d&rsquo;accueil de la ville de Fujisawa en japonais, traduite par un syst\u00e8me externe. Veuillez les utiliser en sachant que la ville de Fujisawa ne sera pas tenue responsable des erreurs de traduction ou des diff\u00e9rences de contenu par rapport \u00e0 la page japonaise.<br \/>\n<a href=\"http:\/\/www.city.fujisawa.kanagawa.jp\/hokenyobo\/corona_doukou_data.html\" rel=\"noopener\" target=\"_blank\">http:\/\/www.city.fujisawa.kanagawa.jp\/hokenyobo\/corona_doukou_data.html<\/a><\/p>","protected":false},"excerpt":{"rendered":"<p>Comme la couronne touche \u00e0 sa fin, les directives ont \u00e9t\u00e9 assouplies \u00e0 partir du 13\/3\/2023 pour permettre le tourisme de la m\u00eame mani\u00e8re qu&rsquo;auparavant. Visitez Enoshima et Fujisawa en toute s\u00e9r\u00e9nit\u00e9 ! Ce que les visiteurs de la r\u00e9gion doivent observer Lavez vos mains et gargarisez vous. D\u00e9sinfectez vos mains. Portez un masque et [&hellip;]<\/p>\n","protected":false},"author":1,"featured_media":0,"parent":0,"menu_order":0,"comment_status":"closed","ping_status":"closed","template":"","meta":{"_acf_changed":false,"footnotes":""},"class_list":["post-2054","page","type-page","status-publish","hentry"],"acf":[],"aioseo_notices":[],"_links":{"self":[{"href":"https:\/\/discover-fujisawa.jp\/fr\/wp-json\/wp\/v2\/pages\/2054","targetHints":{"allow":["GET"]}}],"collection":[{"href":"https:\/\/discover-fujisawa.jp\/fr\/wp-json\/wp\/v2\/pages"}],"about":[{"href":"https:\/\/discover-fujisawa.jp\/fr\/wp-json\/wp\/v2\/types\/page"}],"author":[{"embeddable":true,"href":"https:\/\/discover-fujisawa.jp\/fr\/wp-json\/wp\/v2\/users\/1"}],"replies":[{"embeddable":true,"href":"https:\/\/discover-fujisawa.jp\/fr\/wp-json\/wp\/v2\/comments?post=2054"}],"version-history":[{"count":14,"href":"https:\/\/discover-fujisawa.jp\/fr\/wp-json\/wp\/v2\/pages\/2054\/revisions"}],"predecessor-version":[{"id":2336,"href":"https:\/\/discover-fujisawa.jp\/fr\/wp-json\/wp\/v2\/pages\/2054\/revisions\/2336"}],"wp:attachment":[{"href":"https:\/\/discover-fujisawa.jp\/fr\/wp-json\/wp\/v2\/media?parent=2054"}],"curies":[{"name":"wp","href":"https:\/\/api.w.org\/{rel}","templated":true}]}}