{"id":2059,"date":"2022-10-31T07:54:35","date_gmt":"2022-10-31T07:54:35","guid":{"rendered":"https:\/\/discover-fujisawa.jp\/?page_id=2059"},"modified":"2022-11-30T10:30:01","modified_gmt":"2022-11-30T10:30:01","slug":"safety-information","status":"publish","type":"page","link":"https:\/\/discover-fujisawa.jp\/fr\/safety-information\/","title":{"rendered":"Informations sur la s\u00e9curit\u00e9"},"content":{"rendered":"<p><\/p>\n<h3>\u25a0 Appel d&rsquo;urgence<\/h3>\n<p>Ligne d&rsquo;assistance aux visiteurs du Japon de l&rsquo;ONJT (anglais\/\u4e2d\u6587\/\ud55c\uad6d\uc5b4) 050-3816-2787\uff0824 heures sur 24\uff09<\/p>\n<p>Ambulances \/ Pompiers 119\uff0824 heures par jour, sans frais\uff09<\/p>\n<p>Police 110\uff0824 heures par jour, sans frais\uff09<\/p>\n<h3>\u25a0 Actualit\u00e9s r\u00e9centes<\/h3>\n<p>NHK World-Japan (anglais)<br \/>\nDiffusion internationale par le radiodiffuseur public du Japon.<br \/>\nConsultez les derni\u00e8res nouvelles concernant les catastrophes naturelles et autres \u00e9v\u00e9nements inattendus.<br \/>\n<a href=\"https:\/\/www3.nhk.or.jp\/nhkworld\/\" target=\"_blank\" rel=\"noopener\">https:\/\/www3.nhk.or.jp\/nhkworld\/<\/a><\/p>\n<h3>\u25a0 Notification des urgences<\/h3>\n<p>Japan Safe Travel Information (anglais)<br \/>\n<a href=\"https:\/\/www.japan.travel\/en\/japan-safe-travel-information\/\" target=\"_blank\" rel=\"noopener\">https:\/\/www.japan.travel\/en\/japan-safe-travel-information\/<\/a><\/p>\n<h3>\u25a0JNTO (Japan Safe Travel) sur Twitter (anglais)<\/h3>\n<p>Le compte Twitter officiel de JNTO fournit des informations utiles sur les alertes\/conseils m\u00e9t\u00e9orologiques et les derni\u00e8res nouvelles des services de transport pendant votre s\u00e9jour au Japon.<br \/>\nSuivez \u00ab\u00a0Japan Safe Travel\u00a0\u00bb pour obtenir des conseils de s\u00e9curit\u00e9 et des informations r\u00e9centes sur les catastrophes naturelles.<br \/>\n<a href=\"https:\/\/twitter.com\/JapanSafeTravel\" target=\"_blank\" rel=\"noopener\">@JapanSafeTravel<\/a><\/p>\n<h3>\u25a0 \u00c9tablissement m\u00e9dical \/ Assurance voyage (anglais\/\u4e2d\u6587\/\ud55c\uad6d\uc5b4)<\/h3>\n<p>Recherchez des institutions m\u00e9dicales par un d\u00e9partement clinique et une langue. Vous pouvez \u00e9galement obtenir des informations sur la mani\u00e8re de se faire soigner dans les \u00e9tablissements m\u00e9dicaux, comme une fiche \u00a0\u00bb pointer et parler \u00ab\u00a0. Si vous cherchez des informations sur la fa\u00e7on d&rsquo;obtenir une assurance voyage apr\u00e8s votre arriv\u00e9e au Japon. Consultez \u00e9galement cette page.<br \/>\n<a href=\"https:\/\/www.jnto.go.jp\/emergency\/\" target=\"_blank\" rel=\"noopener\">https:\/\/www.jnto.go.jp\/emergency\/<\/a><\/p>\n<h3>\u25a0Japan national Tourism Organization (JNTO) (anglais\/\u4e2d\u6587\/\ud55c\uad6d\uc5b4)<\/h3>\n<p>Acc\u00e8s \u00e0 un large \u00e9ventail d&rsquo;informations utiles sur les voyages, notamment sur les catastrophes naturelles.<br \/>\n<a href=\"https:\/\/www.japan.travel\/en\/\" target=\"_blank\" rel=\"noopener\">https:\/\/www.japan.travel\/en\/<\/a><\/p>\n<h3>\u25a0Portail d&rsquo;information sur les catastrophes naturelles de la pr\u00e9fecture de Kanagawa<\/h3>\n<p>Ce site fournit des informations sur les catastrophes naturelles dans la pr\u00e9fecture de Kanagawa.<br \/>\nInformations m\u00e9t\u00e9orologiques, glissements de terrain, tremblements de terre, tsunamis, volcans, centres d&rsquo;\u00e9vacuation, informations sur les ordres d&rsquo;\u00e9vacuation, informations sur les \u00e9vacuations et les niveaux d&rsquo;alerte, etc.<\/p>\n<p><a href=\"https:\/\/www.bousai.pref.kanagawa.jp\/\" target=\"_blank\" rel=\"noopener\">https:\/\/www.bousai.pref.kanagawa.jp\/<\/a><\/p>","protected":false},"excerpt":{"rendered":"<p>\u25a0 Appel d&rsquo;urgence Ligne d&rsquo;assistance aux visiteurs du Japon de l&rsquo;ONJT (anglais\/\u4e2d\u6587\/\ud55c\uad6d\uc5b4) 050-3816-2787\uff0824 heures sur 24\uff09 Ambulances \/ Pompiers 119\uff0824 heures par jour, sans frais\uff09 Police 110\uff0824 heures par jour, sans frais\uff09 \u25a0 Actualit\u00e9s r\u00e9centes NHK World-Japan (anglais) Diffusion internationale par le radiodiffuseur public du Japon. Consultez les derni\u00e8res nouvelles concernant les catastrophes naturelles et [&hellip;]<\/p>\n","protected":false},"author":1,"featured_media":0,"parent":0,"menu_order":0,"comment_status":"closed","ping_status":"closed","template":"","meta":{"_acf_changed":false,"footnotes":""},"class_list":["post-2059","page","type-page","status-publish","hentry"],"acf":[],"aioseo_notices":[],"_links":{"self":[{"href":"https:\/\/discover-fujisawa.jp\/fr\/wp-json\/wp\/v2\/pages\/2059","targetHints":{"allow":["GET"]}}],"collection":[{"href":"https:\/\/discover-fujisawa.jp\/fr\/wp-json\/wp\/v2\/pages"}],"about":[{"href":"https:\/\/discover-fujisawa.jp\/fr\/wp-json\/wp\/v2\/types\/page"}],"author":[{"embeddable":true,"href":"https:\/\/discover-fujisawa.jp\/fr\/wp-json\/wp\/v2\/users\/1"}],"replies":[{"embeddable":true,"href":"https:\/\/discover-fujisawa.jp\/fr\/wp-json\/wp\/v2\/comments?post=2059"}],"version-history":[{"count":2,"href":"https:\/\/discover-fujisawa.jp\/fr\/wp-json\/wp\/v2\/pages\/2059\/revisions"}],"predecessor-version":[{"id":2168,"href":"https:\/\/discover-fujisawa.jp\/fr\/wp-json\/wp\/v2\/pages\/2059\/revisions\/2168"}],"wp:attachment":[{"href":"https:\/\/discover-fujisawa.jp\/fr\/wp-json\/wp\/v2\/media?parent=2059"}],"curies":[{"name":"wp","href":"https:\/\/api.w.org\/{rel}","templated":true}]}}