{"id":2107,"date":"2022-11-07T02:54:28","date_gmt":"2022-11-07T02:54:28","guid":{"rendered":"https:\/\/discover-fujisawa.jp\/?page_id=2107"},"modified":"2025-10-01T09:16:06","modified_gmt":"2025-10-01T09:16:06","slug":"getting-here","status":"publish","type":"page","link":"https:\/\/discover-fujisawa.jp\/fr\/getting-here\/","title":{"rendered":"Informations sur les cartes touristiques"},"content":{"rendered":"<p><\/p>\n<h2 style=\"text-align: center;\">Informations sur les cartes touristiques<\/h2>\n<p style=\"text-align: center;\">Acc\u00e8s illimit\u00e9 \u00e0 certaines des installations sp\u00e9ciales de l&rsquo;\u00eele d&rsquo;Enoshima.<br \/>\nC&rsquo;est moins cher que de payer des droits d&rsquo;entr\u00e9e pour chaque attraction individuelle.<\/p>\n<p style=\"text-align: center;\"><img loading=\"lazy\" decoding=\"async\" class=\"aligncenter wp-image-2679 size-full\" src=\"https:\/\/discover-fujisawa.jp\/wp-content\/uploads\/2025\/10\/pass-price-nigth-2025-fr.jpg\" alt=\"\" width=\"1105\" height=\"1240\" srcset=\"https:\/\/discover-fujisawa.jp\/wp-content\/uploads\/2025\/10\/pass-price-nigth-2025-fr.jpg 1105w, https:\/\/discover-fujisawa.jp\/wp-content\/uploads\/2025\/10\/pass-price-nigth-2025-fr-267x300.jpg 267w, https:\/\/discover-fujisawa.jp\/wp-content\/uploads\/2025\/10\/pass-price-nigth-2025-fr-913x1024.jpg 913w, https:\/\/discover-fujisawa.jp\/wp-content\/uploads\/2025\/10\/pass-price-nigth-2025-fr-768x862.jpg 768w\" sizes=\"auto, (max-width: 1105px) 100vw, 1105px\" \/> <img loading=\"lazy\" decoding=\"async\" class=\"aligncenter size-full wp-image-2679\" src=\"https:\/\/discover-fujisawa.jp\/wp-content\/uploads\/2025\/10\/pass-price-nigth-2025-fr.jpg\" alt=\"\" width=\"1105\" height=\"1240\" srcset=\"https:\/\/discover-fujisawa.jp\/wp-content\/uploads\/2025\/10\/pass-price-nigth-2025-fr.jpg 1105w, https:\/\/discover-fujisawa.jp\/wp-content\/uploads\/2025\/10\/pass-price-nigth-2025-fr-267x300.jpg 267w, https:\/\/discover-fujisawa.jp\/wp-content\/uploads\/2025\/10\/pass-price-nigth-2025-fr-913x1024.jpg 913w, https:\/\/discover-fujisawa.jp\/wp-content\/uploads\/2025\/10\/pass-price-nigth-2025-fr-768x862.jpg 768w\" sizes=\"auto, (max-width: 1105px) 100vw, 1105px\" \/><\/p>\n<ul>\n<li>\u203bO : Gratuit jusqu&rsquo;\u00e0 17 heures.<\/li>\n<li>-Lors des \u00e9v\u00e9nements organis\u00e9s \u00e0 Enoshima Samuel Cocking Enoshima, un droit d&rsquo;entr\u00e9e est per\u00e7u lorsque l&rsquo;on quitte Enoshima Samuel Cocking Enoshima apr\u00e8s 17 h. Les billets \u00ab +Nuit\u00bb sont donc une bonne affaire. (Adultes : 500, \u00e9l\u00e8ves de l&rsquo;\u00e9cole primaire : 250)<\/li>\n<li>-Pendant la p\u00e9riode de l&rsquo;\u00e9v\u00e9nement, l&rsquo;entr\u00e9e au jardin Samuel Cocking Enoshima est gratuite.<\/li>\n<li>-Veuillez noter l&rsquo;heure de fermeture de l&rsquo;aquarium d&rsquo;Enoshima et d&rsquo;Enoshima Iwaya.<\/li>\n<li>-Un smartphone est n\u00e9cessaire pour acheter et utiliser les billets num\u00e9riques.<\/li>\n<li>asoview <a href=\"https:\/\/www.asoview.com\/\" target=\"_blank\" rel=\"noopener\">https:\/\/www.asoview.com\/<\/a><\/li>\n<li>E\uff4dot <a href=\"https:\/\/www.emot.jp\/service\/\" target=\"_blank\" rel=\"noopener\">https:\/\/www.emot.jp\/service\/<\/a><\/li>\n<\/ul>\n<p>&nbsp;<\/p>\n<div class=\"card bg-light border-success mb-3 p-3\">\n<div class=\"card-body\">\n<h3 class=\"card-title text-center mb-1\" style=\"color: #00b662;\">Payer comptant et obtenir un rabais de 5 %!<\/h3>\n<p class=\"text-bg-success text-center fw-bold h5\">La liste des magasins pour un rabais de 5% ou un cadeau<\/p>\n<div class=\"row mt-5 px-3 px-lg-5\">\n<div class=\"col-lg-6 mb-3\">\n<h4>[Restaurants \u00e0 Enoshima]<\/h4>\n<div class=\"row\">\n<ul class=\"col\">\n<li>Kimura<\/li>\n<li>Inoue fishing(and bait) shop<\/li>\n<li>Ne Choito<\/li>\n<li>Caf\u00e9 Maru<\/li>\n<li>Tobiccho(Sandoten, Honten)<\/li>\n<li>Uohana Honten<\/li>\n<li>Fujinami<\/li>\n<li>Restaurant Kaisaku 2F<\/li>\n<li>Marudaisensui<\/li>\n<li>Kaishima<\/li>\n<li>Harumi<\/li>\n<li>Ejima<\/li>\n<li>Tsuruya syokudo<\/li>\n<li>Miharashitei<\/li>\n<li>Fujimitei<\/li>\n<\/ul>\n<ul class=\"col\">\n<li>Uomitei<\/li>\n<li>Shima no chaya Aburaya<\/li>\n<li>Taishoken<\/li>\n<li>Enoshimatei<\/li>\n<li>Yurantei<\/li>\n<li>Kaijyoutei<\/li>\n<li>Shima Caf\u00e9 Enomaru<\/li>\n<li>Umihanatei<\/li>\n<li>Il Chanti Caf\u00e9<\/li>\n<li>Enoshima Yuhichaya<\/li>\n<li>Lon Caf\u00e9<\/li>\n<li>Enoshima Treasure Caf\u00e9<\/li>\n<li>Trasparente<\/li>\n<li>Umiyama-dou<\/li>\n<li>Todai Kitchen Car<\/li>\n<\/ul>\n<\/div>\n<\/div>\n<div class=\"col-lg-6 mb-3\">\n<h4>[ Magasins de souvenirs \u00e0 Enoshima]<\/h4>\n<div class=\"row\">\n<ul class=\"col\">\n<li>Hougetsu<\/li>\n<li>Kaisanbutsu Marudai<\/li>\n<li>Horie syouten<\/li>\n<li>Yamamoto syouten<\/li>\n<li>Uoyoshi syouten,<br \/>\nInoue sohonpo<\/li>\n<li>Enoshima glass Hook<\/li>\n<li>Ejimaya syouten<\/li>\n<li>Maruaki syouten<\/li>\n<li>Kinokuniya honten<\/li>\n<li>ALAMI<\/li>\n<li>Saikyouzuke no mise<\/li>\n<li>Watanabe honten<\/li>\n<li>Shonan chigasakiya<\/li>\n<li>Asahi honten<\/li>\n<\/ul>\n<ul class=\"col\">\n<li>Harumiya<\/li>\n<li>Fuka<\/li>\n<li>Enoshima mimachi Yokocho<\/li>\n<li>Nakano syouten<\/li>\n<li>Nakamuraya yokanten<\/li>\n<li>Delphis<\/li>\n<li>Shonan Denim street<\/li>\n<li>Yuzen<\/li>\n<li>Fuyusha<\/li>\n<li>Fukushokuzakka man<\/li>\n<li>21days<\/li>\n<li>Enoshima Benten-do<\/li>\n<\/ul>\n<\/div>\n<\/div>\n<\/div>\n<p class=\"text-center card-footer bg-transparent border-success\">Association touristique de la ville de Fujisawa 2023<\/p>\n<\/div>\n<\/div>\n<p><\/p>","protected":false},"excerpt":{"rendered":"<p>Informations sur les cartes touristiques Acc\u00e8s illimit\u00e9 \u00e0 certaines des installations sp\u00e9ciales de l&rsquo;\u00eele d&rsquo;Enoshima. C&rsquo;est moins cher que de payer des droits d&rsquo;entr\u00e9e pour chaque attraction individuelle. \u203bO : Gratuit jusqu&rsquo;\u00e0 17 heures. -Lors des \u00e9v\u00e9nements organis\u00e9s \u00e0 Enoshima Samuel Cocking Enoshima, un droit d&rsquo;entr\u00e9e est per\u00e7u lorsque l&rsquo;on quitte Enoshima Samuel Cocking Enoshima [&hellip;]<\/p>\n","protected":false},"author":1,"featured_media":0,"parent":0,"menu_order":0,"comment_status":"closed","ping_status":"closed","template":"templates\/access.php","meta":{"_acf_changed":false,"footnotes":""},"class_list":["post-2107","page","type-page","status-publish","hentry"],"acf":[],"aioseo_notices":[],"_links":{"self":[{"href":"https:\/\/discover-fujisawa.jp\/fr\/wp-json\/wp\/v2\/pages\/2107","targetHints":{"allow":["GET"]}}],"collection":[{"href":"https:\/\/discover-fujisawa.jp\/fr\/wp-json\/wp\/v2\/pages"}],"about":[{"href":"https:\/\/discover-fujisawa.jp\/fr\/wp-json\/wp\/v2\/types\/page"}],"author":[{"embeddable":true,"href":"https:\/\/discover-fujisawa.jp\/fr\/wp-json\/wp\/v2\/users\/1"}],"replies":[{"embeddable":true,"href":"https:\/\/discover-fujisawa.jp\/fr\/wp-json\/wp\/v2\/comments?post=2107"}],"version-history":[{"count":56,"href":"https:\/\/discover-fujisawa.jp\/fr\/wp-json\/wp\/v2\/pages\/2107\/revisions"}],"predecessor-version":[{"id":2684,"href":"https:\/\/discover-fujisawa.jp\/fr\/wp-json\/wp\/v2\/pages\/2107\/revisions\/2684"}],"wp:attachment":[{"href":"https:\/\/discover-fujisawa.jp\/fr\/wp-json\/wp\/v2\/media?parent=2107"}],"curies":[{"name":"wp","href":"https:\/\/api.w.org\/{rel}","templated":true}]}}