{"id":22,"date":"2022-05-18T06:13:42","date_gmt":"2022-05-18T06:13:42","guid":{"rendered":"https:\/\/discover-fujisawa.jp\/?page_id=22"},"modified":"2025-09-09T06:04:17","modified_gmt":"2025-09-09T06:04:17","slug":"posttown","status":"publish","type":"page","link":"https:\/\/discover-fujisawa.jp\/fr\/sightseeing\/posttown\/","title":{"rendered":"Fujisawa-shuku, une ville \u00e9tape"},"content":{"rendered":"<p><\/p>\n<div class=\"container\">\n<div class=\"row mb-3\">\n<div class=\"col-md-4\"><img decoding=\"async\" class=\"img-fluid img-round\" src=\"\/wp-content\/themes\/fujisawa\/images\/img-posttown-01.jpg\" alt=\"\"><\/div>\n<div class=\"col-md-4\"><img decoding=\"async\" class=\"img-fluid img-round\" src=\"\/wp-content\/themes\/fujisawa\/images\/img-posttown-02.jpg\" alt=\"\"><\/div>\n<div class=\"col-md-4\"><img decoding=\"async\" class=\"img-fluid img-round\" src=\"\/wp-content\/themes\/fujisawa\/images\/img-posttown-03.jpg\" alt=\"\"><\/div>\n<\/div>\n<p>En 1325, durant l\u2019\u00e9poque de Kamakura, Donkai, le 4\u00e8me Sage Yugy\u00f4, fonda le Sh\u00f4j\u00f4k\u00f4-ji (le temple Yugy\u00f4-ji) qui devint une monzen-machi (litt\u00e9ralement une \u00ab ville temple \u00bb). Par la suite, \u00e0 l\u2019\u00e9poque d\u2019Edo (1603-1867), Fujisawa devint la sixi\u00e8me des 53 stations de la route du T\u00f4kaid\u00f4 qui relient le pont Nihonbashi d\u2019Edo \u00e0 Ky\u00f4to. Fujisawa se d\u00e9veloppa autour de la monzen-machi en tant que station relais, une \u00ab shukuba-machi \u00bb.<\/p>\n<p>\u00c0 partir de la moiti\u00e9 de l&rsquo;\u00e9poque d&rsquo;Edo, le p\u00e8lerinage d&rsquo;Enoshima devint une destination de loisirs. Fujisawa-shuku n&rsquo;\u00e9tait donc pas qu&rsquo;une simple \u00e9tape sur la route du T\u00f4kaid\u00f4 et se d\u00e9veloppa consid\u00e9rablement autour du sanctuaire d&rsquo;Enoshima-jinja. Hiroshige Utagawa d\u00e9peint une sc\u00e8ne de l&rsquo;\u00e9poque dans le ukiyo-e \u00ab \u00c0 Fujisawa, l&rsquo;une des 53 stations du T\u00f4kaid\u00f4 \u00bb. Aujourd&rsquo;hui encore, les b\u00e2timents se succ\u00e8dent le long de la coupe longue et \u00e9troite de l&rsquo;ancienne route du T\u00f4kaid\u00f4 et il est possible d&rsquo;imaginer ce que fut cette voie dont la g\u00e9om\u00e9trie n&rsquo;a quasiment pas chang\u00e9 depuis l&rsquo;\u00e9poque.<\/p>\n<div class=\"row py-2 align-items-center\">\n<div class=\"col-lg-7\">\n<h3>Shukuba-machi, une ville relais<\/h3>\n<p>Les bases \u00e9tablies par le shogunat d&rsquo;Edo sur l&rsquo;axe d&rsquo;une grande route \u00e9taient nomm\u00e9es \u00ab shukuba \u00bb. Les villes qui se sont construites autour de ces axes se nomment les shukuba-machi. Ce ne sont pas seulement des lieux d&rsquo;h\u00e9bergement ou de repos pour les voyageurs, mais \u00e9galement des lieux de transit express de lettres et colis officiels. Chaque shukuba poss\u00e9dait donc un centre de distribution permettant de relayer hommes et chevaux.<\/p>\n<\/div>\n<div class=\"col-lg-5\"><img decoding=\"async\" class=\"img-fluid img-round\" src=\"\/wp-content\/themes\/fujisawa\/images\/img-posttown-04.jpg\" alt=\"\"><\/div>\n<\/div>\n<div class=\"row py-4 align-items-center\">\n<div class=\"col-lg-7 order-lg-2 order-1\">\n<h3>Monzen-machi<\/h3>\n<p>On utilise le terme de Monzen-machi pour parler d\u2019une ville construite en p\u00e9riph\u00e9rie de temples et de sanctuaires importants. La venue des p\u00e8lerins a entra\u00een\u00e9 la cr\u00e9ation d&rsquo;une ville o\u00f9 les boutiques des marchands et les auberges ont rapidement urbanis\u00e9s les lieux.<\/p>\n<\/div>\n<div class=\"col-lg-5 order-lg-1 order-2\"><img decoding=\"async\" class=\"img-fluid img-round\" src=\"\/wp-content\/themes\/fujisawa\/images\/img-posttown-05.jpg\" alt=\"\"><\/div>\n<\/div>\n<div class=\"row py-4 align-items-center\">\n<div class=\"col-lg-6\">\n<h3>Les 53 stations du T\u00f4kaid\u00f4<\/h3>\n<p>Le T\u00f4kaid\u00f4 est une route de 492 km reliant les ponts Nihonbashi d&rsquo;Edo et Sanj\u00f4-\u00f4hashi de Ky\u00f4to. Il fut construit \u00e0 l&rsquo;\u00e9poque d&rsquo;Edo (1603-1867), sur ordre du premier shogun, Ieyasu Tokugawa. <\/p>\n<p>Ce dernier souhaitait pouvoir relier rapidement son ch\u00e2teau d&rsquo;Edo \u00e0 la r\u00e9gion Ky\u00f4to-Osaka o\u00f9 se trouve le palais imp\u00e9rial et fit donc construire en 1601, 53 stations \u00ab shukuba \u00bb sur le T\u00f4kaid\u00f4. On les appelle ainsi les 53 stations du T\u00f4kaid\u00f4.<\/p>\n<\/div>\n<div class=\"col-lg-6\"><img decoding=\"async\" class=\"img-fluid img-round\" src=\"\/wp-content\/themes\/fujisawa\/images\/img-posttown-06_fr.jpg\" alt=\"\"><\/div>\n<\/div>\n<div class=\"row py-4 align-items-center\">\n<div class=\"col-lg-5\"><img decoding=\"async\" class=\"img-fluid img-round\" src=\"\/wp-content\/themes\/fujisawa\/images\/img-posttown-07.jpg\" alt=\"\"><\/div>\n<div class=\"col-lg-7\">\n<h3>Le temple Yugy\u00f4-ji<\/h3>\n<p>Fujisawa est n\u00e9e en tant que \u00ab monzen-machi \u00bb, une ville-temple, et prit le nom de T\u00f4taku-san, avant de rapidement se d\u00e9velopper en tant que relais de la route du T\u00f4kaid\u00f4 et devenir la ville que l&rsquo;on conna\u00eet aujourd&rsquo;hui.<\/p>\n<p>Le Yugy\u00f4-ji fut construit par le sage Ippen et constitue le temple principal de l\u2019\u00e9cole ji-sh\u00fb. Le sage Ippen abandonna tout pour se consacrer au \u00ab yugy\u00f4\u00b9 \u00bb et pour porter l&rsquo;espoir dans le c\u0153ur des pauvres et de ceux atteints de divers maux. Il est dit que la joie jaillissant du plus profond du c\u0153ur de ces gens-l\u00e0 se r\u00e9pandit jusque dans leur corps, et se manifesta \u00e0 travers le \u00f4dori-nenbutsu\u00b2 (litt\u00e9ralement \u00ab la danse de la pri\u00e8re \u00e0 Bouddha \u00bb). Ce cercle de personnes emplies de joie s&rsquo;agrandit de plus en plus. Cette danse serait \u00e0 l&rsquo;origine de la danse \u00ab bon-odori \u00bb pratiqu\u00e9e de nos jours.<\/p>\n<\/div>\n<div class=\"col-lg-7 order-lg-1 order-2\">\n<p>L&rsquo;appellation officielle du temple Yugy\u00f4-ji est \u00ab T\u00f4taku-san Mury\u00f4k\u00f4-in Sh\u00f4j\u00f4k\u00f4-ji \u00bb. Il se trouve \u00e0 15 mn \u00e0 pied de la gare de Fujisawa.<br \/>Au printemps, un magnifique tunnel de cerisiers en fleur englobe le chemin de la colline Iroha qui m\u00e8ne au b\u00e2timent principal, tandis qu&rsquo;en automne, le ginkgo d\u2019une hauteur de 21 m, d\u00e9sign\u00e9 monument naturel par la ville, affiche son plus bel habit.<\/p>\n<p>\u00b9 Se dit d&rsquo;un voyage o\u00f9 le moine renonce \u00e0 toute attache locale afin de s&rsquo;entra\u00eener et de r\u00e9pandre sa foi.<br \/>\u00b2 Une danse continue pour prier Bouddha et atteindre un \u00e9tat d&rsquo;extase religieuse.<\/p>\n<\/div>\n<div class=\"col-lg-5 order-lg-2 order-1\"><img decoding=\"async\" class=\"img-fluid img-round\" src=\"\/wp-content\/themes\/fujisawa\/images\/img-posttown-08.jpg\" alt=\"\"><\/div>\n<\/div>\n<div class=\"row py-4\">\n<div class=\"col-lg-7 order-lg-2 order-1\">\n<h3>Le Centre Culturel de Fujisawa-shuku<\/h3>\n<p>Le Fujisawa-shuku \u00e9tait la sixi\u00e8me des cinquante-trois stations de la route du T\u00f4kaid\u00f4. Elle prosp\u00e9ra en tant que \u00ab monzen-machi \u00bb, ou ville-temple, construite autour du temple Yugy\u00f4-ji. Le Centre Culturel de Fujisawa-shuku est donc un lieu o\u00f9 il est possible de d\u00e9couvrir l\u2019Histoire et la culture de la ville-temple.<\/p>\n<p>En compl\u00e9ment d\u2019une exposition d\u2019articles de voyage de l\u2019\u00e9poque et de dioramas, vous pouvez y admirer une reproduction 3D de Fujisawa-shuku, telle qu\u2019elle \u00e9tait autrefois.<\/p>\n<p>Le Centre Culturel de Fujisawa-shuku est situ\u00e9 \u00e0 15mn \u00e0 pied de la Gare JR Fujisawa (sortie nord), proche de la porte Kuro-mon (\u00ab porte noire \u00bb) du temple Yugy\u00f4-ji (en contrebas de la colline Iroha-zaka).<\/p>\n<p><a class=\"btn btn-primary btn-collapse\" data-toggle=\"collapse\" href=\"#collapseDetail\" role=\"button\" aria-expanded=\"false\" aria-controls=\"collapseExample\">Informations<\/a><\/p>\n<div class=\"collapse\" id=\"collapseDetail\">\n<div class=\"card card-body\">\n<dl>\n<dt>\u00ab Horaires d\u2019ouverture \u00bb<\/dt>\n<dd>D\u2019avril \u00e0 septembre : 9h-18h<br \/>D\u2019octobre \u00e0 mars : 9h-17h<\/dd>\n<\/dl>\n<dl>\n<dt>\u00ab Jours de fermeture \u00bb<\/dt>\n<dd>Lundi (Ouvert si lundi est un jour f\u00e9ri\u00e9, mais ferm\u00e9 le lendemain)<br \/>P\u00e9riode de fin d\u2019ann\u00e9e : Du 27 d\u00e9cembre au 1er janvier.<\/dd>\n<\/dl>\n<p><a href=\"http:\/\/www.fujisawa-kanko.jp\/fujisawashukukouryukan\/\" target=\"_blank\" rel=\"noopener\">Site Internet du Centre Culturel de Fujisawa-shuku<\/a> (Japonais)<\/p>\n<\/div>\n<\/div>\n<\/div>\n<div class=\"col-lg-5 order-lg-1 order-2\"><img decoding=\"async\" class=\"img-fluid img-round\" src=\"\/wp-content\/themes\/fujisawa\/images\/img-posttown-09.jpg\" alt=\"\"><\/div>\n<\/div>\n<\/div>\n<p><\/p>","protected":false},"excerpt":{"rendered":"<p>En 1325, durant l\u2019\u00e9poque de Kamakura, Donkai, le 4\u00e8me Sage Yugy\u00f4, fonda le Sh\u00f4j\u00f4k\u00f4-ji (le temple Yugy\u00f4-ji) qui devint une monzen-machi (litt\u00e9ralement une \u00ab ville temple \u00bb). Par la suite, \u00e0 l\u2019\u00e9poque d\u2019Edo (1603-1867), Fujisawa devint la sixi\u00e8me des 53 stations de la route du T\u00f4kaid\u00f4 qui relient le pont Nihonbashi d\u2019Edo \u00e0 Ky\u00f4to. Fujisawa [&hellip;]<\/p>\n","protected":false},"author":1,"featured_media":0,"parent":18,"menu_order":0,"comment_status":"closed","ping_status":"closed","template":"templates\/fullpage.php","meta":{"_acf_changed":false,"footnotes":""},"class_list":["post-22","page","type-page","status-publish","hentry"],"acf":[],"aioseo_notices":[],"_links":{"self":[{"href":"https:\/\/discover-fujisawa.jp\/fr\/wp-json\/wp\/v2\/pages\/22","targetHints":{"allow":["GET"]}}],"collection":[{"href":"https:\/\/discover-fujisawa.jp\/fr\/wp-json\/wp\/v2\/pages"}],"about":[{"href":"https:\/\/discover-fujisawa.jp\/fr\/wp-json\/wp\/v2\/types\/page"}],"author":[{"embeddable":true,"href":"https:\/\/discover-fujisawa.jp\/fr\/wp-json\/wp\/v2\/users\/1"}],"replies":[{"embeddable":true,"href":"https:\/\/discover-fujisawa.jp\/fr\/wp-json\/wp\/v2\/comments?post=22"}],"version-history":[{"count":11,"href":"https:\/\/discover-fujisawa.jp\/fr\/wp-json\/wp\/v2\/pages\/22\/revisions"}],"predecessor-version":[{"id":2671,"href":"https:\/\/discover-fujisawa.jp\/fr\/wp-json\/wp\/v2\/pages\/22\/revisions\/2671"}],"up":[{"embeddable":true,"href":"https:\/\/discover-fujisawa.jp\/fr\/wp-json\/wp\/v2\/pages\/18"}],"wp:attachment":[{"href":"https:\/\/discover-fujisawa.jp\/fr\/wp-json\/wp\/v2\/media?parent=22"}],"curies":[{"name":"wp","href":"https:\/\/api.w.org\/{rel}","templated":true}]}}