{"id":2350,"date":"2023-06-29T07:32:30","date_gmt":"2023-06-29T07:32:30","guid":{"rendered":"https:\/\/discover-fujisawa.jp\/?page_id=2350"},"modified":"2025-11-05T01:46:54","modified_gmt":"2025-11-05T01:46:54","slug":"night-event","status":"publish","type":"page","link":"https:\/\/discover-fujisawa.jp\/fr\/special\/night-event\/","title":{"rendered":"\u00c9v\u00e9nement nocturne d&rsquo;Enoshima"},"content":{"rendered":"<p><\/p>\n<p class=\"text-center mb-lg-5\">D\u00e9couvrez les diff\u00e9rents \u00e9v\u00e9nements organis\u00e9s autour de la bougie de mer d&rsquo;Enoshima !<br \/>Diverses manifestations saisonni\u00e8res viennent agr\u00e9menter la vie nocturne d&rsquo;Enoshima.<\/p>\n<div class=\"row item-nightevent\">\n<div class=\"col-lg-6\"><img decoding=\"async\" src=\"\/wp-content\/uploads\/2023\/05\/night-event-01.jpg\" alt=\"\" class=\"alignnone\" \/><\/div>\n<div class=\"col-lg-6\">\n<div class=\"sub-title mt-3\"><span class=\"id\">A<\/span><\/p>\n<p>Espace artistique de lumi\u00e8re et de reflets cr\u00e9\u00e9s par des boules \u00e0 facettes.<\/p>\n<\/div>\n<h2>MIRRORBOWLER HIKARI ART, soir\u00e9e de printemps<\/h2>\n<p>\u00c9v\u00e9nement produit par le groupe artistique Mirror Borer. Des boules de miroirs de diff\u00e9rentes tailles sont install\u00e9es dans le jardin pour cr\u00e9er une \u0153uvre spatiale d&rsquo;ombre et de lumi\u00e8re.<\/p>\n<ul class=\"meta\">\n<li class=\"icon-calendar\">P\u00e9riode de l&rsquo;\u00e9v\u00e9nement: mi &#8211; fin avril.<\/li>\n<li class=\"icon-clock\">Heure: 18:30-20:30 (derni\u00e8re admission 20:00)<\/li>\n<li class=\"icon-map\">Lieu: <a href=\"sightseeing\/whattosee\/enoshima-garden-and-lighthouse\" target=\"_blank\" rel=\"noopener\">Enoshima Samuel Cocking Garden \/ Enoshima Sea Candle<\/a><\/li>\n<\/ul>\n<\/div>\n<\/div>\n<div class=\"row item-nightevent\">\n<div class=\"col-lg-6 order-lg-2 order-1\"><img decoding=\"async\" src=\"\/wp-content\/uploads\/2023\/05\/night-event-02.jpg\" alt=\"\" class=\"alignnone\" \/><\/div>\n<div class=\"col-lg-6 order-lg-1 order-2 \">\n<div class=\"sub-title mt-3\"><span class=\"id\">B<\/span><\/p>\n<p>Une tradition estivale \u00e9mouvante o\u00f9 toute l&rsquo;\u00eele est envelopp\u00e9e de lumi\u00e8res.<\/p>\n<\/div>\n<h2>Festival de lanternes Toro de l&rsquo;\u00eele d&rsquo;Enoshima<\/h2>\n<p>Environ 1 000 lanternes seront install\u00e9es \u00e0 diff\u00e9rents endroits d&rsquo;Enoshima. L&rsquo;\u00eele enti\u00e8re est envelopp\u00e9e d&rsquo;une lumi\u00e8re chaude et constitue un merveilleux \u00e9v\u00e9nement nocturne, bond\u00e9 de couples en yukata et autres.<\/p>\n<ul class=\"meta\">\n<li class=\"icon-calendar\">P\u00e9riode de l&rsquo;\u00e9v\u00e9nement: Fin juillet &#8211; fin ao\u00fbt<\/li>\n<li class=\"icon-clock\">Heure : 18:00-20:00 (derni\u00e8re admission 19:30) *Variable selon le lieu.<\/li>\n<li class=\"icon-map\">Lieu: <a href=\"sightseeing\/whattosee\/enoshima-garden-and-lighthouse\" target=\"_blank\" rel=\"noopener\">Enoshima Samuel Cocking Garden<\/a> \/ <a href=\"sightseeing\/whattosee\/enoshima-shrine\" target=\"_blank\" rel=\"noopener\">Enoshima Shrine<\/a> \/ Oiwayamichi Street \/ Kamegaoka Square \/ <a href=\"sightseeing\/whattosee\/iwaya-caves-ryuren-no-kane-the-bell-of-the-dragons-love-and-benten-maru\" target=\"_blanl\" rel=\"noopener\">Enoshima Iwaya<\/a><\/li>\n<\/ul>\n<\/div>\n<\/div>\n<div class=\"row item-nightevent\">\n<div class=\"col-lg-6\"><img decoding=\"async\" src=\"\/wp-content\/uploads\/2023\/05\/night-event-03.jpg\" alt=\"\" class=\"alignnone\" \/><\/div>\n<div class=\"col-lg-6\">\n<div class=\"sub-title mt-3\"><span class=\"id\">C<\/span><\/p>\n<p>Fantastique lumi\u00e8re des bougies scintillant dans la brise nocturne<\/p>\n<\/div>\n<h2>Bougie de Shonan<\/h2>\n<p>Environ 10 000 bougies sont allum\u00e9es dans le jardin Samuel Cocking d&rsquo;Enoshima. Un \u00e9v\u00e9nement automnal agr\u00e9able avec de la musique en direct et des diaporamas.<\/p>\n<ul class=\"meta\">\n<li class=\"icon-calendar\">P\u00e9riode de l&rsquo;\u00e9v\u00e9nement: Mi-octobre &#8211; d\u00e9but novembre.<\/li>\n<li class=\"icon-clock\">Heure: 17:00-20:00 pour Enoshima Samuel Cocking Garden\/Enoshima Sea Candle (derni\u00e8re admission 19:30) *Variable selon le lieu.<\/li>\n<li class=\"icon-map\">Lieu: <a href=\"sightseeing\/whattosee\/enoshima-garden-and-lighthouse\" target=\"_blank\" rel=\"noopener\">Enoshima Samuel Cocking Garden\/Enoshima Sea Candle<\/a> \/ <a href=\"sightseeing\/whattosee\/iwaya-caves-ryuren-no-kane-the-bell-of-the-dragons-love-and-benten-maru\" target=\"_blanl\" rel=\"noopener\">Enoshima Iwaya<\/a><\/li>\n<\/ul>\n<\/div>\n<\/div>\n<div class=\"row item-nightevent\">\n<div class=\"col-lg-6 order-lg-2 order-1\"><img decoding=\"async\" src=\"\/wp-content\/uploads\/2023\/05\/night-event-04.jpg\" alt=\"\" class=\"alignnone\" \/><\/div>\n<div class=\"col-lg-6 order-lg-1 order-2 \">\n<div class=\"sub-title mt-3\"><span class=\"id\">D<\/span><\/p>\n<p>Fantastique 3 000 lanternes en bambou.<\/p>\n<\/div>\n<h2>Festival des lanternes de bambou du Ryuko-ji<\/h2>\n<p>3 000 lanternes de bambou de diff\u00e9rentes tailles bordent le chemin entre la porte Niomon et le hall principal du temple Ryukouji. Les visiteurs peuvent profiter d&rsquo;une fantastique soir\u00e9e d&rsquo;automne, entour\u00e9s de la lumi\u00e8re vacillante des bougies. Il est possible de prier pour des v\u0153ux et des services comm\u00e9moratifs pour les anc\u00eatres.<\/p>\n<ul class=\"meta\">\n<li class=\"icon-calendar\">P\u00e9riode de l&rsquo;\u00e9v\u00e9nement: Samedi et dimanche \u00e0 la fin du mois d&rsquo;octobre.<\/li>\n<li class=\"icon-clock\">Heure: 17:00 &#8211; 20:00<\/li>\n<li class=\"icon-map\">Lieu: <a href=\"sightseeing\/whattosee\/ryuko-ji-temple\/\" target=\"_blank\" rel=\"noopener\">enceinte du temple Ryukouji<\/a><\/li>\n<\/ul>\n<\/div>\n<\/div>\n<div class=\"row item-nightevent\">\n<div class=\"col-lg-6\"><img decoding=\"async\" src=\"\/wp-content\/uploads\/2023\/05\/night-event-05.jpg\" alt=\"\" class=\"alignnone\" \/><\/div>\n<div class=\"col-lg-6\">\n<div class=\"sub-title mt-3\"><span class=\"id\">E<\/span><\/p>\n<p>Trois grandes illuminations dans la r\u00e9gion de Kanto, qui embellissent les environs<\/p>\n<\/div>\n<h2>Joyau de Shonan<\/h2>\n<p>Un \u00e9v\u00e9nement au cours duquel Enoshima et l&rsquo;ensemble de la r\u00e9gion de Katase Kaigan sont illumin\u00e9s. C&rsquo;est un \u00e9v\u00e9nement o\u00f9 vous pouvez profiter de l&rsquo;hiver d&rsquo;Enoshima en vous promenant sur l&rsquo;\u00eele, avec son paysage \u00e0 couper le souffle qui semble \u00eatre couvert de bijoux.<\/p>\n<ul class=\"meta\">\n<li class=\"icon-calendar\">P\u00e9riode de l&rsquo;\u00e9v\u00e9nement: Fin novembre &#8211; fin f\u00e9vrier.<\/li>\n<li class=\"icon-clock\">Heure : 17:00-20:00 (derni\u00e8re admission 19:30) pour Enoshima Samuel Cocking Garden\/Enoshima Sea Candle *Variable selon le lieu.<\/li>\n<li class=\"icon-map\">Lieu: <a href=\"sightseeing\/whattosee\/enoshima-garden-and-lighthouse\" target=\"_blank\" rel=\"noopener\">Enoshima Samuel Cocking Garden\/Enoshima Sea Candle<\/a> et autres<\/li>\n<\/ul>\n<\/div>\n<\/div>\n<p><\/p>","protected":false},"excerpt":{"rendered":"<p>D\u00e9couvrez les diff\u00e9rents \u00e9v\u00e9nements organis\u00e9s autour de la bougie de mer d&rsquo;Enoshima !Diverses manifestations saisonni\u00e8res viennent agr\u00e9menter la vie nocturne d&rsquo;Enoshima. A Espace artistique de lumi\u00e8re et de reflets cr\u00e9\u00e9s par des boules \u00e0 facettes. MIRRORBOWLER HIKARI ART, soir\u00e9e de printemps \u00c9v\u00e9nement produit par le groupe artistique Mirror Borer. Des boules de miroirs de diff\u00e9rentes [&hellip;]<\/p>\n","protected":false},"author":1,"featured_media":2297,"parent":49,"menu_order":0,"comment_status":"closed","ping_status":"closed","template":"","meta":{"_acf_changed":false,"footnotes":""},"class_list":["post-2350","page","type-page","status-publish","has-post-thumbnail","hentry"],"acf":[],"aioseo_notices":[],"_links":{"self":[{"href":"https:\/\/discover-fujisawa.jp\/fr\/wp-json\/wp\/v2\/pages\/2350","targetHints":{"allow":["GET"]}}],"collection":[{"href":"https:\/\/discover-fujisawa.jp\/fr\/wp-json\/wp\/v2\/pages"}],"about":[{"href":"https:\/\/discover-fujisawa.jp\/fr\/wp-json\/wp\/v2\/types\/page"}],"author":[{"embeddable":true,"href":"https:\/\/discover-fujisawa.jp\/fr\/wp-json\/wp\/v2\/users\/1"}],"replies":[{"embeddable":true,"href":"https:\/\/discover-fujisawa.jp\/fr\/wp-json\/wp\/v2\/comments?post=2350"}],"version-history":[{"count":8,"href":"https:\/\/discover-fujisawa.jp\/fr\/wp-json\/wp\/v2\/pages\/2350\/revisions"}],"predecessor-version":[{"id":2716,"href":"https:\/\/discover-fujisawa.jp\/fr\/wp-json\/wp\/v2\/pages\/2350\/revisions\/2716"}],"up":[{"embeddable":true,"href":"https:\/\/discover-fujisawa.jp\/fr\/wp-json\/wp\/v2\/pages\/49"}],"wp:featuredmedia":[{"embeddable":true,"href":"https:\/\/discover-fujisawa.jp\/fr\/wp-json\/wp\/v2\/media\/2297"}],"wp:attachment":[{"href":"https:\/\/discover-fujisawa.jp\/fr\/wp-json\/wp\/v2\/media?parent=2350"}],"curies":[{"name":"wp","href":"https:\/\/api.w.org\/{rel}","templated":true}]}}