{"id":2384,"date":"2023-09-13T03:55:44","date_gmt":"2023-09-13T03:55:44","guid":{"rendered":"https:\/\/discover-fujisawa.jp\/?page_id=2384"},"modified":"2025-11-05T01:26:53","modified_gmt":"2025-11-05T01:26:53","slug":"recommended-gourmet","status":"publish","type":"page","link":"https:\/\/discover-fujisawa.jp\/fr\/special\/recommended-gourmet\/","title":{"rendered":"5 lieux gastronomiques recommand\u00e9s \u00e0 Enoshima"},"content":{"rendered":"<p><\/p>\n<h2 class=\"mb-4 text-center ttl-h2-content\" style=\"text-align: center;\">5 lieux gastronomiques recommand\u00e9s \u00e0 Enoshima <\/h2>\n<p style=\"text-align: center;\">Enoshima poss\u00e8de de nombreux sites touristiques et attractions,<br \/>\nmais quel type de nourriture imaginez-vous lorsque vous entendez le mot \u00a0\u00bb Enoshima gourmet \u00a0\u00bb ?\u3000<br \/>\nUn bol de riz garni de shirasu frais ? Un bol de riz d&rsquo;Enoshima ? Des coquilles de turban grill\u00e9es ?\u3000<br \/>\nBien s\u00fbr, il s&rsquo;agit l\u00e0 de sp\u00e9cialit\u00e9s bien connues d&rsquo;Enoshima, mais depuis peu,<br \/>\nil existe de nombreux restaurants gastronomiques que vous devriez surveiller,<br \/>\ny compris les noms les plus en vogue et les nouveaux restaurants ouverts.<br \/>\nNous avons visit\u00e9 cinq des restaurants les plus remarquables, alors laissez-nous vous les pr\u00e9senter.<\/p>\n<div class=\"item-special-gourmet\">\n<div class=\"row pt-5 gx-0 align-items-center\">\n<div class=\"image-wrap col-lg-8 mb-4\"><img decoding=\"async\" src=\"\/wp-content\/themes\/fujisawa\/images\/gourmet-spot01-main.jpg\"><\/div>\n<div class=\" col-lg-4 mb-4\">\n<div class=\"content-wrap content-wrap-right\">\n<div class=\"h3-special-gourmet\">\n<p>Un teishoku-ya populaire avec une longue file de clients<\/p>\n<h3>Enoshima Koya<\/h3>\n<\/div>\n<p>Enoshima Hut se trouve \u00e0 5 minutes \u00e0 pied de la station Katase Enoshima de la ligne Odakyu Enoshima. Ce restaurant populaire a toujours une longue file d&rsquo;attente. <\/p>\n<\/div>\n<\/div>\n<\/div>\n<div class=\"row gx-0 align-items-center\">\n<div class=\"col-lg-5 mb-4\"><img decoding=\"async\" src=\"\/wp-content\/themes\/fujisawa\/images\/gourmet-spot01-detail.jpg\"><\/div>\n<div class=\"col-lg-7 mb-4 gourmet-content\">\n<p class=\"px-3\">L&rsquo;ext\u00e9rieur est aust\u00e8re, mais une fois \u00e0 l&rsquo;int\u00e9rieur, vous trouverez un espace spacieux et lumineux. Les places en terrasse avec vue sur l&rsquo;oc\u00e9an sont apparemment tr\u00e8s populaires, et il doit \u00eatre agr\u00e9able de d\u00eener dans un espace aussi ouvert.<\/p>\n<p class=\"px-3\">Les recommandations pour le d\u00e9jeuner comprennent une vari\u00e9t\u00e9 de plats savoureux tels que le \u00ab\u00a0Jiigyo katsu-don avec une sauce sucr\u00e9e-sal\u00e9e\u00a0\u00bb, le \u00ab\u00a0Kama-age shirasu-don\u00a0\u00bb et le \u00ab\u00a0Horohoro-don\u00a0\u00bb, un bol de poisson fum\u00e9 fait maison avec du beurre carbonis\u00e9 sur le dessus.Apr\u00e8s m\u00fbre r\u00e9flexion, j&rsquo;ai command\u00e9 le \u00ab\u00a0Makanai-don\u00a0\u00bb.Le \u00ab\u00a0Namenaro\u00a0\u00bb, un bol de riz garni de poisson pil\u00e9 assaisonn\u00e9 de miso et de la sauce au s\u00e9same originale du restaurant, est la sp\u00e9cialit\u00e9 de ce restaurant qui a remport\u00e9 plusieurs fois la m\u00e9daille d&rsquo;or dans la cat\u00e9gorie des bols de fruits de mer du Grand Prix national du bol de riz.<\/p>\n<p class=\"px-3\">Le poisson change tous les jours, et ce jour-l\u00e0, les plats principaux \u00e9taient le kanpachi (s\u00e9riole), les m\u00e9daillons et les daurades.De 8 h \u00e0 10 h 30, le menu du petit-d\u00e9jeuner comprend le \u00ab\u00a0Kinmedai no nishiru ogokake gohan\u00a0\u00bb (riz \u00e0 l&rsquo;\u0153uf), dans lequel l&rsquo;\u0153uf est dissous dans le bouillon du kinmedai au lieu de la sauce soja.Les flocons de bonite semi-bruts qui sont ras\u00e9s devant vous d\u00e9gagent un ar\u00f4me doux et tr\u00e8s agr\u00e9able. J&rsquo;ai \u00e9galement \u00e9t\u00e9 impressionn\u00e9 par la fermet\u00e9 de l&rsquo;\u0153uf, qui n&rsquo;a pas craqu\u00e9 m\u00eame lorsque j&rsquo;ai pris le jaune d&rsquo;\u0153uf avec des baguettes.<\/p>\n<\/div>\n<\/div>\n<div class=\"row spot-detail mb-4\">\n<div class=\"col-lg-5 mb-4 mb-lg-0\">\n<h4>Enoshima Koya<\/h4>\n<dl>\n<dt>Adresse<\/dt>\n<dd>2-20-12, Katasekaigan, Fujisawa-shi, Kanagawa-ken<\/dd>\n<\/dl>\n<dl>\n<dt>T\u00e9l\u00e9phone<\/dt>\n<dd>0466-29-5875<\/dd>\n<\/dl>\n<dl>\n<dt>Horaires<\/dt>\n<dd>8:00 &#8211; 20:00\uff08L.O.19:00\uff09<\/dd>\n<\/dl>\n<dl>\n<dt>Jours de fermeture<\/dt>\n<dd>NON<\/dd>\n<\/dl>\n<\/div>\n<div class=\"col-lg-7\"><iframe src=\"https:\/\/www.google.com\/maps\/embed?pb=!1m14!1m8!1m3!1d13023.727449807426!2d139.4825353!3d35.3076745!3m2!1i1024!2i768!4f13.1!3m3!1m2!1s0x60184efc80e055bf%3A0xcb660167a9e042d!2sEnoshima%20Koya!5e0!3m2!1sen!2sth!4v1694503731266!5m2!1sen!2sth\" width=\"100%\" height=\"250\" style=\"border:0;\" allowfullscreen=\"\" loading=\"lazy\" referrerpolicy=\"no-referrer-when-downgrade\"><\/iframe><\/div>\n<\/div>\n<\/div>\n<div class=\"item-special-gourmet\">\n<div class=\"row pt-5 gx-0 align-items-center\">\n<div class=\" col-lg-4 mb-4\">\n<div class=\"content-wrap content-wrap-left\">\n<div class=\"h3-special-gourmet\">\n<p>Faites une pause avec du th\u00e9 vert matcha et du yo-yonkan<\/p>\n<h3>Tamaya Youkan<\/h3>\n<\/div>\n<p>En sortant de la gare d&rsquo;Enoshima sur la ligne Enoden, vous trouverez Subana-dori, une rue commer\u00e7ante bord\u00e9e de restaurants et de boutiques de souvenirs, dont un magasin de ramen et une boutique sp\u00e9cialis\u00e9e dans les puddings. C&rsquo;est l\u00e0 que se trouve Tamaya Honten, une confiserie japonaise \u00e0 l&rsquo;allure r\u00e9tro.<\/p>\n<\/div>\n<\/div>\n<div class=\"image-wrap col-lg-8 mb-4\"><img decoding=\"async\" src=\"\/wp-content\/themes\/fujisawa\/images\/gourmet-spot02-main.jpg\"><\/div>\n<\/div>\n<div class=\"row gx-0 align-items-center\">\n<div class=\"col-lg-5 mb-4\"><img decoding=\"async\" src=\"\/wp-content\/themes\/fujisawa\/images\/gourmet-spot02-detail.jpg\"><\/div>\n<div class=\"col-lg-7 mb-4 gourmet-content\">\n<p class=\"px-4\">Le magasin est un bien culturel mat\u00e9riel enregistr\u00e9, dont l&rsquo;histoire remonte \u00e0 plus de 100 ans. En 1949, il a \u00e9t\u00e9 d\u00e9sign\u00e9 comme une c\u00e9l\u00e8bre confiserie par la pr\u00e9fecture de Kanagawa. R\u00e9cemment r\u00e9nov\u00e9, il est devenu un espace \u00e0 la mode avec un caf\u00e9, tout en conservant son atmosph\u00e8re historique.<\/p>\n<p class=\"px-4\">Au Tamaya Cafe, vous pouvez d\u00e9guster du th\u00e9 froid, du cidre Enoshima, des g\u00e2teaux et du tiramisu au matcha.<br \/>\nCe jour-l\u00e0, j&rsquo;ai command\u00e9 le \u00ab\u00a0Yokan Set\u00a0\u00bb pour 600 yens, compos\u00e9 de th\u00e9 vert matcha pour 400 yens et de deux Yokans du jour pour 200 yens suppl\u00e9mentaires. La belle couleur verte et l&rsquo;ar\u00f4me profond du th\u00e9 matcha sont apaisants. Les Yokan du set sont le laver yokan et le chestnut yokan. Le nori yokan est la sp\u00e9cialit\u00e9 de Tamaya. Il est fabriqu\u00e9 en incorporant \u00e0 la p\u00e2te de haricots blancs de la poudre de laver vert, r\u00e9colt\u00e9 \u00e0 Enoshima lors de l&rsquo;ouverture de la boutique. Il s&rsquo;agit d&rsquo;un yokan rare au parfum frais de la mer et \u00e0 la douceur de la p\u00e2te de haricots blancs raffin\u00e9e. Le yokan aux ch\u00e2taignes est un classique avec des ch\u00e2taignes hach\u00e9es. Tout en d\u00e9gustant du th\u00e9 vert matcha et en faisant le tour du magasin, j&rsquo;ai trouv\u00e9 une salle priv\u00e9e \u00e0 l&rsquo;arri\u00e8re.\n<\/p>\n<p class=\"px-4\"> Il n&rsquo;est pas n\u00e9cessaire de r\u00e9server, et vous pouvez prendre du th\u00e9 et des sucreries dans cette salle de style japonais si elle est disponible au moment de votre visite.<br \/>\nC&rsquo;est un trou dans le mur !Le Honkuri Yokan, qui contient des ch\u00e2taignes enti\u00e8res, est \u00e9galement un souvenir luxueux d&rsquo;Enoshima.<\/p>\n<\/div>\n<\/div>\n<div class=\"row spot-detail mb-4\">\n<div class=\"col-lg-5 mb-4 mb-lg-0\">\n<h4>Tamaya Youkan<\/h4>\n<dl>\n<dt>Adresse<\/dt>\n<dd>1-9-10, Katasekaigan, Fujisawa-shi, Kanagawa-ken<\/dd>\n<\/dl>\n<dl>\n<dt>T\u00e9l\u00e9phone<\/dt>\n<dd>0466-22-4057<\/dd>\n<\/dl>\n<dl>\n<dt>Horaires<\/dt>\n<dd>10:00 &#8211; 18:00<\/dd>\n<\/dl>\n<dl>\n<dt>Jours de fermeture<\/dt>\n<dd>Tous les jeudis<\/dd>\n<\/dl>\n<\/div>\n<div class=\"col-lg-7\"><iframe src=\"https:\/\/www.google.com\/maps\/embed?pb=!1m14!1m8!1m3!1d13023.315645653125!2d139.4867159!3d35.3102324!3m2!1i1024!2i768!4f13.1!3m3!1m2!1s0x60184efd91edf415%3A0xd25838fbbee70674!2sTamaya%20Youkan!5e0!3m2!1sen!2sth!4v1694576005325!5m2!1sen!2sth\" width=\"100%\" height=\"250\" style=\"border:0;\" allowfullscreen=\"\" loading=\"lazy\" referrerpolicy=\"no-referrer-when-downgrade\"><\/iframe><\/div>\n<\/div>\n<\/div>\n<div class=\"item-special-gourmet\">\n<div class=\"row pt-5 gx-0 align-items-center\">\n<div class=\"image-wrap col-lg-8 mb-4\"><img decoding=\"async\" src=\"\/wp-content\/themes\/fujisawa\/images\/gourmet-spot03-main.jpg\"><\/div>\n<div class=\" col-lg-4 mb-4\">\n<div class=\"content-wrap content-wrap-right\">\n<div class=\"h3-special-gourmet\">\n<p>Manger du poulet frit sur l&rsquo;\u00eele d&rsquo;Enoshima<\/p>\n<h3>torico<\/h3>\n<\/div>\n<p>\u00c0 l&rsquo;approche du sanctuaire d&rsquo;Enoshima se trouve le torico, populaire pour son poulet frit \u00e0 la sauce originale, situ\u00e9 au bout d&rsquo;une ruelle \u00e9troite, il faut donc faire attention \u00e0 ne pas manquer l&rsquo;enseigne.<\/p>\n<\/div>\n<\/div>\n<\/div>\n<div class=\"row gx-0 align-items-center\">\n<div class=\"col-lg-5 mb-4\"><img decoding=\"async\" src=\"\/wp-content\/themes\/fujisawa\/images\/gourmet-spot03-detail.jpg\"><\/div>\n<div class=\"col-lg-7 mb-4 gourmet-content\">\n<p class=\"px-4\">Ce restaurant utilise de jeunes poulets \u00e9lev\u00e9s dans le pays, principalement dans la pr\u00e9fecture d&rsquo;Iwate, et est devenu un lieu tr\u00e8s pris\u00e9 pour son poulet frit, qui est d\u00e9licieux, qu&rsquo;il soit fra\u00eechement frit ou froid. Le poulet est lentement marin\u00e9 dans la sauce originale de Torico, qui est \u00e0 base de sauce soja \u00e0 l&rsquo;ail et utilise plus de 10 \u00e9pices et fruits. L&rsquo;huile de friture est compos\u00e9e d&rsquo;huile blanche de soja filtr\u00e9e et la p\u00e2te \u00e0 frire est compos\u00e9e de f\u00e9cule de pomme de terre 100 % naturelle provenant de pommes de terre d&rsquo;Hokkaido, ce qui rend le poulet croustillant \u00e0 l&rsquo;ext\u00e9rieur et juteux \u00e0 l&rsquo;int\u00e9rieur. Quatre types de sauces sont disponibles : sauce soja sucr\u00e9e et \u00e9pic\u00e9e, nanban au vinaigre noir, gonadori \u00e0 l&rsquo;huile et yangnyom, mais cette fois-ci, j&rsquo;ai command\u00e9 le poulet nature.<\/p>\n<p class=\"px-4\">Vous pouvez d\u00e9guster le poulet frit au comptoir \u00e0 l&rsquo;int\u00e9rieur du restaurant, mais derri\u00e8re le restaurant se trouve le port de p\u00eache de Nishiura, qui offre une vue spectaculaire sur Enoshima \u00e0 ceux qui sont au courant. Nous avons donc pris notre poulet frit et notre limonade \u00e0 emporter et nous nous sommes dirig\u00e9s vers la plage. La nourriture frite \u00e9tait id\u00e9ale pour regarder les bateaux de croisi\u00e8re passer au large.<\/p>\n<\/div>\n<\/div>\n<div class=\"row spot-detail mb-4\">\n<div class=\"col-lg-5 mb-4 mb-lg-0\">\n<h4>torico<\/h4>\n<dl>\n<dt>Adresse<\/dt>\n<dd>2-1-14, Enoshima, Fujisawa-shi, Kanagawa-ken<\/dd>\n<\/dl>\n<dl>\n<dt>T\u00e9l\u00e9phone<\/dt>\n<dd>0466-54-9799<\/dd>\n<\/dl>\n<dl>\n<dt>Horaires<\/dt>\n<dd>11:00 &#8211; 19:00<\/dd>\n<\/dl>\n<dl>\n<dt>Jours de fermeture<\/dt>\n<dd>Tous les mercredis<\/dd>\n<\/dl>\n<\/div>\n<div class=\"col-lg-7\"><iframe src=\"https:\/\/www.google.com\/maps\/embed?pb=!1m18!1m12!1m3!1d3256.1784221927096!2d139.4778075114079!3d35.30154787259836!2m3!1f0!2f0!3f0!3m2!1i1024!2i768!4f13.1!3m3!1m2!1s0x60184ee445b4c21d%3A0xcc36920a37a34ade!2storico!5e0!3m2!1sen!2sth!4v1694576170127!5m2!1sen!2sth\" width=\"100%\" height=\"250\" style=\"border:0;\" allowfullscreen=\"\" loading=\"lazy\" referrerpolicy=\"no-referrer-when-downgrade\"><\/iframe><\/div>\n<\/div>\n<\/div>\n<div class=\"item-special-gourmet\">\n<div class=\"row pt-5 gx-0 align-items-center\">\n<div class=\" col-lg-4 mb-4\">\n<div class=\"content-wrap content-wrap-left\">\n<div class=\"h3-special-gourmet\">\n<p>Il est situ\u00e9 au sommet d&rsquo;Enoshima.<\/p>\n<h3>LONCAFE<\/h3>\n<\/div>\n<p>Une chose que je voulais absolument visiter sur Enoshima est le jardin Samuel Cocking, situ\u00e9 au sommet de l&rsquo;\u00eele. Il s&rsquo;agit d&rsquo;un joli parc entour\u00e9 d&rsquo;arbres, de plantes et de fleurs, qui offre la meilleure vue sur Enoshima.<\/p>\n<\/div>\n<\/div>\n<div class=\"image-wrap col-lg-8 mb-4\"><img decoding=\"async\" src=\"\/wp-content\/themes\/fujisawa\/images\/gourmet-spot04-main.jpg\"><\/div>\n<\/div>\n<div class=\"row gx-0 align-items-center\">\n<div class=\"col-lg-5 mb-4\"><img decoding=\"async\" src=\"\/wp-content\/themes\/fujisawa\/images\/gourmet-spot04-detail.jpg\"><\/div>\n<div class=\"col-lg-7 mb-4 gourmet-content\">\n<p class=\"px-4\">Grimpez jusqu&rsquo;aux chandelles de mer dans le jardin pour avoir une vue panoramique sur la mer de Shonan, et d\u00e9tendez-vous sur la vaste terrasse en bois au deuxi\u00e8me \u00e9tage, o\u00f9 des canap\u00e9s et des si\u00e8ges de comptoir sont disponibles.<\/p>\n<p class=\"px-4\">Le LONCAFE, situ\u00e9 dans le Samuel Cocking Garden, est recommand\u00e9 aux amateurs de sucreries ! Il a ouvert ses portes en 2003 en tant que premier restaurant japonais sp\u00e9cialis\u00e9 dans le pain perdu. Il s&rsquo;agit d&rsquo;un caf\u00e9 \u00e0 la mode qui jouit d&rsquo;un emplacement magnifique surplombant la baie de Sagami, o\u00f9 vous pouvez profiter de votre s\u00e9jour tout en sentant la brise de Shonan sur les si\u00e8ges de la terrasse ouverte.<\/p>\n<p class=\"px-4\">Le pain perdu est croustillant \u00e0 l&rsquo;ext\u00e9rieur et tendre \u00e0 l&rsquo;int\u00e9rieur. Les garnitures varient et il y a plus de 10 choix all\u00e9chants, dont les \u00e9ditions limit\u00e9es \u00ab\u00a0Sauce blanche \u00e0 la truffe noire\u00a0\u00bb et \u00ab\u00a0Banane caram\u00e9lis\u00e9e\u00a0\u00bb. Il \u00e9tait donc difficile de se d\u00e9cider, mais ce jour-l\u00e0, j&rsquo;ai command\u00e9 la \u00ab\u00a0Garniture pour tarte aux pommes et gorgonzola\u00a0\u00bb pour 1 450 yens. Les pommes compot\u00e9es sucr\u00e9es et le fromage gorgonzola sal\u00e9 se mariaient parfaitement. Nous avons pass\u00e9 un moment luxueux.<\/p>\n<\/div>\n<\/div>\n<div class=\"row spot-detail mb-4\">\n<div class=\"col-lg-5 mb-4 mb-lg-0\">\n<h4>LONCAFE<\/h4>\n<dl>\n<dt>Adresse<\/dt>\n<dd>Samuel Cocking Garden, 3-38, Enoshima 2chomeme, Fujisawa-shi, Kanagawa-ken<\/dd>\n<\/dl>\n<dl>\n<dt>T\u00e9l\u00e9phone<\/dt>\n<dd>0466-28-3636<\/dd>\n<\/dl>\n<dl>\n<dt>Horaires<\/dt>\n<dd>Mon &#8211; Fri 11:00 &#8211; 20:00\uff08L.O.19:30\uff09<br \/>Sat, Sun. 10:00-  21:00\uff08L.O.20:30\uff09<\/dd>\n<\/dl>\n<dl>\n<dt>Jours de fermeture<\/dt>\n<dd>vacances irr\u00e9guli\u00e8res<\/dd>\n<\/dl>\n<\/div>\n<div class=\"col-lg-7\"><iframe src=\"https:\/\/www.google.com\/maps\/embed?pb=!1m18!1m12!1m3!1d3256.2471924772003!2d139.4774669114078!3d35.299838872598826!2m3!1f0!2f0!3f0!3m2!1i1024!2i768!4f13.1!3m3!1m2!1s0x60184ee5ce045bbd%3A0xb01b3b0819b2e591!2sLONCAFE!5e0!3m2!1sen!2sth!4v1694576203937!5m2!1sen!2sth\" width=\"100%\" height=\"250\" style=\"border:0;\" allowfullscreen=\"\" loading=\"lazy\" referrerpolicy=\"no-referrer-when-downgrade\"><\/iframe><\/div>\n<\/div>\n<\/div>\n<div class=\"item-special-gourmet\">\n<div class=\"row pt-5 gx-0 align-items-center\">\n<div class=\"image-wrap col-lg-8 mb-4\"><img decoding=\"async\" src=\"\/wp-content\/themes\/fujisawa\/images\/gourmet-spot05-main.jpg\"><\/div>\n<div class=\" col-lg-4 mb-4\">\n<div class=\"content-wrap content-wrap-right\">\n<div class=\"h3-special-gourmet\">\n<p>Cuisine italienne authentique sur la plage<\/p>\n<h3>iL CHIANTI BEACHE<\/h3>\n<\/div>\n<p>iL CHIANTI BEACHE est l&rsquo;un des rares restaurants de bord de mer \u00e0 Shonan.Il est appr\u00e9ci\u00e9 pour sa cuisine italienne authentique.<\/p>\n<\/div>\n<\/div>\n<\/div>\n<div class=\"row gx-0 align-items-center\">\n<div class=\"col-lg-5 mb-4\"><img decoding=\"async\" src=\"\/wp-content\/themes\/fujisawa\/images\/gourmet-spot05-detail.jpg\"><\/div>\n<div class=\"col-lg-7 mb-4 gourmet-content\">\n<p class=\"px-4\">Tous les si\u00e8ges situ\u00e9s du c\u00f4t\u00e9 de la plage ont une paroi vitr\u00e9e donnant sur la mer et, les jours de beau temps, nous vous recommandons les si\u00e8ges de la terrasse o\u00f9 la brise marine est agr\u00e9able. Devant vous se trouve un parc bois\u00e9 et la plage, o\u00f9 vous pouvez d\u00e9guster votre repas avec vue sur l&rsquo;oc\u00e9an.<\/p>\n<p class=\"px-4\">Il y a tellement de boissons et de plats sur la carte qu&rsquo;il \u00e9tait difficile de se d\u00e9cider, mais j&rsquo;ai commenc\u00e9 par la salade carib\u00e9enne, un plat de fruits de mer somptueux.La vinaigrette originale du restaurant est c\u00e9l\u00e8bre depuis longtemps, mais ils ont apparemment mis au point une vinaigrette moins acide pour qu&rsquo;elle corresponde au go\u00fbt des boissons. Ensuite, nous avons command\u00e9 le plat de sp\u00e9cialit\u00e9, du crabe \u00e0 carapace molle envelopp\u00e9 dans de la piadina italienne. Le crabe \u00e0 carapace molle fra\u00eechement fondu est frit et enroul\u00e9 dans de la piadina (pain azyme de Romagne, Italie) avec deux sauces sp\u00e9ciales et de la verdure, et mang\u00e9 avec les mains. C&rsquo;\u00e9tait savoureux et d\u00e9licieux.<\/p>\n<p class=\"px-4\">Parmi les plats qui utilisent des ingr\u00e9dients locaux, j&rsquo;\u00e9tais int\u00e9ress\u00e9e par le \u00ab\u00a0Poulet de Fujisawa r\u00f4ti avec l\u00e9gumes et herbes de Fujisawa\u00a0\u00bb et le \u00ab\u00a0Gratin d&rsquo;\u0153ufs de poulet de Fujisawa\u00a0\u00bb, mais j&rsquo;ai d\u00e9cid\u00e9 de commander la \u00ab\u00a0Salade aux raisins de mer et Shirasu (petites sardines) de Nagago avec vinaigrette au Chianti\u00a0\u00bb.Les Umibudou (raisins de mer) sont des algues que l&rsquo;on ne trouve qu&rsquo;\u00e0 Okinawa au Japon, mais elles ont \u00e9t\u00e9 cultiv\u00e9es avec succ\u00e8s \u00e0 Chogo, dans la ville de Fujisawa. Nous avons donc pu appr\u00e9cier la texture fra\u00eeche et croquante de ces algues, m\u00eame si nous nous trouvions dans la r\u00e9gion du Kanto.<\/p>\n<p class=\"px-4\">Alors que nous terminions notre repas, le soleil couchant s&rsquo;enfon\u00e7ait dans la mer. La silhouette du mont Fuji au-dessus de la plage au coucher du soleil \u00e9tait spectaculaire.<\/p>\n<\/div>\n<\/div>\n<div class=\"row spot-detail mb-4\">\n<div class=\"col-lg-5 mb-4 mb-lg-0\">\n<h4>iL CHIANTI BEACHE<\/h4>\n<dl>\n<dt>Adresse<\/dt>\n<dd>2-20-3, Katasekaigan, Fujisawa-shi, Kanagawa-ken<\/dd>\n<\/dl>\n<dl>\n<dt>T\u00e9l\u00e9phone<\/dt>\n<dd>0466-26-0234<\/dd>\n<\/dl>\n<dl>\n<dt>Horaires<\/dt>\n<dd>11:00 -23:00\uff08L.O.22:00\uff09<\/dd>\n<\/dl>\n<dl>\n<dt>Jours de fermeture<\/dt>\n<dd>NON<\/dd>\n<\/dl>\n<\/div>\n<div class=\"col-lg-7\"><iframe src=\"https:\/\/www.google.com\/maps\/embed?pb=!1m18!1m12!1m3!1d3255.8975756751042!2d139.4811689!3d35.3085264!2m3!1f0!2f0!3f0!3m2!1i1024!2i768!4f13.1!3m3!1m2!1s0x60184efbeb64189b%3A0xb855e058a697eb5d!2zae-8rCDvvKPvvKjvvKnvvKHvvK7vvLTvvKkg77yi77yl77yh77yj77yo77yl!5e0!3m2!1sen!2sth!4v1701917379855!5m2!1sen!2sth\" width=\"100%\" height=\"250\" style=\"border:0;\" allowfullscreen=\"\" loading=\"lazy\" referrerpolicy=\"no-referrer-when-downgrade\"><\/iframe><\/div>\n<\/div>\n<\/div>\n<p><\/p>","protected":false},"excerpt":{"rendered":"<p>5 lieux gastronomiques recommand\u00e9s \u00e0 Enoshima Enoshima poss\u00e8de de nombreux sites touristiques et attractions, mais quel type de nourriture imaginez-vous lorsque vous entendez le mot \u00a0\u00bb Enoshima gourmet \u00a0\u00bb ?\u3000 Un bol de riz garni de shirasu frais ? Un bol de riz d&rsquo;Enoshima ? Des coquilles de turban grill\u00e9es ?\u3000 Bien s\u00fbr, il s&rsquo;agit [&hellip;]<\/p>\n","protected":false},"author":1,"featured_media":2392,"parent":49,"menu_order":0,"comment_status":"closed","ping_status":"closed","template":"","meta":{"_acf_changed":false,"footnotes":""},"class_list":["post-2384","page","type-page","status-publish","has-post-thumbnail","hentry"],"acf":[],"aioseo_notices":[],"_links":{"self":[{"href":"https:\/\/discover-fujisawa.jp\/fr\/wp-json\/wp\/v2\/pages\/2384","targetHints":{"allow":["GET"]}}],"collection":[{"href":"https:\/\/discover-fujisawa.jp\/fr\/wp-json\/wp\/v2\/pages"}],"about":[{"href":"https:\/\/discover-fujisawa.jp\/fr\/wp-json\/wp\/v2\/types\/page"}],"author":[{"embeddable":true,"href":"https:\/\/discover-fujisawa.jp\/fr\/wp-json\/wp\/v2\/users\/1"}],"replies":[{"embeddable":true,"href":"https:\/\/discover-fujisawa.jp\/fr\/wp-json\/wp\/v2\/comments?post=2384"}],"version-history":[{"count":7,"href":"https:\/\/discover-fujisawa.jp\/fr\/wp-json\/wp\/v2\/pages\/2384\/revisions"}],"predecessor-version":[{"id":2714,"href":"https:\/\/discover-fujisawa.jp\/fr\/wp-json\/wp\/v2\/pages\/2384\/revisions\/2714"}],"up":[{"embeddable":true,"href":"https:\/\/discover-fujisawa.jp\/fr\/wp-json\/wp\/v2\/pages\/49"}],"wp:featuredmedia":[{"embeddable":true,"href":"https:\/\/discover-fujisawa.jp\/fr\/wp-json\/wp\/v2\/media\/2392"}],"wp:attachment":[{"href":"https:\/\/discover-fujisawa.jp\/fr\/wp-json\/wp\/v2\/media?parent=2384"}],"curies":[{"name":"wp","href":"https:\/\/api.w.org\/{rel}","templated":true}]}}