{"id":2441,"date":"2024-03-01T04:16:31","date_gmt":"2024-03-01T04:16:31","guid":{"rendered":"https:\/\/discover-fujisawa.jp\/?page_id=2441"},"modified":"2024-08-08T07:46:34","modified_gmt":"2024-08-08T07:46:34","slug":"take-photos-in-fujisawa-and-enoshima-featured-in-anime-seishun-buta-yarou-aobuta-rascal-does-not-dream-of-bunny-girl-senpai","status":"publish","type":"page","link":"https:\/\/discover-fujisawa.jp\/fr\/special\/take-photos-in-fujisawa-and-enoshima-featured-in-anime-seishun-buta-yarou-aobuta-rascal-does-not-dream-of-bunny-girl-senpai\/","title":{"rendered":"Anime \u00ab\u00a0Seishun Buta Yarou\u00a0\u00bb (AOBUTA) &#8211; Visitez Fujisawa et Enoshima, la terre sainte de \u00ab\u00a0Seishun Buta Yarou wa Bunny Girl Senpai no Yume wo Mimieru\u00a0\u00bb et prenez des photos."},"content":{"rendered":"<p><\/p>\n<header>\n<p class=\"mb-3 d-none d-md-inline-block\"><img decoding=\"async\" src=\"\/wp-content\/themes\/fujisawa\/images\/anime\/hero-anime-eng.jpg\" alt=\"\"><\/p>\n<p class=\"mb-3 d-md-none d-inline-block\"><img decoding=\"async\" src=\"\/wp-content\/themes\/fujisawa\/images\/anime\/hero-anime-eng-sp.jpg\" alt=\"\"><\/p>\n<div class=\"py-5\">\n<h1 class=\"h3 text-center fw-bold mb-3\">Anime \u00ab\u00a0Seishun Buta Yarou\u00a0\u00bb (AOBUTA) &#8211; Visitez Fujisawa et Enoshima, <br \/>la terre sainte de \u00ab\u00a0Seishun Buta Yarou wa Bunny Girl Senpai no Yume wo Mimieru\u00a0\u00bb et prenez des photos.<\/h1>\n<p class=\"text-center\">Seishun Buta Yarou (AOBUTA), bien connu sur Netflix et d&rsquo;autres services de distribution vid\u00e9o, <br \/>est un anime qui se d\u00e9roule dans la r\u00e9gion de Fujisawa\/Enoshima. Plusieurs endroits de la r\u00e9gion de Fujisawa\/Enoshima apparaissent dans l&rsquo;histoire. <\/p>\n<p class=\"text-center\">u Japon, il est courant de visiter ces lieux et de prendre des photos et des vid\u00e9os dans le cadre d&rsquo;un \u00ab\u00a0p\u00e8lerinage dans un lieu saint\u00a0\u00bb. <\/p>\n<p class=\"text-center\">Si vous avez vu l&rsquo;anime, vous saurez certainement \u00e0 quoi vous attendre lorsque vous vous y rendrez ! <br \/>Essayez de vous prendre en photo dans la m\u00eame pose que les personnages !<\/p>\n<\/div>\n<\/header>\n<div class=\"container mb-5\">\n<div class=\"about-anime p-3 p-lg-4\">\n<div class=\"row\">\n<div class=\"col-lg-3 col-md-4 text-center\"><img decoding=\"async\" src=\"\/wp-content\/themes\/fujisawa\/images\/anime\/pic-profile-anime.png\" alt=\"\"><\/div>\n<div class=\"col-lg-9 col-md-8 align-self-center\">\n<h3 class=\"mt-3 mt-lg-0\">A propos de Rascal ne r\u00eave pas de Bunny Girl Senpai<\/h3>\n<p>Un anime qui d\u00e9peint avec succ\u00e8s les troubles \u00e9motionnels instables qui sont fr\u00e9quents \u00e0 l&rsquo;adolescence. Les histoires myst\u00e9rieuses se poursuivent dans un format omnibus, mais beaucoup d&rsquo;entre elles sont tristes et pleines de c\u0153ur.<\/p>\n<p>De nombreuses histoires de cette \u0153uvre se d\u00e9roulent \u00e0 Enoshima et Fujisawa, et les sc\u00e8nes anim\u00e9es comprennent la mer + Enoden + Enoshima + Kamakura &#8211; des sc\u00e8nes qui permettent au spectateur d&rsquo;appr\u00e9cier pleinement Shonan.<\/p>\n<\/div>\n<\/div>\n<\/div>\n<\/div>\n<div class=\"anime-location py-5\">\n<div class=\"container\">\n<div class=\"row \">\n<div class=\"item-anime-location col-lg-6 mb-4\">\n<h3 class=\"mb-3\"><span>SCENE 01<\/span>Enoden<\/h3>\n<p>Sc\u00e8ne du film d&rsquo;ouverture. Deux plans avec l&rsquo;Enoden. Entre les stations Koshigoe et Kamakura Koukoumae, Sakita court en direction d&rsquo;Enoshima.<\/p>\n<figure><img decoding=\"async\" src=\"\/wp-content\/themes\/fujisawa\/images\/anime\/pic-scene-01.jpg\" alt=\"Enoden\"><\/figure>\n<p class=\"text-end\"><a class=\"btn btn-primary\" href=\"https:\/\/maps.app.goo.gl\/PTCJRWvak61d8TcHA\" target=\"_blank\" rel=\"noopener\">Voir la carte<\/a><\/p>\n<\/div>\n<div class=\"item-anime-location col-lg-6 mb-4 pt-lg-5\">\n<h3 class=\"mb-3\"><span>SCENE 02<\/span>Sortie nord de la gare de Fujisawa<\/h3>\n<p>Sc\u00e8ne du film d&rsquo;ouverture. La gare de Fujisawa est utilis\u00e9e dans de nombreux films d&rsquo;animation et ne peut donc pas \u00eatre exclue des lieux sacr\u00e9s.<\/p>\n<figure><img decoding=\"async\" src=\"\/wp-content\/themes\/fujisawa\/images\/anime\/pic-scene-02.jpg\" alt=\"Fujisawa Station North Exit\"><\/figure>\n<p class=\"text-end\"><a class=\"btn btn-primary\" href=\"https:\/\/maps.app.goo.gl\/px84q9hYebBjShA16\" target=\"_blank\" rel=\"noopener\">Voir la carte<\/a><\/p>\n<\/div>\n<div class=\"item-anime-location col-lg-6 mb-4\">\n<h3 class=\"mb-3\"><span>SCENE 03<\/span>Biblioth\u00e8que publique g\u00e9n\u00e9rale de la ville de Fujisawa<\/h3>\n<figure><img decoding=\"async\" src=\"\/wp-content\/themes\/fujisawa\/images\/anime\/pic-scene-03.jpg\" alt=\"Fujisawa City General Public Library\"><\/figure>\n<p class=\"text-end\"><a class=\"btn btn-primary\" href=\"https:\/\/maps.app.goo.gl\/JSVhZjVCd2yM3UxK6\" target=\"_blank\" rel=\"noopener\">Voir la carte<\/a><\/p>\n<\/div>\n<div class=\"item-anime-location col-lg-6 mb-4 pt-lg-5\">\n<h3 class=\"mb-3\"><span>SCENE 04<\/span>Plage de Katase Nishihama<\/h3>\n<p>Plage avec vue panoramique sur Enoshima. On peut y voir la bougie de la mer d&rsquo;Enoshima.<\/p>\n<figure><img decoding=\"async\" src=\"\/wp-content\/themes\/fujisawa\/images\/anime\/pic-scene-04.jpg\" alt=\"Katase Nishihama Beach\"><\/figure>\n<p class=\"text-end\"><a class=\"btn btn-primary\" href=\"https:\/\/maps.app.goo.gl\/kpk6arbj9YNaoA6Y6\" target=\"_blank\" rel=\"noopener\">Voir la carte<\/a><\/p>\n<\/div>\n<div class=\"item-anime-location col-lg-6 mb-4\">\n<h3 class=\"mb-3\"><span>SCENE 05<\/span>Pont d&rsquo;observation Nakatsumiya<\/h3>\n<figure><img decoding=\"async\" src=\"\/wp-content\/themes\/fujisawa\/images\/anime\/pic-scene-05.jpg\" alt=\"Nakatsumiya observation deck\"><\/figure>\n<p class=\"text-end\"><a class=\"btn btn-primary\" href=\"https:\/\/maps.app.goo.gl\/XcJ7CrNt69Dytb2m8\" target=\"_blank\" rel=\"noopener\">Voir la carte<\/a><\/p>\n<\/div>\n<div class=\"item-anime-location col-lg-6 mb-4 pt-lg-5\">\n<h3 class=\"mb-3\"><span>SCENE 06<\/span>Gare Odakyu Katase Enoshima<\/h3>\n<figure><img decoding=\"async\" src=\"\/wp-content\/themes\/fujisawa\/images\/anime\/pic-scene-06.jpg\" alt=\"Odakyu Katase Enoshima station\"><\/figure>\n<p class=\"text-end\"><a class=\"btn btn-primary\" href=\"https:\/\/maps.app.goo.gl\/TLBDud8jxf1jtfEw8\" target=\"_blank\" rel=\"noopener\">Voir la carte<\/a><\/p>\n<\/div>\n<div class=\"item-anime-location col-lg-6 mb-4\">\n<h3 class=\"mb-3\"><span>SCENE 07<\/span>Gare Odakyu Honkugenuma<\/h3>\n<figure><img decoding=\"async\" src=\"\/wp-content\/themes\/fujisawa\/images\/anime\/pic-scene-07.jpg\" alt=\"Odakyu Honkugenuma Station\"><\/figure>\n<p class=\"text-end\"><a class=\"btn btn-primary\" href=\"https:\/\/maps.app.goo.gl\/9bkgkW7cVSQ5KFqu5\" target=\"_blank\" rel=\"noopener\">Voir la carte<\/a><\/p>\n<\/div>\n<div class=\"item-anime-location col-lg-6 mb-4 pt-lg-5\">\n<h3 class=\"mb-3\"><span>SCENE 08<\/span>Pont Enoshima Benten<\/h3>\n<figure><img decoding=\"async\" src=\"\/wp-content\/themes\/fujisawa\/images\/anime\/pic-scene-08.jpg\" alt=\"Enoshima Benten Bridge\"><\/figure>\n<p class=\"text-end\"><a class=\"btn btn-primary\" href=\"https:\/\/maps.app.goo.gl\/RSGGBTcoh14vQW7h8\" target=\"_blank\" rel=\"noopener\">Voir la carte<\/a><\/p>\n<\/div>\n<\/div>\n<\/div>\n<\/div>\n<div class=\"about-movie container py-5\">\n<h2 class=\"text-center h3\">S\u00e9rie de films<\/h2>\n<p class=\"text-center mb-5\">Trilogie de films de l&rsquo;Aobuta \u300aHigh school version\u300b<br \/>\nBas\u00e9 sur la populaire s\u00e9rie de romans \u00ab\u00a0Seishun Butajaro\u00a0\u00bb de Kamoshita Hajime, qui s&rsquo;est vendue \u00e0 plus de 2,5 millions d&rsquo;exemplaires au total.<br \/>\nL&rsquo;histoire mignonne, triste et myst\u00e9rieuse a \u00e9t\u00e9 tr\u00e8s bien accueillie.<br \/>\nHautement recommand\u00e9 si vous aimez les anime !<\/p>\n<div class=\"card mb-4\">\n<div class=\"row g-0\">\n<div class=\"col-md-3\"><img decoding=\"async\" src=\"\/wp-content\/themes\/fujisawa\/images\/anime\/pic-movie-01.jpg\" class=\"img-fluid rounded-start\" alt=\"Rascal Does Not Dream of a Dreaming Girl\"><\/div>\n<div class=\"col-md-9\">\n<div class=\"card-body\">\n<h3>Rascal ne r\u00eave pas d&rsquo;une fille r\u00eaveuse<\/h3>\n<p class=\"fw-bold\">La premi\u00e8re adaptation cin\u00e9matographique de la s\u00e9rie.<\/p>\n<p class=\"card-text\">L&rsquo;histoire commence avec Azusagawa Sakita, un lyc\u00e9en de deuxi\u00e8me ann\u00e9e, qui s&rsquo;amuse avec Sakurajima Mai, son a\u00een\u00e9e et petite amie. C&rsquo;est alors que le premier amour de Sakita, Shoko Makinohara, appara\u00eet devant lui. Pour une raison inconnue, Shoko existe \u00e0 la fois en tant que lyc\u00e9enne et en tant qu&rsquo;adulte, chacune menant une vie diff\u00e9rente.  Sakita se lie avec les deux Shoko afin de trouver la cause et la solution. Au cours de ce processus, la relation entre Sakita et Mai devient tendue&#8230;<\/p>\n<\/p><\/div>\n<\/div>\n<\/div>\n<\/div>\n<div class=\"card mb-4\">\n<div class=\"row g-0\">\n<div class=\"col-md-3\"><img decoding=\"async\" src=\"\/wp-content\/themes\/fujisawa\/images\/anime\/pic-movie-02.jpg\" class=\"img-fluid rounded-start\" alt=\"Rascal Does Not Dream of a Sister Venturing Out\"><\/div>\n<div class=\"col-md-9\">\n<div class=\"card-body\">\n<h3>Rascal ne r\u00eave pas d&rsquo;une s\u0153ur qui s&rsquo;aventurent \u00e0 l&rsquo;ext\u00e9rieur<\/h3>\n<p class=\"fw-bold\">Deuxi\u00e8me s\u00e9rie du film.<\/p>\n<p class=\"card-text\">Kaede, la jeune s\u0153ur de Sakuta, a longtemps aim\u00e9 rester \u00e0 la maison, mais elle r\u00eavait d&rsquo;aller dans le m\u00eame lyc\u00e9e que Sakuta. Ce r\u00eave \u00e9tait aussi le v\u0153u que lui avait confi\u00e9 l&rsquo;autre \u00a0\u00bb Kaede \u00ab\u00a0.<br \/>\nAfin de soutenir l&rsquo;examen d&rsquo;entr\u00e9e au lyc\u00e9e de Kaede, Sakuta lui apprend \u00e0 \u00e9tudier et \u00e0 s&rsquo;aventurer.<\/p>\n<\/p><\/div>\n<\/div>\n<\/div>\n<\/div>\n<div class=\"card mb-4\">\n<div class=\"row g-0\">\n<div class=\"col-md-3\"><img decoding=\"async\" src=\"\/wp-content\/themes\/fujisawa\/images\/anime\/pic-movie-03.jpg\" class=\"img-fluid rounded-start\" alt=\"Rascal Does Not Dream of a Knapsack Kid\"><\/div>\n<div class=\"col-md-9\">\n<div class=\"card-body\">\n<h3>Rascal ne r\u00eave pas d&rsquo;un enfant \u00e0 sac \u00e0 dos<\/h3>\n<p class=\"fw-bold\">Troisi\u00e8me s\u00e9rie du film. Conclusion de l&rsquo;arc des lyc\u00e9ens.<\/p>\n<p class=\"card-text\">En mars, Sakita f\u00eate la remise de dipl\u00f4me de sa petite amie Mai Sakurajima. Alors qu&rsquo;il attend Mai sur la plage de Shichirigahama, un \u00e9colier ressemblant trait pour trait \u00e0 Mai appara\u00eet devant lui.<br \/>\nOncle, qui es-tu ?<br \/>\nAlors qu&rsquo;il se rem\u00e9more cette \u00e9trange exp\u00e9rience, son p\u00e8re l&rsquo;appelle et lui dit que sa m\u00e8re, qui s&rsquo;est enfuie de la maison, veut voir sa s\u0153ur.<\/p>\n<\/p><\/div>\n<\/div>\n<\/div>\n<\/div>\n<div class=\"card mb-5\">\n<div class=\"row g-0\">\n<div class=\"col-md-3\"><img decoding=\"async\" src=\"\/wp-content\/themes\/fujisawa\/images\/anime\/pic-movie-04.jpg\" class=\"img-fluid rounded-start\" alt=\"Rascal Does Not Dream - College Edition\"><\/div>\n<div class=\"col-md-9\">\n<div class=\"card-body\">\n<h3>Rascal ne r\u00eave pas &#8211; University Arc<\/h3>\n<p class=\"fw-bold\">Confirm\u00e9 pour la production d&rsquo;un anime<\/p>\n<\/p><\/div>\n<\/div>\n<\/div>\n<\/div>\n<\/div>\n<p><\/p>","protected":false},"excerpt":{"rendered":"<p>Anime \u00ab\u00a0Seishun Buta Yarou\u00a0\u00bb (AOBUTA) &#8211; Visitez Fujisawa et Enoshima, la terre sainte de \u00ab\u00a0Seishun Buta Yarou wa Bunny Girl Senpai no Yume wo Mimieru\u00a0\u00bb et prenez des photos. Seishun Buta Yarou (AOBUTA), bien connu sur Netflix et d&rsquo;autres services de distribution vid\u00e9o, est un anime qui se d\u00e9roule dans la r\u00e9gion de Fujisawa\/Enoshima. Plusieurs [&hellip;]<\/p>\n","protected":false},"author":1,"featured_media":2454,"parent":49,"menu_order":0,"comment_status":"closed","ping_status":"closed","template":"templates\/fullpage.php","meta":{"_acf_changed":false,"footnotes":""},"class_list":["post-2441","page","type-page","status-publish","has-post-thumbnail","hentry"],"acf":[],"aioseo_notices":[],"_links":{"self":[{"href":"https:\/\/discover-fujisawa.jp\/fr\/wp-json\/wp\/v2\/pages\/2441","targetHints":{"allow":["GET"]}}],"collection":[{"href":"https:\/\/discover-fujisawa.jp\/fr\/wp-json\/wp\/v2\/pages"}],"about":[{"href":"https:\/\/discover-fujisawa.jp\/fr\/wp-json\/wp\/v2\/types\/page"}],"author":[{"embeddable":true,"href":"https:\/\/discover-fujisawa.jp\/fr\/wp-json\/wp\/v2\/users\/1"}],"replies":[{"embeddable":true,"href":"https:\/\/discover-fujisawa.jp\/fr\/wp-json\/wp\/v2\/comments?post=2441"}],"version-history":[{"count":5,"href":"https:\/\/discover-fujisawa.jp\/fr\/wp-json\/wp\/v2\/pages\/2441\/revisions"}],"predecessor-version":[{"id":2524,"href":"https:\/\/discover-fujisawa.jp\/fr\/wp-json\/wp\/v2\/pages\/2441\/revisions\/2524"}],"up":[{"embeddable":true,"href":"https:\/\/discover-fujisawa.jp\/fr\/wp-json\/wp\/v2\/pages\/49"}],"wp:featuredmedia":[{"embeddable":true,"href":"https:\/\/discover-fujisawa.jp\/fr\/wp-json\/wp\/v2\/media\/2454"}],"wp:attachment":[{"href":"https:\/\/discover-fujisawa.jp\/fr\/wp-json\/wp\/v2\/media?parent=2441"}],"curies":[{"name":"wp","href":"https:\/\/api.w.org\/{rel}","templated":true}]}}