{"id":26,"date":"2022-05-18T06:15:15","date_gmt":"2022-05-18T06:15:15","guid":{"rendered":"https:\/\/discover-fujisawa.jp\/?page_id=26"},"modified":"2022-12-28T04:53:36","modified_gmt":"2022-12-28T04:53:36","slug":"events","status":"publish","type":"page","link":"https:\/\/discover-fujisawa.jp\/fr\/sightseeing\/events\/","title":{"rendered":"\u00c9v\u00e9nements"},"content":{"rendered":"<p><\/p>\n<p style=\"text-align: center;\">Sh\u00f4nan Enoshima est une ville en bord de mer,<br \/>\nmais il existe de nombreux \u00e9v\u00e9nements en dehors des baignades de la saison estivale.<br \/>\nLes illuminations d\u2019Enoshima en hiver, que l\u2019on appelle \u00ab les joyaux de Sh\u00f4nan \u00bb, sont notamment magnifiques.<br \/>\nLes d\u00e9tails seront publi\u00e9s sur cette page d\u00e8s que les lieux et horaires auront \u00e9t\u00e9 d\u00e9cid\u00e9s.<\/p>\n<p><\/p>","protected":false},"excerpt":{"rendered":"<p>Sh\u00f4nan Enoshima est une ville en bord de mer, mais il existe de nombreux \u00e9v\u00e9nements en dehors des baignades de la saison estivale. Les illuminations d\u2019Enoshima en hiver, que l\u2019on appelle \u00ab les joyaux de Sh\u00f4nan \u00bb, sont notamment magnifiques. Les d\u00e9tails seront publi\u00e9s sur cette page d\u00e8s que les lieux et horaires auront \u00e9t\u00e9 [&hellip;]<\/p>\n","protected":false},"author":1,"featured_media":0,"parent":18,"menu_order":0,"comment_status":"closed","ping_status":"closed","template":"templates\/events.php","meta":{"_acf_changed":false,"footnotes":""},"class_list":["post-26","page","type-page","status-publish","hentry"],"acf":[],"aioseo_notices":[],"_links":{"self":[{"href":"https:\/\/discover-fujisawa.jp\/fr\/wp-json\/wp\/v2\/pages\/26","targetHints":{"allow":["GET"]}}],"collection":[{"href":"https:\/\/discover-fujisawa.jp\/fr\/wp-json\/wp\/v2\/pages"}],"about":[{"href":"https:\/\/discover-fujisawa.jp\/fr\/wp-json\/wp\/v2\/types\/page"}],"author":[{"embeddable":true,"href":"https:\/\/discover-fujisawa.jp\/fr\/wp-json\/wp\/v2\/users\/1"}],"replies":[{"embeddable":true,"href":"https:\/\/discover-fujisawa.jp\/fr\/wp-json\/wp\/v2\/comments?post=26"}],"version-history":[{"count":10,"href":"https:\/\/discover-fujisawa.jp\/fr\/wp-json\/wp\/v2\/pages\/26\/revisions"}],"predecessor-version":[{"id":2246,"href":"https:\/\/discover-fujisawa.jp\/fr\/wp-json\/wp\/v2\/pages\/26\/revisions\/2246"}],"up":[{"embeddable":true,"href":"https:\/\/discover-fujisawa.jp\/fr\/wp-json\/wp\/v2\/pages\/18"}],"wp:attachment":[{"href":"https:\/\/discover-fujisawa.jp\/fr\/wp-json\/wp\/v2\/media?parent=26"}],"curies":[{"name":"wp","href":"https:\/\/api.w.org\/{rel}","templated":true}]}}