{"id":2633,"date":"2025-09-04T02:45:50","date_gmt":"2025-09-04T02:45:50","guid":{"rendered":"https:\/\/discover-fujisawa.jp\/?page_id=2633"},"modified":"2025-11-05T01:35:54","modified_gmt":"2025-11-05T01:35:54","slug":"enoshima","status":"publish","type":"page","link":"https:\/\/discover-fujisawa.jp\/fr\/special\/enoshima\/","title":{"rendered":"Voyage \u00e0 Enoshima : Profitez du bord de mer pr\u00e8s de Tokyo"},"content":{"rendered":"<p><\/p>\n<div class=\"position-relative rounded-4 overflow-hidden shadow-lg\">\n<div class=\"position-absolute top-0 bottom-0 start-0 end-0 hero-background\">\n<div class=\"position-absolute top-0 bottom-0 start-0 end-0 bg-dark bg-opacity-10\"><\/div>\n<\/div>\n<div class=\"hero-text position-relative z-1 p-5 p-md-5 text-center text-white d-flex align-items-center justify-content-center\" >\n<h1 class=\"display-1 fw-normal text-white\">ENOSHIMA<br \/><small style=\"font-size:70%\">Profitez du bord de mer pr\u00e8s de Tokyo<\/small><\/h1>\n<\/div>\n<\/div>\n<div id=\"e_access\" class=\"mb-5\">\n<div class=\"container\">\n<div class=\"row py-5\">\n<div class=\"col-lg-6\">\n<div class=\"py-lg-5\">\n<h2><span style=\"background:#FF7644; padding:5px 20px; border-radius:15px; font-size:20px; color:#FFFFFF\">Getting Here<\/span><\/h2>\n<h3 class=\"my-2\" style=\"color:#269EFC;\">Une superbe ville c\u00f4ti\u00e8re<br \/>\n\u00e0 seulement 1h de route de T\u00f4ky\u00f4.<\/h3>\n<p style=\"font-size:18px\">La dur\u00e9e du trajet depuis les gares de Shinjuku, Shibuya, Shinagawa, T\u00f4ky\u00f4 et Ueno est d\u2019approximativement 1h.<\/p>\n<\/div>\n<\/div>\n<div class=\"col-lg-6\"><img decoding=\"async\" class=\"img-1hour\" src=\"\/wp-content\/themes\/fujisawa\/images\/enoshima\/pic-access-1hour-fr.png\" alt=\"1 hour from Tokyo\"><\/div>\n<\/div>\n<\/div>\n<\/div>\n<div id=\"e_about\" class=\"mb-5\">\n<div class=\"container\">\n<img decoding=\"async\" src=\"\/wp-content\/themes\/fujisawa\/images\/enoshima\/pic-about-enoshima.jpg\" alt=\"Enoshima\"><\/p>\n<div class=\"item-about\">\n<div class=\"row\">\n<div class=\"col-lg-5 d-lg-flex d-none\"><img decoding=\"async\" src=\"\/wp-content\/themes\/fujisawa\/images\/enoshima\/pic-topview-enoshima.jpg\" alt=\"Enoshima\"><\/div>\n<div class=\"col-lg-7 bg-white d-flex align-items-center\">\n<p class=\"p-4\">Enoshima est une petite \u00eele d&rsquo;environ 4 km de circonf\u00e9rence, entour\u00e9e par la mer et une nature luxuriante. Le paysage, m\u00e9lange de c\u00f4tes \u00e0 couper le souffle et de sanctuaires historiques, semble tout droit sorti d&rsquo;un dessin anim\u00e9. D\u00e9couvrez cette destination japonaise enchanteresse et pittoresque, id\u00e9ale pour une excursion d&rsquo;une journ\u00e9e depuis la ville.<\/p>\n<\/div>\n<\/div>\n<\/div>\n<\/div>\n<\/div>\n<div id=\"e_photo\" class=\"py-5\">\n<h2 class=\"text-center mb-5\"><img decoding=\"async\" src=\"\/wp-content\/themes\/fujisawa\/images\/enoshima\/ttl-photo.png\" alt=\"Photo\"><\/h2>\n<div class=\"container\">\n<div class=\"row\">\n<div class=\"col-lg-5 offset-lg-1 item-photo item-photo-01 mb-3 mt-lg-5\">\n<img decoding=\"async\" src=\"\/wp-content\/themes\/fujisawa\/images\/enoshima\/img-spot-01.png\" alt=\"Photo\"><\/p>\n<p class=\"ps-3 mb-5\">Sur l&rsquo;\u00eele, vous trouverez des ruelles et des quartiers nostalgiques qui donnent l&rsquo;impression d&rsquo;un voyage dans le temps. C&rsquo;est l&rsquo;endroit id\u00e9al pour prendre de magnifiques photos de style r\u00e9tro.<\/p>\n<p><img decoding=\"async\" src=\"\/wp-content\/themes\/fujisawa\/images\/enoshima\/img-spot-03.png\" alt=\"Photo\"><\/p>\n<p class=\"ps-3 mb-5\">Sur le chemin historique menant au sanctuaire d&rsquo;Enoshima, vous trouverez une rue anim\u00e9e bord\u00e9e de boutiques, id\u00e9ale pour d\u00e9guster de la cuisine de rue locale et d\u00e9nicher des souvenirs.<\/p>\n<\/div>\n<div class=\"col-lg-5 item-photo item-photo-02 mb-3\"><img decoding=\"async\" src=\"\/wp-content\/themes\/fujisawa\/images\/enoshima\/img-spot-02.png\" alt=\"Photo\"><\/p>\n<p class=\"ps-3 mb-5\">Par temps clair, vous pouvez \u00e9galement apercevoir le mont Fuji depuis divers endroits de l&rsquo;\u00eele.<\/p>\n<p><img decoding=\"async\" src=\"\/wp-content\/themes\/fujisawa\/images\/enoshima\/img-spot-04.png\" alt=\"Photo\"><\/p>\n<p class=\"ps-3 mb-5\">En vous enfon\u00e7ant dans l&rsquo;\u00eele, vous d\u00e9couvrirez des endroits pittoresques avec de magnifiques couchers de soleil. Le littoral rocheux qui s&rsquo;\u00e9tend jusqu&rsquo;au bord de l&rsquo;eau est un point de vue parfait pour admirer le mont Fuji.<\/p>\n<\/div>\n<\/div>\n<\/div>\n<\/div>\n<div id=\"e_eat\" class=\"pb-5\">\n<div class=\"container\">\n<h2 class=\"text-center mb-2\"><img decoding=\"async\" src=\"\/wp-content\/themes\/fujisawa\/images\/enoshima\/ttl-eat.png\" alt=\"Photo\"><\/h2>\n<p class=\"text-center mb-5\">Depuis des si\u00e8cles, Enoshima est une destination populaire, et l&rsquo;esprit d&rsquo;hospitalit\u00e9 cultiv\u00e9 tout au long de son histoire a donn\u00e9 naissance \u00e0 une culture gastronomique riche et diversifi\u00e9e.<br \/>\nVous pourrez vous d\u00e9lecter de plats gastronomiques exquis que vous ne pourrez d\u00e9guster qu&rsquo;ici, tels que les bols de riz aux fruits de mer pr\u00e9par\u00e9s avec une abondance de produits frais et les c\u00e9l\u00e8bres crackers au poulpe.<br \/>\nEt pour les plus gourmands, il y a une grande vari\u00e9t\u00e9 de d\u00e9licieux desserts, des douceurs japonaises traditionnelles aux caf\u00e9s modernes et \u00e9l\u00e9gants.<\/p>\n<div class=\"row\">\n<div class=\"col-lg-10 offset-lg-1\">\n<div class=\"row gx-5\">\n<div class=\"col-lg-6 mb-4\">\n<div class=\"item-eat\">\n<p><img decoding=\"async\" src=\"\/wp-content\/themes\/fujisawa\/images\/enoshima\/img-eat-01.jpg\" alt=\"Spiny Lobster Bowl\"\/><\/p>\n<p class=\"ttl\">Bol de riz au homard<br \/><small style=\"color:#269EFC;\">Ise ebi don<\/small><\/p>\n<\/div>\n<\/div>\n<div class=\"col-lg-6 item-eat mb-4 mt-lg-5\">\n<div class=\"item-eat\">\n<p><img decoding=\"async\" src=\"\/wp-content\/themes\/fujisawa\/images\/enoshima\/img-eat-02.jpg\" alt=\"Octopus Rice Crackers\"\/><\/p>\n<p class=\"ttl\">Crackers au poulpe<br \/><small style=\"color:#269EFC;\">Tako Sembei<\/small><\/p>\n<\/div>\n<\/div>\n<div class=\"col-lg-6 item-eat mb-4\">\n<div class=\"item-eat\">\n<p><img decoding=\"async\" src=\"\/wp-content\/themes\/fujisawa\/images\/enoshima\/img-eat-03.jpg\" alt=\"Seafood Rice Bowl\/\"><\/p>\n<p class=\"ttl\">Bol de riz aux fruits de mer<br \/><small style=\"color:#269EFC;\">Kaisen don<\/small><\/p>\n<\/div>\n<\/div>\n<div class=\"col-lg-6 item-eat mb-4 mt-lg-5\">\n<div class=\"item-eat\">\n<p><img decoding=\"async\" src=\"\/wp-content\/themes\/fujisawa\/images\/enoshima\/img-eat-04.jpg\" alt=\"Meoto Manju\"\/><\/p>\n<p class=\"ttl\">Petits pains du couple mari\u00e9<br \/><small style=\"color:#269EFC;\">Meoto Manju<\/small><\/p>\n<\/div>\n<\/div>\n<\/div>\n<\/div>\n<\/div>\n<\/div>\n<\/div>\n<div id=\"e_train\" class=\"py-5 bg-white\">\n<div class=\"container\">\n<h2 class=\"text-center mb-2\"><img decoding=\"async\" src=\"\/wp-content\/themes\/fujisawa\/images\/enoshima\/ttl-train.png\" alt=\"Photo\"><\/h2>\n<p class=\"text-center mb-5\">Enoshima et Kamakura sont facilement accessibles depuis Tokyo en train, et voyager en train est de loin la meilleure fa\u00e7on de voir les sites touristiques.<br \/>\nEn profitant du paysage depuis la fen\u00eatre du train, vous pourrez admirer les villes r\u00e9tro et les c\u00f4tes pittoresques.<br \/> C&rsquo;est un moyen id\u00e9al de d\u00e9couvrir le charme unique et le romantisme des voyages en train.<\/p>\n<div class=\"row\">\n<div class=\"col-lg-10 offset-lg-1\">\n<div class=\"item-train mb-5 item-train-right\">\n<div class=\"img\">\n<p><img decoding=\"async\" src=\"\/wp-content\/themes\/fujisawa\/images\/enoshima\/img-train-01.jpg\" alt=\"Enoshima Electric Railway\"><\/p>\n<h3><span>Enoshima<\/span><br \/><span>Electric Railway<\/span><\/h3>\n<\/div>\n<div class=\"content\">\n<p class=\"p-2 mb-0\">Le train Enoden est un chemin de fer populaire, connu pour son ambiance r\u00e9tro, qui relie les deux hauts lieux touristiques d&rsquo;Enoshima et de Kamakura. Depuis la fen\u00eatre du train, vous verrez un paysage changeant d&rsquo;oc\u00e9an scintillant et de villes charmantes qui ressemblent \u00e0 une sc\u00e8ne de film ou d&rsquo;anime. C&rsquo;est le moyen id\u00e9al pour explorer les deux r\u00e9gions d&rsquo;Enoshima et de Kamakura.<\/p>\n<div class=\"d-flex justify-content-center\"><a class=\"btn-train d-inline-block me-4\" href=\"\" target=\"_blank\" rel=\"noopener\">Promotional Video<\/a> <a class=\"btn-train d-inline-block\" href=\"\" target=\"_blank\" rel=\"noopener\">Emot<\/a><\/div>\n<\/div>\n<\/div>\n<div class=\"item-train mb-5 item-train-left\">\n<div class=\"img\">\n<p><img decoding=\"async\" src=\"\/wp-content\/themes\/fujisawa\/images\/enoshima\/img-train-02.jpg\" alt=\"Shonan Monorail\"><\/p>\n<h3 class=\"text-end\"><span>Shonan<\/span><br \/><span>Monorail<\/span><\/h3>\n<\/div>\n<div class=\"content\">\n<p class=\"p-2 mb-0\">Un autre moyen d&rsquo;acc\u00e8s est le monorail de Shonan, un syst\u00e8me de monorail suspendu rare qui vous donne l&rsquo;impression de voler dans les airs. La sensation est celle de montagnes russes, ce qui fait de la balade elle-m\u00eame une attraction ! En regardant le paysage urbain en contrebas, vous profiterez d&rsquo;une exp\u00e9rience unique que vous ne trouverez nulle part ailleurs.<\/p>\n<div class=\"d-flex justify-content-center\"><a class=\"btn-train d-inline-block me-4\" href=\"\" target=\"_blank\" rel=\"noopener\">Promotional Video<\/a> <a class=\"btn-train d-inline-block\" href=\"\" target=\"_blank\" rel=\"noopener\">Asoview <\/a><\/div>\n<\/div>\n<\/div>\n<div class=\"item-train mb-5 item-train-right\">\n<div class=\"img\">\n<p><img decoding=\"async\" src=\"\/wp-content\/themes\/fujisawa\/images\/enoshima\/img-train-03.jpg\" alt=\"Odakyu Romancecar\"><\/p>\n<h3><span>Odakyu<\/span><br \/><span>Romancecar<\/span><\/h3>\n<\/div>\n<div class=\"content\">\n<p class=\"p-2 mb-0\">Si vous pr\u00e9voyez de voyager de Tokyo \u00e0 Enoshima, l&rsquo;Odakyu Romancecar est une excellente option. Ce train express limit\u00e9 est le moyen le plus pratique de se rendre d&rsquo;un point \u00e0 l&rsquo;autre. Avec son int\u00e9rieur spacieux et confortable, vous pourrez vous d\u00e9tendre et profiter du paysage changeant sur votre chemin vers l&rsquo;\u00eele.<\/p>\n<div class=\"d-flex justify-content-center\"><a class=\"btn-train d-inline-block me-4\" href=\"\" target=\"_blank\" rel=\"noopener\">Promotional Video<\/a> <a class=\"btn-train d-inline-block\" href=\"\" target=\"_blank\" rel=\"noopener\">Emot<\/a><\/div>\n<\/div>\n<\/div>\n<\/div>\n<\/div>\n<\/div>\n<\/div>\n<div id=\"e_festival\" class=\"py-5\">\n<div class=\"container\">\n<h2 class=\"text-center mb-2\"><img decoding=\"async\" src=\"\/wp-content\/themes\/fujisawa\/images\/enoshima\/ttl-festival.png\" alt=\"Illumination\"><\/h2>\n<p class=\"text-center mb-5 text-white\">D\u00e9couvrez les divers \u00e9v\u00e9nements organis\u00e9s autour du phare d&rsquo;Enoshima (Enoshima Sea Candle)!<br \/>\nDivers \u00e9v\u00e9nements saisonniers ajoutent de la couleur \u00e0 la nuit sur Enoshima.<\/p>\n<div class=\"row item-festival item-festival-left align-items-center mb-4\">\n<div class=\"col-lg-6\">\n<div class=\"img\"><img decoding=\"async\" src=\"\/wp-content\/themes\/fujisawa\/images\/enoshima\/img-festival-01.jpg\" alt=\"Illumination\"><\/div>\n<\/div>\n<div class=\"col-lg-6\">\n<div class=\"p-4 text\">\n<h3>Jewel of shonan<\/h3>\n<p>L&rsquo;une des trois illuminations majeures de la r\u00e9gion de Kanto, qui illumine magnifiquement la zone environnante.<\/p>\n<\/div>\n<\/div>\n<\/div>\n<div class=\"row item-festival item-festival-right align-items-center mb-4\">\n<div class=\"col-lg-6 order-lg-2\">\n<div class=\"img\"><img decoding=\"async\" src=\"\/wp-content\/themes\/fujisawa\/images\/enoshima\/img-festival-02.jpg\" alt=\"Illumination\"><\/div>\n<\/div>\n<div class=\"col-lg-6 order-lg-1\">\n<div class=\"p-4 text\">\n<h3>Enoshima Island Toro Lantern Festival<\/h3>\n<p>Environ 1 000 lanternes seront install\u00e9es \u00e0 divers endroits sur Enoshima. L&rsquo;\u00eele enti\u00e8re est envelopp\u00e9e d&rsquo;une lumi\u00e8re chaleureuse et c&rsquo;est un merveilleux \u00e9v\u00e9nement nocturne, tr\u00e8s fr\u00e9quent\u00e9 par les couples en yukata et d&rsquo;autres personnes.<\/p>\n<\/div>\n<\/div>\n<\/div>\n<div class=\"row item-festival item-festival-left align-items-center  mb-4\">\n<div class=\"col-lg-6\">\n<div class=\"img\"><img decoding=\"async\" src=\"\/wp-content\/themes\/fujisawa\/images\/enoshima\/img-festival-03.jpg\" alt=\"Illumination\"><\/div>\n<\/div>\n<div class=\"col-lg-6\">\n<div class=\"p-4 text\">\n<h3>Shonan Candle<\/h3>\n<p>Environ 10 000 bougies sont allum\u00e9es dans le jardin Enoshima Samuel Cocking. C&rsquo;est un agr\u00e9able \u00e9v\u00e9nement d&rsquo;automne avec de la musique live et des diaporamas.<\/p>\n<\/div>\n<\/div>\n<\/div>\n<\/div>\n<\/div>\n<div class=\"py-5 bg-white\">\n<div class=\"container\">\n<h2 class=\"text-center mb-2\"><img decoding=\"async\" src=\"\/wp-content\/themes\/fujisawa\/images\/enoshima\/ttl-access.png\" alt=\"Access\"><\/h2>\n<div class=\"row\">\n<div class=\"col-lg-10 offset-lg-1\">\n<p><img decoding=\"async\" src=\"\/wp-content\/themes\/fujisawa\/images\/enoshima\/img-access-enoshima.jpg\" alt=\"Enoshima Access\"><\/p>\n<\/div>\n<\/div>\n<\/div>\n<\/div>\n<p><\/p>","protected":false},"excerpt":{"rendered":"<p>ENOSHIMAProfitez du bord de mer pr\u00e8s de Tokyo Getting Here Une superbe ville c\u00f4ti\u00e8re \u00e0 seulement 1h de route de T\u00f4ky\u00f4. La dur\u00e9e du trajet depuis les gares de Shinjuku, Shibuya, Shinagawa, T\u00f4ky\u00f4 et Ueno est d\u2019approximativement 1h. Enoshima est une petite \u00eele d&rsquo;environ 4 km de circonf\u00e9rence, entour\u00e9e par la mer et une nature [&hellip;]<\/p>\n","protected":false},"author":1,"featured_media":2655,"parent":49,"menu_order":0,"comment_status":"closed","ping_status":"closed","template":"templates\/fullpage.php","meta":{"_acf_changed":false,"footnotes":""},"class_list":["post-2633","page","type-page","status-publish","has-post-thumbnail","hentry"],"acf":[],"aioseo_notices":[],"_links":{"self":[{"href":"https:\/\/discover-fujisawa.jp\/fr\/wp-json\/wp\/v2\/pages\/2633","targetHints":{"allow":["GET"]}}],"collection":[{"href":"https:\/\/discover-fujisawa.jp\/fr\/wp-json\/wp\/v2\/pages"}],"about":[{"href":"https:\/\/discover-fujisawa.jp\/fr\/wp-json\/wp\/v2\/types\/page"}],"author":[{"embeddable":true,"href":"https:\/\/discover-fujisawa.jp\/fr\/wp-json\/wp\/v2\/users\/1"}],"replies":[{"embeddable":true,"href":"https:\/\/discover-fujisawa.jp\/fr\/wp-json\/wp\/v2\/comments?post=2633"}],"version-history":[{"count":5,"href":"https:\/\/discover-fujisawa.jp\/fr\/wp-json\/wp\/v2\/pages\/2633\/revisions"}],"predecessor-version":[{"id":2715,"href":"https:\/\/discover-fujisawa.jp\/fr\/wp-json\/wp\/v2\/pages\/2633\/revisions\/2715"}],"up":[{"embeddable":true,"href":"https:\/\/discover-fujisawa.jp\/fr\/wp-json\/wp\/v2\/pages\/49"}],"wp:featuredmedia":[{"embeddable":true,"href":"https:\/\/discover-fujisawa.jp\/fr\/wp-json\/wp\/v2\/media\/2655"}],"wp:attachment":[{"href":"https:\/\/discover-fujisawa.jp\/fr\/wp-json\/wp\/v2\/media?parent=2633"}],"curies":[{"name":"wp","href":"https:\/\/api.w.org\/{rel}","templated":true}]}}