{"id":28,"date":"2022-05-18T06:15:47","date_gmt":"2022-05-18T06:15:47","guid":{"rendered":"https:\/\/discover-fujisawa.jp\/?page_id=28"},"modified":"2022-10-17T04:34:55","modified_gmt":"2022-10-17T04:34:55","slug":"cuisine","status":"publish","type":"page","link":"https:\/\/discover-fujisawa.jp\/fr\/sightseeing\/cuisine\/","title":{"rendered":"Cuisine locale"},"content":{"rendered":"<p><\/p>\n<p style=\"text-align: center;\">La cuisine d&rsquo;Enoshima int\u00e8gre un large choix de produits frais de la mer.<br \/>\nLe sucr\u00e9 n&rsquo;est pas en manque avec les manjus, les dangos ou le y\u00f4kan.<br \/>\nVenez d\u00e9gustez les produits d&rsquo;Enoshima,<br \/>\ntout en d\u00e9couvrant son histoire \u00e0 travers les nombreux magasins centenaires que compte l&rsquo;\u00eele.<\/p>\n<p><\/p>","protected":false},"excerpt":{"rendered":"<p>La cuisine d&rsquo;Enoshima int\u00e8gre un large choix de produits frais de la mer. Le sucr\u00e9 n&rsquo;est pas en manque avec les manjus, les dangos ou le y\u00f4kan. Venez d\u00e9gustez les produits d&rsquo;Enoshima, tout en d\u00e9couvrant son histoire \u00e0 travers les nombreux magasins centenaires que compte l&rsquo;\u00eele.<\/p>\n","protected":false},"author":1,"featured_media":0,"parent":18,"menu_order":0,"comment_status":"closed","ping_status":"closed","template":"templates\/cuisine.php","meta":{"_acf_changed":false,"footnotes":""},"class_list":["post-28","page","type-page","status-publish","hentry"],"acf":[],"aioseo_notices":[],"_links":{"self":[{"href":"https:\/\/discover-fujisawa.jp\/fr\/wp-json\/wp\/v2\/pages\/28","targetHints":{"allow":["GET"]}}],"collection":[{"href":"https:\/\/discover-fujisawa.jp\/fr\/wp-json\/wp\/v2\/pages"}],"about":[{"href":"https:\/\/discover-fujisawa.jp\/fr\/wp-json\/wp\/v2\/types\/page"}],"author":[{"embeddable":true,"href":"https:\/\/discover-fujisawa.jp\/fr\/wp-json\/wp\/v2\/users\/1"}],"replies":[{"embeddable":true,"href":"https:\/\/discover-fujisawa.jp\/fr\/wp-json\/wp\/v2\/comments?post=28"}],"version-history":[{"count":7,"href":"https:\/\/discover-fujisawa.jp\/fr\/wp-json\/wp\/v2\/pages\/28\/revisions"}],"predecessor-version":[{"id":2032,"href":"https:\/\/discover-fujisawa.jp\/fr\/wp-json\/wp\/v2\/pages\/28\/revisions\/2032"}],"up":[{"embeddable":true,"href":"https:\/\/discover-fujisawa.jp\/fr\/wp-json\/wp\/v2\/pages\/18"}],"wp:attachment":[{"href":"https:\/\/discover-fujisawa.jp\/fr\/wp-json\/wp\/v2\/media?parent=28"}],"curies":[{"name":"wp","href":"https:\/\/api.w.org\/{rel}","templated":true}]}}