{"id":3,"date":"2022-05-04T09:56:27","date_gmt":"2022-05-04T09:56:27","guid":{"rendered":"https:\/\/discover-fujisawa.jp\/?page_id=3"},"modified":"2022-09-13T05:02:06","modified_gmt":"2022-09-13T05:02:06","slug":"privacy","status":"publish","type":"page","link":"https:\/\/discover-fujisawa.jp\/fr\/privacy\/","title":{"rendered":"Privacy Policy"},"content":{"rendered":"<p><\/p>\n<div class=\"py-4\">\n<h3>1. Politique g\u00e9n\u00e9rale concernant la protection des donn\u00e9es personnelles<\/h3>\n<p>L\u2019office du tourisme de la ville de Fujisawa, association d\u2019utilit\u00e9 publique, s&rsquo;engage \u00e0 respecter les droits \u00e0 la vie priv\u00e9e des personnes consultant ce site Internet et \u00e0 leur assurer une lecture s\u00e9curis\u00e9e. Les donn\u00e9es personnelles susceptibles d&rsquo;identifier un individu telles que les noms et pr\u00e9noms, l&rsquo;adresse, le num\u00e9ro de t\u00e9l\u00e9phone ou l&rsquo;adresse de courrier \u00e9lectronique, sont trait\u00e9es conform\u00e9ment aux \u00ab\u00a0r\u00e8gles de confidentialit\u00e9 et de protection des donn\u00e9es personnelles de l\u2019office du tourisme de la ville de Fujisawa\u00a0\u00bb.<\/p>\n<\/div>\n<div class=\"py-4\">\n<h3>2. Collecte des donn\u00e9es personnelles<\/h3>\n<p>La consultation du contenu g\u00e9n\u00e9ral de ce site Internet ne d\u00e9voile aucunement vos donn\u00e9es personnelles.<br \/>\nDans certaines parties du site, il peut cependant vous \u00eatre demand\u00e9, en cas de n\u00e9cessit\u00e9, d&rsquo;indiquer vos noms et pr\u00e9noms, adresse, num\u00e9ro de t\u00e9l\u00e9phone ou adresse de courrier \u00e9lectronique. Afin de prot\u00e9ger la transmission des informations personnelles de ce formulaire, les donn\u00e9es sont soumises \u00e0 l&rsquo;Autorit\u00e9 de Certification et crypt\u00e9es gr\u00e2ce au chiffrement SSL.<br \/>\nAfin de faciliter votre navigation, nous utilisons \u00e9galement des \u00ab\u00a0cookies\u00a0\u00bb. Un \u00ab\u00a0cookie\u00a0\u00bb sert \u00e0 identifier votre ordinateur parmi les autres utilisateurs, mais ne collecte aucune information pouvant vous identifier personnellement.<\/p>\n<\/div>\n<div class=\"py-4\">\n<h3>3. Utilisation et partage des donn\u00e9es personnelles<\/h3>\n<p>Les donn\u00e9es personnelles, collect\u00e9es via le formulaire de contact ou pour une inscription, sont utilis\u00e9es dans le cadre d\u00e9fini au pr\u00e9alable de leur objectif et ne sont en aucun cas divulgu\u00e9es, except\u00e9 dans les cas suivants : lorsque nous avons votre accord personnel, lorsque nous y sommes contraints par la loi ou par le r\u00e8glement, et lorsque cela est sp\u00e9cifi\u00e9 dans les \u00ab\u00a0r\u00e8gles de confidentialit\u00e9 et de protection des donn\u00e9es personnelles de l\u2019office du tourisme de la ville de Fujisawa\u00a0\u00bb.<\/p>\n<\/div>\n<div class=\"py-4\">\n<h3>4. Gestion des donn\u00e9es personnelles<\/h3>\n<p>Les donn\u00e9es personnelles sont stock\u00e9es avec soin par les diff\u00e9rents services comp\u00e9tents, dans le cadre de mesures de protection contre la divulgation, la perte et la falsification des donn\u00e9es. Les donn\u00e9es devenues obsol\u00e8tes sont imm\u00e9diatement d\u00e9truites.<\/p>\n<\/div>\n<div class=\"py-4\">\n<h3>5. Changement de la politique de confidentialit\u00e9<\/h3>\n<p>En cas de changement de politique de confidentialit\u00e9, nous l\u2019indiquerons sur ce site. Nous ne contactons pas les utilisateurs individuellement.<\/p>\n<\/div>\n<div class=\"py-4\">\n<h3>6. Demande d&rsquo;informations concernant les donn\u00e9es personnelles<\/h3>\n<p>Pour toute demande d\u2019informations concernant les donn\u00e9es personnelles ou leur utilisation, merci de nous contacter \u00e0 l\u2019aide du formulaire de contact de ce site web<\/p>\n<\/div>\n<p><\/p>","protected":false},"excerpt":{"rendered":"<p>1. Politique g\u00e9n\u00e9rale concernant la protection des donn\u00e9es personnelles L\u2019office du tourisme de la ville de Fujisawa, association d\u2019utilit\u00e9 publique, s&rsquo;engage \u00e0 respecter les droits \u00e0 la vie priv\u00e9e des personnes consultant ce site Internet et \u00e0 leur assurer une lecture s\u00e9curis\u00e9e. Les donn\u00e9es personnelles susceptibles d&rsquo;identifier un individu telles que les noms et pr\u00e9noms, [&hellip;]<\/p>\n","protected":false},"author":1,"featured_media":0,"parent":0,"menu_order":0,"comment_status":"closed","ping_status":"closed","template":"templates\/fullpage.php","meta":{"_acf_changed":false,"footnotes":""},"class_list":["post-3","page","type-page","status-publish","hentry"],"acf":[],"aioseo_notices":[],"_links":{"self":[{"href":"https:\/\/discover-fujisawa.jp\/fr\/wp-json\/wp\/v2\/pages\/3","targetHints":{"allow":["GET"]}}],"collection":[{"href":"https:\/\/discover-fujisawa.jp\/fr\/wp-json\/wp\/v2\/pages"}],"about":[{"href":"https:\/\/discover-fujisawa.jp\/fr\/wp-json\/wp\/v2\/types\/page"}],"author":[{"embeddable":true,"href":"https:\/\/discover-fujisawa.jp\/fr\/wp-json\/wp\/v2\/users\/1"}],"replies":[{"embeddable":true,"href":"https:\/\/discover-fujisawa.jp\/fr\/wp-json\/wp\/v2\/comments?post=3"}],"version-history":[{"count":1,"href":"https:\/\/discover-fujisawa.jp\/fr\/wp-json\/wp\/v2\/pages\/3\/revisions"}],"predecessor-version":[{"id":314,"href":"https:\/\/discover-fujisawa.jp\/fr\/wp-json\/wp\/v2\/pages\/3\/revisions\/314"}],"wp:attachment":[{"href":"https:\/\/discover-fujisawa.jp\/fr\/wp-json\/wp\/v2\/media?parent=3"}],"curies":[{"name":"wp","href":"https:\/\/api.w.org\/{rel}","templated":true}]}}