{"id":30,"date":"2022-05-18T06:16:17","date_gmt":"2022-05-18T06:16:17","guid":{"rendered":"https:\/\/discover-fujisawa.jp\/?page_id=30"},"modified":"2022-10-17T04:39:34","modified_gmt":"2022-10-17T04:39:34","slug":"nightspot","status":"publish","type":"page","link":"https:\/\/discover-fujisawa.jp\/fr\/sightseeing\/nightspot\/","title":{"rendered":"Vie nocturne et bars"},"content":{"rendered":"<p><\/p>\n<p style=\"text-align: center;\">Nous vous pr\u00e9sentons ici les endroits o\u00f9 profiter de la vie nocturne de Fujisawa autour d\u2019un bon repas et d\u2019un verre.<br \/>\nAppr\u00e9ciez pleinement Fujisawa de nuit, dans une ambiance tr\u00e8s diff\u00e9rente de celle de la journ\u00e9e.<\/p>\n<p><\/p>","protected":false},"excerpt":{"rendered":"<p>Nous vous pr\u00e9sentons ici les endroits o\u00f9 profiter de la vie nocturne de Fujisawa autour d\u2019un bon repas et d\u2019un verre. Appr\u00e9ciez pleinement Fujisawa de nuit, dans une ambiance tr\u00e8s diff\u00e9rente de celle de la journ\u00e9e.<\/p>\n","protected":false},"author":1,"featured_media":0,"parent":18,"menu_order":0,"comment_status":"closed","ping_status":"closed","template":"templates\/nightlife.php","meta":{"_acf_changed":false,"footnotes":""},"class_list":["post-30","page","type-page","status-publish","hentry"],"acf":[],"aioseo_notices":[],"_links":{"self":[{"href":"https:\/\/discover-fujisawa.jp\/fr\/wp-json\/wp\/v2\/pages\/30","targetHints":{"allow":["GET"]}}],"collection":[{"href":"https:\/\/discover-fujisawa.jp\/fr\/wp-json\/wp\/v2\/pages"}],"about":[{"href":"https:\/\/discover-fujisawa.jp\/fr\/wp-json\/wp\/v2\/types\/page"}],"author":[{"embeddable":true,"href":"https:\/\/discover-fujisawa.jp\/fr\/wp-json\/wp\/v2\/users\/1"}],"replies":[{"embeddable":true,"href":"https:\/\/discover-fujisawa.jp\/fr\/wp-json\/wp\/v2\/comments?post=30"}],"version-history":[{"count":10,"href":"https:\/\/discover-fujisawa.jp\/fr\/wp-json\/wp\/v2\/pages\/30\/revisions"}],"predecessor-version":[{"id":2034,"href":"https:\/\/discover-fujisawa.jp\/fr\/wp-json\/wp\/v2\/pages\/30\/revisions\/2034"}],"up":[{"embeddable":true,"href":"https:\/\/discover-fujisawa.jp\/fr\/wp-json\/wp\/v2\/pages\/18"}],"wp:attachment":[{"href":"https:\/\/discover-fujisawa.jp\/fr\/wp-json\/wp\/v2\/media?parent=30"}],"curies":[{"name":"wp","href":"https:\/\/api.w.org\/{rel}","templated":true}]}}