{"id":41,"date":"2022-05-18T06:20:48","date_gmt":"2022-05-18T06:20:48","guid":{"rendered":"https:\/\/discover-fujisawa.jp\/?page_id=41"},"modified":"2023-09-22T02:13:48","modified_gmt":"2023-09-22T02:13:48","slug":"activities","status":"publish","type":"page","link":"https:\/\/discover-fujisawa.jp\/fr\/other-info\/activities\/","title":{"rendered":"Activit\u00e9s"},"content":{"rendered":"<p><\/p>\n<div class=\"py-5\">\n<p class=\"text-center\">L\u2019\u00eele Enoshima de Fujisawa vous propose de nombreuses activit\u00e9s li\u00e9es \u00e0 sa condition de station baln\u00e9aire.<br \/>\nIl est \u00e9galement possible de vivre une exp\u00e9rience culturelle avec des explications en anglais, comme la pr\u00e9paration de sushi.<br \/>\nN\u2019h\u00e9sitez pas \u00e0 venir tenter l\u2019exp\u00e9rience lors des s\u00e9ances d\u00e9couverte ouvertes aux d\u00e9butants.<\/p>\n<\/div>\n<h2 class=\"text-center\">D\u00e9couverte des sports nautiques<\/h2>\n<div class=\"row\">\n<div class=\"col-lg-5 mb-4\"><img decoding=\"async\" class=\"img-fluid img-round\" src=\"\/wp-content\/uploads\/2022\/09\/activities-water-spot-hansa.jpg\" alt=\"\" \/><\/div>\n<div class=\"col-lg-7 mb-4\">\n<h3>La voile de classe Hansa<\/h3>\n<p>\u00c0 Sh\u00f4nan, vous pouvez pratiquer la voile \u00e0 travers des s\u00e9ances d\u00e9couverte des bateaux de classe Hansa*. M\u00eame si vous n\u2019avez jamais naviguer, vous pourrez voguer en toute s\u00e9curit\u00e9.<\/p>\n<p>* Les bateaux Hansa sont typiquement tr\u00e8s s\u00e9curis\u00e9s, insubmersibles et facilement navigables. Venez donc vous essayer \u00e0 ce sport, sur les eaux o\u00f9 auront lieu les \u00e9preuves de voile des Jeux Olympiques de T\u00f4ky\u00f4 2020 !<\/p>\n<p class=\"text-center\"><a class=\"btn btn-primary btn-newtab mt-3\" href=\"http:\/\/www.s-n-p.jp\/english\/enoshima-yacht-harbor\/\" target=\"_blank\" rel=\"noopener\">Contact: Sh\u00f4nan Nagisa Park<\/a><\/p>\n<\/div>\n<\/div>\n<p class=\"text-center\">Les \u00e9tablissements indiqu\u00e9s ci-dessous vous permettent \u00e9galement de d\u00e9couvrir le surf,<br \/>\nle cano\u00eb, le stand up paddle (planche \u00e0 rame), etc&#8230;<\/p>\n<p><\/p>","protected":false},"excerpt":{"rendered":"<p>L\u2019\u00eele Enoshima de Fujisawa vous propose de nombreuses activit\u00e9s li\u00e9es \u00e0 sa condition de station baln\u00e9aire. Il est \u00e9galement possible de vivre une exp\u00e9rience culturelle avec des explications en anglais, comme la pr\u00e9paration de sushi. N\u2019h\u00e9sitez pas \u00e0 venir tenter l\u2019exp\u00e9rience lors des s\u00e9ances d\u00e9couverte ouvertes aux d\u00e9butants. D\u00e9couverte des sports nautiques La voile de [&hellip;]<\/p>\n","protected":false},"author":1,"featured_media":0,"parent":20,"menu_order":0,"comment_status":"closed","ping_status":"closed","template":"templates\/activities.php","meta":{"_acf_changed":false,"footnotes":""},"class_list":["post-41","page","type-page","status-publish","hentry"],"acf":[],"aioseo_notices":[],"_links":{"self":[{"href":"https:\/\/discover-fujisawa.jp\/fr\/wp-json\/wp\/v2\/pages\/41","targetHints":{"allow":["GET"]}}],"collection":[{"href":"https:\/\/discover-fujisawa.jp\/fr\/wp-json\/wp\/v2\/pages"}],"about":[{"href":"https:\/\/discover-fujisawa.jp\/fr\/wp-json\/wp\/v2\/types\/page"}],"author":[{"embeddable":true,"href":"https:\/\/discover-fujisawa.jp\/fr\/wp-json\/wp\/v2\/users\/1"}],"replies":[{"embeddable":true,"href":"https:\/\/discover-fujisawa.jp\/fr\/wp-json\/wp\/v2\/comments?post=41"}],"version-history":[{"count":9,"href":"https:\/\/discover-fujisawa.jp\/fr\/wp-json\/wp\/v2\/pages\/41\/revisions"}],"predecessor-version":[{"id":2415,"href":"https:\/\/discover-fujisawa.jp\/fr\/wp-json\/wp\/v2\/pages\/41\/revisions\/2415"}],"up":[{"embeddable":true,"href":"https:\/\/discover-fujisawa.jp\/fr\/wp-json\/wp\/v2\/pages\/20"}],"wp:attachment":[{"href":"https:\/\/discover-fujisawa.jp\/fr\/wp-json\/wp\/v2\/media?parent=41"}],"curies":[{"name":"wp","href":"https:\/\/api.w.org\/{rel}","templated":true}]}}