{"id":43,"date":"2022-05-18T06:21:13","date_gmt":"2022-05-18T06:21:13","guid":{"rendered":"https:\/\/discover-fujisawa.jp\/?page_id=43"},"modified":"2022-12-14T05:38:10","modified_gmt":"2022-12-14T05:38:10","slug":"olympic","status":"publish","type":"page","link":"https:\/\/discover-fujisawa.jp\/fr\/other-info\/olympic\/","title":{"rendered":"Les Jeux olympiques"},"content":{"rendered":"<p><\/p>\n<div class=\"row py-4 align-items-center\">\n<div class=\"col-lg-6\"><img decoding=\"async\" class=\"img-fluid\" src=\"\/wp-content\/uploads\/2022\/06\/olympic_img01.jpg\" alt=\"\" \/><\/div>\n<div class=\"col-lg-6\">\n<h3>Enoshima, l\u2019endroit o\u00f9 a eu lieu deux jeux olympiques.<\/h3>\n<p>Les sports nautiques sont populaires \u00e0 Fujisawa, une ville pittoresque qui fait face \u00e0 la baie de Sagami.<br \/>\nParmi ces sports, la comp\u00e9tition de voile a eu lieu deux fois \u00e0 Enoshima Yacht Harbour lors des Jeux olympiques de Tokyo 1964 et 2020. Par une journ\u00e9e ensoleill\u00e9e, il est possible d\u2019apercevoir le mont Fuji au-dessus d\u2019Enoshima depuis le parcours de la course. C\u2019est l\u2019un des sites de comp\u00e9tition de voile les plus beaux au monde.<br \/>\nEnoshima Yacht Harbour est devenu le centre de la navigation \u00e0 voile au Japon. Apr\u00e8s avoir pris la d\u00e9cision d\u2019organiser les Jeux de Tokyo en 2020, d\u2019autres comp\u00e9titions internationales \u00e0 grande \u00e9chelle telles que la Coupe du monde de voile ont eu lieu dans la ville. Ce fut l\u2019occasion pour le public d\u2019\u00e9changer avec les meilleurs marins du monde entier.<\/p>\n<\/div>\n<\/div>\n<div class=\"row py-4 align-items-center\">\n<div class=\"col-lg-6 order-lg-2 order-1\"><img decoding=\"async\" class=\"img-fluid\" src=\"\/wp-content\/uploads\/2022\/06\/olympic_img02.jpg\" alt=\"\" \/><\/div>\n<div class=\"col-lg-6 order-lg-1 order-2\">\n<p>\u00c0 l\u2019\u00e9poque, les fr\u00e8res Kall, de l\u2019\u00e9quipe su\u00e9doise qui faisait partie du peloton de t\u00eate, avaient finalement termin\u00e9s 11\u00e8me apr\u00e8s avoir rebrouss\u00e9 chemin pour secourir un navigateur australien tomb\u00e9 \u00e0 l\u2019eau suite aux vents forts qui secouaient la mer. Pour \u00e9voquer cet \u00e9pisode, les journaux du lendemain parl\u00e8rent alors de \u00ab m\u00e9daille d\u2019or de l\u2019humanit\u00e9 \u00bb. \u00ab En cas de d\u00e9tresse en mer, pour un marin, rien de plus normal que de porter secours, quelles que soient les circonstances \u00bb comment\u00e8rent dans un sourire les deux sauveurs. Cet \u00e9pisode est racont\u00e9 aux enfants dans le cadre de l\u2019\u00e9ducation des bonnes mani\u00e8res dans les \u00e9coles primaires du Japon.<\/p>\n<\/div>\n<\/div>\n<div class=\"row py-4 align-items-center text-center\">\n<div class=\"col-lg-6\"><img decoding=\"async\" class=\"img-fluid img-round\" src=\"\/wp-content\/uploads\/2022\/06\/olympic_img05.jpg\" alt=\"\" \/><\/p>\n<p class=\"fst-italic\">Photo offerte par la ville de Fujisawa<\/p>\n<\/div>\n<div class=\"col-lg-6\"><img decoding=\"async\" class=\"img-fluid img-round\" src=\"\/wp-content\/uploads\/2022\/06\/olympic_img06.jpg\" alt=\"\" \/><\/p>\n<p class=\"fst-italic\">Photo offerte par la ville de Fujisawa<\/p>\n<\/div>\n<\/div>\n<div class=\"row py-4 align-items-center\">\n<div class=\"col-lg-6\"><img decoding=\"async\" class=\"img-fluid img-round\"\" src=\"\/wp-content\/uploads\/2022\/06\/olympic_img07.jpg\" alt=\"\" \/><\/div>\n<div class=\"col-lg-6\">\n<p>Les Jeux de Tokyo 2020 ont \u00e9t\u00e9 report\u00e9s d\u2019un an en raison de la propagation du Covid-19 et se sont d\u00e9roul\u00e9s sans spectateurs en 2021. N\u00e9anmoins, la ville a \u00e9t\u00e9 d\u00e9cor\u00e9e aux couleurs des Jeux de Tokyo 2020 pour accueillir les \u00e9quipes de voile de chaque pays.<br \/>\nLa r\u00e9gate a attir\u00e9 350 athl\u00e8tes de 65 pays et r\u00e9gions qui se sont affront\u00e9s dans une comp\u00e9tition acharn\u00e9e pendant 11 jours, du 25 juillet au 4 ao\u00fbt 2021.<\/p>\n<\/div>\n<\/div>\n<div class=\"row py-4 align-items-center\">\n<div class=\"col-lg-6 order-lg-2 order-1\"><img decoding=\"async\" class=\"img-fluid img-round\" src=\"\/wp-content\/uploads\/2022\/06\/olympic_img08.jpg\" alt=\"\" \/><\/div>\n<div class=\"col-lg-6 order-lg-1 order-2\">\n<p>Lors des Jeux de Tokyo 2020, le contact entre les athl\u00e8tes et leur entourage et la population locale a \u00e9t\u00e9 restreint pour \u00e9viter toute propagation du Covid-19. Les athl\u00e8tes ont cependant \u00e9t\u00e9 accueillis avec la plus grande hospitalit\u00e9. Les habitants ont dans\u00e9 les danses \u00ab\u2009Tokyo Gorin Ondo 2020\u2009\u00bb et \u00ab\u2009Enoshima Yacht Ondo\u2009\u00bb depuis le pont de Enoshima et devant le site des courses pour les athl\u00e8tes se dirigeant vers le site de la comp\u00e9tition d\u2019Enoshima en bus. De plus, les athl\u00e8tes ont appr\u00e9ci\u00e9 l\u2019hospitalit\u00e9 chaleureuse des volontaires olympique \u00ab\u2009City Cast Fujisawa\u2009\u00bb qui les accueillaient chaque jour en les encourageant et en agitant des drapeaux.<\/p>\n<\/div>\n<\/div>\n<div class=\"row py-4 align-items-center\">\n<div class=\"col-lg-6\"><img decoding=\"async\" class=\"img-fluid img-round\" src=\"\/wp-content\/uploads\/2022\/06\/olympic_img04.jpg\" alt=\"\" \/><\/div>\n<div class=\"col-lg-6\">\n<p>Le port de plaisance d\u2019Enoshima abrite la vasque qui a accueilli la flamme olympique lors des \u00e9preuves de voile des Jeux de 1964, ainsi que le monument comm\u00e9morant les Jeux de Tokyo 2020 install\u00e9 juste \u00e0 c\u00f4t\u00e9.<br \/>\nLe Shonan Port Yacht House et le Nakatsumiya Wood Deck sont \u00e9quip\u00e9s de plaques nominatives grav\u00e9es avec l\u2019horaire des courses de voile, le parcours et les noms des athl\u00e8tes qui ont particip\u00e9.<\/p>\n<\/div>\n<\/div>\n<div class=\"card border-primary my-4\">\n<div class=\"card-body\">\n<blockquote class=\"blockquote text-center\">\n<p class=\"mb-0 fst-italic  text-primary\">N\u2019h\u00e9sitez pas \u00e0 venir visiter Enoshima\u2009! <br \/>Nous esp\u00e9rons que l\u2019accueil chaleureux des habitants, <br \/>la brise marine et les r\u00e9gates vous laisseront un souvenir imp\u00e9rissable.<\/p>\n<\/blockquote>\n<\/div>\n<\/div>\n<p><\/p>","protected":false},"excerpt":{"rendered":"<p>Enoshima, l\u2019endroit o\u00f9 a eu lieu deux jeux olympiques. Les sports nautiques sont populaires \u00e0 Fujisawa, une ville pittoresque qui fait face \u00e0 la baie de Sagami. Parmi ces sports, la comp\u00e9tition de voile a eu lieu deux fois \u00e0 Enoshima Yacht Harbour lors des Jeux olympiques de Tokyo 1964 et 2020. Par une journ\u00e9e [&hellip;]<\/p>\n","protected":false},"author":1,"featured_media":0,"parent":20,"menu_order":0,"comment_status":"closed","ping_status":"closed","template":"templates\/fullpage.php","meta":{"_acf_changed":false,"footnotes":""},"class_list":["post-43","page","type-page","status-publish","hentry"],"acf":[],"aioseo_notices":[],"_links":{"self":[{"href":"https:\/\/discover-fujisawa.jp\/fr\/wp-json\/wp\/v2\/pages\/43","targetHints":{"allow":["GET"]}}],"collection":[{"href":"https:\/\/discover-fujisawa.jp\/fr\/wp-json\/wp\/v2\/pages"}],"about":[{"href":"https:\/\/discover-fujisawa.jp\/fr\/wp-json\/wp\/v2\/types\/page"}],"author":[{"embeddable":true,"href":"https:\/\/discover-fujisawa.jp\/fr\/wp-json\/wp\/v2\/users\/1"}],"replies":[{"embeddable":true,"href":"https:\/\/discover-fujisawa.jp\/fr\/wp-json\/wp\/v2\/comments?post=43"}],"version-history":[{"count":8,"href":"https:\/\/discover-fujisawa.jp\/fr\/wp-json\/wp\/v2\/pages\/43\/revisions"}],"predecessor-version":[{"id":2231,"href":"https:\/\/discover-fujisawa.jp\/fr\/wp-json\/wp\/v2\/pages\/43\/revisions\/2231"}],"up":[{"embeddable":true,"href":"https:\/\/discover-fujisawa.jp\/fr\/wp-json\/wp\/v2\/pages\/20"}],"wp:attachment":[{"href":"https:\/\/discover-fujisawa.jp\/fr\/wp-json\/wp\/v2\/media?parent=43"}],"curies":[{"name":"wp","href":"https:\/\/api.w.org\/{rel}","templated":true}]}}