{"id":45,"date":"2022-05-18T06:21:51","date_gmt":"2022-05-18T06:21:51","guid":{"rendered":"https:\/\/discover-fujisawa.jp\/?page_id=45"},"modified":"2022-11-03T02:35:13","modified_gmt":"2022-11-03T02:35:13","slug":"film","status":"publish","type":"page","link":"https:\/\/discover-fujisawa.jp\/fr\/other-info\/film\/","title":{"rendered":"La commission du film Sh\u00f4nan Fujisawa"},"content":{"rendered":"<p><\/p>\n<div class=\"py-4\">Parmi les activit\u00e9s de l\u2019office du tourisme de Fujisawa, organis\u00e9 en k\u00f4eki shadan h\u00f4jin (association d\u2019utilit\u00e9 publique), se trouve la commission du film Sh\u00f4nan Fujisawa.<br \/>\nSon objectif est d\u2019attirer les productions de cin\u00e9ma, de s\u00e9ries t\u00e9l\u00e9vis\u00e9es, d\u2019anim\u00e9s ou de documentaires de voyage \u00e0 Fujisawa et de leur apporter une aide dans la prise de vue et dans le reportage, afin de diffuser dans tout le pays des images de la ville et ainsi contribuer \u00e0 la promotion du tourisme et de la r\u00e9gion.<\/p>\n<p>La commission est active au Japon, mais a \u00e9galement attir\u00e9 des \u00e9quipes de documentaire de voyage en provenance de Taiwan ou de Singapour. <\/p>\n<p class=\"text-center\"><a class=\"btn btn-primary btn-newtab\" target=\"_blank\" href=\"http:\/\/www.shonanfujisawa.jp\/\" rel=\"noopener\">Site Internet de la commission du film Sh\u00f4nan Fujisawa<\/a><\/p>\n<\/div>\n<div class=\"py-4\">\n<h2 class=\"text-center mb-3\">\u0152uvres ayant re\u00e7u l\u2019aide de la ville de Fujisawa<\/h2>\n<div class=\"row\">\n<div class=\"col-lg-4 col-6 mb-3\"><img decoding=\"async\" class=\"img-fluid\" src=\"\/wp-content\/uploads\/2022\/06\/img-film-01.jpg\" \/><\/p>\n<h3>Outrage Beyond<\/h3>\n<\/div>\n<div class=\"col-lg-4 col-6 mb-3\"><img decoding=\"async\" class=\"img-fluid\" src=\"\/wp-content\/uploads\/2022\/06\/img-film-02.jpg\" \/><\/p>\n<h3>Taiy\u00f4 to umi no ky\u00f4shitsu<\/h3>\n<\/div>\n<div class=\"col-lg-4 col-6 mb-3\"><img decoding=\"async\" class=\"img-fluid\" src=\"\/wp-content\/uploads\/2022\/06\/img-film-03.jpg\" \/><\/p>\n<h3>252 seizonsha ari<\/h3>\n<\/div>\n<div class=\"col-lg-4 col-6 mb-3\"><img decoding=\"async\" class=\"img-fluid\" src=\"\/wp-content\/uploads\/2022\/06\/img-film-04.jpg\" \/><\/p>\n<h3>Hot Road<\/h3>\n<\/div>\n<div class=\"col-lg-4 col-6 mb-3\"><img decoding=\"async\" class=\"img-fluid\" src=\"\/wp-content\/uploads\/2022\/06\/img-film-05.jpg\" \/><\/p>\n<h3>Yatterman<\/h3>\n<\/div>\n<div class=\"col-lg-4 col-6 mb-3\"><img decoding=\"async\" class=\"img-fluid\" src=\"\/wp-content\/uploads\/2022\/06\/img-film-06.jpg\" \/><\/p>\n<h3>Malaysia 8TV, reportage sur Enoshima<\/h3>\n<\/div>\n<\/div>\n<\/div>\n<p><\/p>","protected":false},"excerpt":{"rendered":"<p>Parmi les activit\u00e9s de l\u2019office du tourisme de Fujisawa, organis\u00e9 en k\u00f4eki shadan h\u00f4jin (association d\u2019utilit\u00e9 publique), se trouve la commission du film Sh\u00f4nan Fujisawa. Son objectif est d\u2019attirer les productions de cin\u00e9ma, de s\u00e9ries t\u00e9l\u00e9vis\u00e9es, d\u2019anim\u00e9s ou de documentaires de voyage \u00e0 Fujisawa et de leur apporter une aide dans la prise de vue [&hellip;]<\/p>\n","protected":false},"author":1,"featured_media":0,"parent":20,"menu_order":0,"comment_status":"closed","ping_status":"closed","template":"templates\/about.php","meta":{"_acf_changed":false,"footnotes":""},"class_list":["post-45","page","type-page","status-publish","hentry"],"acf":[],"aioseo_notices":[],"_links":{"self":[{"href":"https:\/\/discover-fujisawa.jp\/fr\/wp-json\/wp\/v2\/pages\/45","targetHints":{"allow":["GET"]}}],"collection":[{"href":"https:\/\/discover-fujisawa.jp\/fr\/wp-json\/wp\/v2\/pages"}],"about":[{"href":"https:\/\/discover-fujisawa.jp\/fr\/wp-json\/wp\/v2\/types\/page"}],"author":[{"embeddable":true,"href":"https:\/\/discover-fujisawa.jp\/fr\/wp-json\/wp\/v2\/users\/1"}],"replies":[{"embeddable":true,"href":"https:\/\/discover-fujisawa.jp\/fr\/wp-json\/wp\/v2\/comments?post=45"}],"version-history":[{"count":11,"href":"https:\/\/discover-fujisawa.jp\/fr\/wp-json\/wp\/v2\/pages\/45\/revisions"}],"predecessor-version":[{"id":2086,"href":"https:\/\/discover-fujisawa.jp\/fr\/wp-json\/wp\/v2\/pages\/45\/revisions\/2086"}],"up":[{"embeddable":true,"href":"https:\/\/discover-fujisawa.jp\/fr\/wp-json\/wp\/v2\/pages\/20"}],"wp:attachment":[{"href":"https:\/\/discover-fujisawa.jp\/fr\/wp-json\/wp\/v2\/media?parent=45"}],"curies":[{"name":"wp","href":"https:\/\/api.w.org\/{rel}","templated":true}]}}