{"id":51,"date":"2022-05-18T06:23:52","date_gmt":"2022-05-18T06:23:52","guid":{"rendered":"https:\/\/discover-fujisawa.jp\/?page_id=51"},"modified":"2022-11-03T04:08:22","modified_gmt":"2022-11-03T04:08:22","slug":"fuji","status":"publish","type":"page","link":"https:\/\/discover-fujisawa.jp\/fr\/special\/fuji\/","title":{"rendered":"Points de vue sur le Mont Fuji"},"content":{"rendered":"<p><\/p>\n<h2 class=\"mb-4 text-center ttl-h2-content\">Des vues magnifiques sur le mont Fuji<\/h2>\n<div class=\"row mb-4\">\n<div class=\"col-lg-4 item-fuji\">\n<img decoding=\"async\" class=\"img-fluid img-round\" src=\"\/wp-content\/themes\/fujisawa\/images\/fuji-spot-01.jpg\" alt=\"\"><\/p>\n<div class=\"ttl-fuji\">\n<h3>La plage Nishihama de Katase-Kaigan et Kugenuma-Kaigan<\/h3>\n<p><a class=\"meta-map\" href=\"https:\/\/goo.gl\/maps\/YMPMcf7ffSs\" target=\"_blank\" rel=\"noopener\">Carte<\/a><\/div>\n<p>En face de vous, Enoshima. \u00c0 l&rsquo;ouest, vous pouvez admirer une cha\u00eene de montagnes avec le Fuji, Hakone et Izu. Les vagues roulent calmement et la mer est peu profonde au large des c\u00f4tes. Le mont Fuji s&rsquo;offre \u00e9galement \u00e0 vous dans toute sa splendeur du haut du balcon panoramique de l&rsquo;aquarium Shin-Enoshima, situ\u00e9 \u00e0 Katase-Kaigan.<\/p>\n<\/div>\n<div class=\"col-lg-4 item-fuji\">\n<img decoding=\"async\" class=\"img-fluid img-round\" src=\"\/wp-content\/themes\/fujisawa\/images\/fuji-spot-02.jpg\" alt=\"\"><\/p>\n<div class=\"ttl-fuji\">\n<h3>La promenade du port de p\u00eache de Katase<\/h3>\n<p><a class=\"meta-map\" href=\"https:\/\/goo.gl\/maps\/78ggtgbDhXJ2\" target=\"_blank\" rel=\"noopener\">Carte<\/a><\/div>\n<p>Les brise-lames est et ouest du port de p\u00eache de Katase permettent d\u2019admirer la mer de Sh\u00f4nan en se promenant.<\/p>\n<\/div>\n<div class=\"col-lg-4 item-fuji\">\n<img decoding=\"async\" class=\"img-fluid img-round\" src=\"\/wp-content\/themes\/fujisawa\/images\/fuji-spot-03.jpg\" alt=\"\"><\/p>\n<div class=\"ttl-fuji\">\n<h3>Le pont Bentenbashi d\u2019Enoshima<\/h3>\n<p><a class=\"meta-map\" href=\"https:\/\/goo.gl\/maps\/L6PbdgPANAU2\" target=\"_blank\" rel=\"noopener\">Carte<\/a><\/div>\n<p>Il s\u2019agit d\u2019un pont de 389 m de long reliant la c\u00f4te de Katase-Kaigan \u00e0 Enoshima.<br \/>\nInscrit dans les 100 plus beaux ponts de Kanagawa.<\/p>\n<\/div>\n<div class=\"col-lg-4 item-fuji\">\n<img decoding=\"async\" class=\"img-fluid img-round\" src=\"\/wp-content\/themes\/fujisawa\/images\/fuji-spot-04.jpg\" alt=\"\"><\/p>\n<div class=\"ttl-fuji\">\n<h3>Enoshima Sea Candle (phare d\u2019observation)<\/h3>\n<p><a class=\"meta-map\" href=\"https:\/\/goo.gl\/maps\/igToopwNLdH2\" target=\"_blank\" rel=\"noopener\">Carte<\/a><\/div>\n<p>La tour symbole d\u2019Enoshima. Haute de 59,8 m et \u00e0 119,6 m du sol, elle donne sur le mont Fuji et offre \u00e9galement une vue \u00e0 360\u00b0 sur la baie de Sagami. Le plus beau panorama de l\u2019\u00eele d\u2019Enoshima.<\/p>\n<\/div>\n<div class=\"col-lg-4 item-fuji\">\n<img decoding=\"async\" class=\"img-fluid img-round\" src=\"\/wp-content\/themes\/fujisawa\/images\/fuji-spot-05.jpg\" alt=\"\"><\/p>\n<div class=\"ttl-fuji\">\n<h3>La fosse de Chigoga-fuchi<\/h3>\n<p><a class=\"meta-map\" href=\"https:\/\/goo.gl\/maps\/WJWDo2UegxN2\" target=\"_blank\" rel=\"noopener\">Carte<\/a><\/div>\n<p>L\u2019air sec de l\u2019hiver y offre une superbe vue sur le mont Fuji.<br \/>\nSon coucher de soleil est \u00e9galement r\u00e9put\u00e9 et fait partie des 50 plus beaux paysages de Kanagawa.<br \/>\nQuand le temps le permet, il est possible de descendre dans les caves d\u2019Iwaya ou de profiter des rochers pour jouer et pratiquer la p\u00eache.<\/p>\n<\/div>\n<\/div>\n<p><!-- \/.row--><\/p>\n<div class=\"map-fuji py-5\"><iframe loading=\"lazy\" src=\"https:\/\/www.google.com\/maps\/d\/u\/1\/embed?key=AIzaSyDpSbA7mPD7tiutT5GU6QH--dbr92s66GY&#038;mid=z-p4PEbuVxAg.kuDU_V9VNXD8\" width=\"100%\" height=\"400\" frameborder=\"0\" style=\"border:0\" allowfullscreen><\/iframe><\/div>\n<h2 class=\"mb-4 text-center ttl-h2-content\">Les charmes du mont Fuji sous toutes les coutures<\/h2>\n<div class=\"row mb-2 align-items-center\">\n<div class=\"col-lg-6\">\n<div class=\"fuji-body\">\n<h3>Le diamant et la perle du mont Fuji<\/h3>\n<p>Chaque ann\u00e9e, d\u00e9but avril et d\u00e9but septembre, il est possible d\u2019observer le diamant du mont Fuji.*<br \/>\nCe nom d\u00e9signe le ph\u00e9nom\u00e8ne optique qui voit le soleil se dresser juste \u00e0 la pointe du mont Fuji.<br \/>\nDans les environs d\u2019Enoshima, le soleil descend en plein dans l\u2019axe du 3 au 6 avril et du 5 au 8 septembre.<br \/>\n*La visibilit\u00e9 d\u00e9pend des conditions m\u00e9t\u00e9orologiques.<\/p>\n<\/div>\n<\/div>\n<div class=\"col-lg-6 text-center\">\n<img decoding=\"async\" class=\"img-fluid img-round \" src=\"\/wp-content\/themes\/fujisawa\/images\/fuji-spot-diamon.jpg\" alt=\"\"><\/p>\n<p class=\"mt-1 text-center\">Le diamant du mont Fuji<\/p>\n<\/div>\n<\/div>\n<p><!-- \/.row--><\/p>\n<div class=\"row mb-5 align-items-center\">\n<div class=\"col-lg-6 order-lg-2 order-1\">\n<div class=\"fuji-body\">\n<p>La perle du mont Fuji d\u00e9signe l\u2019instant o\u00f9 la pleine lune vient se poser sur le sommet, mais les dates n\u2019\u00e9tant pas fixes d\u2019une ann\u00e9e sur l\u2019autre, vous ne pourrez observer ce ph\u00e9nom\u00e8ne que si vous avez de la chance&#8230;<\/p>\n<p>Il n\u2019y a pas qu\u2019Enoshima pour admirer le mont Fuji.<\/p>\n<p>De nombreux endroits de la ville de Fujisawa se nomment \u00ab Fujimi \u00bb, ce qui signifie \u00ab\u00a0vue sur le Fuji\u00a0\u00bb : la colline Fujimi-saka, Fujimidai, le pont Fujimi-bashi, etc&#8230;<\/p>\n<\/div>\n<\/div>\n<div class=\"col-lg-6 order-lg-1 order-2 text-center\">\n<img decoding=\"async\" class=\"img-fluid img-round\" src=\"\/wp-content\/themes\/fujisawa\/images\/fuji-spot-pearl.jpg\" alt=\"\"><\/p>\n<p class=\"mt-1=\">La perle du mont Fuji<\/p>\n<\/div>\n<\/div>\n<p><!-- \/.row--><\/p>\n<div class=\"row mb-5 align-items-center\">\n<div class=\"col-lg-6\">\n<div class=\"fuji-body\">\n<h3>Le mont Fuji vu de la partie nord de Fujisawa<\/h3>\n<p>Le nord de Fujisawa et ses champs \u00e0 perte de vue offrent de nombreux panoramas sur le mont Fuji.<br \/>\nIl existe aussi des sites d&rsquo;o\u00f9 l\u2019on peut observer le shinkansen, le TGV japonais, et le mont Fuji sur le m\u00eame plan !<\/p>\n<\/div>\n<\/div>\n<div class=\"col-lg-6 text-center\">\n<img decoding=\"async\" class=\"img-fluid img-round\" src=\"\/wp-content\/themes\/fujisawa\/images\/fuji-spot-north.jpg\" alt=\"\">\n<\/div>\n<\/div>\n<p><!-- \/.row--><\/p>\n<div class=\"row mb-5 align-items-center\">\n<div class=\"col-lg-6 order-lg-2 order-1\">\n<div class=\"fuji-body\">\n<h3>Vues d\u2019Enoshima et du Mont Fuji depuis Inamuragasaki<\/h3>\n<p>\u00ab Enoshima et le Mont Fuji \u00bb sont souvent repr\u00e9sent\u00e9s sur les estampes de l\u2019\u00e9poque d\u2019Edo, il y a de cela 200 ans, lorsque ces peintures de paysages \u00e9taient tr\u00e8s populaires. Le panorama d\u2019Enoshima et du Mont Fuji que l\u2019on peut observer depuis la ligne c\u00f4ti\u00e8re de Kamakura jouit d\u2019une renomm\u00e9e mondiale. En empruntant la route nationale 134, qui longe la c\u00f4te de Kamakura \u00e0 Enoshima, vous pourrez profiter de vues magnifiques sur le Mont Fuji. Quant au coucher de soleil qui se l\u00e8ve d\u2019Enoshima et vient englober la silouhette du Mont Fuji, il vous plongera dans un romantisme fou.<\/p>\n<\/div>\n<\/div>\n<div class=\"col-lg-6 order-lg-1 order-2 text-center\">\n<img decoding=\"async\" class=\"img-fluid img-round\" src=\"\/wp-content\/themes\/fujisawa\/images\/fuji-spot-enoshima.jpg\" alt=\"\">\n<\/div>\n<\/div>\n<p><!-- \/.row--><\/p>","protected":false},"excerpt":{"rendered":"<p>Des vues magnifiques sur le mont Fuji La plage Nishihama de Katase-Kaigan et Kugenuma-Kaigan Carte En face de vous, Enoshima. \u00c0 l&rsquo;ouest, vous pouvez admirer une cha\u00eene de montagnes avec le Fuji, Hakone et Izu. Les vagues roulent calmement et la mer est peu profonde au large des c\u00f4tes. Le mont Fuji s&rsquo;offre \u00e9galement \u00e0 [&hellip;]<\/p>\n","protected":false},"author":1,"featured_media":2095,"parent":49,"menu_order":0,"comment_status":"closed","ping_status":"closed","template":"templates\/fullpage.php","meta":{"_acf_changed":false,"footnotes":""},"class_list":["post-51","page","type-page","status-publish","has-post-thumbnail","hentry"],"acf":[],"aioseo_notices":[],"_links":{"self":[{"href":"https:\/\/discover-fujisawa.jp\/fr\/wp-json\/wp\/v2\/pages\/51","targetHints":{"allow":["GET"]}}],"collection":[{"href":"https:\/\/discover-fujisawa.jp\/fr\/wp-json\/wp\/v2\/pages"}],"about":[{"href":"https:\/\/discover-fujisawa.jp\/fr\/wp-json\/wp\/v2\/types\/page"}],"author":[{"embeddable":true,"href":"https:\/\/discover-fujisawa.jp\/fr\/wp-json\/wp\/v2\/users\/1"}],"replies":[{"embeddable":true,"href":"https:\/\/discover-fujisawa.jp\/fr\/wp-json\/wp\/v2\/comments?post=51"}],"version-history":[{"count":12,"href":"https:\/\/discover-fujisawa.jp\/fr\/wp-json\/wp\/v2\/pages\/51\/revisions"}],"predecessor-version":[{"id":2091,"href":"https:\/\/discover-fujisawa.jp\/fr\/wp-json\/wp\/v2\/pages\/51\/revisions\/2091"}],"up":[{"embeddable":true,"href":"https:\/\/discover-fujisawa.jp\/fr\/wp-json\/wp\/v2\/pages\/49"}],"wp:featuredmedia":[{"embeddable":true,"href":"https:\/\/discover-fujisawa.jp\/fr\/wp-json\/wp\/v2\/media\/2095"}],"wp:attachment":[{"href":"https:\/\/discover-fujisawa.jp\/fr\/wp-json\/wp\/v2\/media?parent=51"}],"curies":[{"name":"wp","href":"https:\/\/api.w.org\/{rel}","templated":true}]}}