{"id":12,"date":"2022-05-18T05:21:15","date_gmt":"2022-05-18T05:21:15","guid":{"rendered":"https:\/\/discover-fujisawa.jp\/?page_id=12"},"modified":"2022-12-14T05:39:03","modified_gmt":"2022-12-14T05:39:03","slug":"about","status":"publish","type":"page","link":"https:\/\/discover-fujisawa.jp\/vn\/about\/","title":{"rendered":"V\u1ec1 th\u00e0nh ph\u1ed1 Fujisawa"},"content":{"rendered":"<p><\/p>\n<div class=\"row mb-5\">\n<div class=\"col-lg-6\">\n<h2>Gi\u1edbi thi\u1ec7u<\/h2>\n<p>D\u00e2n s\u1ed1 441.547 ng\u01b0\u1eddi (t\u00ednh \u0111\u1ebfn th\u00e1ng 4 n\u0103m 2022), c\u00f3 di\u1ec7n t\u00edch 69,56 km vu\u00f4ng, c\u00e1ch Tokyo kho\u1ea3ng 50 km. N\u1eb1m c\u1ea1nh Th\u00e1i B\u00ecnh D\u01b0\u01a1ng, Fujisawa c\u00f3 kh\u00ed h\u1eadu \u1ea5m \u00e1p v\u00e0 \u00f4n h\u00f2a, c\u00f3 ngh\u0129a l\u00e0 khu v\u1ef1c n\u00e0y r\u1ea5t d\u1ec5 tham quan ngay c\u1ea3 trong m\u00f9a \u0111\u00f4ng. \u0110i\u1ec3m h\u1ea5p d\u1eabn c\u1ee7a Fujisawa n\u1eb1m \u1edf ch\u1ed7 thi\u00ean nhi\u00ean phong ph\u00fa v\u00e0 \u0111a d\u1ea1ng, c\u00f3 th\u1ec3 th\u01b0\u1edfng ngo\u1ea1n quanh n\u0103m, t\u1eeb bi\u1ec3n xanh bao quanh Enoshima \u0111\u1ebfn nh\u1eefng b\u00f4ng hoa t\u1eed \u0111\u1eb1ng t\u00f4 \u0111i\u1ec3m cho th\u00e0nh ph\u1ed1. <\/p>\n<p>Ch\u1ec9 c\u00e1ch khu mua s\u1eafm th\u1eddi trang v\u00e0 c\u00e1c ti\u1ec7n \u00edch kh\u00e1c bao quanh nh\u00e0 ga v\u00e0i ph\u00fat l\u00e0 con ph\u1ed1 l\u1ecbch s\u1eed c\u1ee7a Fujisawa. M\u1ed9t trong n\u0103m m\u01b0\u01a1i ba ch\u1eb7ng ngh\u1ec9 ch\u00e2n d\u1ecdc theo \u0110\u01b0\u1eddng Tokaido, khu v\u1ef1c n\u00e0y \u0111\u00e3 t\u1eebng l\u00e0 m\u1ed9t th\u1ecb tr\u1ea5n b\u01b0u \u0111i\u1ec7n v\u00e0 nh\u00e0 tr\u1ecd ph\u1ed3n hoa n\u1eb1m tr\u00ean \u0111\u01b0\u1eddng l\u1edbn Tokaido k\u1ebft n\u1ed5i Tokyo ng\u00e0y nay v\u00e0 Kyoto. C\u00e1c \u0111i\u1ec3m tham quan l\u1ecbch s\u1eed kh\u00e1c bao g\u1ed3m \u0110\u1ec1n Yugyo-ji, l\u00e0 n\u01a1i s\u1ea3n sinh ra \u0111i\u1ec7u m\u00faa l\u1ec5 h\u1ed9i Bon Odori truy\u1ec1n th\u1ed1ng c\u1ee7a Nh\u1eadt B\u1ea3n. <\/p>\n<p>Ngo\u00e0i ra, ph\u1ea7n ph\u00eda b\u1eafc c\u1ee7a Fujisawa l\u00e0 n\u01a1i ph\u00e1t tri\u1ec3n m\u1ea1nh m\u1ebd c\u1ee7a c\u00e1c doanh nghi\u1ec7p n\u00f4ng nghi\u1ec7p v\u00e0 s\u1eefa, v\u00e0 du kh\u00e1ch c\u00f3 th\u1ec3 h\u00e1i c\u00e1c lo\u1ea1i rau v\u00e0 tr\u00e1i c\u00e2y theo m\u00f9a nh\u01b0 c\u00e0 chua, l\u00ea v\u00e0 nho quanh n\u0103m. Ngo\u00e0i ra c\u00f2n c\u00f3 khu c\u00f4ng nghi\u1ec7p l\u00e0 n\u01a1i t\u1eadp trung nhi\u1ec1u nh\u00e0 m\u00e1y s\u1ea3n xu\u1ea5t \u00f4 t\u00f4 v\u00e0 ph\u1ee5 t\u00f9ng. <\/p>\n<p>Fujisawa c\u0169ng c\u00f3 m\u1ed1i quan h\u1ec7 ch\u1eb7t ch\u1ebd gi\u1eefa c\u00f4ng nghi\u1ec7p &#8211; ch\u00ednh ph\u1ee7 v\u00e0 h\u1ecdc vi\u1ec7n. Ch\u1ee7 nh\u00e0 ki\u1ebfn th\u1ee9c c\u1ee7a th\u00e0nh ph\u1ed1 l\u00e0 \u0110\u1ea1i h\u1ecdc Keio, \u0110\u1ea1i h\u1ecdc Nihon, H\u1ecdc vi\u1ec7n C\u00f4ng ngh\u1ec7 Shonan v\u00e0 c\u00e1c c\u01a1 s\u1edf c\u1ee7a \u0110\u1ea1i h\u1ecdc Tama.<\/p>\n<\/div>\n<div class=\"col-lg-6\"><img decoding=\"async\" class=\"img-fluid img-round\" src=\"\/wp-content\/themes\/fujisawa\/images\/about-intro-01.jpg\" alt=\"\" \/><\/div>\n<\/div>\n<div class=\"row mb-5\">\n<div class=\"col-lg-6 order-lg-2\">\n<h2>Danh lam th\u1eafng c\u1ea3nh \u1edf Nh\u1eadt B\u1ea3n \u0111\u01b0\u1ee3c li\u1ec7t k\u00ea trong S\u00e1ch Michelin Green Guide<\/h2>\n<p>B\u1ea1n bi\u1ebft kh\u00f4ng? Th\u00e0nh ph\u1ed1 Fujisawa c\u00f3 c\u00e1c \u0111i\u1ec3m du l\u1ecbch \u0111\u01b0\u1ee3c li\u1ec7t k\u00ea trong S\u00e1ch h\u01b0\u1edbng d\u1eabn xanh c\u1ee7a Michelin!<br \/>\nN\u01a1i \u0111\u01b0\u1ee3c g\u1ecdi l\u00e0 &#8220;Enoshima&#8221;. Enoshima t\u1eeb l\u00e2u \u0111\u00e3 tr\u1edf th\u00e0nh m\u1ed9t h\u00f2n \u0111\u1ea3o c\u1ee7a truy\u1ec1n thuy\u1ebft, l\u1ecbch s\u1eed v\u00e0 \u0111\u1ee9c tin. \u0110\u00e2y l\u00e0 m\u1ed9t \u0111\u1ecba \u0111i\u1ec3m tham quan c\u00f3 th\u1ec3 \u0111\u1ebfn \u0111\u01b0\u1ee3c ch\u1ec9 trong v\u00f2ng 50 km v\u00e0 1 gi\u1edd t\u1eeb Tokyo.<\/p>\n<p>Th\u00e0nh ph\u1ed1 Enoshima, Fujisawa \u0111\u00e3 \u0111\u01b0\u1ee3c ch\u1ecdn l\u00e0 \u0111\u1ecba \u0111i\u1ec3m t\u1ed5 ch\u1ee9c Cu\u1ed9c thi \u0111ua thuy\u1ec1n bu\u1ed3m Olympic Tokyo 2020. \u0110\u1eb7c bi\u1ec7t v\u00e0o m\u00f9a t\u1eafm bi\u1ec3n m\u00f9a h\u00e8, b\u1edd bi\u1ec3n Shonan t\u1ea5p n\u1eadp gi\u1edbi tr\u1ebb. \u0110\u00f3 l\u00e0 m\u1ed9t n\u01a1i c\u00f3 \u0111\u1ea7y \u0111\u1ee7 c\u00e1c \u0111i\u1ec3m tham quan nh\u01b0 t\u1eafm bi\u1ec3n, ng\u1eafm hoa, v\u00e0 c\u00e1c l\u1ec5 h\u1ed9i su\u1ed1t b\u1ed1n m\u00f9a. T\u1eeb nh\u00e0 ga g\u1ea7n nh\u1ea5t \u0111\u1ebfn \u0111\u1ea3o, b\u1ea1n c\u00f3 th\u1ec3 nh\u00ecn th\u1ea5y n\u00fai Ph\u00fa S\u0129 h\u00f9ng v\u0129 (Di s\u1ea3n V\u0103n h\u00f3a Th\u1ebf gi\u1edbi) t\u1eeb C\u1ea7u Enoshima Benten.\n<\/p><\/div>\n<div class=\"col-lg-6 order-lg-1\"><img decoding=\"async\" class=\"img-fluid img-round\" src=\"\/wp-content\/themes\/fujisawa\/images\/about-intro-02.jpg\" alt=\"\" \/><\/div>\n<\/div>\n<div class=\"row mb-3\">\n<div class=\"col-lg-6\">\n<h2>\u0110\u1ecba \u0111i\u1ec3m t\u00e2m linh Enoshima<\/h2>\n<p>Enoshima l\u00e0 m\u1ed9t \u0111\u1ecba \u0111i\u1ec3m du l\u1ecbch gi\u00e0u thi\u00ean nhi\u00ean v\u00e0 \u0111\u00e3 \u0111\u01b0\u1ee3c nhi\u1ec1u ng\u01b0\u1eddi h\u00e0nh h\u01b0\u01a1ng \u0111\u1ebfn th\u0103m k\u1ec3 t\u1eeb th\u1eddi Kamakura (1185-1333). \u0110\u1eb7c bi\u1ec7t trong th\u1eddi k\u1ef3 Edo (1603-1867), c\u00e1c cu\u1ed9c h\u00e0nh h\u01b0\u01a1ng Enoshima \u0111\u00e3 r\u1ea5t ph\u1ed5 bi\u1ebfn, \u0111\u01b0\u1ee3c m\u00f4 t\u1ea3 trong c\u00e1c b\u01b0\u1edbc tranh ukiyo-e th\u1eddi \u0111\u00f3. Ng\u01b0\u1eddi ta n\u00f3i r\u1eb1ng Kukai v\u00e0 Nichiren \u0111\u1ebfn tu h\u00e0nh, Minamoto no Yoritomo \u0111\u1ebfn th\u0103m \u0111\u1ec3 c\u1ea7u nguy\u1ec7n cho chi\u1ebfn th\u1eafng, v\u00e0 Tokugawa Ieyasu c\u0169ng \u0111\u00e3 r\u1ea5t t\u00edn ng\u01b0\u1ee1ng s\u1ef1 linh thi\u00ean \u1edf \u0111\u00e2y. Ngo\u00e0i ra, ng\u01b0\u1eddi ta n\u00f3i r\u1eb1ng &#8220;kh\u00ed&#8221; ch\u1ea3y t\u1eeb N\u00fai Ph\u00fa S\u0129 \u0111\u1ebfn \u0110\u1ed9ng Iwaya, k\u1ebft h\u1ee3p v\u1edbi s\u1ee9c m\u1ea1nh c\u1ee7a \u0110\u1ec1n Enoshima, \u0110\u1ed9ng Iwaya \u0111\u01b0\u1ee3c g\u1ecdi l\u00e0 \u0111i\u1ec3m t\u00e2m linh m\u1ea1nh nh\u1ea5t c\u1ee7a Enoshima.<\/p>\n<p>Trong phong th\u1ee7y, &#8220;r\u1ed3ng&#8221; \u0111\u01b0\u1ee3c cho l\u00e0 mang l\u1ea1i may m\u1eafn nh\u01b0 m\u1ed9t linh v\u1eadt linh thi\u00eang v\u1edbi s\u1ee9c m\u1ea1nh v\u00f4 bi\u00ean.<br \/>\n\u1ede Enoshima, c\u00f3 m\u1ed9t c\u00e2u chuy\u1ec7n t\u00ean l\u00e0 &#8220;Enoshima Engi&#8221;, k\u1ec3 v\u1ec1 truy\u1ec1n thuy\u1ebft v\u1ec1 ti\u00ean n\u1eef v\u00e0 r\u1ed3ng n\u0103m \u0111\u1ea7u.\n<\/p><\/div>\n<div class=\"col-lg-6 \"><img decoding=\"async\" class=\"img-fluid img-round\" src=\"\/wp-content\/themes\/fujisawa\/images\/about-intro-03.jpg\" alt=\"\" \/><\/div>\n<div class=\"col-lg-12 mt-3\">\n<h3>Truy\u1ec1n thuy\u1ebft v\u1ec1 &#8220;Thi\u00ean n\u1eef v\u00e0 R\u1ed3ng n\u0103m \u0111\u1ea7u&#8221;<\/h3>\n<p>Ng\u00e0y x\u01b0a c\u00f3 m\u1ed9t con r\u1ed3ng c\u00f3 n\u0103m \u0111\u1ea7u.<br \/>\nCon r\u1ed3ng n\u0103m \u0111\u1ea7u \u0111\u00f2i d\u00e2n l\u00e0ng c\u00fang t\u1ebf, n\u1ebfu kh\u00f4ng c\u00fang t\u1ebf nh\u01b0 \u00fd mu\u1ed1n r\u1ed3ng s\u1ebd g\u00e2y ra l\u0169 l\u1ee5t, m\u01b0a l\u1eeda v\u00e0 l\u1eb7p \u0111i l\u1eb7p l\u1ea1i nh\u1eefng vi\u1ec7c l\u00e0m x\u1ea5u xa.<\/p>\n<p>N\u0103m 552, tr\u1eddi \u0111\u1ea5t b\u1ed7ng rung chuy\u1ec3n v\u00e0 m\u1ed9t thi\u00ean n\u1eef xu\u1ea5t hi\u1ec7n tr\u00ean m\u00e2y. Con r\u1ed3ng \u0111\u00e3 y\u00eau thi\u00ean n\u1eef ngay t\u1eeb c\u00e1i nh\u00ecn \u0111\u1ea7u ti\u00ean v\u00e0 y\u00eau c\u1ea7u c\u00f4 k\u1ebft h\u00f4n v\u1edbi m\u00ecnh nh\u01b0ng c\u00f4 t\u1eeb ch\u1ed1i v\u00ec nh\u1eefng h\u00e0nh \u0111\u1ed9ng x\u1ea5u c\u1ee7a r\u1ed3ng. Con r\u1ed3ng n\u0103m \u0111\u1ea7u kh\u00f4ng  ch\u1ecbu b\u1ecf cu\u1ed9c, th\u1ec1 s\u1ebd d\u1eebng l\u1ea1i nh\u1eefng h\u00e0nh \u0111\u1ed9ng x\u1ea5u xa c\u1ee7a m\u00ecnh v\u00e0 thay \u0111\u1ed5i t\u00ednh c\u00e1ch th\u00e0nh con r\u1ed3ng l\u01b0\u01a1ng thi\u1ec7. K\u1ebft qu\u1ea3 l\u00e0 r\u1ed3ng \u0111\u00e3 c\u00f3 th\u1ec3 k\u1ebft h\u00f4n v\u1edbi thi\u00ean n\u1eef (Benzaiten) v\u00e0 c\u00f3 cu\u1ed9c s\u1ed1ng th\u1eadt vi\u00ean m\u00e3n.<br \/>\n\u1ede b\u1edd \u0111\u1ed1i di\u1ec7n c\u1ee7a Enoshima, &#8220;N\u00fai Ryuguchi&#8221; \u0111\u01b0\u1ee3c cho l\u00e0 bi\u1ec3u t\u01b0\u1ee3ng c\u1ee7a con r\u1ed3ng khi qua \u0111\u1eddi. D\u00e3y n\u00fai h\u01b0\u1edbng v\u1ec1  Enoshima nh\u01b0 con r\u1ed3ng h\u01b0\u1edbng v\u1ec1 \u0111\u1ec3 b\u1ea3o v\u1ec7 thi\u00ean n\u1eef.<\/p>\n<p>Enoshima c\u0169ng n\u1ed5i ti\u1ebfng l\u00e0 m\u1ed9t \u0111\u1ecba \u0111i\u1ec3m t\u00e2m linh v\u1edbi s\u1ef1 may m\u1eafn trong h\u00f4n nh\u00e2n v\u00ec &#8220;Truy\u1ec1n thuy\u1ebft Thi\u00ean n\u1eef v\u00e0 R\u1ed3ng n\u0103m \u0111\u1ea7u&#8221; n\u00e0y.<\/p>\n<\/div>\n<div class=\"col-lg-6\">\n<p><img decoding=\"async\" class=\"img-fluid img-round\" src=\"\/wp-content\/themes\/fujisawa\/images\/about-intro-04.jpg\" alt=\"\" \/><\/p>\n<p class=\"fst-italic\">\u0110\u1ed3i t\u00ecnh nh\u00e2n &#8220;Ryuren no Kane&#8221;, \u0111\u01b0\u1ee3c t\u1ea1o ra li\u00ean quan \u0111\u1ebfn truy\u1ec1n thuy\u1ebft &#8220;Thi\u00ean n\u1eef v\u00e0 R\u1ed3ng n\u0103m \u0111\u1ea7u&#8221;.<\/p>\n<\/div>\n<div class=\"col-lg-6\">\n<p><img decoding=\"async\" class=\"img-fluid img-round\" src=\"\/wp-content\/themes\/fujisawa\/images\/about-intro-05.jpg\" alt=\"\" \/><\/p>\n<p class=\"fst-italic\">Ng\u01b0\u1eddi ta n\u00f3i r\u1eb1ng t\u00ecnh y\u00eau v\u0129nh c\u1eedu s\u1ebd th\u00e0nh hi\u1ec7n th\u1ef1c n\u1ebfu b\u1ea1n \u0111\u1eb7t m\u1ed9t \u1ed5 kh\u00f3a v\u00e0o l\u01b0\u1edbi th\u00e9p sau khi rung chu\u00f4ng Ryuren.<\/p>\n<\/div>\n<\/div>\n<p><\/p>","protected":false},"excerpt":{"rendered":"<p>Gi\u1edbi thi\u1ec7u D\u00e2n s\u1ed1 441.547 ng\u01b0\u1eddi (t\u00ednh \u0111\u1ebfn th\u00e1ng 4 n\u0103m 2022), c\u00f3 di\u1ec7n t\u00edch 69,56 km vu\u00f4ng, c\u00e1ch Tokyo kho\u1ea3ng 50 km. N\u1eb1m c\u1ea1nh Th\u00e1i B\u00ecnh D\u01b0\u01a1ng, Fujisawa c\u00f3 kh\u00ed h\u1eadu \u1ea5m \u00e1p v\u00e0 \u00f4n h\u00f2a, c\u00f3 ngh\u0129a l\u00e0 khu v\u1ef1c n\u00e0y r\u1ea5t d\u1ec5 tham quan ngay c\u1ea3 trong m\u00f9a \u0111\u00f4ng. \u0110i\u1ec3m h\u1ea5p d\u1eabn [&hellip;]<\/p>\n","protected":false},"author":1,"featured_media":0,"parent":0,"menu_order":0,"comment_status":"closed","ping_status":"closed","template":"templates\/about.php","meta":{"_acf_changed":false,"footnotes":""},"class_list":["post-12","page","type-page","status-publish","hentry"],"acf":[],"aioseo_notices":[],"_links":{"self":[{"href":"https:\/\/discover-fujisawa.jp\/vn\/wp-json\/wp\/v2\/pages\/12","targetHints":{"allow":["GET"]}}],"collection":[{"href":"https:\/\/discover-fujisawa.jp\/vn\/wp-json\/wp\/v2\/pages"}],"about":[{"href":"https:\/\/discover-fujisawa.jp\/vn\/wp-json\/wp\/v2\/types\/page"}],"author":[{"embeddable":true,"href":"https:\/\/discover-fujisawa.jp\/vn\/wp-json\/wp\/v2\/users\/1"}],"replies":[{"embeddable":true,"href":"https:\/\/discover-fujisawa.jp\/vn\/wp-json\/wp\/v2\/comments?post=12"}],"version-history":[{"count":7,"href":"https:\/\/discover-fujisawa.jp\/vn\/wp-json\/wp\/v2\/pages\/12\/revisions"}],"predecessor-version":[{"id":2232,"href":"https:\/\/discover-fujisawa.jp\/vn\/wp-json\/wp\/v2\/pages\/12\/revisions\/2232"}],"wp:attachment":[{"href":"https:\/\/discover-fujisawa.jp\/vn\/wp-json\/wp\/v2\/media?parent=12"}],"curies":[{"name":"wp","href":"https:\/\/api.w.org\/{rel}","templated":true}]}}