{"id":16,"date":"2022-05-18T06:11:55","date_gmt":"2022-05-18T06:11:55","guid":{"rendered":"https:\/\/discover-fujisawa.jp\/?page_id=16"},"modified":"2024-06-04T03:25:14","modified_gmt":"2024-06-04T03:25:14","slug":"access","status":"publish","type":"page","link":"https:\/\/discover-fujisawa.jp\/vn\/access\/","title":{"rendered":"Truy c\u1eadp"},"content":{"rendered":"<p><\/p>\n<ul class=\"nav nav-pills nav-fill nav-inpage nav-access mb-4\">\n<li class=\"nav-item\"><a class=\"nav-link\" href=\"#map\">B\u1ea3n \u0111\u1ed3 Fujisawa<\/a><\/li>\n<li class=\"nav-item\"><a class=\"nav-link\" href=\"#transport\">L\u00e0m th\u1ebf n\u00e0o \u0111\u1ec3 \u0111\u1ebfn \u0111\u00e2y<\/a><\/li>\n<li class=\"nav-item\"><a class=\"nav-link\" href=\"#pass\">Th\u00f4ng tin v\u00e9 du l\u1ecbch<\/a><\/li>\n<\/ul>\n<h2 class=\"py-3 text-center\">B\u1ea3n \u0111\u1ed3 Fujisawa<\/h2>\n<div id=\"map\" class=\"row mb-4\">\n<div class=\"col-lg-6\"><iframe loading=\"lazy\" style=\"border: 0;\" src=\"https:\/\/www.google.com\/maps\/embed?pb=!1m18!1m12!1m3!1d104118.13821865112!2d139.38560200622138!3d35.36329378938613!2m3!1f0!2f0!3f0!3m2!1i1024!2i768!4f13.1!3m3!1m2!1s0x6018518de700c4f5%3A0x347bbe959a029ba8!2z56We5aWI5bed55yM6Jek5rKi5biC!5e0!3m2!1sja!2sjp!4v1451294914719\" width=\"100%\" height=\"540\" frameborder=\"0\" allowfullscreen=\"allowfullscreen\"><\/iframe><\/div>\n<div class=\"col-lg-6\">\n<p class=\"text-center mb-0\"><img decoding=\"async\" class=\"img-fluid img-round\" src=\"\/wp-content\/themes\/fujisawa\/images\/access-map-01.jpg\" alt=\"\" \/><\/p>\n<\/div>\n<\/div>\n<h2 class=\"py-3 text-center\">L\u00e0m th\u1ebf n\u00e0o \u0111\u1ec3 \u0111\u1ebfn \u0111\u00e2y<\/h2>\n<div id=\"transport\" class=\"row mb-4\">\n<div class=\"col-lg-6\">\n<h3>T\u1eeb Tokyo<\/h3>\n<p>T\u1eeb khu v\u1ef1c Th\u1ee7 \u0111\u00f4 Tokyo, Ga Fujisawa \u0111\u01b0\u1ee3c ph\u1ee5c v\u1ee5 b\u1edfi Tuy\u1ebfn Odakyu Enoshima, Tuy\u1ebfn JR Ueno Tokyo v\u00e0 Tuy\u1ebfn JR Shonan-Shinjuku.<\/p>\n<p>C\u00e1c chuy\u1ebfn t\u00e0u tr\u1ef1c ti\u1ebfp t\u1eeb ga Shinjuku, ga Shibuya, ga Shinagawa, ga Tokyo v\u00e0 ga Ueno m\u1ea5t kho\u1ea3ng 1 gi\u1edd.<\/p>\n<p>Ngo\u00e0i ra, \u0110\u01b0\u1eddng s\u1eaft \u0110i\u1ec7n Enoshima (Enoden Line) k\u1ebft n\u1ed1i Fujisawa v\u00e0 Kamakura ch\u1ec9 trong 30 ph\u00fat.<\/p>\n<p class=\"text-center mb-0\"><img decoding=\"async\" class=\"img-fluid img-round\" src=\"\/wp-content\/themes\/fujisawa\/images\/access-map-tokyo.jpg\" alt=\"\" \/><\/p>\n<h3 class=\"mt-3\">T\u1eeb ga Shonandai v\u00e0 Yokohama<\/h3>\n<p>N\u1eb1m \u1edf ph\u00eda b\u1eafc c\u1ee7a khu v\u1ef1c, Ga Shonandai \u0111\u01b0\u1ee3c ph\u1ee5c v\u1ee5 b\u1edfi Tuy\u1ebfn Sagami v\u00e0 T\u00e0u \u0111i\u1ec7n ng\u1ea7m Th\u00e0nh ph\u1ed1 Yokohama. Giao th\u00f4ng t\u1eeb Yokohama c\u0169ng r\u1ea5t thu\u1eadn ti\u1ec7n, v\u1edbi c\u00e1c chuy\u1ebfn t\u00e0u tr\u1ef1c ti\u1ebfp t\u1eeb ga Yokohama, ga Kannai v\u00e0 ga Sakuragicho ch\u1ec9 m\u1ea5t 30 &#8211; 40 ph\u00fat.<\/p>\n<p class=\"text-center mb-0\"><img decoding=\"async\" class=\"img-fluid img-round\" src=\"\/wp-content\/themes\/fujisawa\/images\/access-map-yokohama.jpg\" alt=\"\" \/><\/p>\n<\/div>\n<div class=\"col-lg-6\">\n<p class=\"text-center mb-0\"><img decoding=\"async\" class=\"img-fluid img-round\" src=\"\/wp-content\/themes\/fujisawa\/images\/access-map-02.jpg\" alt=\"\" \/><\/p>\n<\/div>\n<\/div>\n<div class=\"row mb-4\">\n<div class=\"col-lg-6\">\n<h3 class=\"mt-3\">T\u1eeb s\u00e2n bay Narita \u0111\u1ebfn Fujisawa<\/h3>\n<p class=\"text-center mb-0\"><img decoding=\"async\" class=\"img-fluid img-round\" src=\"\/wp-content\/themes\/fujisawa\/images\/access-map-narita.jpg\" alt=\"\" \/><\/p>\n<\/div>\n<div class=\"col-lg-6\">\n<h3 class=\"mt-3\">T\u1eeb s\u00e2n bay Haneda \u0111\u1ebfn Fujisawa<\/h3>\n<p class=\"text-center mb-0\"><img decoding=\"async\" class=\"img-fluid img-round\" src=\"\/wp-content\/themes\/fujisawa\/images\/access-map-haneda-nobus.jpg\" alt=\"\" \/><\/p>\n<\/div>\n<\/div>\n<h3 class=\"mt-3\">Transportation<\/h3>\n<div class=\"row mb-4\">\n<div class=\"item-transport col-lg-3 col-6 text-center\">\n<p><a href=\"https:\/\/www.jreast.co.jp\/multi\/en\/index.html\" target=\"_blank\" rel=\"noopener\"><img decoding=\"async\" class=\"img-fluid img-round\" src=\"\/wp-content\/themes\/fujisawa\/images\/access-train-jreast.jpg\" alt=\"\" \/><\/a><\/p>\n<p class=\"h5 text-center\">JR-EAST<\/p>\n<p>&nbsp;<\/p>\n<\/div>\n<div class=\"item-transport col-lg-3 col-6 text-center\">\n<p><a href=\"http:\/\/www.odakyu.jp\/english\/\" target=\"_blank\" rel=\"noopener\"><img decoding=\"async\" class=\"img-fluid img-round\" src=\"\/wp-content\/themes\/fujisawa\/images\/access-train-odakyu.jpg\" alt=\"\" \/><\/a><\/p>\n<p class=\"h5 text-center\">Odakyu Line<\/p>\n<p>&nbsp;<\/p>\n<\/div>\n<div class=\"item-transport col-lg-3 col-6 text-center\">\n<p><a href=\"https:\/\/www.enoden.co.jp\/en\/\" target=\"_blank\" rel=\"noopener\"><img loading=\"lazy\" decoding=\"async\" class=\"img-fluid img-round alignnone\" src=\"\/wp-content\/themes\/fujisawa\/images\/access-train-enoden.jpg\" alt=\"\" width=\"330\" height=\"280\" \/><\/a><\/p>\n<p class=\"h5 text-center\">\u0110\u01b0\u1eddng s\u1eaft \u0111i\u1ec7n Enoshima (Enoden Line)<\/p>\n<p>&nbsp;<\/p>\n<\/div>\n<div class=\"item-transport col-lg-3 col-6 text-center\">\n<p><a href=\"http:\/\/kamakura-enoshima-monorail.jp\/\" target=\"_blank\" rel=\"noopener\"><img decoding=\"async\" class=\"img-fluid img-round\" src=\"\/wp-content\/themes\/fujisawa\/images\/access-train-shonan.jpg\" alt=\"\" \/><\/a><\/p>\n<p class=\"h5 text-center\">Shonan Monorail<\/p>\n<p>&nbsp;<\/p>\n<\/div>\n<\/div>\n<p><\/p>","protected":false},"excerpt":{"rendered":"<p>B\u1ea3n \u0111\u1ed3 Fujisawa L\u00e0m th\u1ebf n\u00e0o \u0111\u1ec3 \u0111\u1ebfn \u0111\u00e2y Th\u00f4ng tin v\u00e9 du l\u1ecbch B\u1ea3n \u0111\u1ed3 Fujisawa L\u00e0m th\u1ebf n\u00e0o \u0111\u1ec3 \u0111\u1ebfn \u0111\u00e2y T\u1eeb Tokyo T\u1eeb khu v\u1ef1c Th\u1ee7 \u0111\u00f4 Tokyo, Ga Fujisawa \u0111\u01b0\u1ee3c ph\u1ee5c v\u1ee5 b\u1edfi Tuy\u1ebfn Odakyu Enoshima, Tuy\u1ebfn JR Ueno Tokyo v\u00e0 Tuy\u1ebfn JR Shonan-Shinjuku. C\u00e1c chuy\u1ebfn t\u00e0u tr\u1ef1c ti\u1ebfp t\u1eeb ga [&hellip;]<\/p>\n","protected":false},"author":1,"featured_media":0,"parent":0,"menu_order":0,"comment_status":"closed","ping_status":"closed","template":"templates\/access.php","meta":{"_acf_changed":false,"footnotes":""},"class_list":["post-16","page","type-page","status-publish","hentry"],"acf":[],"aioseo_notices":[],"_links":{"self":[{"href":"https:\/\/discover-fujisawa.jp\/vn\/wp-json\/wp\/v2\/pages\/16","targetHints":{"allow":["GET"]}}],"collection":[{"href":"https:\/\/discover-fujisawa.jp\/vn\/wp-json\/wp\/v2\/pages"}],"about":[{"href":"https:\/\/discover-fujisawa.jp\/vn\/wp-json\/wp\/v2\/types\/page"}],"author":[{"embeddable":true,"href":"https:\/\/discover-fujisawa.jp\/vn\/wp-json\/wp\/v2\/users\/1"}],"replies":[{"embeddable":true,"href":"https:\/\/discover-fujisawa.jp\/vn\/wp-json\/wp\/v2\/comments?post=16"}],"version-history":[{"count":20,"href":"https:\/\/discover-fujisawa.jp\/vn\/wp-json\/wp\/v2\/pages\/16\/revisions"}],"predecessor-version":[{"id":2500,"href":"https:\/\/discover-fujisawa.jp\/vn\/wp-json\/wp\/v2\/pages\/16\/revisions\/2500"}],"wp:attachment":[{"href":"https:\/\/discover-fujisawa.jp\/vn\/wp-json\/wp\/v2\/media?parent=16"}],"curies":[{"name":"wp","href":"https:\/\/api.w.org\/{rel}","templated":true}]}}