{"id":20,"date":"2022-05-18T06:12:35","date_gmt":"2022-05-18T06:12:35","guid":{"rendered":"https:\/\/discover-fujisawa.jp\/?page_id=20"},"modified":"2025-08-14T12:27:52","modified_gmt":"2025-08-14T12:27:52","slug":"other-info","status":"publish","type":"page","link":"https:\/\/discover-fujisawa.jp\/vn\/other-info\/","title":{"rendered":"Th\u00f4ng tin kh\u00e1c"},"content":{"rendered":"<p><\/p>\n<div class=\"row\">\n<div class=\"col-lg-5 mb-4\"><img decoding=\"async\" src=\"\/wp-content\/uploads\/2022\/09\/other-guide.jpg\" alt=\"\" \/><\/div>\n<div class=\"col-lg-7 mb-4\">\n<h3>H\u01b0\u1edbng d\u1eabn t\u00ecnh nguy\u1ec7n vi\u00ean \u0111a ng\u00f4n ng\u1eef<\/h3>\n<p>D\u1ecbch v\u1ee5 h\u01b0\u1edbng d\u1eabn b\u1eb1ng ngo\u1ea1i ng\u1eef \u0111\u01b0\u1ee3c cung c\u1ea5p t\u1ea1i c\u00e1c c\u01a1 s\u1edf sau. Ch\u00fang t\u00f4i c\u0169ng c\u00f3 c\u00e1c t\u1eadp h\u01b0\u1edbng d\u1eabn b\u1eb1ng nhi\u1ec1u ng\u00f4n ng\u1eef, v\u00ec v\u1eady vui l\u00f2ng h\u00e3y \u0111\u1ebfn v\u1edbi ch\u00fang t\u00f4i \u0111\u1ec3 nh\u1eadn l\u1ea5y.<br \/>\nM\u1ecdi th\u1eafc m\u1eafc vui l\u00f2ng li\u00ean h\u1ec7 v\u1edbi ch\u00fang t\u00f4i theo m\u1eabu d\u01b0\u1edbi \u0111\u00e2y.<\/p>\n<\/div>\n<\/div>\n<p><\/p>","protected":false},"excerpt":{"rendered":"<p>H\u01b0\u1edbng d\u1eabn t\u00ecnh nguy\u1ec7n vi\u00ean \u0111a ng\u00f4n ng\u1eef D\u1ecbch v\u1ee5 h\u01b0\u1edbng d\u1eabn b\u1eb1ng ngo\u1ea1i ng\u1eef \u0111\u01b0\u1ee3c cung c\u1ea5p t\u1ea1i c\u00e1c c\u01a1 s\u1edf sau. Ch\u00fang t\u00f4i c\u0169ng c\u00f3 c\u00e1c t\u1eadp h\u01b0\u1edbng d\u1eabn b\u1eb1ng nhi\u1ec1u ng\u00f4n ng\u1eef, v\u00ec v\u1eady vui l\u00f2ng h\u00e3y \u0111\u1ebfn v\u1edbi ch\u00fang t\u00f4i \u0111\u1ec3 nh\u1eadn l\u1ea5y. M\u1ecdi th\u1eafc m\u1eafc vui l\u00f2ng li\u00ean h\u1ec7 v\u1edbi [&hellip;]<\/p>\n","protected":false},"author":1,"featured_media":0,"parent":0,"menu_order":0,"comment_status":"closed","ping_status":"closed","template":"templates\/other-info.php","meta":{"_acf_changed":false,"footnotes":""},"class_list":["post-20","page","type-page","status-publish","hentry"],"acf":[],"aioseo_notices":[],"_links":{"self":[{"href":"https:\/\/discover-fujisawa.jp\/vn\/wp-json\/wp\/v2\/pages\/20","targetHints":{"allow":["GET"]}}],"collection":[{"href":"https:\/\/discover-fujisawa.jp\/vn\/wp-json\/wp\/v2\/pages"}],"about":[{"href":"https:\/\/discover-fujisawa.jp\/vn\/wp-json\/wp\/v2\/types\/page"}],"author":[{"embeddable":true,"href":"https:\/\/discover-fujisawa.jp\/vn\/wp-json\/wp\/v2\/users\/1"}],"replies":[{"embeddable":true,"href":"https:\/\/discover-fujisawa.jp\/vn\/wp-json\/wp\/v2\/comments?post=20"}],"version-history":[{"count":5,"href":"https:\/\/discover-fujisawa.jp\/vn\/wp-json\/wp\/v2\/pages\/20\/revisions"}],"predecessor-version":[{"id":2105,"href":"https:\/\/discover-fujisawa.jp\/vn\/wp-json\/wp\/v2\/pages\/20\/revisions\/2105"}],"wp:attachment":[{"href":"https:\/\/discover-fujisawa.jp\/vn\/wp-json\/wp\/v2\/media?parent=20"}],"curies":[{"name":"wp","href":"https:\/\/api.w.org\/{rel}","templated":true}]}}