{"id":2054,"date":"2022-10-31T07:30:02","date_gmt":"2022-10-31T07:30:02","guid":{"rendered":"https:\/\/discover-fujisawa.jp\/?page_id=2054"},"modified":"2023-05-30T05:16:58","modified_gmt":"2023-05-30T05:16:58","slug":"covid19-prevention","status":"publish","type":"page","link":"https:\/\/discover-fujisawa.jp\/vn\/covid19-prevention\/","title":{"rendered":"Bi\u1ec7n ph\u00e1p ph\u00f2ng ch\u00f3ng l\u00e2y nhi\u1ec5m Corona"},"content":{"rendered":"<p>T\u00ecnh tr\u1ea1ng l\u00e2y nhi\u1ec5m virus Corona \u0111\u00e3 gi\u1ea3m d\u1ea7n, c\u00e1c ch\u1ec9 th\u1ecb v\u1ec1 gi\u1ea3n c\u00e1ch \u0111\u01b0\u1ee3c n\u1edbi l\u1ecfng t\u1eeb ng\u00e0y 13\/3\/2023. Qu\u00fd kh\u00e1ch c\u00f3 th\u1ec3 tho\u1ea3i m\u00e1i tham quan du l\u1ecbch nh\u01b0 tr\u01b0\u1edbc khi c\u00f3 d\u1ecbch!<\/p>\n<h3>L\u01b0u \u00fd khi qu\u00fd kh\u00e1ch \u0111\u1ebfn tham quan<\/h3>\n<ul>\n<li>R\u1eeda tay v\u00e0 s\u00fac mi\u1ec7ng<\/li>\n<li>Kh\u1eed tr\u00f9ng tay<\/li>\n<li>H\u00e3y gi\u1eef kho\u1ea3ng c\u00e1ch, che ch\u1eafn khi ho, \u0111eo kh\u1ea9u trang \u1edf nh\u1eefng n\u01a1i \u0111\u00f4ng ng\u01b0\u1eddi<\/li>\n<li>N\u1ebfu b\u1ea1n kh\u00f4ng \u0111\u01b0\u1ee3c kh\u1ecfe, \u0111\u1eebng l\u00e0m vi\u1ec7c qu\u00e1 s\u1ee9c v\u00e0 h\u00e3y ngh\u1ec9 ng\u01a1i<\/li>\n<\/ul>\n<p>\u2192JNTO (T\u1ed5 ch\u1ee9c Du l\u1ecbch Qu\u1ed1c gia Nh\u1eadt B\u1ea3n)<br \/>\n\u0110T: 050-3816-2787<br \/>\n<a href=\"https:\/\/www.japan.travel\/en\/plan\/hotline\/\" rel=\"noopener\" target=\"_blank\">https:\/\/www.japan.travel\/en\/plan\/hotline\/<\/a><\/p>\n<p>\u2192Chuy\u1ebfn \u0111i trong ng\u00e0y Tokyo \u2013 Th\u00f4ng tin du l\u1ecbch Kanagawa \u2013<br \/>\nTEL\uff1a0570-056774<br \/>\n<a href=\"https:\/\/trip.pref.kanagawa.jp\/ja\/page\/covid-19\" rel=\"noopener\" target=\"_blank\">https:\/\/trip.pref.kanagawa.jp\/ja\/page\/covid-19<\/a><\/p>\n<h3>Nh\u1eefng n\u1ed7 l\u1ef1c c\u1ee7a th\u00e0nh ph\u1ed1 Fujisawa<\/h3>\n<p>Link li\u00ean k\u1ebft b\u1ea3n d\u1ecbch c\u1ee7a &#8220;Trang ch\u1ee7 Th\u00e0nh ph\u1ed1 Fujisawa Nh\u1eadt B\u1ea3n&#8221; l\u00e0 trang s\u1eed d\u1ee5ng h\u1ec7 th\u1ed1ng b\u00ean ngo\u00e0i. Vui l\u00f2ng hi\u1ec3u r\u1eb1ng th\u00e0nh ph\u1ed1 Fujisawa s\u1ebd kh\u00f4ng ch\u1ecbu tr\u00e1ch nhi\u1ec7m v\u1ec1 c\u00e1c l\u1ed7i d\u1ecbch ho\u1eb7c s\u1ef1 kh\u00e1c bi\u1ec7t v\u1edbi trang ti\u1ebfng Nh\u1eadt.<br \/>\n<a href=\"http:\/\/www.city.fujisawa.kanagawa.jp\/hokenyobo\/corona_doukou_data.html\" rel=\"noopener\" target=\"_blank\">http:\/\/www.city.fujisawa.kanagawa.jp\/hokenyobo\/corona_doukou_data.html<\/a><\/p>","protected":false},"excerpt":{"rendered":"<p>T\u00ecnh tr\u1ea1ng l\u00e2y nhi\u1ec5m virus Corona \u0111\u00e3 gi\u1ea3m d\u1ea7n, c\u00e1c ch\u1ec9 th\u1ecb v\u1ec1 gi\u1ea3n c\u00e1ch \u0111\u01b0\u1ee3c n\u1edbi l\u1ecfng t\u1eeb ng\u00e0y 13\/3\/2023. Qu\u00fd kh\u00e1ch c\u00f3 th\u1ec3 tho\u1ea3i m\u00e1i tham quan du l\u1ecbch nh\u01b0 tr\u01b0\u1edbc khi c\u00f3 d\u1ecbch! L\u01b0u \u00fd khi qu\u00fd kh\u00e1ch \u0111\u1ebfn tham quan R\u1eeda tay v\u00e0 s\u00fac mi\u1ec7ng Kh\u1eed tr\u00f9ng tay H\u00e3y gi\u1eef kho\u1ea3ng [&hellip;]<\/p>\n","protected":false},"author":1,"featured_media":0,"parent":0,"menu_order":0,"comment_status":"closed","ping_status":"closed","template":"","meta":{"_acf_changed":false,"footnotes":""},"class_list":["post-2054","page","type-page","status-publish","hentry"],"acf":[],"aioseo_notices":[],"_links":{"self":[{"href":"https:\/\/discover-fujisawa.jp\/vn\/wp-json\/wp\/v2\/pages\/2054","targetHints":{"allow":["GET"]}}],"collection":[{"href":"https:\/\/discover-fujisawa.jp\/vn\/wp-json\/wp\/v2\/pages"}],"about":[{"href":"https:\/\/discover-fujisawa.jp\/vn\/wp-json\/wp\/v2\/types\/page"}],"author":[{"embeddable":true,"href":"https:\/\/discover-fujisawa.jp\/vn\/wp-json\/wp\/v2\/users\/1"}],"replies":[{"embeddable":true,"href":"https:\/\/discover-fujisawa.jp\/vn\/wp-json\/wp\/v2\/comments?post=2054"}],"version-history":[{"count":14,"href":"https:\/\/discover-fujisawa.jp\/vn\/wp-json\/wp\/v2\/pages\/2054\/revisions"}],"predecessor-version":[{"id":2336,"href":"https:\/\/discover-fujisawa.jp\/vn\/wp-json\/wp\/v2\/pages\/2054\/revisions\/2336"}],"wp:attachment":[{"href":"https:\/\/discover-fujisawa.jp\/vn\/wp-json\/wp\/v2\/media?parent=2054"}],"curies":[{"name":"wp","href":"https:\/\/api.w.org\/{rel}","templated":true}]}}