{"id":2059,"date":"2022-10-31T07:54:35","date_gmt":"2022-10-31T07:54:35","guid":{"rendered":"https:\/\/discover-fujisawa.jp\/?page_id=2059"},"modified":"2022-11-30T10:30:01","modified_gmt":"2022-11-30T10:30:01","slug":"safety-information","status":"publish","type":"page","link":"https:\/\/discover-fujisawa.jp\/vn\/safety-information\/","title":{"rendered":"Th\u00f4ng tin an to\u00e0n"},"content":{"rendered":"<p><\/p>\n<h3>\u25a0Cu\u1ed9c g\u1ecdi kh\u1ea9n c\u1ea5p<\/h3>\n<p>\u0110\u01b0\u1eddng d\u00e2y n\u00f3ng d\u00e0nh cho du kh\u00e1ch c\u1ee7a JNTO Nh\u1eadt B\u1ea3n (ti\u1ebfng Anh \/ ti\u1ebfng Trung \/ \ud55c\uad6d\uc5b4) 050-3816-2787 (24 gi\u1edd).<br \/>\nXe c\u1ee9u th\u01b0\u01a1ng \/ c\u1ee9u h\u1ecfa s\u1ed1 119 (mi\u1ec5n ph\u00ed 24 gi\u1edd)<br \/>\nC\u1ea3nh s\u00e1t 110 (24 gi\u1edd, mi\u1ec5n ph\u00ed)<\/p>\n<h3>\u25a0Th\u00f4ng tin m\u1edbi nh\u1ea5t<\/h3>\n<p>NHK World Japan (ti\u1ebfng Anh)<br \/>\nTin t\u1ee9c Nh\u1eadt B\u1ea3n \u0111\u01b0\u1ee3c ph\u00e1t s\u00f3ng tr\u00ean to\u00e0n th\u1ebf gi\u1edbi.<br \/>\nB\u1ea1n c\u00f3 th\u1ec3 ki\u1ec3m tra tin t\u1ee9c m\u1edbi nh\u1ea5t v\u1ec1 thi\u00ean tai v\u00e0 c\u00e1c s\u1ef1 ki\u1ec7n kh\u1ea9n c\u1ea5p.<br \/>\n<a href=\"https:\/\/www3.nhk.or.jp\/nhkworld\/\" target=\"_blank\" rel=\"noopener\">https:\/\/www3.nhk.or.jp\/nhkworld\/<\/a><\/p>\n<h3>\u25a0Th\u00f4ng b\u00e1o kh\u1ea9n c\u1ea5p<\/h3>\n<p>Th\u00f4ng tin Du l\u1ecbch An to\u00e0n Nh\u1eadt B\u1ea3n (ti\u1ebfng Anh)<br \/>\n<a href=\"https:\/\/www.japan.travel\/en\/japan-safe-travel-information\/\" target=\"_blank\" rel=\"noopener\">https:\/\/www.japan.travel\/en\/japan-safe-travel-information\/<\/a><\/p>\n<h3>\u25a0JNTO (Japan Safe Travel) tr\u00ean Twitter (ti\u1ebfng Anh)<\/h3>\n<p>T\u00e0i kho\u1ea3n Twitter ch\u00ednh th\u1ee9c c\u1ee7a JNTO cung c\u1ea5p th\u00f4ng tin h\u1eefu \u00edch trong th\u1eddi gian b\u1ea1n \u1edf Nh\u1eadt B\u1ea3n, ch\u1eb3ng h\u1ea1n nh\u01b0 c\u1ea3nh b\u00e1o \/ t\u01b0 v\u1ea5n v\u1ec1 th\u1eddi ti\u1ebft v\u00e0 th\u00f4ng tin m\u1edbi nh\u1ea5t v\u1ec1 ph\u01b0\u01a1ng ti\u1ec7n giao th\u00f4ng.<br \/>\nH\u00e3y theo d\u00f5i Japan Safety Travel \u0111\u1ec3 c\u1eadp nh\u1eadt nh\u1eefng th\u00f4ng tin m\u1edbi nh\u1ea5t v\u1ec1 c\u00e1c bi\u1ec7n ph\u00e1p an to\u00e0n v\u00e0 thi\u00ean tai.<br \/>\n<a href=\"https:\/\/twitter.com\/JapanSafeTravel\" target=\"_blank\" rel=\"noopener\">\uff20Japan Safe Travel<\/a><\/p>\n<h3>\u25a0T\u1ed5 ch\u1ee9c y t\u1ebf \/ B\u1ea3o hi\u1ec3m du l\u1ecbch n\u01b0\u1edbc ngo\u00e0i (ti\u1ebfng Anh \/ ti\u1ebfng Trung \/ \ud55c\uad6d\uc5b4)<\/h3>\n<p>B\u1ea1n c\u00f3 th\u1ec3 t\u00ecm ki\u1ebfm c\u00e1c t\u1ed5 ch\u1ee9c y t\u1ebf b\u1eb1ng t\u1eeb kho\u00e1 khoa l\u00e2m s\u00e0ng v\u00e0 b\u1eb1ng ng\u00f4n ng\u1eef. B\u1ea1n c\u0169ng c\u00f3 th\u1ec3 nh\u1eadn th\u00f4ng tin v\u1ec1 c\u00e1ch nh\u1eadn d\u1ecbch v\u1ee5 ch\u0103m s\u00f3c y t\u1ebf t\u1ea1i c\u00e1c c\u01a1 s\u1edf y t\u1ebf, ch\u1eb3ng h\u1ea1n nh\u01b0 &#8220;s\u1ed5 t\u1eeb v\u1ef1ng ch\u1ec9 tay&#8221;. N\u1ebfu b\u1ea1n mu\u1ed1n t\u00ecm hi\u1ec3u c\u00e1ch mua b\u1ea3o hi\u1ec3m du l\u1ecbch n\u01b0\u1edbc ngo\u00e0i sau khi \u0111\u1ebfn Nh\u1eadt B\u1ea3n, vui l\u00f2ng ki\u1ec3m tra trang n\u00e0y:<br \/>\n<a href=\"https:\/\/www.jnto.go.jp\/emergency\/\" target=\"_blank\" rel=\"noopener\">https:\/\/www.jnto.go.jp\/emergency\/<\/a><\/p>\n<h3>\u25a0T\u1ed5 ch\u1ee9c Du l\u1ecbch Qu\u1ed1c gia Nh\u1eadt B\u1ea3n (JNTO) (ti\u1ebfng Anh \/ ti\u1ebfng Trung \/ \ud55c\uad6d\uc5b4)<\/h3>\n<p>B\u1ea1n c\u00f3 th\u1ec3 nh\u1eadn \u0111\u01b0\u1ee3c nhi\u1ec1u th\u00f4ng tin h\u1eefu \u00edch cho vi\u1ec7c \u0111i l\u1ea1i, bao g\u1ed3m c\u1ea3 c\u00e1c th\u1ea3m h\u1ecda thi\u00ean nhi\u00ean.<br \/>\n<a href=\"https:\/\/www.japan.travel\/en\/\" target=\"_blank\" rel=\"noopener\">https:\/\/www.japan.travel\/en\/<\/a><\/p>\n<h3>\u25a0Kanagawa Prefecture Disaster Information Portal<\/h3>\n<p>This site provides information on natural disasters in Kanagawa Prefecture. Weather information, landslides, earthquakes, tsunamis, volcanoes, evacuation centres, evacuation order information, evacuation information and warning levels, etc.<\/p>\n<p><a href=\"https:\/\/www.bousai.pref.kanagawa.jp\/\" target=\"_blank\" rel=\"noopener\">https:\/\/www.bousai.pref.kanagawa.jp\/<\/a><\/p>","protected":false},"excerpt":{"rendered":"<p>\u25a0Cu\u1ed9c g\u1ecdi kh\u1ea9n c\u1ea5p \u0110\u01b0\u1eddng d\u00e2y n\u00f3ng d\u00e0nh cho du kh\u00e1ch c\u1ee7a JNTO Nh\u1eadt B\u1ea3n (ti\u1ebfng Anh \/ ti\u1ebfng Trung \/ \ud55c\uad6d\uc5b4) 050-3816-2787 (24 gi\u1edd). Xe c\u1ee9u th\u01b0\u01a1ng \/ c\u1ee9u h\u1ecfa s\u1ed1 119 (mi\u1ec5n ph\u00ed 24 gi\u1edd) C\u1ea3nh s\u00e1t 110 (24 gi\u1edd, mi\u1ec5n ph\u00ed) \u25a0Th\u00f4ng tin m\u1edbi nh\u1ea5t NHK World Japan (ti\u1ebfng Anh) Tin t\u1ee9c [&hellip;]<\/p>\n","protected":false},"author":1,"featured_media":0,"parent":0,"menu_order":0,"comment_status":"closed","ping_status":"closed","template":"","meta":{"_acf_changed":false,"footnotes":""},"class_list":["post-2059","page","type-page","status-publish","hentry"],"acf":[],"aioseo_notices":[],"_links":{"self":[{"href":"https:\/\/discover-fujisawa.jp\/vn\/wp-json\/wp\/v2\/pages\/2059","targetHints":{"allow":["GET"]}}],"collection":[{"href":"https:\/\/discover-fujisawa.jp\/vn\/wp-json\/wp\/v2\/pages"}],"about":[{"href":"https:\/\/discover-fujisawa.jp\/vn\/wp-json\/wp\/v2\/types\/page"}],"author":[{"embeddable":true,"href":"https:\/\/discover-fujisawa.jp\/vn\/wp-json\/wp\/v2\/users\/1"}],"replies":[{"embeddable":true,"href":"https:\/\/discover-fujisawa.jp\/vn\/wp-json\/wp\/v2\/comments?post=2059"}],"version-history":[{"count":2,"href":"https:\/\/discover-fujisawa.jp\/vn\/wp-json\/wp\/v2\/pages\/2059\/revisions"}],"predecessor-version":[{"id":2168,"href":"https:\/\/discover-fujisawa.jp\/vn\/wp-json\/wp\/v2\/pages\/2059\/revisions\/2168"}],"wp:attachment":[{"href":"https:\/\/discover-fujisawa.jp\/vn\/wp-json\/wp\/v2\/media?parent=2059"}],"curies":[{"name":"wp","href":"https:\/\/api.w.org\/{rel}","templated":true}]}}