{"id":2107,"date":"2022-11-07T02:54:28","date_gmt":"2022-11-07T02:54:28","guid":{"rendered":"https:\/\/discover-fujisawa.jp\/?page_id=2107"},"modified":"2025-10-01T09:16:06","modified_gmt":"2025-10-01T09:16:06","slug":"getting-here","status":"publish","type":"page","link":"https:\/\/discover-fujisawa.jp\/vn\/getting-here\/","title":{"rendered":"Th\u00f4ng tin v\u00e9 du l\u1ecbch"},"content":{"rendered":"<p><\/p>\n<h2 style=\"text-align: center;\">Th\u00f4ng tin v\u00e9 du l\u1ecbch<\/h2>\n<p style=\"text-align: center;\">Thay v\u00ec mua t\u1eebng v\u00e9 v\u00e0o c\u1ed5ng \u1edf t\u1eebng \u0111\u1ecba \u0111i\u1ec3m tham quan,<br \/>\ns\u1ebd ti\u1ebft ki\u1ec7m h\u01a1n n\u1ebfu b\u1ea1n s\u1eed d\u1ee5ng v\u00e9 \u01b0u \u0111\u00e3i n\u00e0y,<br \/>\nl\u1ea1i c\u00f3 th\u1ec3 tho\u1ea3 th\u00edch ra v\u00e0o c\u1ed5ng t\u1ef1 do \u1edf t\u1ea5t c\u1ea3 c\u00e1c \u0111\u1ecba \u0111i\u1ec3m \u0111\u1eb7c bi\u1ec7t t\u1ea1i Enoshima.<\/p>\n<p style=\"text-align: center;\"><img loading=\"lazy\" decoding=\"async\" class=\"aligncenter size-full wp-image-2676\" src=\"https:\/\/discover-fujisawa.jp\/wp-content\/uploads\/2025\/10\/pass-price-nigth-2025-en.jpg\" alt=\"\" width=\"1105\" height=\"1195\" srcset=\"https:\/\/discover-fujisawa.jp\/wp-content\/uploads\/2025\/10\/pass-price-nigth-2025-en.jpg 1105w, https:\/\/discover-fujisawa.jp\/wp-content\/uploads\/2025\/10\/pass-price-nigth-2025-en-277x300.jpg 277w, https:\/\/discover-fujisawa.jp\/wp-content\/uploads\/2025\/10\/pass-price-nigth-2025-en-947x1024.jpg 947w, https:\/\/discover-fujisawa.jp\/wp-content\/uploads\/2025\/10\/pass-price-nigth-2025-en-768x831.jpg 768w\" sizes=\"auto, (max-width: 1105px) 100vw, 1105px\" \/><\/p>\n<ul>\n<li>\u203b \u25cb v\u00e0o c\u1ed5ng mi\u1ec5n ph\u00ed tr\u01b0\u1edbc 17h<\/li>\n<li>\u203b Th\u1eddi gian V\u01b0\u1eddn Samuel Cocking c\u00f3 t\u1ed5 ch\u1ee9c s\u1ef1 ki\u1ec7n, n\u1ebfu mua v\u00e9 &#8220;+Night&#8221; s\u1ebd ti\u1ebft ki\u1ec7m \u0111\u01b0\u1ee3c nhi\u1ec1u h\u01a1n ( V\u00e9 th\u00f4ng th\u01b0\u1eddng: ng\u01b0\u1eddi l\u1edbn 500, ti\u1ec3u h\u1ecdc 250)<\/li>\n<li>\u203b Th\u1eddi gian V\u01b0\u1eddn Samuel Cocking kh\u00f4ng t\u1ed5 ch\u1ee9c s\u1ef1 ki\u1ec7n, v\u00e0o c\u1ed5ng mi\u1ec5n ph\u00ed.<\/li>\n<li>\u203b H\u00e3y l\u01b0u \u00fd th\u1eddi gian m\u1edf c\u1eeda c\u1ee7a Thu\u1ef7 cung Shin Enoshima v\u00e0 Hang \u0111\u1ed9ng Iwaya.<\/li>\n<li>\u203b \u0110\u1ed1i v\u1edbi vi\u1ec7c mua v\u00e0 s\u1eed d\u1ee5ng v\u00e9 \u0111i\u1ec7n t\u1eed, ph\u1ea3i c\u00f3 \u0111i\u1ec7n tho\u1ea1i th\u00f4ng minh.<\/li>\n<li>asoview <a href=\"https:\/\/www.asoview.com\/\" target=\"_blank\" rel=\"noopener\">https:\/\/www.asoview.com\/<\/a><\/li>\n<li>E\uff4dot <a href=\"https:\/\/www.emot.jp\/service\/\" target=\"_blank\" rel=\"noopener\">https:\/\/www.emot.jp\/service\/<\/a><\/li>\n<\/ul>\n<p><\/p>","protected":false},"excerpt":{"rendered":"<p>Th\u00f4ng tin v\u00e9 du l\u1ecbch Thay v\u00ec mua t\u1eebng v\u00e9 v\u00e0o c\u1ed5ng \u1edf t\u1eebng \u0111\u1ecba \u0111i\u1ec3m tham quan, s\u1ebd ti\u1ebft ki\u1ec7m h\u01a1n n\u1ebfu b\u1ea1n s\u1eed d\u1ee5ng v\u00e9 \u01b0u \u0111\u00e3i n\u00e0y, l\u1ea1i c\u00f3 th\u1ec3 tho\u1ea3 th\u00edch ra v\u00e0o c\u1ed5ng t\u1ef1 do \u1edf t\u1ea5t c\u1ea3 c\u00e1c \u0111\u1ecba \u0111i\u1ec3m \u0111\u1eb7c bi\u1ec7t t\u1ea1i Enoshima. \u203b \u25cb v\u00e0o c\u1ed5ng mi\u1ec5n [&hellip;]<\/p>\n","protected":false},"author":1,"featured_media":0,"parent":0,"menu_order":0,"comment_status":"closed","ping_status":"closed","template":"templates\/access.php","meta":{"_acf_changed":false,"footnotes":""},"class_list":["post-2107","page","type-page","status-publish","hentry"],"acf":[],"aioseo_notices":[],"_links":{"self":[{"href":"https:\/\/discover-fujisawa.jp\/vn\/wp-json\/wp\/v2\/pages\/2107","targetHints":{"allow":["GET"]}}],"collection":[{"href":"https:\/\/discover-fujisawa.jp\/vn\/wp-json\/wp\/v2\/pages"}],"about":[{"href":"https:\/\/discover-fujisawa.jp\/vn\/wp-json\/wp\/v2\/types\/page"}],"author":[{"embeddable":true,"href":"https:\/\/discover-fujisawa.jp\/vn\/wp-json\/wp\/v2\/users\/1"}],"replies":[{"embeddable":true,"href":"https:\/\/discover-fujisawa.jp\/vn\/wp-json\/wp\/v2\/comments?post=2107"}],"version-history":[{"count":56,"href":"https:\/\/discover-fujisawa.jp\/vn\/wp-json\/wp\/v2\/pages\/2107\/revisions"}],"predecessor-version":[{"id":2684,"href":"https:\/\/discover-fujisawa.jp\/vn\/wp-json\/wp\/v2\/pages\/2107\/revisions\/2684"}],"wp:attachment":[{"href":"https:\/\/discover-fujisawa.jp\/vn\/wp-json\/wp\/v2\/media?parent=2107"}],"curies":[{"name":"wp","href":"https:\/\/api.w.org\/{rel}","templated":true}]}}