{"id":2350,"date":"2023-06-29T07:32:30","date_gmt":"2023-06-29T07:32:30","guid":{"rendered":"https:\/\/discover-fujisawa.jp\/?page_id=2350"},"modified":"2025-11-05T01:46:54","modified_gmt":"2025-11-05T01:46:54","slug":"night-event","status":"publish","type":"page","link":"https:\/\/discover-fujisawa.jp\/vn\/special\/night-event\/","title":{"rendered":"S\u1ef1 ki\u1ec7n \u201d\u0110\u00eam Enoshima\u201d"},"content":{"rendered":"<p><\/p>\n<p class=\"text-center mb-lg-5\">H\u00e3y ki\u1ec3m tra nh\u1eefng s\u1ef1 ki\u1ec7n di\u1ec5n ra xung quanh L\u1ec5 h\u1ed9i N\u1ebfn bi\u1ec3n Enoshima n\u00e0o!<br \/>T\u1eadn h\u01b0\u1edfng kh\u00f4ng kh\u00ed v\u1ec1 \u0111\u00eam tuy\u1ec7t \u0111\u1eb9p t\u1ea1i Enoshima v\u00e0o m\u1ed7i m\u00f9a trong n\u0103m.<\/p>\n<div class=\"row item-nightevent\">\n<div class=\"col-lg-6\"><img decoding=\"async\" src=\"\/wp-content\/uploads\/2023\/05\/night-event-01.jpg\" alt=\"\" class=\"alignnone\" \/><\/div>\n<div class=\"col-lg-6\">\n<div class=\"sub-title mt-3\"><span class=\"id\">A<\/span><\/p>\n<p>Kh\u00f4ng gian \u00e1nh s\u00e1ng tuy\u1ec7t \u0111\u1eb9p \u0111\u01b0\u1ee3c th\u1ec3 hi\u1ec7n b\u1edfi qu\u1ea3 c\u1ea7u disco thu\u1ef7 tinh.<\/p>\n<\/div>\n<h2>L\u1ec5 h\u1ed9i ngh\u1ec7 thu\u1eadt qu\u1ed1c t\u1ebf Enoshima &#8220;MIRRORBOWLER HIKARI ART, \u0110\u00eam m\u00f9a Xu\u00e2n &#8220;<\/h2>\n<p>M\u1ed9t s\u1ef1 ki\u1ec7n do nh\u00f3m ngh\u1ec7 thu\u1eadt &#8220;Mirror Bowler&#8221; s\u1ea3n xu\u1ea5t. Nh\u1eefng qu\u1ea3 b\u00f3ng disco v\u1edbi nhi\u1ec1u k\u00edch c\u1ee1 kh\u00e1c nhau \u0111\u01b0\u1ee3c trang tr\u00ed trong v\u01b0\u1eddn, t\u1ea1o n\u00ean m\u1ed9t t\u00e1c ph\u1ea9m ngh\u1ec7 thu\u1eadt \u0111\u1eb7c s\u1eafc v\u1edbi kh\u00f4ng gian c\u1ee7a \u00e1nh s\u00e1ng v\u00e0 b\u00f3ng t\u1ed1i.<\/p>\n<ul class=\"meta\">\n<li class=\"icon-calendar\">Th\u1eddi h\u1ea1n: gi\u1eefa th\u00e1ng 4 ~ cu\u1ed1i th\u00e1ng 4<\/li>\n<li class=\"icon-clock\">Th\u1eddi gian: 18:30-20:30 (v\u00e0o c\u1eeda tr\u01b0\u1edbc 20:00)<\/li>\n<li class=\"icon-map\">\u0110\u1ecba \u0111i\u1ec3m:<a href=\"sightseeing\/whattosee\/enoshima-garden-and-lighthouse\" target=\"_blank\" rel=\"noopener\">V\u01b0\u1eddn Enoshima Samuel Cocking \/ Th\u00e1p Enoshima Sea Candle<\/a><\/li>\n<\/ul>\n<\/div>\n<\/div>\n<div class=\"row item-nightevent\">\n<div class=\"col-lg-6 order-lg-2 order-1\"><img decoding=\"async\" src=\"\/wp-content\/uploads\/2023\/05\/night-event-02.jpg\" alt=\"\" class=\"alignnone\" \/><\/div>\n<div class=\"col-lg-6 order-lg-1 order-2 \">\n<div class=\"sub-title mt-3\"><span class=\"id\">B<\/span><\/p>\n<p>M\u1ed9t truy\u1ec1n th\u1ed1ng m\u00f9a h\u00e8 \u0111\u1ea7y c\u1ea3m x\u00fac, n\u01a1i to\u00e0n b\u1ed9 h\u00f2n \u0111\u1ea3o \u0111\u01b0\u1ee3c bao tr\u00f9m b\u1edfi \u0111\u00e8n l\u1ed3ng.<\/p>\n<\/div>\n<h2>L\u1ec5 h\u1ed9i Enoshima Lantern<\/h2>\n<p>Kho\u1ea3ng 1.000 chi\u1ebfc \u0111\u00e8n l\u1ed3ng s\u1ebd \u0111\u01b0\u1ee3c tr\u01b0ng b\u00e0y \u1edf nhi\u1ec1u n\u01a1i kh\u00e1c nhau tr\u00ean \u0111\u1ea3o Enoshima. To\u00e0n b\u1ed9 h\u00f2n \u0111\u1ea3o \u0111\u01b0\u1ee3c bao tr\u00f9m trong \u00e1nh \u0111\u00e8n \u1ea5m \u00e1p, \u0111\u00e2y l\u00e0 m\u1ed9t s\u1ef1 ki\u1ec7n bu\u1ed5i t\u1ed1i tuy\u1ec7t v\u1eddi v\u1edbi r\u1ea5t \u0111\u00f4ng c\u00e1c c\u1eb7p \u0111\u00f4i m\u1eb7c yukata.<\/p>\n<ul class=\"meta\">\n<li class=\"icon-calendar\">Th\u1eddi h\u1ea1n: gi\u1eefa cu\u1ed1i th\u00e1ng 7 ~ cu\u1ed1i th\u00e1ng 8<\/li>\n<li class=\"icon-clock\">Th\u1eddi gian: 18:00-20:00 (v\u00e0o c\u1eeda tr\u01b0\u1edbc 19:30) *gi\u1edd m\u1edf c\u1eeda thay \u0111\u1ed5i tu\u1ef3 v\u00e0o t\u1eebng khu v\u1ef1c<\/li>\n<li class=\"icon-map\">\u0110\u1ecba \u0111i\u1ec3m: <a href=\"sightseeing\/whattosee\/enoshima-garden-and-lighthouse\" target=\"_blank\" rel=\"noopener\"> V\u01b0\u1eddn Enoshima Samuel Cocking<\/a> \/ <a href=\"sightseeing\/whattosee\/enoshima-shrine\" target=\"_blank\" rel=\"noopener\">\u0110\u1ec1n th\u1edd Enoshima<\/a> \/ \u0110\u01b0\u1eddng Oiwayamichi \/ Qu\u1ea3ng tr\u01b0\u1eddng Kamegaoka \/ <a href=\"sightseeing\/whattosee\/iwaya-caves-ryuren-no-kane-the-bell-of-the-dragons-love-and-benten-maru\" target=\"_blanl\" rel=\"noopener\">Hang \u0111\u1ed9ng Enoshima Iwaya<\/a><\/li>\n<\/ul>\n<\/div>\n<\/div>\n<div class=\"row item-nightevent\">\n<div class=\"col-lg-6\"><img decoding=\"async\" src=\"\/wp-content\/uploads\/2023\/05\/night-event-03.jpg\" alt=\"\" class=\"alignnone\" \/><\/div>\n<div class=\"col-lg-6\">\n<div class=\"sub-title mt-3\"><span class=\"id\">C<\/span><\/p>\n<p>\u00c1nh n\u1ebfn huy\u1ec1n \u1ea3o lung linh trong gi\u00f3 \u0111\u00eam<\/p>\n<\/div>\n<h2>Shonan Candle<\/h2>\n<p>Kho\u1ea3ng 10.000 ng\u1ecdn n\u1ebfn \u0111\u01b0\u1ee3c th\u1eafp s\u00e1ng trong V\u01b0\u1eddn Enoshima Samuel Cocking. M\u1ed9t s\u1ef1 ki\u1ec7n m\u00f9a thu th\u00fa v\u1ecb v\u1edbi c\u00e1c bu\u1ed5i tr\u00ecnh di\u1ec5n nh\u1ea1c s\u00f3ng s\u00f4i \u0111\u1ed9ng.<\/p>\n<ul class=\"meta\">\n<li class=\"icon-calendar\">Th\u1eddi h\u1ea1n: gi\u1eefa th\u00e1ng 10 ~ \u0111\u1ea7u th\u00e1ng 11<\/li>\n<li class=\"icon-clock\">Th\u1eddi gian: V\u01b0\u1eddn Enoshima Samuel Cocking \/ Th\u00e1p Enoshima Sea Candle, t\u1eeb 17:00 ~ 20:00 ( v\u00e0o c\u1eeda tr\u01b0\u1edbc 19:30 ) *gi\u1edd m\u1edf c\u1eeda thay \u0111\u1ed5i tu\u1ef3 v\u00e0o t\u1eebng khu v\u1ef1c<\/li>\n<li class=\"icon-map\">\u0110\u1ecba \u0111i\u1ec3m:<a href=\"sightseeing\/whattosee\/enoshima-garden-and-lighthouse\" target=\"_blank\" rel=\"noopener\">V\u01b0\u1eddn Enoshima Samuel Cocking \/ Th\u00e1p Enoshima Sea Candle<\/a> \/ <a href=\"sightseeing\/whattosee\/iwaya-caves-ryuren-no-kane-the-bell-of-the-dragons-love-and-benten-maru\" target=\"_blanl\" rel=\"noopener\">Hang \u0111\u1ed9ng Enoshima Iwaya<\/a><\/li>\n<\/ul>\n<\/div>\n<\/div>\n<div class=\"row item-nightevent\">\n<div class=\"col-lg-6 order-lg-2 order-1\"><img decoding=\"async\" src=\"\/wp-content\/uploads\/2023\/05\/night-event-04.jpg\" alt=\"\" class=\"alignnone\" \/><\/div>\n<div class=\"col-lg-6 order-lg-1 order-2 \">\n<div class=\"sub-title mt-3\"><span class=\"id\">D<\/span><\/p>\n<p>3000 l\u1ed3ng \u0111\u00e8n tre di\u1ec7u k\u1ef3<\/p>\n<\/div>\n<h2>L\u1ec5 h\u1ed9i L\u1ed3ng \u0111\u00e8n tre t\u1ea1i Ch\u00f9a Ryuko-ji<\/h2>\n<p>3.000 chi\u1ebfc \u0111\u00e8n l\u1ed3ng tre v\u1edbi nhi\u1ec1u k\u00edch c\u1ee1 kh\u00e1c nhau \u0111\u01b0\u1ee3c x\u1ebfp t\u1eeb C\u1ed5ng Niomon \u0111\u1ebfn s\u1ea3nh ch\u00ednh c\u1ee7a Ch\u00f9a Ryuko-ji. B\u1ea1n c\u00f3 th\u1ec3 t\u1eadn h\u01b0\u1edfng m\u1ed9t bu\u1ed5i t\u1ed1i m\u00f9a thu tuy\u1ec7t v\u1eddi \u0111\u01b0\u1ee3c bao quanh b\u1edfi \u00e1nh n\u1ebfn lung linh l\u1eb7ng l\u1ebd. H\u00e3y th\u1eafp n\u1ebfn v\u00e0 g\u1eedi nh\u1eefng l\u1eddi c\u1ea7u nguy\u1ec7n ho\u1eb7c mong mu\u1ed1n ch\u00e2n th\u00e0nh \u0111\u1ebfn t\u1ed5 ti\u00ean c\u1ee7a b\u1ea1n.<\/p>\n<ul class=\"meta\">\n<li class=\"icon-calendar\">Th\u1eddi h\u1ea1n: th\u1ee9 b\u1ea3y, ch\u1ee7 nh\u1eadt cu\u1ed1i c\u00f9ng c\u1ee7a th\u00e1ng 10<\/li>\n<li class=\"icon-clock\">Th\u1eddi gian: 17:00-20:00<\/li>\n<li class=\"icon-map\">\u0110\u1ecba \u0111i\u1ec3m: <a href=\"sightseeing\/whattosee\/ryuko-ji-temple\/\" target=\"_blank\" rel=\"noopener\">Ch\u00f9a Ryuko-ji<\/a><\/li>\n<\/ul>\n<\/div>\n<\/div>\n<div class=\"row item-nightevent\">\n<div class=\"col-lg-6\"><img decoding=\"async\" src=\"\/wp-content\/uploads\/2023\/05\/night-event-05.jpg\" alt=\"\" class=\"alignnone\" \/><\/div>\n<div class=\"col-lg-6\">\n<div class=\"sub-title mt-3\"><span class=\"id\">E<\/span><\/p>\n<p>L\u1ec5 h\u1ed9i \u00e1nh s\u00e1ng \u0111\u1ee9ng Top 3 khu v\u1ef1c Kanto<\/p>\n<\/div>\n<h2>Jewel of shonan<\/h2>\n<p>M\u1ed9t s\u1ef1 ki\u1ec7n \u00e1nh s\u00e1ng r\u1ef1c r\u1ee1 \u1edf Enoshima v\u00e0 to\u00e0n b\u1ed9 khu v\u1ef1c Katase Kaigan. B\u1ea1n c\u00f3 th\u1ec3 t\u1eadn h\u01b0\u1edfng m\u00f9a \u0111\u00f4ng lung linh c\u1ee7a Enoshima, th\u1ea3 m\u00ecnh v\u00e0o khung c\u1ea3nh \u00e1nh s\u00e1ng ngo\u1ea1n m\u1ee5c \u0111\u01b0\u1ee3c th\u1ec3 hi\u1ec7n b\u1edfi nh\u1eefng vi\u00ean ng\u1ecdc qu\u00fd c\u1ee7a Shonan.<\/p>\n<ul class=\"meta\">\n<li class=\"icon-calendar\">Th\u1eddi h\u1ea1n: cu\u1ed1i th\u00e1ng 11 ~ th\u00e1ng 2<\/li>\n<li class=\"icon-clock\">Th\u1eddi gian: V\u01b0\u1eddn Enoshima Samuel Cocking \/ Th\u00e1p Enoshima Sea Candle, t\u1eeb 17:00 ~ 20:00 ( v\u00e0o c\u1eeda tr\u01b0\u1edbc 19:30 ) *gi\u1edd m\u1edf c\u1eeda thay \u0111\u1ed5i tu\u1ef3 v\u00e0o t\u1eebng khu v\u1ef1c<\/li>\n<li class=\"icon-map\">\u0110\u1ecba \u0111i\u1ec3m:<a href=\"sightseeing\/whattosee\/enoshima-garden-and-lighthouse\" target=\"_blank\" rel=\"noopener\">V\u01b0\u1eddn Enoshima Samuel Cocking \/ Th\u00e1p Enoshima Sea Candle<\/a> v\u00e0 nhi\u1ec1u n\u01a1i kh\u00e1c<\/li>\n<\/ul>\n<\/div>\n<\/div>\n<p><\/p>","protected":false},"excerpt":{"rendered":"<p>H\u00e3y ki\u1ec3m tra nh\u1eefng s\u1ef1 ki\u1ec7n di\u1ec5n ra xung quanh L\u1ec5 h\u1ed9i N\u1ebfn bi\u1ec3n Enoshima n\u00e0o!T\u1eadn h\u01b0\u1edfng kh\u00f4ng kh\u00ed v\u1ec1 \u0111\u00eam tuy\u1ec7t \u0111\u1eb9p t\u1ea1i Enoshima v\u00e0o m\u1ed7i m\u00f9a trong n\u0103m. A Kh\u00f4ng gian \u00e1nh s\u00e1ng tuy\u1ec7t \u0111\u1eb9p \u0111\u01b0\u1ee3c th\u1ec3 hi\u1ec7n b\u1edfi qu\u1ea3 c\u1ea7u disco thu\u1ef7 tinh. L\u1ec5 h\u1ed9i ngh\u1ec7 thu\u1eadt qu\u1ed1c t\u1ebf Enoshima &#8220;MIRRORBOWLER HIKARI [&hellip;]<\/p>\n","protected":false},"author":1,"featured_media":2297,"parent":49,"menu_order":0,"comment_status":"closed","ping_status":"closed","template":"","meta":{"_acf_changed":false,"footnotes":""},"class_list":["post-2350","page","type-page","status-publish","has-post-thumbnail","hentry"],"acf":[],"aioseo_notices":[],"_links":{"self":[{"href":"https:\/\/discover-fujisawa.jp\/vn\/wp-json\/wp\/v2\/pages\/2350","targetHints":{"allow":["GET"]}}],"collection":[{"href":"https:\/\/discover-fujisawa.jp\/vn\/wp-json\/wp\/v2\/pages"}],"about":[{"href":"https:\/\/discover-fujisawa.jp\/vn\/wp-json\/wp\/v2\/types\/page"}],"author":[{"embeddable":true,"href":"https:\/\/discover-fujisawa.jp\/vn\/wp-json\/wp\/v2\/users\/1"}],"replies":[{"embeddable":true,"href":"https:\/\/discover-fujisawa.jp\/vn\/wp-json\/wp\/v2\/comments?post=2350"}],"version-history":[{"count":2,"href":"https:\/\/discover-fujisawa.jp\/vn\/wp-json\/wp\/v2\/pages\/2350\/revisions"}],"predecessor-version":[{"id":2716,"href":"https:\/\/discover-fujisawa.jp\/vn\/wp-json\/wp\/v2\/pages\/2350\/revisions\/2716"}],"up":[{"embeddable":true,"href":"https:\/\/discover-fujisawa.jp\/vn\/wp-json\/wp\/v2\/pages\/49"}],"wp:featuredmedia":[{"embeddable":true,"href":"https:\/\/discover-fujisawa.jp\/vn\/wp-json\/wp\/v2\/media\/2297"}],"wp:attachment":[{"href":"https:\/\/discover-fujisawa.jp\/vn\/wp-json\/wp\/v2\/media?parent=2350"}],"curies":[{"name":"wp","href":"https:\/\/api.w.org\/{rel}","templated":true}]}}