{"id":2384,"date":"2023-09-13T03:55:44","date_gmt":"2023-09-13T03:55:44","guid":{"rendered":"https:\/\/discover-fujisawa.jp\/?page_id=2384"},"modified":"2025-11-05T01:26:53","modified_gmt":"2025-11-05T01:26:53","slug":"recommended-gourmet","status":"publish","type":"page","link":"https:\/\/discover-fujisawa.jp\/vn\/special\/recommended-gourmet\/","title":{"rendered":"5 nh\u00e0 h\u00e0ng \u0111\u00e1ng quan t\u00e2m \u1edf Enoshima"},"content":{"rendered":"<p><\/p>\n<h2 class=\"mb-4 text-center ttl-h2-content\" style=\"text-align: center;\">5 nh\u00e0 h\u00e0ng \u0111\u00e1ng quan t\u00e2m \u1edf Enoshima<\/h2>\n<p style=\"text-align: center;\">Enoshima c\u00f3 r\u1ea5t nhi\u1ec1u \u0111\u1ecba \u0111i\u1ec3m du l\u1ecbch h\u1ea5p d\u1eabn, nh\u01b0ng b\u1ea1n c\u00f3 bi\u1ebft &#8220;d\u00e2n s\u00e0nh \u0103n Enoshima&#8221; s\u1ebd ch\u1ecdn nh\u1eefng m\u00f3n \u0103n n\u00e0o khi \u0111\u1ebfn \u0111\u00e2y kh\u00f4ng?<br \/>\nC\u01a1m Shirasu s\u1ed1ng? C\u01a1m Enoshima? \u1ed0c Sazae n\u01b0\u1edbng? T\u1ea5t nhi\u00ean, \u0111\u00f3 c\u0169ng l\u00e0 \u0111\u1eb7c s\u1ea3n n\u1ed5i ti\u1ebfng c\u1ee7a Enoshima, nh\u01b0ng g\u1ea7n \u0111\u00e2y c\u00f3 r\u1ea5t nhi\u1ec1u nh\u00e0 h\u00e0ng n\u1ed5i ti\u1ebfng v\u00e0 nh\u00e0 h\u00e0ng m\u1edbi m\u1edf, t\u1ea5t c\u1ea3 \u0111\u1ec1u \u0111\u00e1ng \u0111\u1ec3 b\u1ea1n gh\u00e9 qua.<br \/>\nSau \u0111\u00e2y l\u00e0 n\u0103m nh\u00e0 h\u00e0ng \u0111ang r\u1ea5t n\u1ed5i b\u1eadt m\u00e0 ch\u00fang t\u00f4i mu\u1ed1n gi\u1edbi thi\u1ec7u \u0111\u1ebfn b\u1ea1n.<\/p>\n<div class=\"item-special-gourmet\">\n<div class=\"row pt-5 gx-0 align-items-center\">\n<div class=\"image-wrap col-lg-8 mb-4\"><img decoding=\"async\" src=\"\/wp-content\/themes\/fujisawa\/images\/gourmet-spot01-main.jpg\"><\/div>\n<div class=\" col-lg-4 mb-4\">\n<div class=\"content-wrap content-wrap-right\">\n<div class=\"h3-special-gourmet\">\n<p>Nh\u00e0 h\u00e0ng ph\u1ee5c v\u1ee5 c\u01a1m ph\u1ea7n n\u1ed5i ti\u1ebfng v\u1edbi h\u00e0ng d\u00e0i ng\u01b0\u1eddi x\u1ebfp h\u00e0ng<\/p>\n<h3>Enoshima Koya<\/h3>\n<\/div>\n<p>Enoshima Koya c\u00e1ch Ga Katase-Enoshima tr\u00ean Tuy\u1ebfn Enoshima c\u1ee7a \u0110\u01b0\u1eddng s\u1eaft Odakyu 5 ph\u00fat \u0111i b\u1ed9. \u0110\u00e2y l\u00e0 m\u1ed9t nh\u00e0 h\u00e0ng n\u1ed5i ti\u1ebfng lu\u00f4n c\u00f3 d\u00f2ng ng\u01b0\u1eddi x\u1ebfp h\u00e0ng. <\/p>\n<\/div>\n<\/div>\n<\/div>\n<div class=\"row gx-0 align-items-center\">\n<div class=\"col-lg-5 mb-4\"><img decoding=\"async\" src=\"\/wp-content\/themes\/fujisawa\/images\/gourmet-spot01-detail.jpg\"><\/div>\n<div class=\"col-lg-7 mb-4 gourmet-content\">\n<p class=\"px-3\">B\u1ec1 ngo\u00e0i tr\u00f4ng c\u00f3 v\u1ebb c\u0169 k\u1ef9 nh\u01b0ng khi b\u01b0\u1edbc v\u00e0o b\u00ean trong, b\u1ea1n s\u1ebd th\u1ea5y m\u1ed9t kh\u00f4ng gian r\u1ed9ng r\u00e3i v\u00e0 s\u00e1ng s\u1ee7a. Nh\u1eefng ch\u1ed7 ng\u1ed3i tr\u00ean s\u00e2n th\u01b0\u1ee3ng nh\u00ecn ra bi\u1ec3n d\u01b0\u1eddng nh\u01b0 r\u1ea5t \u0111\u01b0\u1ee3c \u01b0a chu\u1ed9ng, v\u00e0 th\u1eadt tuy\u1ec7t khi c\u00f3 th\u1ec3 d\u00f9ng b\u1eefa trong m\u1ed9t khu v\u1ef1c ch\u1ed7 ng\u1ed3i tho\u00e1ng \u0111\u00e3ng nh\u01b0 v\u1eady.<\/p>\n<p class=\"px-3\">C\u00e1c m\u00f3n trong th\u1ef1c \u0111\u01a1n b\u1eefa tr\u01b0a \u0111\u01b0\u1ee3c \u0111\u1ec1 xu\u1ea5t bao g\u1ed3m &#8220;C\u00e1 \u0111\u1ecba ph\u01b0\u01a1ng chi\u00ean gi\u00f2n ki\u1ec3u Katsudon s\u1ed1t cay ng\u1ecdt&#8221;, &#8220;C\u00e1 c\u01a1m h\u1ea5p Kamaage Shirasudon&#8221; v\u00e0 &#8220;C\u01a1m Gurohorodon&#8221; l\u00e0 m\u00f3n c\u00e1 hun kh\u00f3i ph\u1ee7 b\u01a1 ch\u00e1y. Sau m\u1ed9t h\u1ed3i do d\u1ef1, ch\u00fang t\u00f4i \u0111\u00e3 ch\u1ecdn m\u00f3n &#8220;Makanai-don&#8221;. M\u00f3n c\u01a1m \u0111\u1eb7c tr\u01b0ng c\u1ee7a nh\u00e0 h\u00e0ng n\u00e0y, k\u1ebft h\u1ee3p v\u1edbi namero (c\u00e1 \u01b0\u1edbp miso) v\u1edbi n\u01b0\u1edbc s\u1ed1t m\u00e8 nguy\u00ean b\u1ea3n c\u1ee7a nh\u00e0 h\u00e0ng, \u0111\u00e3 nhi\u1ec1u l\u1ea7n gi\u00e0nh huy ch\u01b0\u01a1ng v\u00e0ng \u1edf h\u1ea1ng m\u1ee5c c\u01a1m h\u1ea3i s\u1ea3n t\u1ea1i National Donburi Grand Prix.<\/p>\n<p class=\"px-3\">C\u00e1c lo\u1ea1i c\u00e1 d\u01b0\u1eddng nh\u01b0 thay \u0111\u1ed5i t\u00f9y theo ng\u00e0y, c\u00e1c lo\u1ea1i c\u00e1 ch\u00ednh l\u00e0 h\u1ed5 ph\u00e1ch, medai v\u00e0 c\u00e1 tr\u00e1p \u0111\u1ecf. Th\u1ef1c \u0111\u01a1n b\u1eefa s\u00e1ng t\u1eeb 8:00-10:30, &#8221;S\u00fap Kinmedai v\u1edbi c\u01a1m tr\u1ee9ng&#8221; l\u00e0 m\u00f3n tr\u1ee9ng \u0111\u01b0\u1ee3c n\u1ea5u trong n\u01b0\u1edbc lu\u1ed9c Kinmedai thay v\u00ec n\u01b0\u1edbc t\u01b0\u01a1ng. Nh\u1eefng m\u00e3nh c\u00e1 kh\u00f4 Katsuo \u0111\u01b0\u1ee3c c\u1ea1o ngay tr\u01b0\u1edbc m\u1eb7t b\u1ea1n, mang l\u1ea1i h\u01b0\u01a1ng th\u01a1m m\u1ec1m m\u1ea1i. T\u00f4i c\u0169ng r\u1ea5t \u1ea5n t\u01b0\u1ee3ng b\u1edfi \u0111\u1ed9 dai c\u1ee7a l\u1ed3ng \u0111\u1ecf tr\u1ee9ng, kh\u00f4ng b\u1ecb v\u1ee1 ngay c\u1ea3 khi t\u00f4i d\u00f9ng \u0111\u0169a g\u1eafp l\u00ean.<\/p>\n<\/div>\n<\/div>\n<div class=\"row spot-detail mb-4\">\n<div class=\"col-lg-5 mb-4 mb-lg-0\">\n<h4>Enoshima Koya<\/h4>\n<dl>\n<dt>\u0e17\u0e35\u0e48\u0e2d\u0e22\u0e39\u0e48<\/dt>\n<dd>2-20-12, Katasekaigan, Fujisawa-shi, Kanagawa-ken<\/dd>\n<\/dl>\n<dl>\n<dt>\u0110T.<\/dt>\n<dd>0466-29-5875<\/dd>\n<\/dl>\n<dl>\n<dt>Gi\u1edd m\u1edf c\u1eeda<\/dt>\n<dd>8:00 &#8211; 20:00\uff08L.O.19:00\uff09<\/dd>\n<\/dl>\n<dl>\n<dt>\u0110\u00e3 \u0111\u00f3ng c\u1eeda<\/dt>\n<dd>Kh\u00f4ng<\/dd>\n<\/dl>\n<\/div>\n<div class=\"col-lg-7\"><iframe src=\"https:\/\/www.google.com\/maps\/embed?pb=!1m14!1m8!1m3!1d13023.727449807426!2d139.4825353!3d35.3076745!3m2!1i1024!2i768!4f13.1!3m3!1m2!1s0x60184efc80e055bf%3A0xcb660167a9e042d!2sEnoshima%20Koya!5e0!3m2!1sen!2sth!4v1694503731266!5m2!1sen!2sth\" width=\"100%\" height=\"250\" style=\"border:0;\" allowfullscreen=\"\" loading=\"lazy\" referrerpolicy=\"no-referrer-when-downgrade\"><\/iframe><\/div>\n<\/div>\n<\/div>\n<div class=\"item-special-gourmet\">\n<div class=\"row pt-5 gx-0 align-items-center\">\n<div class=\" col-lg-4 mb-4\">\n<div class=\"content-wrap content-wrap-left\">\n<div class=\"h3-special-gourmet\">\n<p>Th\u01b0 gi\u00e3n c\u00f9ng v\u1edbi matcha v\u00e0 yokan<\/p>\n<h3>Tamaya Youkan<\/h3>\n<\/div>\n<p>Khi ra kh\u1ecfi Ga Enoshima tr\u00ean Enoden, b\u1ea1n s\u1ebd nh\u00ecn th\u1ea5y Subana Dori, m\u1ed9t con ph\u1ed1 mua s\u1eafm c\u00f3 d\u00e3y nh\u00e0 h\u00e0ng v\u00e0 c\u1eeda h\u00e0ng l\u01b0u ni\u1ec7m, bao g\u1ed3m c\u1ea3 c\u1eeda h\u00e0ng m\u00ec ramen v\u00e0 c\u1eeda h\u00e0ng b\u00e1nh pudding. N\u1eb1m \u1edf \u0111\u00f3 l\u00e0 Tamaya Honten, m\u1ed9t c\u1eeda h\u00e0ng b\u00e1nh k\u1eb9o Nh\u1eadt B\u1ea3n v\u1edbi b\u1ec1 ngo\u00e0i c\u1ed5 \u0111i\u1ec3n b\u1eaft m\u1eaft.<\/p>\n<\/div>\n<\/div>\n<div class=\"image-wrap col-lg-8 mb-4\"><img decoding=\"async\" src=\"\/wp-content\/themes\/fujisawa\/images\/gourmet-spot02-main.jpg\"><\/div>\n<\/div>\n<div class=\"row gx-0 align-items-center\">\n<div class=\"col-lg-5 mb-4\"><img decoding=\"async\" src=\"\/wp-content\/themes\/fujisawa\/images\/gourmet-spot02-detail.jpg\"><\/div>\n<div class=\"col-lg-7 mb-4 gourmet-content\">\n<p class=\"px-4\">C\u1eeda h\u00e0ng n\u00e0y \u0111\u01b0\u1ee3c cho l\u00e0 m\u1edf c\u1eeda v\u00e0o n\u0103m 1912 c\u00f9ng v\u1edbi vi\u1ec7c khai tr\u01b0\u01a1ng tuy\u1ebfn Enoden v\u00e0 l\u00e0 t\u00e0i s\u1ea3n v\u0103n h\u00f3a v\u1eadt th\u1ec3 \u0111\u00e3 \u0111\u01b0\u1ee3c \u0111\u0103ng k\u00fd c\u1ee7a \u0111\u1ea5t n\u01b0\u1edbc. C\u1eeda h\u00e0ng l\u00e2u \u0111\u1eddi n\u00e0y c\u00f3 l\u1ecbch s\u1eed h\u01a1n 100 n\u0103m v\u00e0 \u0111\u01b0\u1ee3c ch\u1ee9ng nh\u1eadn l\u00e0 c\u1eeda h\u00e0ng b\u00e1nh k\u1eb9o \u0111\u01b0\u1ee3c ch\u1ec9 \u0111\u1ecbnh c\u1ee7a t\u1ec9nh Kanagawa v\u00e0o n\u0103m 1949. M\u1edbi \u0111\u01b0\u1ee3c c\u1ea3i t\u1ea1o g\u1ea7n \u0111\u00e2y, n\u00f3 \u0111\u00e3 \u0111\u01b0\u1ee3c t\u00e1i sinh th\u00e0nh m\u1ed9t kh\u00f4ng gian \u0111\u1ea7y phong c\u00e1ch v\u1edbi m\u1ed9t qu\u00e1n c\u00e0 ph\u00ea g\u1eafn li\u1ec1n, \u0111\u1ed3ng th\u1eddi v\u1eabn duy tr\u00ec b\u1ea7u kh\u00f4ng kh\u00ed \u0111\u1eadm ch\u1ea5t th\u1eddi gian.<\/p>\n<p class=\"px-4\">T\u1ea1i Tamaya Cafe, b\u1ea1n c\u00f3 th\u1ec3 th\u01b0\u1edfng th\u1ee9c tr\u00e0 l\u1ea1nh, r\u01b0\u1ee3u t\u00e1o Enoshima, b\u00e1nh ng\u1ecdt, tiramisu matcha, v.v. V\u00e0o ng\u00e0y n\u00e0y, t\u00f4i \u0111\u00e3 ch\u1ecdn mua &#8220;Combo Youkan&#8221; (600 y\u00ean), bao g\u1ed3m matcha v\u1edbi gi\u00e1 400 y\u00ean v\u00e0 hai m\u00f3n yokan b\u1ed5 sung trong ng\u00e0y v\u1edbi gi\u00e1 th\u00eam 200 y\u00ean. M\u00e0u xanh \u0111\u1eb9p m\u1eaft v\u00e0 h\u01b0\u01a1ng th\u01a1m \u0111\u1eadm \u0111\u00e0 c\u1ee7a matcha s\u1ebd l\u00e0m b\u1ea1n d\u1ecbu \u0111i. Combo bao g\u1ed3m Yokan rong bi\u1ec3n v\u00e0 Yokan h\u1ea1t d\u1ebb. Yokan rong bi\u1ec3n l\u00e0 \u0111\u1eb7c s\u1ea3n c\u1ee7a Tamaya, \u0111\u01b0\u1ee3c l\u00e0m b\u1eb1ng c\u00e1ch nh\u00e0o b\u1ed9t rong bi\u1ec3n xanh \u0111\u01b0\u1ee3c nu\u00f4i tr\u1ed3ng \u1edf Enoshima th\u00e0nh b\u1ed9t \u0111\u1eadu tr\u1eafng v\u00e0o th\u1eddi \u0111i\u1ec3m m\u1edbi khai tr\u01b0\u01a1ng. \u0110\u00e2y l\u00e0 lo\u1ea1i yokan hi\u1ebfm hoi c\u00f3 h\u01b0\u01a1ng th\u01a1m s\u1ea3ng kho\u00e1i c\u1ee7a \u0111\u1ea1i d\u01b0\u01a1ng v\u00e0 v\u1ecb ng\u1ecdt tinh t\u1ebf c\u1ee7a b\u1ed9t \u0111\u1eadu tr\u1eafng. Yokan h\u1ea1t d\u1ebb l\u00e0 m\u1ed9t m\u00f3n \u0103n c\u1ed5 \u0111i\u1ec3n \u0111\u01b0\u1ee3c l\u00e0m t\u1eeb h\u1ea1t d\u1ebb c\u1eaft nh\u1ecf. Khi t\u00f4i \u0111ang nh\u00ecn quanh c\u1eeda h\u00e0ng trong khi th\u01b0\u1edfng th\u1ee9c matcha, t\u00f4i ph\u00e1t hi\u1ec7n ra m\u1ed9t ph\u00f2ng ri\u00eang \u1edf ph\u00eda sau.<\/p>\n<p class=\"px-4\">Kh\u00f4ng c\u1ea7n ph\u1ea3i \u0111\u1eb7t ch\u1ed7 tr\u01b0\u1edbc \u1edf \u0111\u00e2y v\u00e0 n\u1ebfu c\u00f2n ch\u1ed7 khi \u0111\u1ebfn n\u01a1i, b\u1ea1n c\u00f3 th\u1ec3 th\u01b0\u1edfng th\u1ee9c tr\u00e0 v\u00e0 \u0111\u1ed3 ng\u1ecdt trong c\u0103n ph\u00f2ng ki\u1ec3u Nh\u1eadt n\u00e0y. \u0110\u00e2y l\u00e0 m\u1ed9t vi\u00ean ng\u1ecdc \u1ea9n! M\u1ed9t chi\u1ebfc yokan h\u1ea1t d\u1ebb tr\u00f2n tr\u0129nh l\u00e0 m\u1ed9t m\u00f3n qu\u00e0 l\u01b0u ni\u1ec7m sang tr\u1ecdng c\u1ee7a Enoshima.<\/p>\n<\/div>\n<\/div>\n<div class=\"row spot-detail mb-4\">\n<div class=\"col-lg-5 mb-4 mb-lg-0\">\n<h4>Tamaya Youkan<\/h4>\n<dl>\n<dt>\u0110\u1ecba ch\u1ec9 nh\u00e0<\/dt>\n<dd>1-9-10, Katasekaigan, Fujisawa-shi, Kanagawa-ken<\/dd>\n<\/dl>\n<dl>\n<dt>\u0110T.<\/dt>\n<dd>0466-22-4057<\/dd>\n<\/dl>\n<dl>\n<dt>Gi\u1edd m\u1edf c\u1eeda<\/dt>\n<dd>10:00 &#8211; 18:00 \u0e19.<\/dd>\n<\/dl>\n<dl>\n<dt>\u0110\u00e3 \u0111\u00f3ng c\u1eeda<\/dt>\n<dd>Th\u1ee9 n\u0103m h\u1eb1ng tu\u1ea7n<\/dd>\n<\/dl>\n<\/div>\n<div class=\"col-lg-7\"><iframe src=\"https:\/\/www.google.com\/maps\/embed?pb=!1m14!1m8!1m3!1d13023.315645653125!2d139.4867159!3d35.3102324!3m2!1i1024!2i768!4f13.1!3m3!1m2!1s0x60184efd91edf415%3A0xd25838fbbee70674!2sTamaya%20Youkan!5e0!3m2!1sen!2sth!4v1694576005325!5m2!1sen!2sth\" width=\"100%\" height=\"250\" style=\"border:0;\" allowfullscreen=\"\" loading=\"lazy\" referrerpolicy=\"no-referrer-when-downgrade\"><\/iframe><\/div>\n<\/div>\n<\/div>\n<div class=\"item-special-gourmet\">\n<div class=\"row pt-5 gx-0 align-items-center\">\n<div class=\"image-wrap col-lg-8 mb-4\"><img decoding=\"async\" src=\"\/wp-content\/themes\/fujisawa\/images\/gourmet-spot03-main.jpg\"><\/div>\n<div class=\" col-lg-4 mb-4\">\n<div class=\"content-wrap content-wrap-right\">\n<div class=\"h3-special-gourmet\">\n<p>Th\u01b0\u1edfng th\u1ee9c g\u00e0 chi\u00ean gi\u00f2n Karaage v\u00e0 d\u1ea1o quanh Enoshima<\/p>\n<h3>torico<\/h3>\n<\/div>\n<p>Tr\u00ean \u0111\u01b0\u1eddng \u0111\u1ebfn \u0110\u1ec1n Enoshima, b\u1ea1n s\u1ebd t\u00ecm th\u1ea5y TORICO, n\u01a1i n\u1ed5i ti\u1ebfng v\u1edbi m\u00f3n g\u00e0 chi\u00ean gi\u00f2n \u0111\u01b0\u1ee3c l\u00e0m b\u1eb1ng n\u01b0\u1edbc s\u1ed1t nguy\u00ean b\u1ea3n. N\u00f3 n\u1eb1m \u1edf ph\u00eda sau m\u1ed9t con h\u1ebbm h\u1eb9p, v\u00ec v\u1eady h\u00e3y c\u1ea9n th\u1eadn \u0111\u1ec3 kh\u00f4ng b\u1ecf l\u1ee1 m\u00f3n ngon n\u00e0y nh\u00e9.<\/p>\n<\/div>\n<\/div>\n<\/div>\n<div class=\"row gx-0 align-items-center\">\n<div class=\"col-lg-5 mb-4\"><img decoding=\"async\" src=\"\/wp-content\/themes\/fujisawa\/images\/gourmet-spot03-detail.jpg\"><\/div>\n<div class=\"col-lg-7 mb-4 gourmet-content\">\n<p class=\"px-4\">Nh\u00e0 h\u00e0ng n\u00e0y s\u1eed d\u1ee5ng g\u00e0 non n\u1ed9i \u0111\u1ecba, ch\u1ee7 y\u1ebfu t\u1eeb t\u1ec9nh Iwate, v\u00e0 n\u1ed5i ti\u1ebfng v\u1edbi m\u00f3n g\u00e0 chi\u00ean gi\u00f2n Kagaage. Mi\u1ebfng g\u00e0 t\u01b0\u01a1i \u0111\u01b0\u1ee3c \u01b0\u1edbp c\u1ea9n th\u1eadn trong n\u01b0\u1edbc s\u1ed1t nguy\u00ean b\u1ea3n c\u1ee7a TORICO, s\u1eed d\u1ee5ng h\u01a1n 10 lo\u1ea1i gia v\u1ecb v\u00e0 tr\u00e1i c\u00e2y l\u00e0m t\u1eeb n\u01b0\u1edbc t\u01b0\u01a1ng t\u1ecfi, d\u1ea7u chi\u00ean l\u00e0 d\u1ea7u \u0111\u1eadu n\u00e0nh v\u00e0 b\u1ed9t b\u00e1nh l\u00e0 100% &#8211; tinh b\u1ed9t khoai t\u00e2y t\u1ef1 nhi\u00ean l\u00e0m t\u1eeb khoai t\u00e2y Hokkaido. B\u00ean trong mi\u1ebfng g\u00e0 ngon ng\u1ecdt, b\u00ean ngo\u00e0i gi\u00f2n r\u1ee5m. C\u00f3 b\u1ed1n lo\u1ea1i n\u01b0\u1edbc s\u1ed1t: n\u01b0\u1edbc t\u01b0\u01a1ng ng\u1ecdt v\u00e0 cay, gi\u1ea5m \u0111en nanban, d\u1ea7u linjyi v\u00e0 yangnyeom, v\u00e0 n\u01b0\u1edbc s\u1ed1t nguy\u00ean b\u1ea3n.<\/p>\n<p class=\"px-4\">B\u1ea1n c\u00f3 th\u1ec3 mua t\u1ea1i qu\u1ea7y, nh\u01b0ng ph\u00eda sau c\u1eeda h\u00e0ng l\u00e0 C\u1ea3ng c\u00e1 Nishiura, m\u1ed9t danh lam th\u1eafng c\u1ea3nh \u1edf Enoshima m\u00e0 ch\u1ec9 nh\u1eefng ng\u01b0\u1eddi am hi\u1ec3u m\u1edbi bi\u1ebft \u0111\u1ebfn, v\u00ec v\u1eady h\u00e3y l\u1ea5y m\u1ed9t \u00edt g\u00e0 r\u00e1n v\u00e0 n\u01b0\u1edbc chanh r\u1ed3i \u0111i \u0111\u1ebfn b\u00e3i bi\u1ec3n. Th\u1eadt tuy\u1ec7t v\u1eddi khi v\u1eeba th\u01b0\u1edfng th\u1ee9c m\u00f3n g\u00e0 r\u00e1n v\u1eeba ng\u1eafm nh\u00ecn nh\u1eefng con t\u00e0u du l\u1ecbch \u0111i ngang qua.<\/p>\n<\/div>\n<\/div>\n<div class=\"row spot-detail mb-4\">\n<div class=\"col-lg-5 mb-4 mb-lg-0\">\n<h4>torico<\/h4>\n<dl>\n<dt>\u0110\u1ecba ch\u1ec9 nh\u00e0<\/dt>\n<dd>2-1-14, Enoshima, Fujisawa-shi, Kanagawa-ken<\/dd>\n<\/dl>\n<dl>\n<dt>\u0110T.<\/dt>\n<dd>0466-54-9799<\/dd>\n<\/dl>\n<dl>\n<dt>Gi\u1edd m\u1edf c\u1eeda<\/dt>\n<dd>11:00 &#8211; 19:00<\/dd>\n<\/dl>\n<dl>\n<dt>\u0110\u00e3 \u0111\u00f3ng c\u1eeda<\/dt>\n<dd>Th\u1ee9 t\u01b0 h\u1eb1ng tu\u1ea7n<\/dd>\n<\/dl>\n<\/div>\n<div class=\"col-lg-7\"><iframe src=\"https:\/\/www.google.com\/maps\/embed?pb=!1m18!1m12!1m3!1d3256.1784221927096!2d139.4778075114079!3d35.30154787259836!2m3!1f0!2f0!3f0!3m2!1i1024!2i768!4f13.1!3m3!1m2!1s0x60184ee445b4c21d%3A0xcc36920a37a34ade!2storico!5e0!3m2!1sen!2sth!4v1694576170127!5m2!1sen!2sth\" width=\"100%\" height=\"250\" style=\"border:0;\" allowfullscreen=\"\" loading=\"lazy\" referrerpolicy=\"no-referrer-when-downgrade\"><\/iframe><\/div>\n<\/div>\n<\/div>\n<div class=\"item-special-gourmet\">\n<div class=\"row pt-5 gx-0 align-items-center\">\n<div class=\" col-lg-4 mb-4\">\n<div class=\"content-wrap content-wrap-left\">\n<div class=\"h3-special-gourmet\">\n<p>Tr\u00ean \u0111\u1ec9nh Enoshima<\/p>\n<h3>LONCAFE<\/h3>\n<\/div>\n<p>M\u1ed9t n\u01a1i t\u00f4i th\u1ef1c s\u1ef1 mu\u1ed1n gh\u00e9 th\u0103m \u1edf Enoshima l\u00e0 V\u01b0\u1eddn Samuel Cocking n\u1eb1m tr\u00ean \u0111\u1ec9nh h\u00f2n \u0111\u1ea3o. \u0110\u00e2y l\u00e0 m\u1ed9t c\u00f4ng vi\u00ean tuy\u1ec7t v\u1eddi \u0111\u01b0\u1ee3c bao quanh b\u1edfi c\u00e2y c\u1ed1i v\u00e0 hoa, \u0111\u1ed3ng th\u1eddi l\u00e0 \u0111\u1ecba \u0111i\u1ec3m n\u1ed5i ti\u1ebfng t\u1ef1 h\u00e0o c\u00f3 m\u1ed9t trong nh\u1eefng khung c\u1ea3nh \u0111\u1eb9p nh\u1ea5t \u1edf Enoshima.<\/p>\n<\/div>\n<\/div>\n<div class=\"image-wrap col-lg-8 mb-4\"><img decoding=\"async\" src=\"\/wp-content\/themes\/fujisawa\/images\/gourmet-spot04-main.jpg\"><\/div>\n<\/div>\n<div class=\"row gx-0 align-items-center\">\n<div class=\"col-lg-5 mb-4\"><img decoding=\"async\" src=\"\/wp-content\/themes\/fujisawa\/images\/gourmet-spot04-detail.jpg\"><\/div>\n<div class=\"col-lg-7 mb-4 gourmet-content\">\n<p class=\"px-4\">N\u1ebfu b\u1ea1n l\u00ean Sea Candle trong v\u01b0\u1eddn, b\u1ea1n c\u00f3 th\u1ec3 ng\u1eafm nh\u00ecn to\u00e0n c\u1ea3nh bi\u1ec3n Shonan. C\u00f3 gh\u1ebf sofa v\u00e0 gh\u1ebf cao ng\u1ed3i nh\u00ecn tr\u1ef1c di\u1ec7n ra bi\u1ec3n, tr\u00ean s\u00e2n hi\u00ean l\u00e1t g\u1ed7 r\u1ed9ng l\u1edbn \u1edf t\u1ea7ng 2 \u0111\u1ec3 b\u1ea1n c\u00f3 th\u1ec3 c\u00f3 nh\u1eefng gi\u00e2y ph\u00fat th\u01b0 gi\u00e3n.<\/p>\n<p class=\"px-4\">LONCAFE n\u1eb1m b\u00ean trong Samuel Cocking Garden l\u00e0 \u0111\u1ecba \u0111i\u1ec3m l\u00fd t\u01b0\u1edfng cho nh\u1eefng ai th\u00edch \u0111\u1ed3 ng\u1ecdt! Khai tr\u01b0\u01a1ng v\u00e0o n\u0103m 2003 v\u1edbi t\u01b0 c\u00e1ch l\u00e0 c\u1eeda h\u00e0ng \u0111\u1eb7c s\u1ea3n b\u00e1nh m\u00ec n\u01b0\u1edbng Ph\u00e1p \u0111\u1ea7u ti\u00ean c\u1ee7a Nh\u1eadt B\u1ea3n. \u0110\u00e2y l\u00e0 m\u1ed9t qu\u00e1n c\u00e0 ph\u00ea \u0111\u1ea7y phong c\u00e1ch v\u1edbi v\u1ecb tr\u00ed tuy\u1ec7t v\u1eddi nh\u00ecn ra V\u1ecbnh Sagami, n\u01a1i b\u1ea1n c\u00f3 th\u1ec3 t\u1eadn h\u01b0\u1edfng th\u1eddi gian ngh\u1ec9 d\u01b0\u1ee1ng trong khi c\u1ea3m nh\u1eadn l\u00e0n gi\u00f3 Shonan t\u1eeb nh\u1eefng chi\u1ebfc gh\u1ebf r\u1ed9ng r\u00e3i tr\u00ean s\u00e2n th\u01b0\u1ee3ng.<\/p>\n<p class=\"px-4\">Ch\u00fang t\u00f4i t\u1ef1 h\u00e0o v\u1ec1 m\u00f3n b\u00e1nh m\u00ec n\u01b0\u1edbng ki\u1ec3u Ph\u00e1p, gi\u00f2n b\u00ean ngo\u00e0i v\u00e0 m\u1ec1m m\u1ea1i b\u00ean trong. Topping \u0111a d\u1ea1ng, h\u01a1n 10 l\u1ef1a ch\u1ecdn h\u1ea5p d\u1eabn nh\u01b0 &#8220;Black Truffle White Sauce&#8221; v\u00e0 &#8220;Caramelized Banana&#8221; s\u1ed1 l\u01b0\u1ee3ng c\u00f3 h\u1ea1n. Nh\u01b0ng l\u1ea7n n\u00e0y t\u00f4i \u0111\u00e3 ch\u1ecdn &#8220;Apple Pie c\u00f3 nh\u00e2n ph\u00f4 mai Gorgonzola&#8221; v\u1edbi gi\u00e1 1.450 y\u00ean. T\u00e1o h\u1ea7m ng\u1ecdt v\u00e0 ph\u00f4 mai gorgonzola m\u1eb7n k\u1ebft h\u1ee3p ho\u00e0n h\u1ea3o v\u1edbi nhau. T\u00f4i \u0111\u00e3 c\u00f3 m\u1ed9t th\u1eddi gian tuy\u1ec7t v\u1eddi v\u1edbi h\u01b0\u01a1ng v\u1ecb \u0111\u1eb3ng c\u1ea5p n\u00e0y.<\/p>\n<\/div>\n<\/div>\n<div class=\"row spot-detail mb-4\">\n<div class=\"col-lg-5 mb-4 mb-lg-0\">\n<h4>LONCAFE<\/h4>\n<dl>\n<dt>\u0110\u1ecba ch\u1ec9 nh\u00e0<\/dt>\n<dd>Samuel Cocking Garden, 3-38, Enoshima 2chomeme, Fujisawa-shi, Kanagawa-ken<\/dd>\n<\/dl>\n<dl>\n<dt>\u0110T.<\/dt>\n<dd>0466-28-3636<\/dd>\n<\/dl>\n<dl>\n<dt>Gi\u1edd m\u1edf c\u1eeda<\/dt>\n<dd>Mon &#8211; Fri 11:00 &#8211; 20:00\uff08L.O.19:30\uff09<br \/>Sat, Sun. 10:00-  21:00\uff08L.O.20:30\uff09<\/dd>\n<\/dl>\n<dl>\n<dt>\u0110\u00e3 \u0111\u00f3ng c\u1eeda<\/dt>\n<dd>Ng\u00e0y ngh\u1ec9 kh\u00f4ng c\u1ed1 \u0111\u1ecbnh<\/dd>\n<\/dl>\n<\/div>\n<div class=\"col-lg-7\"><iframe src=\"https:\/\/www.google.com\/maps\/embed?pb=!1m18!1m12!1m3!1d3256.2471924772003!2d139.4774669114078!3d35.299838872598826!2m3!1f0!2f0!3f0!3m2!1i1024!2i768!4f13.1!3m3!1m2!1s0x60184ee5ce045bbd%3A0xb01b3b0819b2e591!2sLONCAFE!5e0!3m2!1sen!2sth!4v1694576203937!5m2!1sen!2sth\" width=\"100%\" height=\"250\" style=\"border:0;\" allowfullscreen=\"\" loading=\"lazy\" referrerpolicy=\"no-referrer-when-downgrade\"><\/iframe><\/div>\n<\/div>\n<\/div>\n<div class=\"item-special-gourmet\">\n<div class=\"row pt-5 gx-0 align-items-center\">\n<div class=\"image-wrap col-lg-8 mb-4\"><img decoding=\"async\" src=\"\/wp-content\/themes\/fujisawa\/images\/gourmet-spot05-main.jpg\"><\/div>\n<div class=\" col-lg-4 mb-4\">\n<div class=\"content-wrap content-wrap-right\">\n<div class=\"h3-special-gourmet\">\n<p>M\u00f3n \u0103n \u00dd \u0111\u00edch th\u1ef1c tr\u00ean b\u00e3i bi\u1ec3n<\/p>\n<h3>iL CHIANTI BEACHE<\/h3>\n<\/div>\n<p>M\u1ed9t trong s\u1ed1 \u00edt nh\u00e0 h\u00e0ng tr\u00ean b\u00e3i bi\u1ec3n \u1edf Shonan \u0111\u01b0\u1ee3c \u01b0a chu\u1ed9ng l\u00e0 iL CHIANTI BEACHE &#8211; nh\u00e0 h\u00e0ng \u00dd ch\u00ednh th\u1ed1ng.\u0e21<\/p>\n<\/div>\n<\/div>\n<\/div>\n<div class=\"row gx-0 align-items-center\">\n<div class=\"col-lg-5 mb-4\"><img decoding=\"async\" src=\"\/wp-content\/themes\/fujisawa\/images\/gourmet-spot05-detail.jpg\"><\/div>\n<div class=\"col-lg-7 mb-4 gourmet-content\">\n<p class=\"px-4\">T\u1ea5t c\u1ea3 c\u00e1c ch\u1ed7 ng\u1ed3i \u1edf ph\u00eda b\u00e3i bi\u1ec3n \u0111\u1ec1u c\u00f3 v\u00e1ch k\u00ednh v\u00e0 nh\u00ecn ra \u0111\u1ea1i d\u01b0\u01a1ng. V\u00e0o nh\u1eefng ng\u00e0y n\u1eafng, ch\u00fang t\u00f4i khuy\u00ean b\u1ea1n n\u00ean ng\u1ed3i tr\u00ean s\u00e2n hi\u00ean \u0111\u1ec3 t\u1eadn h\u01b0\u1edfng gi\u00f3 bi\u1ec3n. Tr\u01b0\u1edbc m\u1eb7t b\u1ea1n l\u00e0 c\u00f4ng vi\u00ean v\u00e0 b\u00e3i bi\u1ec3n c\u00f3 s\u00e0n g\u1ed7, n\u01a1i b\u1ea1n c\u00f3 th\u1ec3 v\u1eeba th\u01b0\u1edfng th\u1ee9c b\u1eefa \u0103n v\u1eeba ng\u1eafm nh\u00ecn \u0111\u1ea1i d\u01b0\u01a1ng.<\/p>\n<p class=\"px-4\">C\u00f3 r\u1ea5t nhi\u1ec1u th\u1ef1c \u0111\u01a1n \u0111\u1ed3 u\u1ed1ng v\u00e0 \u0111\u1ed3 \u0103n khi\u1ebfn t\u00f4i ph\u1ea3i r\u1ea5t kh\u00f3 kh\u0103n \u0111\u1ec3 quy\u1ebft \u0111\u1ecbnh, nh\u01b0ng tr\u01b0\u1edbc ti\u00ean t\u00f4i quy\u1ebft \u0111\u1ecbnh ch\u1ecdn m\u00f3n salad Caribe, v\u1edbi nhi\u1ec1u h\u1ea3i s\u1ea3n t\u01b0\u01a1i ngon. N\u01b0\u1edbc s\u1ed1t ban \u0111\u1ea7u c\u1ee7a nh\u00e0 h\u00e0ng n\u00e0y \u0111\u00e3 n\u1ed5i ti\u1ebfng t\u1eeb l\u00e2u nh\u01b0ng c\u00f3 v\u1ebb nh\u01b0 h\u1ecd \u0111\u00e3 ph\u00e1t tri\u1ec3n m\u1ed9t lo\u1ea1i n\u01b0\u1edbc s\u1ed1t kh\u00f4ng chua \u0111\u1ec3 ph\u00f9 h\u1ee3p v\u1edbi h\u01b0\u01a1ng v\u1ecb c\u1ee7a r\u01b0\u1ee3u. M\u00f3n ti\u1ebfp theo t\u00f4i g\u1ecdi l\u00e0 cua l\u1ed9t Piadina n\u1ed5i ti\u1ebfng c\u1ee7a \u00dd. Con cua m\u1ec1m v\u1eeba l\u1ed9t da \u0111\u01b0\u1ee3c chi\u00ean ch\u00edn, b\u1ecdc trong piadina (b\u00e1nh m\u00ec kh\u00f4ng men c\u1ee7a v\u00f9ng Romagna c\u1ee7a \u00dd) c\u00f9ng hai lo\u1ea1i n\u01b0\u1edbc s\u1ed1t \u0111\u1eb7c bi\u1ec7t v\u00e0 rau xanh r\u1ed3i \u0103n b\u1ed1c t\u1eadn tay. M\u1ed9t m\u00f3n \u0103n r\u1ea5t th\u01a1m v\u00e0 ngon.<\/p>\n<p class=\"px-4\">\u0110\u1ed1i v\u1edbi c\u00e1c m\u00f3n \u0103n s\u1eed d\u1ee5ng nguy\u00ean li\u1ec7u \u0111\u1ecba ph\u01b0\u01a1ng nh\u01b0 &#8220;G\u00e0 n\u01b0\u1edbng Fujisawa Shamo v\u1edbi h\u01b0\u01a1ng v\u1ecb th\u1ea3o m\u1ed9c c\u1ee7a rau Fujisawa&#8221; v\u00e0 &#8220;Gratin v\u1edbi tr\u1ee9ng Shamo Fujisawa&#8221; c\u0169ng r\u1ea5t h\u1ea5p d\u1eabn, nh\u01b0ng &#8220;Salad c\u00e1 tr\u1eafng v\u00e0 nho bi\u1ec3n Chogo&#8221; c\u0169ng thu h\u00fat s\u1ef1 ch\u00fa \u00fd c\u1ee7a t\u00f4i. T\u00f4i quy\u1ebft \u0111\u1ecbnh y\u00eau c\u1ea7u &#8221;n\u01b0\u1edbc s\u1ed1t Chianti.&#8221; Ch\u00fang t\u00f4i \u0111\u00e3 c\u00f3 th\u1ec3 th\u01b0\u1edfng th\u1ee9c nho bi\u1ec3n t\u01b0\u01a1i ngon \u0111\u01b0\u1ee3c tr\u1ed3ng th\u00e0nh c\u00f4ng t\u1ea1i Nagaoka, TP Fujisawa, d\u00f9 lo\u1ea1i t\u1ea3o bi\u1ec3n n\u00e0y ch\u1ec9 c\u00f3 th\u1ec3 tr\u00f4ng \u1edf Okinawa nh\u01b0 tr\u01b0\u1edbc \u0111\u00e2y.<\/p>\n<p class=\"px-4\">Khi ch\u00fang t\u00f4i \u0103n xong th\u00ec m\u1eb7t tr\u1eddi \u0111\u00e3 l\u1eb7n tr\u00ean bi\u1ec3n. H\u00ecnh b\u00f3ng c\u1ee7a N\u00fai Ph\u00fa S\u0129 hi\u1ec7n r\u00f5 tr\u00ean b\u00e3i bi\u1ec3n v\u00e0o l\u00fac ho\u00e0ng h\u00f4n l\u00e0 m\u1ed9t khung c\u1ea3nh ngo\u1ea1n m\u1ee5c.<\/p>\n<\/div>\n<\/div>\n<div class=\"row spot-detail mb-4\">\n<div class=\"col-lg-5 mb-4 mb-lg-0\">\n<h4>iL CHIANTI BEACHE<\/h4>\n<dl>\n<dt>\u0110\u1ecba ch\u1ec9 nh\u00e0<\/dt>\n<dd>2-20-3, Katasekaigan, Fujisawa-shi, Kanagawa-ken<\/dd>\n<\/dl>\n<dl>\n<dt>\u0110T.<\/dt>\n<dd>0466-26-0234<\/dd>\n<\/dl>\n<dl>\n<dt>Gi\u1edd m\u1edf c\u1eeda<\/dt>\n<dd>11:00 -23:00\uff08L.O.22:00\uff09<\/dd>\n<\/dl>\n<dl>\n<dt>\u0110\u00e3 \u0111\u00f3ng c\u1eeda<\/dt>\n<dd>Kh\u00f4ng<\/dd>\n<\/dl>\n<\/div>\n<div class=\"col-lg-7\"><iframe src=\"https:\/\/www.google.com\/maps\/embed?pb=!1m18!1m12!1m3!1d3255.8975756751042!2d139.4811689!3d35.3085264!2m3!1f0!2f0!3f0!3m2!1i1024!2i768!4f13.1!3m3!1m2!1s0x60184efbeb64189b%3A0xb855e058a697eb5d!2zae-8rCDvvKPvvKjvvKnvvKHvvK7vvLTvvKkg77yi77yl77yh77yj77yo77yl!5e0!3m2!1sen!2sth!4v1701917379855!5m2!1sen!2sth\" width=\"100%\" height=\"250\" style=\"border:0;\" allowfullscreen=\"\" loading=\"lazy\" referrerpolicy=\"no-referrer-when-downgrade\"><\/iframe><\/div>\n<\/div>\n<\/div>\n<p><\/p>","protected":false},"excerpt":{"rendered":"<p>5 nh\u00e0 h\u00e0ng \u0111\u00e1ng quan t\u00e2m \u1edf Enoshima Enoshima c\u00f3 r\u1ea5t nhi\u1ec1u \u0111\u1ecba \u0111i\u1ec3m du l\u1ecbch h\u1ea5p d\u1eabn, nh\u01b0ng b\u1ea1n c\u00f3 bi\u1ebft &#8220;d\u00e2n s\u00e0nh \u0103n Enoshima&#8221; s\u1ebd ch\u1ecdn nh\u1eefng m\u00f3n \u0103n n\u00e0o khi \u0111\u1ebfn \u0111\u00e2y kh\u00f4ng? C\u01a1m Shirasu s\u1ed1ng? C\u01a1m Enoshima? \u1ed0c Sazae n\u01b0\u1edbng? T\u1ea5t nhi\u00ean, \u0111\u00f3 c\u0169ng l\u00e0 \u0111\u1eb7c s\u1ea3n n\u1ed5i ti\u1ebfng c\u1ee7a Enoshima, [&hellip;]<\/p>\n","protected":false},"author":1,"featured_media":2392,"parent":49,"menu_order":0,"comment_status":"closed","ping_status":"closed","template":"","meta":{"_acf_changed":false,"footnotes":""},"class_list":["post-2384","page","type-page","status-publish","has-post-thumbnail","hentry"],"acf":[],"aioseo_notices":[],"_links":{"self":[{"href":"https:\/\/discover-fujisawa.jp\/vn\/wp-json\/wp\/v2\/pages\/2384","targetHints":{"allow":["GET"]}}],"collection":[{"href":"https:\/\/discover-fujisawa.jp\/vn\/wp-json\/wp\/v2\/pages"}],"about":[{"href":"https:\/\/discover-fujisawa.jp\/vn\/wp-json\/wp\/v2\/types\/page"}],"author":[{"embeddable":true,"href":"https:\/\/discover-fujisawa.jp\/vn\/wp-json\/wp\/v2\/users\/1"}],"replies":[{"embeddable":true,"href":"https:\/\/discover-fujisawa.jp\/vn\/wp-json\/wp\/v2\/comments?post=2384"}],"version-history":[{"count":12,"href":"https:\/\/discover-fujisawa.jp\/vn\/wp-json\/wp\/v2\/pages\/2384\/revisions"}],"predecessor-version":[{"id":2714,"href":"https:\/\/discover-fujisawa.jp\/vn\/wp-json\/wp\/v2\/pages\/2384\/revisions\/2714"}],"up":[{"embeddable":true,"href":"https:\/\/discover-fujisawa.jp\/vn\/wp-json\/wp\/v2\/pages\/49"}],"wp:featuredmedia":[{"embeddable":true,"href":"https:\/\/discover-fujisawa.jp\/vn\/wp-json\/wp\/v2\/media\/2392"}],"wp:attachment":[{"href":"https:\/\/discover-fujisawa.jp\/vn\/wp-json\/wp\/v2\/media?parent=2384"}],"curies":[{"name":"wp","href":"https:\/\/api.w.org\/{rel}","templated":true}]}}