{"id":2441,"date":"2024-03-01T04:16:31","date_gmt":"2024-03-01T04:16:31","guid":{"rendered":"https:\/\/discover-fujisawa.jp\/?page_id=2441"},"modified":"2024-08-08T07:46:34","modified_gmt":"2024-08-08T07:46:34","slug":"take-photos-in-fujisawa-and-enoshima-featured-in-anime-seishun-buta-yarou-aobuta-rascal-does-not-dream-of-bunny-girl-senpai","status":"publish","type":"page","link":"https:\/\/discover-fujisawa.jp\/vn\/special\/take-photos-in-fujisawa-and-enoshima-featured-in-anime-seishun-buta-yarou-aobuta-rascal-does-not-dream-of-bunny-girl-senpai\/","title":{"rendered":"C\u00f9ng \u0111\u1ebfn Fujisawa v\u00e0 Enoshima, th\u00e1nh \u0111\u1ecba c\u1ee7a anime \u201cSeishun Buta Yarou\u201d (AOBUTA)"},"content":{"rendered":"<p><\/p>\n<header>\n<p class=\"mb-3 d-none d-md-inline-block\"><img decoding=\"async\" src=\"\/wp-content\/themes\/fujisawa\/images\/anime\/hero-anime-eng.jpg\" alt=\"\"><\/p>\n<p class=\"mb-3 d-md-none d-inline-block\"><img decoding=\"async\" src=\"\/wp-content\/themes\/fujisawa\/images\/anime\/hero-anime-eng-sp.jpg\" alt=\"\"><\/p>\n<div class=\"py-5\">\n<h1 class=\"h3 text-center fw-bold mb-3\">C\u00f9ng \u0111\u1ebfn Fujisawa v\u00e0 Enoshima, th\u00e1nh \u0111\u1ecba c\u1ee7a anime <br \/>&#8220;Seishun Buta Yarou&#8221; (AOBUTA) &#8211; &#8220;Rascal Does Not Dream of Bunny Girl Senpai&#8221; \u0111\u1ec3 t\u00e1i hi\u1ec7n l\u1ea1i c\u00e1c c\u1ea3nh trong phim<\/h1>\n<p class=\"text-center\">Seishun Buta Yarou (AOBUTA), n\u1ed5i ti\u1ebfng h\u01a1n sau khi ph\u00e1t tr\u1ef1c tuy\u1ebfn c\u00e1c t\u1eadp phim tr\u00ean Netflix, <br \/>l\u00e0 phim anime l\u1ea5y b\u1ed1i c\u1ea3nh \u1edf khu v\u1ef1c Fujisawa\/Enoshima.<\/p>\n<p class=\"text-center\">C\u00f3 r\u1ea5t nhi\u1ec1u \u0111\u1ecba \u0111i\u1ec3m kh\u00e1c nhau c\u1ee7a Fujisawa\/Enoshima \u0111\u01b0\u1ee3c xu\u1ea5t hi\u1ec7n b\u00ean trong phim.<\/p>\n<p class=\"text-center\">\u1ede Nh\u1eadt B\u1ea3n, vi\u1ec7c tham quan, ch\u1ee5p \u1ea3nh v\u00e0 quay video c\u00e1c \u0111\u1ecba \u0111i\u1ec3m \u0111\u00e3 l\u00e0 b\u1ed1i c\u1ea3nh trong phim \u0111\u01b0\u1ee3c v\u00ed nh\u01b0 \u201ccu\u1ed9c h\u00e0nh h\u01b0\u01a1ng \u0111\u1ebfn th\u00e1nh \u0111\u1ecba\u201d. <br \/>N\u1ebfu b\u1ea1n \u0111\u00e3 xem anime, ch\u1eafc ch\u1eafn b\u1ea1n s\u1ebd r\u1ea5t h\u00e0o h\u1ee9ng khi \u0111i tham quan nh\u1eefng \u0111i\u1ec3m n\u00e0y! <br \/>\u0110\u1eebng qu\u00ean th\u1eed ch\u1ee5p \u1ea3nh v\u1edbi t\u01b0 th\u1ebf gi\u1ed1ng nh\u01b0 c\u00e1c nh\u00e2n v\u1eadt trong phim nh\u00e9!<\/p>\n<\/div>\n<\/header>\n<div class=\"container mb-5\">\n<div class=\"about-anime p-3 p-lg-4\">\n<div class=\"row\">\n<div class=\"col-lg-3 col-md-4 text-center\"><img decoding=\"async\" src=\"\/wp-content\/themes\/fujisawa\/images\/anime\/pic-profile-anime.png\" alt=\"\"><\/div>\n<div class=\"col-lg-9 col-md-8 align-self-center\">\n<h3 class=\"mt-3 mt-lg-0\">V\u1ec1 phim anime &#8220;Rascal Does Not Dream of Bunny Girl Senpai&#8221;<\/h3>\n<p>M\u1ed9t b\u1ed9 phim anime mi\u00eau t\u1ea3 kh\u00e9o l\u00e9o nh\u1eefng &#8220;chuy\u1ec3n \u0111\u1ed9ng&#8221; tinh th\u1ea7n kh\u00f4ng \u1ed5n \u0111\u1ecbnh th\u01b0\u1eddng x\u1ea3y ra \u1edf tu\u1ed5i thi\u1ebfu ni\u00ean. Nh\u1eefng c\u00e2u chuy\u1ec7n b\u00ed \u1ea9n li\u00ean ti\u1ebfp di\u1ec5n ra theo t\u1eebng t\u1eadp, \u0111\u1ed9ng l\u1ea1i trong l\u00f2ng ng\u01b0\u1eddi xem nhi\u1ec1u c\u1ea3m x\u00fac kh\u00f3 t\u1ea3.<\/p>\n<p>T\u00e1c ph\u1ea9m n\u00e0y c\u00f3 nhi\u1ec1u c\u00e2u chuy\u1ec7n l\u1ea5y b\u1ed1i c\u1ea3nh \u1edf Enoshima v\u00e0 Fujisawa. Nh\u1eefng c\u1ea3nh \u0111\u00e3 \u0111\u01b0\u1ee3c d\u1ef1ng th\u00e0nh phim ho\u1ea1t h\u00ecnh g\u1ed3m c\u00f3 bi\u1ec3n, Enoden, Enoshima v\u00e0 Kamakura n\u00ean c\u00e1c b\u1ea1n c\u00f3 th\u1ec3 d\u1ec5 d\u00e0ng th\u01b0\u1edfng th\u1ee9c v\u00f9ng \u0111\u1ea5t Shonan m\u1ed9t c\u00e1ch tr\u1ecdn v\u1eb9n.<\/p>\n<\/div>\n<\/div>\n<\/div>\n<\/div>\n<div class=\"anime-location py-5\">\n<div class=\"container\">\n<div class=\"row \">\n<div class=\"item-anime-location col-lg-6 mb-4\">\n<h3 class=\"mb-3\"><span>SCENE 01<\/span>T\u00e0u \u0111i\u1ec7n Enoden<\/h3>\n<p>M\u1ed9t c\u1ea3nh trong video m\u1edf \u0111\u1ea7u. Sakuta \u0111ang ch\u1ea1y t\u1eeb h\u01b0\u1edbng Enoshima gi\u1eefa Ga Koshigoe v\u00e0 Ga Kamakura Koukomae.<\/p>\n<figure><img decoding=\"async\" src=\"\/wp-content\/themes\/fujisawa\/images\/anime\/pic-scene-01.jpg\" alt=\"Enoden\"><\/figure>\n<p class=\"text-end\"><a class=\"btn btn-primary\" href=\"https:\/\/maps.app.goo.gl\/PTCJRWvak61d8TcHA\" target=\"_blank\" rel=\"noopener\">Xem b\u1ea3n \u0111\u1ed3<\/a><\/p>\n<\/div>\n<div class=\"item-anime-location col-lg-6 mb-4 pt-lg-5\">\n<h3 class=\"mb-3\"><span>SCENE 02<\/span>C\u1eeda b\u1eafc ga Fujisawa<\/h3>\n<p>M\u1ed9t c\u1ea3nh trong video m\u1edf \u0111\u1ea7u. Ga Fujisawa l\u00e0 n\u01a1i \u0111\u01b0\u1ee3c nhi\u1ec1u phim ho\u1ea1t h\u00ecnh s\u1eed d\u1ee5ng l\u00e0m b\u1ed1i c\u1ea3nh, fan c\u1ee7a anime th\u00ec \u0111\u1eebng qu\u00ean gh\u00e9 th\u0103m nh\u00e9!<\/p>\n<figure><img decoding=\"async\" src=\"\/wp-content\/themes\/fujisawa\/images\/anime\/pic-scene-02.jpg\" alt=\"Fujisawa Station North Exit\"><\/figure>\n<p class=\"text-end\"><a class=\"btn btn-primary\" href=\"https:\/\/maps.app.goo.gl\/px84q9hYebBjShA16\" target=\"_blank\" rel=\"noopener\">Xem b\u1ea3n \u0111\u1ed3<\/a><\/p>\n<\/div>\n<div class=\"item-anime-location col-lg-6 mb-4\">\n<h3 class=\"mb-3\"><span>SCENE 03<\/span>Th\u01b0 vi\u1ec7n c\u00f4ng c\u1ed9ng t\u1ed5ng h\u1ee3p th\u00e0nh ph\u1ed1 Fujisawa<\/h3>\n<figure><img decoding=\"async\" src=\"\/wp-content\/themes\/fujisawa\/images\/anime\/pic-scene-03.jpg\" alt=\"Fujisawa City General Public Library\"><\/figure>\n<p class=\"text-end\"><a class=\"btn btn-primary\" href=\"https:\/\/maps.app.goo.gl\/JSVhZjVCd2yM3UxK6\" target=\"_blank\" rel=\"noopener\">Xem b\u1ea3n \u0111\u1ed3<\/a><\/p>\n<\/div>\n<div class=\"item-anime-location col-lg-6 mb-4 pt-lg-5\">\n<h3 class=\"mb-3\"><span>SCENE 04<\/span>B\u1edd bi\u1ec3n Katase Nishihama<\/h3>\n<p>M\u1ed9t b\u00e3i bi\u1ec3n v\u1edbi t\u1ea7m nh\u00ecn to\u00e0n c\u1ea3nh Enoshima. B\u1ea1n c\u00f3 th\u1ec3 nh\u00ecn th\u1ea5y Ng\u1ecdn n\u1ebfn bi\u1ec3n Enoshima \u1edf ph\u00eda xa.<\/p>\n<figure><img decoding=\"async\" src=\"\/wp-content\/themes\/fujisawa\/images\/anime\/pic-scene-04.jpg\" alt=\"Katase Nishihama Beach\"><\/figure>\n<p class=\"text-end\"><a class=\"btn btn-primary\" href=\"https:\/\/maps.app.goo.gl\/kpk6arbj9YNaoA6Y6\" target=\"_blank\" rel=\"noopener\">Xem b\u1ea3n \u0111\u1ed3<\/a><\/p>\n<\/div>\n<div class=\"item-anime-location col-lg-6 mb-4\">\n<h3 class=\"mb-3\"><span>SCENE 05<\/span>\u0110\u00e0i quan s\u00e1t Nakatsumiya<\/h3>\n<figure><img decoding=\"async\" src=\"\/wp-content\/themes\/fujisawa\/images\/anime\/pic-scene-05.jpg\" alt=\"Nakatsumiya observation deck\"><\/figure>\n<p class=\"text-end\"><a class=\"btn btn-primary\" href=\"https:\/\/maps.app.goo.gl\/XcJ7CrNt69Dytb2m8\" target=\"_blank\" rel=\"noopener\">Xem b\u1ea3n \u0111\u1ed3<\/a><\/p>\n<\/div>\n<div class=\"item-anime-location col-lg-6 mb-4 pt-lg-5\">\n<h3 class=\"mb-3\"><span>SCENE 06<\/span>Ga Odakyu Katase-Enoshima<\/h3>\n<figure><img decoding=\"async\" src=\"\/wp-content\/themes\/fujisawa\/images\/anime\/pic-scene-06.jpg\" alt=\"Odakyu Katase Enoshima station\"><\/figure>\n<p class=\"text-end\"><a class=\"btn btn-primary\" href=\"https:\/\/maps.app.goo.gl\/TLBDud8jxf1jtfEw8\" target=\"_blank\" rel=\"noopener\">Xem b\u1ea3n \u0111\u1ed3<\/a><\/p>\n<\/div>\n<div class=\"item-anime-location col-lg-6 mb-4\">\n<h3 class=\"mb-3\"><span>SCENE 07<\/span>Ga Odakyu Honkugenuma<\/h3>\n<figure><img decoding=\"async\" src=\"\/wp-content\/themes\/fujisawa\/images\/anime\/pic-scene-07.jpg\" alt=\"Odakyu Honkugenuma Station\"><\/figure>\n<p class=\"text-end\"><a class=\"btn btn-primary\" href=\"https:\/\/maps.app.goo.gl\/9bkgkW7cVSQ5KFqu5\" target=\"_blank\" rel=\"noopener\">Xem b\u1ea3n \u0111\u1ed3<\/a><\/p>\n<\/div>\n<div class=\"item-anime-location col-lg-6 mb-4 pt-lg-5\">\n<h3 class=\"mb-3\"><span>SCENE 08<\/span>C\u1ea7u Enoshima Bentenbashi<\/h3>\n<figure><img decoding=\"async\" src=\"\/wp-content\/themes\/fujisawa\/images\/anime\/pic-scene-08.jpg\" alt=\"Enoshima Benten Bridge\"><\/figure>\n<p class=\"text-end\"><a class=\"btn btn-primary\" href=\"https:\/\/maps.app.goo.gl\/RSGGBTcoh14vQW7h8\" target=\"_blank\" rel=\"noopener\">Xem b\u1ea3n \u0111\u1ed3<\/a><\/p>\n<\/div>\n<\/div>\n<\/div>\n<\/div>\n<div class=\"about-movie container py-5\">\n<h2 class=\"text-center h3\">Lo\u1ea1t phim<\/h2>\n<p class=\"text-center mb-5\">B\u1ed9 ba phim Aobuta (Phi\u00ean b\u1ea3n d\u00e0nh cho h\u1ecdc sinh trung h\u1ecdc).<br \/>\nT\u00e1c ph\u1ea9m g\u1ed1c l\u00e0 b\u1ed9 ti\u1ec3u thuy\u1ebft n\u1ed5i ti\u1ebfng &#8220;Seishun Buta Yarou&#8221; c\u1ee7a Hajime Kamoshida, \u0111\u00e3 b\u00e1n \u0111\u01b0\u1ee3c h\u01a1n 2,5 tri\u1ec7u b\u1ea3n.<br \/>\nC\u00e2u chuy\u1ec7n d\u1ec5 th\u01b0\u01a1ng, bu\u1ed3n b\u00e3 v\u00e0 b\u00ed \u1ea9n \u0111\u00e3 nh\u1eadn \u0111\u01b0\u1ee3c ph\u1ea3n h\u1ed3i r\u1ea5t l\u1edbn.<br \/>\nCh\u1eafc ch\u1eafn s\u1ebd \u0111\u01b0\u1ee3c \u0111\u1ec1 xu\u1ea5t n\u1ebfu b\u1ea1n th\u00edch anime!<\/p>\n<div class=\"card mb-4\">\n<div class=\"row g-0\">\n<div class=\"col-md-3\"><img decoding=\"async\" src=\"\/wp-content\/themes\/fujisawa\/images\/anime\/pic-movie-01.jpg\" class=\"img-fluid rounded-start\" alt=\"Rascal Does Not Dream of a Dreaming Girl\"><\/div>\n<div class=\"col-md-9\">\n<div class=\"card-body\">\n<h3>Rascal Does Not Dream of a Dreaming Girl<\/h3>\n<p class=\"fw-bold\">B\u1ed9 phim chuy\u1ec3n th\u1ec3 \u0111\u1ea7u ti\u00ean c\u1ee7a truy\u1ec7n<\/p>\n<p class=\"card-text\">C\u00e2u chuy\u1ec7n b\u1eaft \u0111\u1ea7u khi Sakuta Azusagawa, m\u1ed9t h\u1ecdc sinh trung h\u1ecdc n\u0103m th\u1ee9 hai, \u0111ang vui v\u1ebb v\u1edbi \u0111\u00e0n ch\u1ecb v\u00e0 b\u1ea1n g\u00e1i c\u1ee7a m\u00ecnh, Mai Sakurajima. Sau \u0111\u00f3, m\u1ed1i t\u00ecnh \u0111\u1ea7u c\u1ee7a Sakuta l\u00e0 Shoko Makinohara \u0111\u00e3 xu\u1ea5t hi\u1ec7n tr\u01b0\u1edbc m\u1eb7t anh. Kh\u00f4ng hi\u1ec3u v\u00ec l\u00fd do n\u00e0o \u0111\u00f3, Shoko l\u1ea1i c\u00f3 hai cu\u1ed9c s\u1ed1ng: m\u1ed9t l\u00e0 &#8220;h\u1ecdc sinh trung h\u1ecdc c\u01a1 s\u1edf&#8221; v\u00e0 m\u1ed9t l\u00e0 &#8220;ng\u01b0\u1eddi l\u1edbn&#8221;, m\u1ed7i cu\u1ed9c s\u1ed1ng l\u1ea1i c\u00f3 m\u1ed9t cu\u1ed9c s\u1ed1ng kh\u00e1c nhau. Sakuta \u0111\u00e3 bi\u1ebft v\u00e0 c\u00f9ng Shoko c\u1ee7a hai \u0111\u1eddi s\u1ed1ng t\u00ecm hi\u1ec3u chuy\u1ec7n k\u00ec l\u1ea1 g\u00ec \u0111\u00e3 x\u1ea3y ra. Trong khi \u0111\u00f3, m\u1ed1i quan h\u1ec7 gi\u1eefa Sakuta v\u00e0 Mai tr\u1edf n\u00ean c\u0103ng th\u1eb3ng&#8230;<\/p>\n<\/p><\/div>\n<\/div>\n<\/div>\n<\/div>\n<div class=\"card mb-4\">\n<div class=\"row g-0\">\n<div class=\"col-md-3\"><img decoding=\"async\" src=\"\/wp-content\/themes\/fujisawa\/images\/anime\/pic-movie-02.jpg\" class=\"img-fluid rounded-start\" alt=\"Rascal Does Not Dream of a Sister Venturing Out\"><\/div>\n<div class=\"col-md-9\">\n<div class=\"card-body\">\n<h3>Rascal Does Not Dream of a Sister Venturing Out<\/h3>\n<p class=\"fw-bold\">Phi\u00ean b\u1ea3n \u0111i\u1ec7n \u1ea3nh ( l\u1ea7n 2 )<\/p>\n<p class=\"card-text\">Em g\u00e1i c\u1ee7a Sakuta, Hana Kaede, \u0111\u00e3 y\u00eau m\u1ebfn ng\u00f4i nh\u00e0 t\u1eeb nhi\u1ec1u n\u0103m nh\u01b0ng c\u00f4 c\u0169ng m\u01a1 \u01b0\u1edbc \u0111\u01b0\u1ee3c h\u1ecdc c\u00f9ng tr\u01b0\u1eddng trung h\u1ecdc v\u1edbi Sakuta. Gi\u1ea5c m\u01a1 n\u00e0y c\u0169ng l\u00e0 c\u1ea3m gi\u00e1c c\u1ee7a &#8220;m\u1ed9t Kaede kh\u00e1c&#8221;.<br \/>\nSakuta gi\u00fap Hanakaede v\u01b0\u1ee3t qua k\u1ef3 thi tuy\u1ec3n sinh trung h\u1ecdc b\u1eb1ng c\u00e1ch d\u1ea1y c\u00f4 h\u1ecdc t\u1eadp v\u00e0 \u0111i ch\u01a1i c\u00f9ng c\u00f4.<\/p>\n<\/p><\/div>\n<\/div>\n<\/div>\n<\/div>\n<div class=\"card mb-4\">\n<div class=\"row g-0\">\n<div class=\"col-md-3\"><img decoding=\"async\" src=\"\/wp-content\/themes\/fujisawa\/images\/anime\/pic-movie-03.jpg\" class=\"img-fluid rounded-start\" alt=\"Rascal Does Not Dream of a Knapsack Kid\"><\/div>\n<div class=\"col-md-9\">\n<div class=\"card-body\">\n<h3>Rascal Does Not Dream of a Knapsack Kid<\/h3>\n<p class=\"fw-bold\">Phi\u00ean b\u1ea3n \u0111i\u1ec7n \u1ea3nh (phi\u00ean b\u1ea3n th\u1ee9 3), ch\u01b0\u01a1ng cu\u1ed1i c\u1ee7a cu\u1ed9c \u0111\u1eddi h\u1ecdc sinh trung h\u1ecdc<\/p>\n<p class=\"card-text\">H\u1ed3i th\u00e1ng 3, Sakuta t\u1ed5 ch\u1ee9c m\u1eebng l\u1ec5 t\u1ed1t nghi\u1ec7p cho b\u1ea1n g\u00e1i Mai Sakurajima. Trong khi \u0111\u1ee3i Mai tr\u00ean b\u1edd bi\u1ec3n Shichirigahama, m\u1ed9t h\u1ecdc sinh ti\u1ec3u h\u1ecdc tr\u00f4ng gi\u1ed1ng h\u1ec7t Mai xu\u1ea5t hi\u1ec7n.<br?\n\u201cCh\u00fa \u01a1i, ai v\u1eady?\u201d<br \/>\nKhi anh nh\u1edb l\u1ea1i tr\u1ea3i nghi\u1ec7m k\u1ef3 l\u1ea1 c\u1ee7a m\u00ecnh, anh nh\u1eadn \u0111\u01b0\u1ee3c m\u1ed9t cu\u1ed9c \u0111i\u1ec7n tho\u1ea1i t\u1eeb cha m\u00ecnh, ng\u01b0\u1eddi n\u00f3i v\u1edbi anh r\u1eb1ng: m\u1eb9 anh, ng\u01b0\u1eddi \u0111\u00e3 b\u1ecf nh\u00e0 ra \u0111i, mu\u1ed1n g\u1eb7p em g\u00e1i c\u1ee7a b\u00e0.<\/p>\n<\/p><\/div>\n<\/div>\n<\/div>\n<\/div>\n<div class=\"card mb-5\">\n<div class=\"row g-0\">\n<div class=\"col-md-3\"><img decoding=\"async\" src=\"\/wp-content\/themes\/fujisawa\/images\/anime\/pic-movie-04.jpg\" class=\"img-fluid rounded-start\" alt=\"Rascal Does Not Dream - College Edition\"><\/div>\n<div class=\"col-md-9\">\n<div class=\"card-body\">\n<h3>Rascal Does Not Dream &#8211; Phi\u00ean b\u1ea3n h\u1ecdc sinh \u0111\u1ea1i h\u1ecdc<\/h3>\n<p class=\"fw-bold\">H\u00e3y ch\u1edd \u0111\u1ee3i phi\u00ean b\u1ea3n anime m\u1edbi n\u00e0y nh\u00e9!<\/p>\n<\/p><\/div>\n<\/div>\n<\/div>\n<\/div>\n<\/div>\n<p><\/p>","protected":false},"excerpt":{"rendered":"<p>C\u00f9ng \u0111\u1ebfn Fujisawa v\u00e0 Enoshima, th\u00e1nh \u0111\u1ecba c\u1ee7a anime &#8220;Seishun Buta Yarou&#8221; (AOBUTA) &#8211; &#8220;Rascal Does Not Dream of Bunny Girl Senpai&#8221; \u0111\u1ec3 t\u00e1i hi\u1ec7n l\u1ea1i c\u00e1c c\u1ea3nh trong phim Seishun Buta Yarou (AOBUTA), n\u1ed5i ti\u1ebfng h\u01a1n sau khi ph\u00e1t tr\u1ef1c tuy\u1ebfn c\u00e1c t\u1eadp phim tr\u00ean Netflix, l\u00e0 phim anime l\u1ea5y b\u1ed1i c\u1ea3nh \u1edf khu [&hellip;]<\/p>\n","protected":false},"author":1,"featured_media":2454,"parent":49,"menu_order":0,"comment_status":"closed","ping_status":"closed","template":"templates\/fullpage.php","meta":{"_acf_changed":false,"footnotes":""},"class_list":["post-2441","page","type-page","status-publish","has-post-thumbnail","hentry"],"acf":[],"aioseo_notices":[],"_links":{"self":[{"href":"https:\/\/discover-fujisawa.jp\/vn\/wp-json\/wp\/v2\/pages\/2441","targetHints":{"allow":["GET"]}}],"collection":[{"href":"https:\/\/discover-fujisawa.jp\/vn\/wp-json\/wp\/v2\/pages"}],"about":[{"href":"https:\/\/discover-fujisawa.jp\/vn\/wp-json\/wp\/v2\/types\/page"}],"author":[{"embeddable":true,"href":"https:\/\/discover-fujisawa.jp\/vn\/wp-json\/wp\/v2\/users\/1"}],"replies":[{"embeddable":true,"href":"https:\/\/discover-fujisawa.jp\/vn\/wp-json\/wp\/v2\/comments?post=2441"}],"version-history":[{"count":8,"href":"https:\/\/discover-fujisawa.jp\/vn\/wp-json\/wp\/v2\/pages\/2441\/revisions"}],"predecessor-version":[{"id":2524,"href":"https:\/\/discover-fujisawa.jp\/vn\/wp-json\/wp\/v2\/pages\/2441\/revisions\/2524"}],"up":[{"embeddable":true,"href":"https:\/\/discover-fujisawa.jp\/vn\/wp-json\/wp\/v2\/pages\/49"}],"wp:featuredmedia":[{"embeddable":true,"href":"https:\/\/discover-fujisawa.jp\/vn\/wp-json\/wp\/v2\/media\/2454"}],"wp:attachment":[{"href":"https:\/\/discover-fujisawa.jp\/vn\/wp-json\/wp\/v2\/media?parent=2441"}],"curies":[{"name":"wp","href":"https:\/\/api.w.org\/{rel}","templated":true}]}}