{"id":26,"date":"2022-05-18T06:15:15","date_gmt":"2022-05-18T06:15:15","guid":{"rendered":"https:\/\/discover-fujisawa.jp\/?page_id=26"},"modified":"2022-12-28T04:53:36","modified_gmt":"2022-12-28T04:53:36","slug":"events","status":"publish","type":"page","link":"https:\/\/discover-fujisawa.jp\/vn\/sightseeing\/events\/","title":{"rendered":"S\u1ef1 ki\u1ec7n theo m\u00f9a"},"content":{"rendered":"<p><\/p>\n<p style=\"text-align: center;\">Shonan Enoshima l\u00e0 m\u1ed9t th\u1ecb tr\u1ea5n b\u00e3i bi\u1ec3n,<br \/>\nnh\u01b0ng c\u00f3 r\u1ea5t nhi\u1ec1u s\u1ef1 ki\u1ec7n \u0111\u01b0\u1ee3c t\u1ed5 ch\u1ee9c kh\u00f4ng nh\u1eefng v\u00e0o m\u00f9a h\u00e8.<br \/>\n\u0110\u1eb7c bi\u1ec7t, Enoshima c\u00f2n l\u00e0 n\u01a1i \u0111\u01b0\u1ee3c m\u1ec7nh danh l\u00e0 &#8220;vi\u00ean ng\u1ecdc c\u1ee7a Shonan&#8221; \u0111\u01b0\u1ee3c th\u1eafp s\u00e1ng v\u00e0o m\u00f9a \u0111\u00f4ng,<br \/>\nr\u1ea5t \u0111\u1eb9p. Ngay sau khi s\u1ef1 ki\u1ec7n \u0111\u01b0\u1ee3c l\u00ean k\u1ebf ho\u1ea1ch, ch\u00fang t\u00f4i s\u1ebd \u0111\u0103ng th\u00f4ng tin chi ti\u1ebft tr\u00ean trang n\u00e0y.<\/p>\n<p><\/p>","protected":false},"excerpt":{"rendered":"<p>Shonan Enoshima l\u00e0 m\u1ed9t th\u1ecb tr\u1ea5n b\u00e3i bi\u1ec3n, nh\u01b0ng c\u00f3 r\u1ea5t nhi\u1ec1u s\u1ef1 ki\u1ec7n \u0111\u01b0\u1ee3c t\u1ed5 ch\u1ee9c kh\u00f4ng nh\u1eefng v\u00e0o m\u00f9a h\u00e8. \u0110\u1eb7c bi\u1ec7t, Enoshima c\u00f2n l\u00e0 n\u01a1i \u0111\u01b0\u1ee3c m\u1ec7nh danh l\u00e0 &#8220;vi\u00ean ng\u1ecdc c\u1ee7a Shonan&#8221; \u0111\u01b0\u1ee3c th\u1eafp s\u00e1ng v\u00e0o m\u00f9a \u0111\u00f4ng, r\u1ea5t \u0111\u1eb9p. Ngay sau khi s\u1ef1 ki\u1ec7n \u0111\u01b0\u1ee3c l\u00ean k\u1ebf ho\u1ea1ch, ch\u00fang t\u00f4i [&hellip;]<\/p>\n","protected":false},"author":1,"featured_media":0,"parent":18,"menu_order":0,"comment_status":"closed","ping_status":"closed","template":"templates\/events.php","meta":{"_acf_changed":false,"footnotes":""},"class_list":["post-26","page","type-page","status-publish","hentry"],"acf":[],"aioseo_notices":[],"_links":{"self":[{"href":"https:\/\/discover-fujisawa.jp\/vn\/wp-json\/wp\/v2\/pages\/26","targetHints":{"allow":["GET"]}}],"collection":[{"href":"https:\/\/discover-fujisawa.jp\/vn\/wp-json\/wp\/v2\/pages"}],"about":[{"href":"https:\/\/discover-fujisawa.jp\/vn\/wp-json\/wp\/v2\/types\/page"}],"author":[{"embeddable":true,"href":"https:\/\/discover-fujisawa.jp\/vn\/wp-json\/wp\/v2\/users\/1"}],"replies":[{"embeddable":true,"href":"https:\/\/discover-fujisawa.jp\/vn\/wp-json\/wp\/v2\/comments?post=26"}],"version-history":[{"count":5,"href":"https:\/\/discover-fujisawa.jp\/vn\/wp-json\/wp\/v2\/pages\/26\/revisions"}],"predecessor-version":[{"id":2246,"href":"https:\/\/discover-fujisawa.jp\/vn\/wp-json\/wp\/v2\/pages\/26\/revisions\/2246"}],"up":[{"embeddable":true,"href":"https:\/\/discover-fujisawa.jp\/vn\/wp-json\/wp\/v2\/pages\/18"}],"wp:attachment":[{"href":"https:\/\/discover-fujisawa.jp\/vn\/wp-json\/wp\/v2\/media?parent=26"}],"curies":[{"name":"wp","href":"https:\/\/api.w.org\/{rel}","templated":true}]}}