{"id":2633,"date":"2025-09-04T02:45:50","date_gmt":"2025-09-04T02:45:50","guid":{"rendered":"https:\/\/discover-fujisawa.jp\/?page_id=2633"},"modified":"2025-11-05T01:35:54","modified_gmt":"2025-11-05T01:35:54","slug":"enoshima","status":"publish","type":"page","link":"https:\/\/discover-fujisawa.jp\/vn\/special\/enoshima\/","title":{"rendered":"Du L\u1ecbch Enoshima: T\u1eadn H\u01b0\u1edfng Ni\u1ec1m Vui Bi\u1ec3n C\u1ea3 Tr\u00ean H\u00f2n \u0110\u1ea3o G\u1ea7n Tokyo"},"content":{"rendered":"<p><\/p>\n<div class=\"position-relative rounded-4 overflow-hidden shadow-lg\">\n<div class=\"position-absolute top-0 bottom-0 start-0 end-0 hero-background\">\n<div class=\"position-absolute top-0 bottom-0 start-0 end-0 bg-dark bg-opacity-10\"><\/div>\n<\/div>\n<div class=\"hero-text position-relative z-1 p-5 p-md-5 text-center text-white d-flex align-items-center justify-content-center\" >\n<h1 class=\"display-1 fw-normal text-white\">ENOSHIMA<br \/><small style=\"font-size:70%\">T\u1eadn H\u01b0\u1edfng Ni\u1ec1m Vui Bi\u1ec3n C\u1ea3 Tr\u00ean H\u00f2n \u0110\u1ea3o G\u1ea7n Tokyo<\/small><\/h1>\n<\/div>\n<\/div>\n<div id=\"e_access\" class=\"mb-5\">\n<div class=\"container\">\n<div class=\"row py-5\">\n<div class=\"col-lg-6\">\n<div class=\"py-lg-5\">\n<h2><span style=\"background:#FF7644; padding:5px 20px; border-radius:15px; font-size:20px; color:#FFFFFF\">Getting Here<\/span><\/h2>\n<h3 class=\"my-2\" style=\"color:#269EFC;\">Th\u00e0nh ph\u1ed1 bi\u1ec3n xinh \u0111\u1eb9p ch\u1ec9 c\u00e1ch Tokyo m\u1ed9t gi\u1edd \u0111i xe<\/h3>\n<p style=\"font-size:18px\">C\u00e1c chuy\u1ebfn t\u00e0u tr\u1ef1c ti\u1ebfp t\u1eeb Ga Shinjuku,<br \/> Ga Tokyo v\u00e0 Ga Ueno m\u1ea5t kho\u1ea3ng 1 gi\u1edd<\/p>\n<\/div>\n<\/div>\n<div class=\"col-lg-6\"><img decoding=\"async\" class=\"img-1hour\" src=\"\/wp-content\/themes\/fujisawa\/images\/enoshima\/pic-access-1hour-vn.png\" alt=\"1 hour from Tokyo\"><\/div>\n<\/div>\n<\/div>\n<\/div>\n<div id=\"e_about\" class=\"mb-5\">\n<div class=\"container\">\n<img decoding=\"async\" src=\"\/wp-content\/themes\/fujisawa\/images\/enoshima\/pic-about-enoshima.jpg\" alt=\"Enoshima\"><\/p>\n<div class=\"item-about\">\n<div class=\"row\">\n<div class=\"col-lg-5 d-lg-flex d-none\"><img decoding=\"async\" src=\"\/wp-content\/themes\/fujisawa\/images\/enoshima\/pic-topview-enoshima.jpg\" alt=\"Enoshima\"><\/div>\n<div class=\"col-lg-7 bg-white d-flex align-items-center\">\n<p class=\"p-4\">Enoshima l\u00e0 m\u1ed9t h\u00f2n \u0111\u1ea3o nh\u1ecf v\u1edbi chu vi kho\u1ea3ng 4km, \u0111\u01b0\u1ee3c bao quanh b\u1edfi bi\u1ec3n c\u1ea3 v\u00e0 thi\u00ean nhi\u00ean t\u01b0\u01a1i t\u1ed1t. Phong c\u1ea3nh n\u01a1i \u0111\u00e2y, s\u1ef1 pha tr\u1ed9n gi\u1eefa nh\u1eefng b\u1edd bi\u1ec3n ngo\u1ea1n m\u1ee5c v\u00e0 nh\u1eefng ng\u00f4i \u0111\u1ec1n l\u1ecbch s\u1eed, tr\u00f4ng nh\u01b0 th\u1ec3 v\u1eeba b\u01b0\u1edbc ra t\u1eeb m\u1ed9t b\u1ed9 phim anime. H\u00e3y tr\u1ea3i nghi\u1ec7m \u0111i\u1ec3m \u0111\u1ebfn \u0111\u1eb9p nh\u01b0 tranh v\u1ebd v\u00e0 \u0111\u1ea7y m\u00ea ho\u1eb7c n\u00e0y \u1edf Nh\u1eadt B\u1ea3n \u2013 \u0111\u00e2y l\u00e0 m\u1ed9t chuy\u1ebfn \u0111i trong ng\u00e0y l\u00fd t\u01b0\u1edfng t\u1eeb th\u00e0nh ph\u1ed1.<\/p>\n<\/div>\n<\/div>\n<\/div>\n<\/div>\n<\/div>\n<div id=\"e_photo\" class=\"py-5\">\n<h2 class=\"text-center mb-5\"><img decoding=\"async\" src=\"\/wp-content\/themes\/fujisawa\/images\/enoshima\/ttl-photo.png\" alt=\"Photo\"><\/h2>\n<div class=\"container\">\n<div class=\"row\">\n<div class=\"col-lg-5 offset-lg-1 item-photo item-photo-01 mb-3 mt-lg-5\">\n<img decoding=\"async\" src=\"\/wp-content\/themes\/fujisawa\/images\/enoshima\/img-spot-01.png\" alt=\"Photo\"><\/p>\n<p class=\"ps-3 mb-5\">Tr\u00ean \u0111\u1ea3o, b\u1ea1n s\u1ebd t\u00ecm th\u1ea5y nh\u1eefng con h\u1ebbm v\u00e0 th\u1ecb tr\u1ea5n ho\u00e0i c\u1ed5 mang l\u1ea1i c\u1ea3m gi\u00e1c nh\u01b0 m\u1ed9t cu\u1ed9c h\u00e0nh tr\u00ecnh quay ng\u01b0\u1ee3c th\u1eddi gian. \u0110\u00e2y l\u00e0 b\u1ed1i c\u1ea3nh ho\u00e0n h\u1ea3o \u0111\u1ec3 ch\u1ee5p nh\u1eefng b\u1ee9c \u1ea3nh c\u1ed5 \u0111i\u1ec3n tuy\u1ec7t \u0111\u1eb9p.<\/p>\n<p><img decoding=\"async\" src=\"\/wp-content\/themes\/fujisawa\/images\/enoshima\/img-spot-03.png\" alt=\"Photo\"><\/p>\n<p class=\"ps-3 mb-5\">Tr\u00ean con \u0111\u01b0\u1eddng l\u1ecbch s\u1eed d\u1eabn \u0111\u1ebfn \u0110\u1ec1n Enoshima, b\u1ea1n s\u1ebd t\u00ecm th\u1ea5y m\u1ed9t con ph\u1ed1 nh\u1ed9n nh\u1ecbp v\u1edbi \u0111\u1ea7y c\u00e1c c\u1eeda h\u00e0ng, n\u01a1i l\u00fd t\u01b0\u1edfng \u0111\u1ec3 th\u01b0\u1edfng th\u1ee9c \u1ea9m th\u1ef1c \u0111\u01b0\u1eddng ph\u1ed1 \u0111\u1ecba ph\u01b0\u01a1ng v\u00e0 t\u00ecm mua qu\u00e0 l\u01b0u ni\u1ec7m.<\/p>\n<\/div>\n<div class=\"col-lg-5 item-photo item-photo-02 mb-3\"><img decoding=\"async\" src=\"\/wp-content\/themes\/fujisawa\/images\/enoshima\/img-spot-02.png\" alt=\"Photo\"><\/p>\n<p class=\"ps-3 mb-5\">V\u00e0o m\u1ed9t ng\u00e0y tr\u1eddi quang \u0111\u00e3ng, b\u1ea1n c\u0169ng c\u00f3 th\u1ec3 tho\u00e1ng th\u1ea5y n\u00fai Ph\u00fa S\u0129 t\u1eeb nhi\u1ec1u \u0111\u1ecba \u0111i\u1ec3m kh\u00e1c nhau tr\u00ean \u0111\u1ea3o.<\/p>\n<p><img decoding=\"async\" src=\"\/wp-content\/themes\/fujisawa\/images\/enoshima\/img-spot-04.png\" alt=\"Photo\"><\/p>\n<p class=\"ps-3 mb-5\">C\u00e0ng \u0111i s\u00e2u v\u00e0o \u0111\u1ea3o, b\u1ea1n s\u1ebd kh\u00e1m ph\u00e1 ra nh\u1eefng \u0111i\u1ec3m ng\u1eafm c\u1ea3nh v\u1edbi nh\u1eefng bu\u1ed5i ho\u00e0ng h\u00f4n tuy\u1ec7t \u0111\u1eb9p. B\u1edd bi\u1ec3n \u0111\u00e1 tr\u1ea3i d\u00e0i \u0111\u1ebfn m\u00e9p n\u01b0\u1edbc l\u00e0 m\u1ed9t \u0111i\u1ec3m ng\u1eafm c\u1ea3nh ho\u00e0n h\u1ea3o \u0111\u1ec3 chi\u00eam ng\u01b0\u1ee1ng n\u00fai Ph\u00fa S\u0129.<\/p>\n<\/div>\n<\/div>\n<\/div>\n<\/div>\n<div id=\"e_eat\" class=\"pb-5\">\n<div class=\"container\">\n<h2 class=\"text-center mb-2\"><img decoding=\"async\" src=\"\/wp-content\/themes\/fujisawa\/images\/enoshima\/ttl-eat.png\" alt=\"Photo\"><\/h2>\n<p class=\"text-center mb-5\">Trong nhi\u1ec1u th\u1ebf k\u1ef7, Enoshima \u0111\u00e3 l\u00e0 m\u1ed9t \u0111i\u1ec3m \u0111\u1ebfn n\u1ed5i ti\u1ebfng, v\u00e0 tinh th\u1ea7n hi\u1ebfu kh\u00e1ch \u0111\u01b0\u1ee3c nu\u00f4i d\u01b0\u1ee1ng trong su\u1ed1t l\u1ecbch s\u1eed \u0111\u00e3 t\u1ea1o n\u00ean m\u1ed9t n\u1ec1n v\u0103n h\u00f3a \u1ea9m th\u1ef1c phong ph\u00fa v\u00e0 \u0111a d\u1ea1ng.<br \/>\nB\u1ea1n c\u00f3 th\u1ec3 th\u01b0\u1edfng th\u1ee9c nh\u1eefng m\u00f3n \u0103n ngon tuy\u1ec7t v\u1eddi m\u00e0 b\u1ea1n ch\u1ec9 c\u00f3 th\u1ec3 n\u1ebfm th\u1eed \u1edf \u0111\u00e2y, ch\u1eb3ng h\u1ea1n nh\u01b0 b\u00e1t c\u01a1m h\u1ea3i s\u1ea3n \u0111\u01b0\u1ee3c l\u00e0m t\u1eeb v\u00f4 s\u1ed1 h\u1ea3i s\u1ea3n t\u01b0\u01a1i s\u1ed1ng v\u00e0 m\u00f3n b\u00e1nh quy b\u1ea1ch tu\u1ed9c n\u1ed5i ti\u1ebfng.<br \/>\nV\u00e0 \u0111\u1ed1i v\u1edbi nh\u1eefng ng\u01b0\u1eddi h\u1ea3o ng\u1ecdt, c\u00f3 r\u1ea5t nhi\u1ec1u m\u00f3n tr\u00e1ng mi\u1ec7ng h\u1ea5p d\u1eabn, t\u1eeb c\u00e1c lo\u1ea1i b\u00e1nh k\u1eb9o truy\u1ec1n th\u1ed1ng Nh\u1eadt B\u1ea3n cho \u0111\u1ebfn c\u00e1c qu\u00e1n c\u00e0 ph\u00ea hi\u1ec7n \u0111\u1ea1i \u0111\u1ea7y phong c\u00e1ch.<\/p>\n<div class=\"row\">\n<div class=\"col-lg-10 offset-lg-1\">\n<div class=\"row gx-5\">\n<div class=\"col-lg-6 mb-4\">\n<div class=\"item-eat\">\n<p><img decoding=\"async\" src=\"\/wp-content\/themes\/fujisawa\/images\/enoshima\/img-eat-01.jpg\" alt=\"Spiny Lobster Bowl\"\/><\/p>\n<p class=\"ttl\">B\u00e1t C\u01a1m T\u00f4m H\u00f9m Gai<br \/><small style=\"color:#269EFC;\">Ise ebi don<\/small><\/p>\n<\/div>\n<\/div>\n<div class=\"col-lg-6 item-eat mb-4 mt-lg-5\">\n<div class=\"item-eat\">\n<p><img decoding=\"async\" src=\"\/wp-content\/themes\/fujisawa\/images\/enoshima\/img-eat-02.jpg\" alt=\"Octopus Rice Crackers\"\/><\/p>\n<p class=\"ttl\">B\u00e1nh Quy B\u1ea1ch Tu\u1ed9c<br \/><small style=\"color:#269EFC;\">Tako Sembei<\/small><\/p>\n<\/div>\n<\/div>\n<div class=\"col-lg-6 item-eat mb-4\">\n<div class=\"item-eat\">\n<p><img decoding=\"async\" src=\"\/wp-content\/themes\/fujisawa\/images\/enoshima\/img-eat-03.jpg\" alt=\"Seafood Rice Bowl\/\"><\/p>\n<p class=\"ttl\">B\u00e1t C\u01a1m H\u1ea3i S\u1ea3n<br \/><small style=\"color:#269EFC;\">Kaisen don<\/small><\/p>\n<\/div>\n<\/div>\n<div class=\"col-lg-6 item-eat mb-4 mt-lg-5\">\n<div class=\"item-eat\">\n<p><img decoding=\"async\" src=\"\/wp-content\/themes\/fujisawa\/images\/enoshima\/img-eat-04.jpg\" alt=\"Meoto Manju\"\/><\/p>\n<p class=\"ttl\">B\u00e1nh \u0110\u00f4i V\u1ee3 Ch\u1ed3ng<br \/><small style=\"color:#269EFC;\">Meoto Manju<\/small><\/p>\n<\/div>\n<\/div>\n<\/div>\n<\/div>\n<\/div>\n<\/div>\n<\/div>\n<div id=\"e_train\" class=\"py-5 bg-white\">\n<div class=\"container\">\n<h2 class=\"text-center mb-2\"><img decoding=\"async\" src=\"\/wp-content\/themes\/fujisawa\/images\/enoshima\/ttl-train.png\" alt=\"Photo\"><\/h2>\n<p class=\"text-center mb-5\">Enoshima v\u00e0 Kamakura c\u00f3 th\u1ec3 d\u1ec5 d\u00e0ng \u0111i \u0111\u1ebfn t\u1eeb Tokyo b\u1eb1ng t\u00e0u h\u1ecfa, v\u00e0 di chuy\u1ec3n b\u1eb1ng t\u00e0u h\u1ecfa l\u00e0 c\u00e1ch t\u1ed1t nh\u1ea5t \u0111\u1ec3 ng\u1eafm c\u1ea3nh.<br \/>\nTh\u01b0\u1edfng th\u1ee9c phong c\u1ea3nh t\u1eeb c\u1eeda s\u1ed5 t\u00e0u, b\u1ea1n c\u00f3 th\u1ec3 chi\u00eam ng\u01b0\u1ee1ng nh\u1eefng th\u1ecb tr\u1ea5n c\u1ed5 k\u00ednh v\u00e0 b\u1edd bi\u1ec3n \u0111\u1eb9p nh\u01b0 tranh v\u1ebd. <br \/>\u0110\u00f3 l\u00e0 m\u1ed9t c\u00e1ch l\u00fd t\u01b0\u1edfng \u0111\u1ec3 tr\u1ea3i nghi\u1ec7m s\u1ef1 quy\u1ebfn r\u0169 \u0111\u1ed9c \u0111\u00e1o v\u00e0 l\u00e3ng m\u1ea1n c\u1ee7a du l\u1ecbch b\u1eb1ng t\u00e0u h\u1ecfa.<\/p>\n<div class=\"row\">\n<div class=\"col-lg-10 offset-lg-1\">\n<div class=\"item-train mb-5 item-train-right\">\n<div class=\"img\">\n<p><img decoding=\"async\" src=\"\/wp-content\/themes\/fujisawa\/images\/enoshima\/img-train-01.jpg\" alt=\"Enoshima Electric Railway\"><\/p>\n<h3><span>Enoshima<\/span><br \/><span>Electric Railway<\/span><\/h3>\n<\/div>\n<div class=\"content\">\n<p class=\"p-2 mb-0\">T\u00e0u Enoden l\u00e0 m\u1ed9t tuy\u1ebfn \u0111\u01b0\u1eddng s\u1eaft ph\u1ed5 bi\u1ebfn n\u1ed5i ti\u1ebfng v\u1edbi c\u1ea3m gi\u00e1c c\u1ed5 \u0111i\u1ec3n, k\u1ebft n\u1ed1i hai \u0111i\u1ec3m n\u00f3ng du l\u1ecbch Enoshima v\u00e0 Kamakura. T\u1eeb c\u1eeda s\u1ed5 t\u00e0u, b\u1ea1n s\u1ebd th\u1ea5y khung c\u1ea3nh thay \u0111\u1ed5i c\u1ee7a \u0111\u1ea1i d\u01b0\u01a1ng l\u1ea5p l\u00e1nh v\u00e0 c\u00e1c th\u1ecb tr\u1ea5n duy\u00ean d\u00e1ng mang l\u1ea1i c\u1ea3m gi\u00e1c nh\u01b0 m\u1ed9t c\u1ea3nh trong phim ho\u1eb7c anime. \u0110\u00f3 l\u00e0 c\u00e1ch ho\u00e0n h\u1ea3o \u0111\u1ec3 kh\u00e1m ph\u00e1 c\u1ea3 hai khu v\u1ef1c Enoshima v\u00e0 Kamakura.<\/p>\n<div class=\"d-flex justify-content-center\"><a class=\"btn-train d-inline-block me-4\" href=\"\" target=\"_blank\" rel=\"noopener\">Promotional Video<\/a> <a class=\"btn-train d-inline-block\" href=\"\" target=\"_blank\" rel=\"noopener\">Emot<\/a><\/div>\n<\/div>\n<\/div>\n<div class=\"item-train mb-5 item-train-left\">\n<div class=\"img\">\n<p><img decoding=\"async\" src=\"\/wp-content\/themes\/fujisawa\/images\/enoshima\/img-train-02.jpg\" alt=\"Shonan Monorail\"><\/p>\n<h3 class=\"text-end\"><span>Shonan<\/span><br \/><span>Monorail<\/span><\/h3>\n<\/div>\n<div class=\"content\">\n<p class=\"p-2 mb-0\">M\u1ed9t ph\u01b0\u01a1ng ti\u1ec7n di chuy\u1ec3n kh\u00e1c l\u00e0 T\u00e0u m\u1ed9t ray Shonan, m\u1ed9t h\u1ec7 th\u1ed1ng t\u00e0u m\u1ed9t ray treo hi\u1ebfm c\u00f3 khi\u1ebfn b\u1ea1n c\u00f3 c\u1ea3m gi\u00e1c nh\u01b0 \u0111ang bay trong kh\u00f4ng trung. C\u1ea3m gi\u00e1c gi\u1ed1ng nh\u01b0 m\u1ed9t chi\u1ebfc t\u00e0u l\u01b0\u1ee3n si\u00eau t\u1ed1c, khi\u1ebfn b\u1ea3n th\u00e2n chuy\u1ebfn \u0111i tr\u1edf th\u00e0nh m\u1ed9t \u0111i\u1ec3m thu h\u00fat! Khi b\u1ea1n nh\u00ecn xu\u1ed1ng khung c\u1ea3nh th\u00e0nh ph\u1ed1 b\u00ean d\u01b0\u1edbi, b\u1ea1n s\u1ebd \u0111\u01b0\u1ee3c t\u1eadn h\u01b0\u1edfng m\u1ed9t tr\u1ea3i nghi\u1ec7m \u0111\u1ed9c \u0111\u00e1o m\u00e0 b\u1ea1n s\u1ebd kh\u00f4ng t\u00ecm th\u1ea5y \u1edf b\u1ea5t c\u1ee9 n\u01a1i n\u00e0o kh\u00e1c.<\/p>\n<div class=\"d-flex justify-content-center\"><a class=\"btn-train d-inline-block me-4\" href=\"\" target=\"_blank\" rel=\"noopener\">Promotional Video<\/a> <a class=\"btn-train d-inline-block\" href=\"\" target=\"_blank\" rel=\"noopener\">Asoview <\/a><\/div>\n<\/div>\n<\/div>\n<div class=\"item-train mb-5 item-train-right\">\n<div class=\"img\">\n<p><img decoding=\"async\" src=\"\/wp-content\/themes\/fujisawa\/images\/enoshima\/img-train-03.jpg\" alt=\"Odakyu Romancecar\"><\/p>\n<h3><span>Odakyu<\/span><br \/><span>Romancecar<\/span><\/h3>\n<\/div>\n<div class=\"content\">\n<p class=\"p-2 mb-0\">N\u1ebfu b\u1ea1n \u0111ang c\u00f3 k\u1ebf ho\u1ea1ch \u0111i t\u1eeb Tokyo \u0111\u1ebfn Enoshima, Odakyu Romancecar l\u00e0 m\u1ed9t l\u1ef1a ch\u1ecdn tuy\u1ec7t v\u1eddi. Chuy\u1ebfn t\u00e0u t\u1ed1c h\u00e0nh gi\u1edbi h\u1ea1n n\u00e0y l\u00e0 c\u00e1ch thu\u1eadn ti\u1ec7n nh\u1ea5t \u0111\u1ec3 \u0111i t\u1eeb Shinjuku \u0111\u1ebfn Enoshima. V\u1edbi n\u1ed9i th\u1ea5t r\u1ed9ng r\u00e3i v\u00e0 tho\u1ea3i m\u00e1i, b\u1ea1n c\u00f3 th\u1ec3 th\u01b0 gi\u00e3n v\u00e0 t\u1eadn h\u01b0\u1edfng khung c\u1ea3nh thay \u0111\u1ed5i tr\u00ean \u0111\u01b0\u1eddng \u0111\u1ebfn \u0111\u1ea3o.<\/p>\n<div class=\"d-flex justify-content-center\"><a class=\"btn-train d-inline-block me-4\" href=\"\" target=\"_blank\" rel=\"noopener\">Promotional Video<\/a> <a class=\"btn-train d-inline-block\" href=\"\" target=\"_blank\" rel=\"noopener\">Emot<\/a><\/div>\n<\/div>\n<\/div>\n<\/div>\n<\/div>\n<\/div>\n<\/div>\n<div id=\"e_festival\" class=\"py-5\">\n<div class=\"container\">\n<h2 class=\"text-center mb-2\"><img decoding=\"async\" src=\"\/wp-content\/themes\/fujisawa\/images\/enoshima\/ttl-festival.png\" alt=\"Illumination\"><\/h2>\n<p class=\"text-center mb-5 text-white\">C\u00e1c s\u1ef1 ki\u1ec7n kh\u00e1c nhau \u0111\u01b0\u1ee3c t\u1ed5 ch\u1ee9c quanh Ng\u1ecdn H\u1ea3i \u0110\u0103ng Enoshima!<br \/>\nC\u00e1c s\u1ef1 ki\u1ec7n theo m\u00f9a kh\u00e1c nhau mang l\u1ea1i m\u00e0u s\u1eafc cho m\u00e0n \u0111\u00eam tr\u00ean Enoshima.<\/p>\n<div class=\"row item-festival item-festival-left align-items-center mb-4\">\n<div class=\"col-lg-6\">\n<div class=\"img\"><img decoding=\"async\" src=\"\/wp-content\/themes\/fujisawa\/images\/enoshima\/img-festival-01.jpg\" alt=\"Illumination\"><\/div>\n<\/div>\n<div class=\"col-lg-6\">\n<div class=\"p-4 text\">\n<h3>Jewel of shonan<\/h3>\n<p>M\u1ed9t trong ba l\u1ec5 h\u1ed9i chi\u1ebfu s\u00e1ng l\u1edbn \u1edf v\u00f9ng Kanto, th\u1eafp s\u00e1ng khu v\u1ef1c xung quanh m\u1ed9t c\u00e1ch l\u1ed9ng l\u1eaby.<\/p>\n<\/div>\n<\/div>\n<\/div>\n<div class=\"row item-festival item-festival-right align-items-center mb-4\">\n<div class=\"col-lg-6 order-lg-2\">\n<div class=\"img\"><img decoding=\"async\" src=\"\/wp-content\/themes\/fujisawa\/images\/enoshima\/img-festival-02.jpg\" alt=\"Illumination\"><\/div>\n<\/div>\n<div class=\"col-lg-6 order-lg-1\">\n<div class=\"p-4 text\">\n<h3>Enoshima Island Toro Lantern Festival<\/h3>\n<p>Kho\u1ea3ng 1.000 chi\u1ebfc \u0111\u00e8n l\u1ed3ng s\u1ebd \u0111\u01b0\u1ee3c \u0111\u1eb7t \u1edf nhi\u1ec1u \u0111\u1ecba \u0111i\u1ec3m kh\u00e1c nhau tr\u00ean \u0111\u1ea3o Enoshima. C\u1ea3 h\u00f2n \u0111\u1ea3o \u0111\u01b0\u1ee3c bao b\u1ecdc b\u1edfi \u00e1nh s\u00e1ng \u1ea5m \u00e1p, t\u1ea1o n\u00ean m\u1ed9t s\u1ef1 ki\u1ec7n bu\u1ed5i t\u1ed1i tuy\u1ec7t v\u1eddi, thu h\u00fat c\u00e1c c\u1eb7p \u0111\u00f4i m\u1eb7c yukata v\u00e0 nhi\u1ec1u du kh\u00e1ch kh\u00e1c.<\/p>\n<\/div>\n<\/div>\n<\/div>\n<div class=\"row item-festival item-festival-left align-items-center  mb-4\">\n<div class=\"col-lg-6\">\n<div class=\"img\"><img decoding=\"async\" src=\"\/wp-content\/themes\/fujisawa\/images\/enoshima\/img-festival-03.jpg\" alt=\"Illumination\"><\/div>\n<\/div>\n<div class=\"col-lg-6\">\n<div class=\"p-4 text\">\n<h3>Shonan Candle<\/h3>\n<p>Kho\u1ea3ng 10.000 ng\u1ecdn n\u1ebfn \u0111\u01b0\u1ee3c th\u1eafp s\u00e1ng trong V\u01b0\u1eddn Enoshima Samuel Cocking. M\u1ed9t s\u1ef1 ki\u1ec7n m\u00f9a thu th\u00fa v\u1ecb v\u1edbi \u00e2m nh\u1ea1c tr\u1ef1c ti\u1ebfp v\u00e0 tr\u00ecnh chi\u1ebfu slide.\n<\/p>\n<\/div>\n<\/div>\n<\/div>\n<\/div>\n<\/div>\n<div class=\"py-5 bg-white\">\n<div class=\"container\">\n<h2 class=\"text-center mb-2\"><img decoding=\"async\" src=\"\/wp-content\/themes\/fujisawa\/images\/enoshima\/ttl-access.png\" alt=\"Access\"><\/h2>\n<div class=\"row\">\n<div class=\"col-lg-10 offset-lg-1\">\n<p><img decoding=\"async\" src=\"\/wp-content\/themes\/fujisawa\/images\/enoshima\/img-access-enoshima-vn.jpg\" alt=\"Enoshima Access\"><\/p>\n<\/div>\n<\/div>\n<\/div>\n<\/div>\n<p><\/p>","protected":false},"excerpt":{"rendered":"<p>ENOSHIMAT\u1eadn H\u01b0\u1edfng Ni\u1ec1m Vui Bi\u1ec3n C\u1ea3 Tr\u00ean H\u00f2n \u0110\u1ea3o G\u1ea7n Tokyo Getting Here Th\u00e0nh ph\u1ed1 bi\u1ec3n xinh \u0111\u1eb9p ch\u1ec9 c\u00e1ch Tokyo m\u1ed9t gi\u1edd \u0111i xe C\u00e1c chuy\u1ebfn t\u00e0u tr\u1ef1c ti\u1ebfp t\u1eeb Ga Shinjuku, Ga Tokyo v\u00e0 Ga Ueno m\u1ea5t kho\u1ea3ng 1 gi\u1edd Enoshima l\u00e0 m\u1ed9t h\u00f2n \u0111\u1ea3o nh\u1ecf v\u1edbi chu vi kho\u1ea3ng 4km, \u0111\u01b0\u1ee3c bao [&hellip;]<\/p>\n","protected":false},"author":1,"featured_media":2655,"parent":49,"menu_order":0,"comment_status":"closed","ping_status":"closed","template":"templates\/fullpage.php","meta":{"_acf_changed":false,"footnotes":""},"class_list":["post-2633","page","type-page","status-publish","has-post-thumbnail","hentry"],"acf":[],"aioseo_notices":[],"_links":{"self":[{"href":"https:\/\/discover-fujisawa.jp\/vn\/wp-json\/wp\/v2\/pages\/2633","targetHints":{"allow":["GET"]}}],"collection":[{"href":"https:\/\/discover-fujisawa.jp\/vn\/wp-json\/wp\/v2\/pages"}],"about":[{"href":"https:\/\/discover-fujisawa.jp\/vn\/wp-json\/wp\/v2\/types\/page"}],"author":[{"embeddable":true,"href":"https:\/\/discover-fujisawa.jp\/vn\/wp-json\/wp\/v2\/users\/1"}],"replies":[{"embeddable":true,"href":"https:\/\/discover-fujisawa.jp\/vn\/wp-json\/wp\/v2\/comments?post=2633"}],"version-history":[{"count":6,"href":"https:\/\/discover-fujisawa.jp\/vn\/wp-json\/wp\/v2\/pages\/2633\/revisions"}],"predecessor-version":[{"id":2715,"href":"https:\/\/discover-fujisawa.jp\/vn\/wp-json\/wp\/v2\/pages\/2633\/revisions\/2715"}],"up":[{"embeddable":true,"href":"https:\/\/discover-fujisawa.jp\/vn\/wp-json\/wp\/v2\/pages\/49"}],"wp:featuredmedia":[{"embeddable":true,"href":"https:\/\/discover-fujisawa.jp\/vn\/wp-json\/wp\/v2\/media\/2655"}],"wp:attachment":[{"href":"https:\/\/discover-fujisawa.jp\/vn\/wp-json\/wp\/v2\/media?parent=2633"}],"curies":[{"name":"wp","href":"https:\/\/api.w.org\/{rel}","templated":true}]}}