{"id":28,"date":"2022-05-18T06:15:47","date_gmt":"2022-05-18T06:15:47","guid":{"rendered":"https:\/\/discover-fujisawa.jp\/?page_id=28"},"modified":"2022-10-17T04:34:55","modified_gmt":"2022-10-17T04:34:55","slug":"cuisine","status":"publish","type":"page","link":"https:\/\/discover-fujisawa.jp\/vn\/sightseeing\/cuisine\/","title":{"rendered":"\u1ea8m th\u1ef1c \u0111\u1ecba ph\u01b0\u01a1ng"},"content":{"rendered":"<p><\/p>\n<p class=\"text-center\" style=\"text-align: center;\">Enoshima c\u00f3 nhi\u1ec1u m\u00f3n \u0103n s\u1eed d\u1ee5ng h\u1ea3i s\u1ea3n t\u01b0\u01a1i s\u1ed1ng.<br \/>\nNgo\u00e0i ra c\u00f2n c\u00f3 nhi\u1ec1u c\u1eeda h\u00e0ng \u0111\u1ed3 ng\u1ecdt nh\u01b0 manju, b\u00e1nh bao v\u00e0 th\u1ea1ch \u0111\u1eadu ng\u1ecdt.<br \/>\nEnoshima c\u00f3 nhi\u1ec1u c\u1eeda h\u00e0ng l\u00e2u \u0111\u1eddi \u0111\u00e3 ho\u1ea1t \u0111\u1ed9ng h\u01a1n 100 n\u0103m.<\/p>\n<p><\/p>","protected":false},"excerpt":{"rendered":"<p>Enoshima c\u00f3 nhi\u1ec1u m\u00f3n \u0103n s\u1eed d\u1ee5ng h\u1ea3i s\u1ea3n t\u01b0\u01a1i s\u1ed1ng. Ngo\u00e0i ra c\u00f2n c\u00f3 nhi\u1ec1u c\u1eeda h\u00e0ng \u0111\u1ed3 ng\u1ecdt nh\u01b0 manju, b\u00e1nh bao v\u00e0 th\u1ea1ch \u0111\u1eadu ng\u1ecdt. Enoshima c\u00f3 nhi\u1ec1u c\u1eeda h\u00e0ng l\u00e2u \u0111\u1eddi \u0111\u00e3 ho\u1ea1t \u0111\u1ed9ng h\u01a1n 100 n\u0103m.<\/p>\n","protected":false},"author":1,"featured_media":0,"parent":18,"menu_order":0,"comment_status":"closed","ping_status":"closed","template":"templates\/cuisine.php","meta":{"_acf_changed":false,"footnotes":""},"class_list":["post-28","page","type-page","status-publish","hentry"],"acf":[],"aioseo_notices":[],"_links":{"self":[{"href":"https:\/\/discover-fujisawa.jp\/vn\/wp-json\/wp\/v2\/pages\/28","targetHints":{"allow":["GET"]}}],"collection":[{"href":"https:\/\/discover-fujisawa.jp\/vn\/wp-json\/wp\/v2\/pages"}],"about":[{"href":"https:\/\/discover-fujisawa.jp\/vn\/wp-json\/wp\/v2\/types\/page"}],"author":[{"embeddable":true,"href":"https:\/\/discover-fujisawa.jp\/vn\/wp-json\/wp\/v2\/users\/1"}],"replies":[{"embeddable":true,"href":"https:\/\/discover-fujisawa.jp\/vn\/wp-json\/wp\/v2\/comments?post=28"}],"version-history":[{"count":4,"href":"https:\/\/discover-fujisawa.jp\/vn\/wp-json\/wp\/v2\/pages\/28\/revisions"}],"predecessor-version":[{"id":2032,"href":"https:\/\/discover-fujisawa.jp\/vn\/wp-json\/wp\/v2\/pages\/28\/revisions\/2032"}],"up":[{"embeddable":true,"href":"https:\/\/discover-fujisawa.jp\/vn\/wp-json\/wp\/v2\/pages\/18"}],"wp:attachment":[{"href":"https:\/\/discover-fujisawa.jp\/vn\/wp-json\/wp\/v2\/media?parent=28"}],"curies":[{"name":"wp","href":"https:\/\/api.w.org\/{rel}","templated":true}]}}