{"id":30,"date":"2022-05-18T06:16:17","date_gmt":"2022-05-18T06:16:17","guid":{"rendered":"https:\/\/discover-fujisawa.jp\/?page_id=30"},"modified":"2022-10-17T04:39:34","modified_gmt":"2022-10-17T04:39:34","slug":"nightspot","status":"publish","type":"page","link":"https:\/\/discover-fujisawa.jp\/vn\/sightseeing\/nightspot\/","title":{"rendered":"\u0110i\u1ec3m \u0111\u00eam &#038; Bar"},"content":{"rendered":"<p><\/p>\n<p style=\"text-align: center;\">Gi\u1edbi thi\u1ec7u c\u00e1c \u0111i\u1ec3m v\u1ec1 \u0111\u00eam \u1edf th\u00e0nh ph\u1ed1 Fujisawa, bao g\u1ed3m c\u00e1c nh\u00e0 h\u00e0ng,<br \/>\nn\u01a1i b\u1ea1n c\u00f3 th\u1ec3 th\u01b0\u1edfng th\u1ee9c \u0111\u1ed3 \u0103n v\u00e0 r\u01b0\u1ee3u ngay c\u1ea3 khi \u0111\u00eam mu\u1ed9n.<br \/>\nM\u1eddi b\u1ea1n th\u01b0\u1edfng ngo\u1ea1n khu Fujisawa v\u00e0o ban \u0111\u00eam, t\u1eadn h\u01b0\u1edfng c\u00f3 ch\u00fat kh\u00e1c bi\u1ec7t so v\u1edbi ban ng\u00e0y.<\/p>\n<p><\/p>","protected":false},"excerpt":{"rendered":"<p>Gi\u1edbi thi\u1ec7u c\u00e1c \u0111i\u1ec3m v\u1ec1 \u0111\u00eam \u1edf th\u00e0nh ph\u1ed1 Fujisawa, bao g\u1ed3m c\u00e1c nh\u00e0 h\u00e0ng, n\u01a1i b\u1ea1n c\u00f3 th\u1ec3 th\u01b0\u1edfng th\u1ee9c \u0111\u1ed3 \u0103n v\u00e0 r\u01b0\u1ee3u ngay c\u1ea3 khi \u0111\u00eam mu\u1ed9n. M\u1eddi b\u1ea1n th\u01b0\u1edfng ngo\u1ea1n khu Fujisawa v\u00e0o ban \u0111\u00eam, t\u1eadn h\u01b0\u1edfng c\u00f3 ch\u00fat kh\u00e1c bi\u1ec7t so v\u1edbi ban ng\u00e0y.<\/p>\n","protected":false},"author":1,"featured_media":0,"parent":18,"menu_order":0,"comment_status":"closed","ping_status":"closed","template":"templates\/nightlife.php","meta":{"_acf_changed":false,"footnotes":""},"class_list":["post-30","page","type-page","status-publish","hentry"],"acf":[],"aioseo_notices":[],"_links":{"self":[{"href":"https:\/\/discover-fujisawa.jp\/vn\/wp-json\/wp\/v2\/pages\/30","targetHints":{"allow":["GET"]}}],"collection":[{"href":"https:\/\/discover-fujisawa.jp\/vn\/wp-json\/wp\/v2\/pages"}],"about":[{"href":"https:\/\/discover-fujisawa.jp\/vn\/wp-json\/wp\/v2\/types\/page"}],"author":[{"embeddable":true,"href":"https:\/\/discover-fujisawa.jp\/vn\/wp-json\/wp\/v2\/users\/1"}],"replies":[{"embeddable":true,"href":"https:\/\/discover-fujisawa.jp\/vn\/wp-json\/wp\/v2\/comments?post=30"}],"version-history":[{"count":6,"href":"https:\/\/discover-fujisawa.jp\/vn\/wp-json\/wp\/v2\/pages\/30\/revisions"}],"predecessor-version":[{"id":2034,"href":"https:\/\/discover-fujisawa.jp\/vn\/wp-json\/wp\/v2\/pages\/30\/revisions\/2034"}],"up":[{"embeddable":true,"href":"https:\/\/discover-fujisawa.jp\/vn\/wp-json\/wp\/v2\/pages\/18"}],"wp:attachment":[{"href":"https:\/\/discover-fujisawa.jp\/vn\/wp-json\/wp\/v2\/media?parent=30"}],"curies":[{"name":"wp","href":"https:\/\/api.w.org\/{rel}","templated":true}]}}