{"id":41,"date":"2022-05-18T06:20:48","date_gmt":"2022-05-18T06:20:48","guid":{"rendered":"https:\/\/discover-fujisawa.jp\/?page_id=41"},"modified":"2023-09-22T02:13:48","modified_gmt":"2023-09-22T02:13:48","slug":"activities","status":"publish","type":"page","link":"https:\/\/discover-fujisawa.jp\/vn\/other-info\/activities\/","title":{"rendered":"C\u00e1c ho\u1ea1t \u0111\u1ed9ng"},"content":{"rendered":"<p><\/p>\n<div class=\"py-5\">\n<p class=\"text-center\">L\u01b0\u1edbt s\u00f3ng, l\u01b0\u1edbt v\u00e1n, du thuy\u1ec1n v\u00e0 nhi\u1ec1u tr\u1ea3i nghi\u1ec7m kh\u00e1c \u0111\u1ec1u t\u1eadp trung t\u1ea1i th\u1ecb tr\u1ea5n bi\u1ec3n n\u00e0y.<br \/>\nB\u1ea1n c\u0169ng c\u00f3 th\u1ec3 tho\u1ea3 th\u00edch tr\u1ea3i nghi\u1ec7m v\u0103n h\u00f3a Nh\u1eadt B\u1ea3n, ch\u1eb3ng h\u1ea1n nh\u01b0 l\u00e0m sushi v\u1edbi s\u1ef1 h\u01b0\u1edbng d\u1eabn b\u1eb1ng ti\u1ebfng Anh.<br \/>\nCh\u01b0\u01a1ng tr\u00ecnh th\u1ef1c hi\u1ec7n sushi ph\u00f9 h\u1ee3p c\u1ea3 v\u1edbi ng\u01b0\u1eddi m\u1edbi b\u1eaft \u0111\u1ea7u, t\u1ea1i sao b\u1ea1n kh\u00f4ng th\u1eed n\u00e8?<\/p>\n<\/div>\n<h2 class=\"text-center\">Tr\u1ea3i nghi\u1ec7m th\u1ec3 thao bi\u1ec3n<\/h2>\n<div class=\"row\">\n<div class=\"col-lg-5 mb-4\"><img decoding=\"async\" class=\"img-fluid img-round\" src=\"\/wp-content\/uploads\/2022\/09\/activities-water-spot-hansa.jpg\" alt=\"\" \/><\/div>\n<div class=\"col-lg-7 mb-4\">\n<h3>Hansa Class<\/h3>\n<p>T\u1ea1i c\u1ea3ng Shonan, ch\u00fang t\u00f4i cung c\u1ea5p d\u1ecbch v\u1ee5 tr\u1ea3i nghi\u1ec7m du thuy\u1ec1n mang t\u00ean &#8220;Hansa Class&#8221;. Ngay c\u1ea3 nh\u1eefng ng\u01b0\u1eddi kh\u00f4ng c\u00f3 kinh nghi\u1ec7m ch\u00e8o thuy\u1ec1n c\u0169ng c\u00f3 th\u1ec3 th\u00edch ch\u00e8o thuy\u1ec1n m\u1ed9t c\u00e1ch d\u1ec5 d\u00e0ng v\u00e0 an to\u00e0n.<\/p>\n<p>* C\u00e1c t\u00ednh n\u0103ng c\u1ee7a du thuy\u1ec1n n\u00e0y bao g\u1ed3m &#8220;\u0111\u1ed9 an to\u00e0n cao&#8221;, &#8220;kh\u00f4ng b\u1ecb l\u1eadt&#8221;, v\u00e0 &#8220;v\u1eadn h\u00e0nh d\u1ec5 d\u00e0ng&#8221;.<br \/>\nT\u1ea1i sao b\u1ea1n kh\u00f4ng t\u1ea1o k\u1ef7 ni\u1ec7m ch\u00e8o thuy\u1ec1n t\u1ea1i \u0111\u1ecba \u0111i\u1ec3m \u0111\u00e3 t\u1ed5 ch\u1ee9c &#8220;cu\u1ed9c thi \u0111ua thuy\u1ec1n bu\u1ed3m&#8221; Th\u1ebf v\u1eadn h\u1ed9i Tokyo 2020?<\/p>\n<p class=\"text-center\"><a class=\"btn btn-primary btn-newtab mt-3\" href=\"https:\/\/www.s-n-p.jp\/english\/\" target=\"_blank\" rel=\"noopener\">Li\u00ean h\u1ec7: Shonan Nagisa Park<\/a><\/p>\n<\/div>\n<\/div>\n<p class=\"text-center\">Ngo\u00e0i ra, c\u00e1c c\u01a1 s\u1edf sau cung c\u1ea5p nhi\u1ec1u tr\u1ea3i nghi\u1ec7m kh\u00e1c nhau nh\u01b0 SUP (v\u00e1n ch\u00e8o \u0111\u1ee9ng), ch\u00e8o thuy\u1ec1n v\u00e0 l\u01b0\u1edbt s\u00f3ng.<\/p>\n<p><\/p>","protected":false},"excerpt":{"rendered":"<p>L\u01b0\u1edbt s\u00f3ng, l\u01b0\u1edbt v\u00e1n, du thuy\u1ec1n v\u00e0 nhi\u1ec1u tr\u1ea3i nghi\u1ec7m kh\u00e1c \u0111\u1ec1u t\u1eadp trung t\u1ea1i th\u1ecb tr\u1ea5n bi\u1ec3n n\u00e0y. B\u1ea1n c\u0169ng c\u00f3 th\u1ec3 tho\u1ea3 th\u00edch tr\u1ea3i nghi\u1ec7m v\u0103n h\u00f3a Nh\u1eadt B\u1ea3n, ch\u1eb3ng h\u1ea1n nh\u01b0 l\u00e0m sushi v\u1edbi s\u1ef1 h\u01b0\u1edbng d\u1eabn b\u1eb1ng ti\u1ebfng Anh. Ch\u01b0\u01a1ng tr\u00ecnh th\u1ef1c hi\u1ec7n sushi ph\u00f9 h\u1ee3p c\u1ea3 v\u1edbi ng\u01b0\u1eddi m\u1edbi b\u1eaft [&hellip;]<\/p>\n","protected":false},"author":1,"featured_media":0,"parent":20,"menu_order":0,"comment_status":"closed","ping_status":"closed","template":"templates\/activities.php","meta":{"_acf_changed":false,"footnotes":""},"class_list":["post-41","page","type-page","status-publish","hentry"],"acf":[],"aioseo_notices":[],"_links":{"self":[{"href":"https:\/\/discover-fujisawa.jp\/vn\/wp-json\/wp\/v2\/pages\/41","targetHints":{"allow":["GET"]}}],"collection":[{"href":"https:\/\/discover-fujisawa.jp\/vn\/wp-json\/wp\/v2\/pages"}],"about":[{"href":"https:\/\/discover-fujisawa.jp\/vn\/wp-json\/wp\/v2\/types\/page"}],"author":[{"embeddable":true,"href":"https:\/\/discover-fujisawa.jp\/vn\/wp-json\/wp\/v2\/users\/1"}],"replies":[{"embeddable":true,"href":"https:\/\/discover-fujisawa.jp\/vn\/wp-json\/wp\/v2\/comments?post=41"}],"version-history":[{"count":7,"href":"https:\/\/discover-fujisawa.jp\/vn\/wp-json\/wp\/v2\/pages\/41\/revisions"}],"predecessor-version":[{"id":2415,"href":"https:\/\/discover-fujisawa.jp\/vn\/wp-json\/wp\/v2\/pages\/41\/revisions\/2415"}],"up":[{"embeddable":true,"href":"https:\/\/discover-fujisawa.jp\/vn\/wp-json\/wp\/v2\/pages\/20"}],"wp:attachment":[{"href":"https:\/\/discover-fujisawa.jp\/vn\/wp-json\/wp\/v2\/media?parent=41"}],"curies":[{"name":"wp","href":"https:\/\/api.w.org\/{rel}","templated":true}]}}