{"id":45,"date":"2022-05-18T06:21:51","date_gmt":"2022-05-18T06:21:51","guid":{"rendered":"https:\/\/discover-fujisawa.jp\/?page_id=45"},"modified":"2022-11-03T02:35:13","modified_gmt":"2022-11-03T02:35:13","slug":"film","status":"publish","type":"page","link":"https:\/\/discover-fujisawa.jp\/vn\/other-info\/film\/","title":{"rendered":"Shonan Fujisawa Film Commission"},"content":{"rendered":"<p><\/p>\n<div class=\"py-4\">Hi\u1ec7p h\u1ed9i Du l\u1ecbch Th\u00e0nh ph\u1ed1 Fujisawa \u0111i\u1ec1u h\u00e0nh m\u1ed9t ho\u1ea1t \u0111\u1ed9ng \u0111\u01b0\u1ee3c g\u1ecdi l\u00e0 \u1ee6y ban \u0110i\u1ec7n \u1ea3nh Shonan Fujisawa. Ho\u1ea1t \u0111\u1ed9ng n\u00e0y thu h\u00fat c\u00e1c \u0111\u1ecba \u0111i\u1ec3m quay phim \u0111i\u1ec7n \u1ea3nh, phim truy\u1ec1n h\u00ecnh, ho\u1ea1t h\u00ecnh, ch\u01b0\u01a1ng tr\u00ecnh th\u00f4ng tin du l\u1ecbch, &#8230; \u0111\u1ebfn th\u00e0nh ph\u1ed1 Fujisawa, h\u1ee3p t\u00e1c v\u1edbi quay phim v\u00e0 ph\u1ecfng v\u1ea5n, v.v., ph\u1ed5 bi\u1ebfn h\u00ecnh \u1ea3nh th\u00e0nh ph\u1ed1 Fujisawa tr\u00ean to\u00e0n qu\u1ed1c, v\u00e0 qu\u1ea3ng b\u00e1 du l\u1ecbch. M\u1ee5c \u0111\u00edch l\u00e0 g\u00f3p ph\u1ea7n ph\u00e1t tri\u1ec3n khu v\u1ef1c.<br \/>\nCho \u0111\u1ebfn nay, ch\u00fang t\u00f4i \u0111\u00e3 c\u00f3 th\u00e0nh t\u00edch ch\u1ea5p nh\u1eadn c\u00e1c ch\u01b0\u01a1ng tr\u00ecnh du l\u1ecbch kh\u00f4ng ch\u1ec9 \u1edf Nh\u1eadt B\u1ea3n m\u00e0 c\u00f2n \u1edf n\u01b0\u1edbc ngo\u00e0i nh\u01b0 \u0110\u00e0i Loan v\u00e0 Singapore. <\/p>\n<p class=\"text-center\"><a class=\"btn btn-primary btn-newtab\" target=\"_blank\" href=\"http:\/\/www.shonanfujisawa.jp\/\" rel=\"noopener\">Shonan Fujisawa Film Commission Website<\/a><\/p>\n<\/div>\n<div class=\"py-4\">\n<h2 class=\"text-center mb-3\">Works Supported by the Film Commission<\/h2>\n<div class=\"row\">\n<div class=\"col-lg-4 col-6 mb-3\">\n<p><img decoding=\"async\" class=\"img-fluid\" src=\"\/wp-content\/uploads\/2022\/06\/img-film-01.jpg\" \/><\/p>\n<h3>Outrage Beyond<\/h3>\n<\/div>\n<div class=\"col-lg-4 col-6 mb-3\">\n<p><img decoding=\"async\" class=\"img-fluid\" src=\"\/wp-content\/uploads\/2022\/06\/img-film-02.jpg\" \/><\/p>\n<h3>Taiyo to Umi no Kyoshitsu<\/h3>\n<\/div>\n<div class=\"col-lg-4 col-6 mb-3\">\n<p><img decoding=\"async\" class=\"img-fluid\" src=\"\/wp-content\/uploads\/2022\/06\/img-film-03.jpg\" \/><\/p>\n<h3>252: Signal of Life<\/h3>\n<\/div>\n<div class=\"col-lg-4 col-6 mb-3\">\n<p><img decoding=\"async\" class=\"img-fluid\" src=\"\/wp-content\/uploads\/2022\/06\/img-film-04.jpg\" \/><\/p>\n<h3>Hot Road<\/h3>\n<\/div>\n<div class=\"col-lg-4 col-6 mb-3\">\n<p><img decoding=\"async\" class=\"img-fluid\" src=\"\/wp-content\/uploads\/2022\/06\/img-film-05.jpg\" \/><\/p>\n<h3>Yatterman<\/h3>\n<\/div>\n<div class=\"col-lg-4 col-6 mb-3\">\n<p><img decoding=\"async\" class=\"img-fluid\" src=\"\/wp-content\/uploads\/2022\/06\/img-film-06.jpg\" \/><\/p>\n<h3>Truy\u1ec1n h\u00ecnh 8TV c\u1ee7a Malaysia v\u1ec1 Enoshima<\/h3>\n<\/div>\n<\/div>\n<\/div>\n<p><\/p>","protected":false},"excerpt":{"rendered":"<p>Hi\u1ec7p h\u1ed9i Du l\u1ecbch Th\u00e0nh ph\u1ed1 Fujisawa \u0111i\u1ec1u h\u00e0nh m\u1ed9t ho\u1ea1t \u0111\u1ed9ng \u0111\u01b0\u1ee3c g\u1ecdi l\u00e0 \u1ee6y ban \u0110i\u1ec7n \u1ea3nh Shonan Fujisawa. Ho\u1ea1t \u0111\u1ed9ng n\u00e0y thu h\u00fat c\u00e1c \u0111\u1ecba \u0111i\u1ec3m quay phim \u0111i\u1ec7n \u1ea3nh, phim truy\u1ec1n h\u00ecnh, ho\u1ea1t h\u00ecnh, ch\u01b0\u01a1ng tr\u00ecnh th\u00f4ng tin du l\u1ecbch, &#8230; \u0111\u1ebfn th\u00e0nh ph\u1ed1 Fujisawa, h\u1ee3p t\u00e1c v\u1edbi quay phim v\u00e0 [&hellip;]<\/p>\n","protected":false},"author":1,"featured_media":0,"parent":20,"menu_order":0,"comment_status":"closed","ping_status":"closed","template":"templates\/about.php","meta":{"_acf_changed":false,"footnotes":""},"class_list":["post-45","page","type-page","status-publish","hentry"],"acf":[],"aioseo_notices":[],"_links":{"self":[{"href":"https:\/\/discover-fujisawa.jp\/vn\/wp-json\/wp\/v2\/pages\/45","targetHints":{"allow":["GET"]}}],"collection":[{"href":"https:\/\/discover-fujisawa.jp\/vn\/wp-json\/wp\/v2\/pages"}],"about":[{"href":"https:\/\/discover-fujisawa.jp\/vn\/wp-json\/wp\/v2\/types\/page"}],"author":[{"embeddable":true,"href":"https:\/\/discover-fujisawa.jp\/vn\/wp-json\/wp\/v2\/users\/1"}],"replies":[{"embeddable":true,"href":"https:\/\/discover-fujisawa.jp\/vn\/wp-json\/wp\/v2\/comments?post=45"}],"version-history":[{"count":4,"href":"https:\/\/discover-fujisawa.jp\/vn\/wp-json\/wp\/v2\/pages\/45\/revisions"}],"predecessor-version":[{"id":2086,"href":"https:\/\/discover-fujisawa.jp\/vn\/wp-json\/wp\/v2\/pages\/45\/revisions\/2086"}],"up":[{"embeddable":true,"href":"https:\/\/discover-fujisawa.jp\/vn\/wp-json\/wp\/v2\/pages\/20"}],"wp:attachment":[{"href":"https:\/\/discover-fujisawa.jp\/vn\/wp-json\/wp\/v2\/media?parent=45"}],"curies":[{"name":"wp","href":"https:\/\/api.w.org\/{rel}","templated":true}]}}