{"id":51,"date":"2022-05-18T06:23:52","date_gmt":"2022-05-18T06:23:52","guid":{"rendered":"https:\/\/discover-fujisawa.jp\/?page_id=51"},"modified":"2022-11-03T04:08:22","modified_gmt":"2022-11-03T04:08:22","slug":"fuji","status":"publish","type":"page","link":"https:\/\/discover-fujisawa.jp\/vn\/special\/fuji\/","title":{"rendered":"Ng\u1eafm n\u00fai Ph\u00fa S\u0129"},"content":{"rendered":"<p><\/p>\n<h2 class=\"mb-4 text-center ttl-h2-content\">Nh\u1eefng \u0111i\u1ec3m ng\u1eafm n\u00fai Ph\u00fa S\u0129 tuy\u1ec7t \u0111\u1eb9p<\/h2>\n<div class=\"row mb-4\">\n<div class=\"col-lg-4 item-fuji\">\n<img decoding=\"async\" class=\"img-fluid img-round\" src=\"\/wp-content\/themes\/fujisawa\/images\/fuji-spot-01.jpg\" alt=\"\"><\/p>\n<div class=\"ttl-fuji\">\n<h3>B\u00e3i bi\u1ec3n ph\u00eda T\u00e2y b\u1edd bi\u1ec3n Katase \/ B\u1edd bi\u1ec3n Kugenuma<\/h3>\n<p><a class=\"meta-map\" href=\"https:\/\/goo.gl\/maps\/YMPMcf7ffSs\" target=\"_blank\" rel=\"noopener\">b\u1ea3n \u0111\u1ed3<\/a><\/div>\n<p>C\u00f3 g\u00f3c nh\u00ecn ra \u0111\u1ea3o Enoshima v\u00e0 xa xa l\u00e0 d\u00e3y n\u00fai Ph\u00fa S\u0129, Hakone v\u00e0 Izu \u1edf ph\u00eda t\u00e2y. S\u00f3ng bi\u1ec3n l\u1eb7ng v\u00e0 n\u00f4ng. Ngo\u00e0i ra, quang c\u1ea3nh t\u1eeb s\u00e2n ngo\u00e0i tr\u1eddi c\u1ee7a Th\u1ee7y cung Enoshima n\u1eb1m tr\u00ean b\u00e3i Katase Kaigan r\u1ea5t tuy\u1ec7t v\u1eddi.<\/p>\n<\/div>\n<div class=\"col-lg-4 item-fuji\">\n<img decoding=\"async\" class=\"img-fluid img-round\" src=\"\/wp-content\/themes\/fujisawa\/images\/fuji-spot-02.jpg\" alt=\"\"><\/p>\n<div class=\"ttl-fuji\">\n<h3>L\u1ed1i \u0111i d\u1ea1o t\u1ea1i c\u1ea3ng c\u00e1 Katase<\/h3>\n<p><a class=\"meta-map\" href=\"https:\/\/goo.gl\/maps\/78ggtgbDhXJ2\" target=\"_blank\" rel=\"noopener\">b\u1ea3n \u0111\u1ed3<\/a><\/div>\n<p>C\u00e1c \u0111\u00ea ch\u1eafn s\u00f3ng ph\u00eda \u0111\u00f4ng v\u00e0 t\u00e2y c\u1ee7a c\u1ea3ng c\u00e1 Katase \u0111\u01b0\u1ee3c duy tr\u00ec nh\u01b0 nh\u1eefng l\u1ed1i \u0111i d\u1ea1o nh\u00ecn ra bi\u1ec3n Shonan.<\/p>\n<\/div>\n<div class=\"col-lg-4 item-fuji\">\n<img decoding=\"async\" class=\"img-fluid img-round\" src=\"\/wp-content\/themes\/fujisawa\/images\/fuji-spot-03.jpg\" alt=\"\"><\/p>\n<div class=\"ttl-fuji\">\n<h3>C\u1ea7u Enoshima Benten<\/h3>\n<p><a class=\"meta-map\" href=\"https:\/\/goo.gl\/maps\/L6PbdgPANAU2\" target=\"_blank\" rel=\"noopener\">b\u1ea3n \u0111\u1ed3<\/a><\/div>\n<p>C\u00e2y c\u1ea7u d\u00e0nh cho ng\u01b0\u1eddi \u0111i b\u1ed9 d\u00e0i 389m b\u1eafc t\u1eeb b\u1edd bi\u1ec3n Katase Kaigan \u0111\u1ebfn \u0111\u1ea3o Enoshima.<br \/>\n\u0110\u01b0\u1ee3c ch\u1ecdn l\u00e0 m\u1ed9t trong 100 c\u00e2y n\u1ed5i ti\u1ebfng nh\u1ea5t \u1edf Kanagawa.<\/p>\n<\/div>\n<div class=\"col-lg-4 item-fuji\">\n<img decoding=\"async\" class=\"img-fluid img-round\" src=\"\/wp-content\/themes\/fujisawa\/images\/fuji-spot-04.jpg\" alt=\"\"><\/p>\n<div class=\"ttl-fuji\">\n<h3>Ng\u1ecdn n\u1ebfn bi\u1ec3n Enoshima (ng\u1ecdn h\u1ea3i \u0111\u0103ng v\u00e0 \u0111\u00e0i quan s\u00e1t)<\/h3>\n<p><a class=\"meta-map\" href=\"https:\/\/goo.gl\/maps\/igToopwNLdH2\" target=\"_blank\" rel=\"noopener\">b\u1ea3n \u0111\u1ed3<\/a><\/div>\n<p>Th\u00e1p bi\u1ec3u t\u01b0\u1ee3ng c\u1ee7a Enoshima. Cao 59,8m v\u00e0 119,6m so v\u1edbi m\u1ef1c n\u01b0\u1edbc bi\u1ec3n.<br \/>\n\u0110\u00e2y l\u00e0 \u0111\u1ecba \u0111i\u1ec3m ch\u1ee5p \u1ea3nh phong c\u1ea3nh \u0111\u1eb9p nh\u1ea5t tr\u00ean \u0111\u1ea3o, n\u01a1i b\u1ea1n kh\u00f4ng ch\u1ec9 c\u00f3 th\u1ec3 nh\u00ecn th\u1ea5y n\u00fai Ph\u00fa S\u0129 m\u00e0 c\u00f2n c\u1ea3 V\u1ecbnh Sagami v\u1edbi g\u00f3c nh\u00ecn 360 \u0111\u1ed9.<\/p>\n<\/div>\n<div class=\"col-lg-4 item-fuji\">\n<img decoding=\"async\" class=\"img-fluid img-round\" src=\"\/wp-content\/themes\/fujisawa\/images\/fuji-spot-05.jpg\" alt=\"\"><\/p>\n<div class=\"ttl-fuji\">\n<h3>Chigogafuchi<\/h3>\n<p><a class=\"meta-map\" href=\"https:\/\/goo.gl\/maps\/WJWDo2UegxN2\" target=\"_blank\" rel=\"noopener\">b\u1ea3n \u0111\u1ed3<\/a><\/div>\n<p>\u0110\u1eb7c bi\u1ec7t v\u00e0o m\u00f9a \u0111\u00f4ng, khi kh\u00f4ng kh\u00ed trong v\u00e0 xanh, \u0111\u00e2y l\u00e0 n\u1edbi ng\u1eafm n\u00fai Ph\u00fa S\u0129 nh\u01b0 n\u1ed5i tr\u00ean m\u1eb7t bi\u1ec3n m\u1ed9t c\u00e1ch r\u00f5 \u0111\u1eb9p nh\u1ea5t. N\u01a1i \u0111\u00e2y c\u00f2n \u0111\u01b0\u1ee3c bi\u1ebft \u0111\u1ebfn l\u00e0 n\u01a1i c\u00f3 c\u1ea3nh ho\u00e0ng h\u00f4n tuy\u1ec7t \u0111\u1eb9p v\u00e0 \u0111\u00e3 \u0111\u01b0\u1ee3c ch\u1ecdn l\u00e0 m\u1ed9t trong 50 danh lam th\u1eafng c\u1ea3nh \u1edf t\u1ec9nh Kanagawa. Khi th\u1eddi ti\u1ebft \u0111\u1eb9p, b\u1ea1n c\u00f3 th\u1ec3 xu\u1ed1ng c\u00e1c b\u00e3i \u0111\u00e1, c\u00e2u c\u00e1 v\u00e0 vui ch\u01a1i tr\u00ean b\u00e3i bi\u1ec3n.<\/p>\n<\/div>\n<\/div>\n<p><!-- \/.row--><\/p>\n<div class=\"map-fuji py-5\"><iframe loading=\"lazy\" src=\"https:\/\/www.google.com\/maps\/d\/u\/1\/embed?key=AIzaSyDpSbA7mPD7tiutT5GU6QH--dbr92s66GY&#038;mid=z-p4PEbuVxAg.kuDU_V9VNXD8\" width=\"100%\" height=\"400\" frameborder=\"0\" style=\"border:0\" allowfullscreen><\/iframe><\/div>\n<h2 class=\"mb-4 text-center ttl-h2-content\">S\u1ef1 quy\u1ebfn r\u0169 c\u1ee7a n\u00fai Ph\u00fa S\u0129 v\u1edbi nhi\u1ec1u bi\u1ec3u c\u1ea3m kh\u00e1c nhau<\/h2>\n<div class=\"row mb-2 align-items-center\">\n<div class=\"col-lg-6\">\n<div class=\"fuji-body\">\n<h3>Gi\u1edbi thi\u1ec7u v\u1ec1 Diamond Fuji v\u00e0 Pearl Fuji<\/h3>\n<p>H\u00e0ng n\u0103m, v\u00e0o kho\u1ea3ng \u0111\u1ea7u th\u00e1ng 4 v\u00e0 \u0111\u1ea7u th\u00e1ng 9, b\u1ea1n c\u00f3 th\u1ec3 nh\u00ecn th\u1ea5y hi\u1ec7n t\u01b0\u1ee3ng Diamond Fuji.<br \/>\nDiamond Fuji l\u00e0 m\u1ed9t hi\u1ec7n t\u01b0\u1ee3ng quang h\u1ecdc kh\u00ed t\u01b0\u1ee3ng &#8211; m\u1eb7t tr\u1eddi ch\u00f3i s\u00e1ng ngay tr\u00ean \u0111\u1ec9nh n\u00fai Ph\u00fa S\u0129.<br \/>\nXung quanh Enoshima, ng\u00e0y 3 \u0111\u1ebfn ng\u00e0y 6 th\u00e1ng 4 v\u00e0 ng\u00e0y 5 \u0111\u1ebfn ng\u00e0y 8 th\u00e1ng 9 \u0111\u01b0\u1ee3c cho l\u00e0 kho\u1ea3ng th\u1eddi gian d\u1ec5 d\u00e0ng b\u1eaft g\u1eb7p hi\u1ec7n t\u01b0\u1ee3ng n\u00e0y.<br \/>\n* C\u00f3 th\u1ec3 kh\u00f4ng nh\u00ecn th\u1ea5y do \u0111i\u1ec1u ki\u1ec7n th\u1eddi ti\u1ebft.<\/p>\n<\/div>\n<\/div>\n<div class=\"col-lg-6 text-center\">\n<img decoding=\"async\" class=\"img-fluid img-round \" src=\"\/wp-content\/themes\/fujisawa\/images\/fuji-spot-diamon.jpg\" alt=\"\"><\/p>\n<p class=\"mt-1 text-center\">Diamond Fuji<\/p>\n<\/div>\n<\/div>\n<p><!-- \/.row--><\/p>\n<div class=\"row mb-5 align-items-center\">\n<div class=\"col-lg-6 order-lg-2 order-1\">\n<div class=\"fuji-body\">\n<p>Ngo\u00e0i ra, c\u00f2n c\u00f3 m\u1ed9t th\u1ee9 g\u1ecdi l\u00e0 &#8220;Ng\u1ecdc Ph\u00fa S\u0129&#8221; n\u01a1i tr\u0103ng tr\u00f2n ph\u1ee7 l\u00ean \u0111\u1ec9nh n\u00fai Ph\u00fa S\u0129, nh\u01b0ng \u0111i\u1ec1u n\u00e0y kh\u00f4ng \u0111\u01b0\u1ee3c nh\u00ecn th\u1ea5y v\u00e0o m\u1ed9t th\u1eddi \u0111i\u1ec3m c\u1ed1 \u0111\u1ecbnh h\u00e0ng n\u0103m. N\u1ebfu may m\u1eafn, b\u1ea1n c\u00f3 th\u1ec3 th\u1ea5y &#8230;\n<\/p>\n<p>Enoshima kh\u00f4ng ph\u1ea3i l\u00e0 n\u01a1i duy nh\u1ea5t \u0111\u1ec3 nh\u00ecn th\u1ea5y n\u00fai Ph\u00fa S\u0129. M\u00e0 c\u00f2n c\u00f3 nhi\u1ec1u \u0111i\u1ec3m ng\u1eafm \u1edf th\u00e0nh ph\u1ed1 Fujisawa n\u1eefa, ch\u1eb3ng h\u1ea1n nh\u01b0 Fujimizaka, Fujimidai v\u00e0 Fujimibashi.<\/p>\n<\/div>\n<\/div>\n<div class=\"col-lg-6 order-lg-1 order-2 text-center\">\n<img decoding=\"async\" class=\"img-fluid img-round\" src=\"\/wp-content\/themes\/fujisawa\/images\/fuji-spot-pearl.jpg\" alt=\"\"><\/p>\n<p class=\"mt-1=\">Ng\u1ecdc Ph\u00fa S\u0129<\/p>\n<\/div>\n<\/div>\n<p><!-- \/.row--><\/p>\n<div class=\"row mb-5 align-items-center\">\n<div class=\"col-lg-6\">\n<div class=\"fuji-body\">\n<h3>N\u00fai Ph\u00fa S\u0129 ng\u1eafm t\u1eeb ph\u00eda b\u1eafc c\u1ee7a th\u00e0nh ph\u1ed1 Fujisawa<\/h3>\n<p>B\u1ea1n c\u00f3 th\u1ec3 d\u1ec5 d\u00e0ng nh\u00ecn th\u1ea5y n\u00fai Ph\u00fa S\u0129 t\u1eeb nh\u1eefng n\u00f4ng tr\u1ea1i xanh m\u00e1t \u1edf ph\u00eda b\u1eafc th\u00e0nh ph\u1ed1. Ngo\u00e0i ra c\u00f2n c\u00f3 n\u01a1i m\u00e0 b\u1ea1n c\u00f3 th\u1ec3 nh\u00ecn th\u1ea5y t\u00e0u Shinkansen v\u00e0 N\u00fai Ph\u00fa S\u0129 c\u00f9ng m\u1ed9t l\u00fac!<\/p>\n<\/div>\n<\/div>\n<div class=\"col-lg-6 text-center\">\n<img decoding=\"async\" class=\"img-fluid img-round\" src=\"\/wp-content\/themes\/fujisawa\/images\/fuji-spot-north.jpg\" alt=\"\">\n<\/div>\n<\/div>\n<p><!-- \/.row--><\/p>\n<div class=\"row mb-5 align-items-center\">\n<div class=\"col-lg-6 order-lg-2 order-1\">\n<div class=\"fuji-body\">\n<h3>Quang c\u1ea3nh Enoshima v\u00e0 n\u00fai Ph\u00fa S\u0129 t\u1eeb Inamuragasaki<\/h3>\n<p>Quang c\u1ea3nh c\u1ee7a Enoshima v\u00e0 n\u00fai Ph\u00fa S\u0129 \u0111\u00e3 tr\u1edf n\u00ean ph\u1ed5 bi\u1ebfn v\u00e0o th\u1eddi k\u1ef3 Edo c\u1ee7a kho\u1ea3ng 200 n\u0103m tr\u01b0\u1edbc, \u0111i\u1ec1u n\u00e0y \u0111\u01b0\u1ee3c th\u1ed1ng k\u00ea th\u00f4ng qua c\u00e1c m\u00f4 t\u1ea3 trong c\u00e1c b\u1ee9c tranh phong c\u1ea3nh n\u1ed5i ti\u1ebfng v\u00e0 tranh v\u1ebd ukiyo-e.<br \/>\nL\u00e1i xe \u0111i d\u1ecdc tr\u00ean con \u0111\u01b0\u1eddng Qu\u1ed1c l\u1ed9 134 d\u1ecdc theo b\u1edd bi\u1ec3n t\u1eeb Kamakura \u0111\u1ebfn Enoshima l\u00e0 m\u1ed9t c\u00e1ch tuy\u1ec7t v\u1eddi \u0111\u1ec3 th\u01b0\u1edfng ngo\u1ea1n phong c\u1ea3nh tuy\u1ec7t \u0111\u1eb9p c\u1ee7a n\u00fai Ph\u00fa S\u0129. Quang c\u1ea3nh t\u1eeb b\u1edd bi\u1ec3n Kamakura c\u00f3 th\u1ec3 \u0111\u01b0\u1ee3c g\u1ecdi l\u00e0 m\u1ed9t trong nh\u1eefng k\u1ef3 quan tuy\u1ec7t v\u1eddi c\u1ee7a th\u1ebf gi\u1edbi! V\u00e0 \u0111\u1ed1i v\u1edbi ng\u01b0\u1eddi y\u00eau s\u1ef1 l\u00e3ng m\u1ea1n th\u00ec kh\u00f4ng th\u1ec3 b\u1ecf qua phong c\u1ea3nh m\u1eb7t tr\u1eddi l\u1eb7n \u0111\u1eb9p m\u00ea h\u1ed3n v\u1edbi n\u00fai Ph\u00fa S\u0129 v\u00e0 bi\u1ec3n \u1edf \u0111\u1ea3o Enoshima!<\/p>\n<\/div>\n<\/div>\n<div class=\"col-lg-6 order-lg-1 order-2 text-center\">\n<img decoding=\"async\" class=\"img-fluid img-round\" src=\"\/wp-content\/themes\/fujisawa\/images\/fuji-spot-enoshima.jpg\" alt=\"\">\n<\/div>\n<\/div>\n<p><!-- \/.row--><\/p>","protected":false},"excerpt":{"rendered":"<p>Nh\u1eefng \u0111i\u1ec3m ng\u1eafm n\u00fai Ph\u00fa S\u0129 tuy\u1ec7t \u0111\u1eb9p B\u00e3i bi\u1ec3n ph\u00eda T\u00e2y b\u1edd bi\u1ec3n Katase \/ B\u1edd bi\u1ec3n Kugenuma b\u1ea3n \u0111\u1ed3 C\u00f3 g\u00f3c nh\u00ecn ra \u0111\u1ea3o Enoshima v\u00e0 xa xa l\u00e0 d\u00e3y n\u00fai Ph\u00fa S\u0129, Hakone v\u00e0 Izu \u1edf ph\u00eda t\u00e2y. S\u00f3ng bi\u1ec3n l\u1eb7ng v\u00e0 n\u00f4ng. Ngo\u00e0i ra, quang c\u1ea3nh t\u1eeb s\u00e2n ngo\u00e0i tr\u1eddi c\u1ee7a [&hellip;]<\/p>\n","protected":false},"author":1,"featured_media":2095,"parent":49,"menu_order":0,"comment_status":"closed","ping_status":"closed","template":"templates\/fullpage.php","meta":{"_acf_changed":false,"footnotes":""},"class_list":["post-51","page","type-page","status-publish","has-post-thumbnail","hentry"],"acf":[],"aioseo_notices":[],"_links":{"self":[{"href":"https:\/\/discover-fujisawa.jp\/vn\/wp-json\/wp\/v2\/pages\/51","targetHints":{"allow":["GET"]}}],"collection":[{"href":"https:\/\/discover-fujisawa.jp\/vn\/wp-json\/wp\/v2\/pages"}],"about":[{"href":"https:\/\/discover-fujisawa.jp\/vn\/wp-json\/wp\/v2\/types\/page"}],"author":[{"embeddable":true,"href":"https:\/\/discover-fujisawa.jp\/vn\/wp-json\/wp\/v2\/users\/1"}],"replies":[{"embeddable":true,"href":"https:\/\/discover-fujisawa.jp\/vn\/wp-json\/wp\/v2\/comments?post=51"}],"version-history":[{"count":8,"href":"https:\/\/discover-fujisawa.jp\/vn\/wp-json\/wp\/v2\/pages\/51\/revisions"}],"predecessor-version":[{"id":2091,"href":"https:\/\/discover-fujisawa.jp\/vn\/wp-json\/wp\/v2\/pages\/51\/revisions\/2091"}],"up":[{"embeddable":true,"href":"https:\/\/discover-fujisawa.jp\/vn\/wp-json\/wp\/v2\/pages\/49"}],"wp:featuredmedia":[{"embeddable":true,"href":"https:\/\/discover-fujisawa.jp\/vn\/wp-json\/wp\/v2\/media\/2095"}],"wp:attachment":[{"href":"https:\/\/discover-fujisawa.jp\/vn\/wp-json\/wp\/v2\/media?parent=51"}],"curies":[{"name":"wp","href":"https:\/\/api.w.org\/{rel}","templated":true}]}}